{"id":36,"date":"2014-09-18T12:33:11","date_gmt":"2014-09-18T11:33:11","guid":{"rendered":"http:\/\/agora.xtec.cat\/ceip-maians\/?page_id=36"},"modified":"2017-10-13T19:54:39","modified_gmt":"2017-10-13T17:54:39","slug":"material-escolar","status":"publish","type":"page","link":"https:\/\/agora.xtec.cat\/ceip-maians\/lescola\/material-escolar\/","title":{"rendered":"Material escolar"},"content":{"rendered":"<p><u>Aspectes a tenir en compte<\/u><\/p>\n<ul>\n<li>LA BATA:<\/li>\n<\/ul>\n<p>Els alumnes de Ed. Infantil i cicle inicial\u00a0 porten bata durant tot l\u2019horari escolar. Tamb\u00e9 cal que portin una bata apart per fer pl\u00e0stica.<\/p>\n<p>Els alumnes de cicle mitj\u00e0 i superior no porten bata, per\u00f2 han de tenir una bata\/samarreta a l\u2019escola per pl\u00e0stica.<\/p>\n<ul>\n<li>LA ROBA D\u2019EDUCACI\u00d3 F\u00cdSICA:<\/li>\n<\/ul>\n<p>L\u2019 alumnat d\u2019ed. Infantil i Prim\u00e0ria ha d\u2019anar amb roba i cal\u00e7at esportiu el dia que facin ed. F\u00edsica. A m\u00e9s, l\u2019alumnat de prim\u00e0ria (de 3r a 6\u00e8) ha de dur tamb\u00e9\u00a0 una samarreta de recanvi, una tovallola petita i sab\u00f3.<\/p>\n<ul>\n<li>EL MATERIAL:<\/li>\n<\/ul>\n<p>Al full informatiu d\u2019inici de curs de cada grup classe s\u2019informa del material que cada alumne ha de portar. Els alumnes han de pagar una quota de material trimestral (30\u20ac) per al\u00a0 material d\u2019\u00fas com\u00fa.<\/p>\n<ul>\n<li>L\u2019AGENDA:<\/li>\n<\/ul>\n<p>\u00c9s el mitj\u00e0 de comunicaci\u00f3 habitual entre pares i escola. <strong>\u00c9s recomanable que la utilitzeu sempre que necessiteu comunicar-vos amb les mestres. \u00c9s molt important revisar-la <u>di\u00e0riament<\/u>. <\/strong><\/p>\n<ul>\n<li>TOVALLOLA EIXUGAMANS:<\/li>\n<\/ul>\n<p>Cal que cadasc\u00fa porti la seva tovallola per eixugar-se les mans despr\u00e9s de rentar-se-les. El divendres es porta a casa per a ser rentada.<\/p>\n<ul>\n<li>ABS\u00c8NCIES ESCOLARS<\/li>\n<\/ul>\n<p>Si un dia, per qualsevol motiu,\u00a0 el\/la\u00a0 vostre\/a\u00a0 fill\/filla\u00a0 no pot assistir a l\u2019escola <strong>cal que aviseu<\/strong> mitjan\u00e7ant l\u2019agenda escolar amb antelaci\u00f3 o b\u00e9, truqueu o envieu un mail al centre si no ho heu pogut preveure. (a8016070@xtec.cat)<\/p>\n","protected":false},"excerpt":{"rendered":"<p>Aspectes a tenir en compte<\/p>\n<ul>\n<li>LA BATA:<\/li>\n<\/ul>\n<p>Els alumnes de Ed. Infantil i cicle inicial\u00a0 porten bata durant tot l\u2019horari escolar. Tamb\u00e9 cal que portin una bata apart per fer pl\u00e0stica.<br \/>\nEls alumnes de cicle mitj\u00e0 i superior no porten bata, per\u00f2 han de tenir una bata\/samarreta a&hellip;  <a href=\"https:\/\/agora.xtec.cat\/ceip-maians\/lescola\/material-escolar\/\" title=\"Read Material escolar\">Llegeix m\u00e9s\u00bb<\/a><\/p>\n","protected":false},"author":1,"featured_media":0,"parent":22,"menu_order":70,"comment_status":"closed","ping_status":"closed","template":"page-templates\/side-menu.php","meta":{"_bbp_topic_count":0,"_bbp_reply_count":0,"_bbp_total_topic_count":0,"_bbp_total_reply_count":0,"_bbp_voice_count":0,"_bbp_anonymous_reply_count":0,"_bbp_topic_count_hidden":0,"_bbp_reply_count_hidden":0,"_bbp_forum_subforum_count":0,"footnotes":""},"class_list":["post-36","page","type-page","status-publish","hentry"],"post_mailing_queue_ids":[],"_links":{"self":[{"href":"https:\/\/agora.xtec.cat\/ceip-maians\/wp-json\/wp\/v2\/pages\/36","targetHints":{"allow":["GET"]}}],"collection":[{"href":"https:\/\/agora.xtec.cat\/ceip-maians\/wp-json\/wp\/v2\/pages"}],"about":[{"href":"https:\/\/agora.xtec.cat\/ceip-maians\/wp-json\/wp\/v2\/types\/page"}],"author":[{"embeddable":true,"href":"https:\/\/agora.xtec.cat\/ceip-maians\/wp-json\/wp\/v2\/users\/1"}],"replies":[{"embeddable":true,"href":"https:\/\/agora.xtec.cat\/ceip-maians\/wp-json\/wp\/v2\/comments?post=36"}],"version-history":[{"count":3,"href":"https:\/\/agora.xtec.cat\/ceip-maians\/wp-json\/wp\/v2\/pages\/36\/revisions"}],"predecessor-version":[{"id":522,"href":"https:\/\/agora.xtec.cat\/ceip-maians\/wp-json\/wp\/v2\/pages\/36\/revisions\/522"}],"up":[{"embeddable":true,"href":"https:\/\/agora.xtec.cat\/ceip-maians\/wp-json\/wp\/v2\/pages\/22"}],"wp:attachment":[{"href":"https:\/\/agora.xtec.cat\/ceip-maians\/wp-json\/wp\/v2\/media?parent=36"}],"curies":[{"name":"wp","href":"https:\/\/api.w.org\/{rel}","templated":true}]}}