{"id":22,"date":"2014-09-18T12:19:57","date_gmt":"2014-09-18T11:19:57","guid":{"rendered":"http:\/\/agora.xtec.cat\/ceip-maians\/?page_id=22"},"modified":"2021-10-26T12:38:24","modified_gmt":"2021-10-26T10:38:24","slug":"lescola","status":"publish","type":"page","link":"https:\/\/agora.xtec.cat\/ceip-maians\/lescola\/","title":{"rendered":"L&#8217;ESCOLA DE MAIANS"},"content":{"rendered":"<p><span style=\"color: #339966;\"><strong>L&#8217;escola de Maians<\/strong> <\/span>\u00e9s una escola de p\u00fablica, de poble, propera i molt vinculada a l&#8217;entorn i a la comunitat educativa.<br \/>\nEl nombre d&#8217;alumnes \u00e9s redu\u00eft, aquest curs som 17 alumnes i aix\u00f2 fa que l\u2019ambient a l\u2019escola sigui molt familiar.<\/p>\n<p>El municipi de Castellfollit del Boix t\u00e9 dos nuclis de poblaci\u00f3 i alhora tamb\u00e9 t\u00e9 dues escoles. Amb la voluntat de conservar obertes les dues escoles del municipi, ja fa molts anys que tenim una organitzaci\u00f3 particular i diferent a la resta d&#8217;escoles del territori. <strong><span style=\"color: #339966;\">L&#8217;escola de Maians nom\u00e9s acull alumnes des de 3r curs a 6\u00e8<\/span> <\/strong>. La resta d&#8217;alumnat, des de EI3 fins a 2n curs de Prim\u00e0ria van a l&#8217;escola Coll de Gossem (Situada a 4 km de Maians).<\/p>\n<p>L\u2019escola de Maians forma part de la <span style=\"color: #339966;\">ZER Tres Branques<\/span> juntament amb l&#8217;Escola Coll de Gossem (Castellfollit del Boix) i l&#8217;escola Les Passeres (Castellol\u00ed). Una ZER \u00e9s una agrupaci\u00f3 d&#8217;escoles de diversos pobles petits que comparteixen idees i projectes educatius. Tamb\u00e9 es comparteixen els mestres especialistes d&#8217;angl\u00e8s, educaci\u00f3 f\u00edsica, m\u00fasica i d&#8217;educaci\u00f3 especial.<\/p>\n<p>Ens organitzem en diferents tipus d\u2019agrupament, des de potenciar el <span style=\"color: #339966;\">treball individual<\/span> per ajudar a avan\u00e7ar en <span style=\"color: #339966;\">autonomia,<\/span> com en <span style=\"color: #339966;\">gran grup<\/span> (el grup classe), en <span style=\"color: #339966;\">grups m\u00e9s redu\u00efts<\/span> (per <span style=\"color: #339966;\">cicles<\/span> o <span style=\"color: #339966;\">internivells)<\/span> d\u2019aquesta manera els nens i nenes aprenen des de gestionar-se i progressar a nivell individual i aut\u00f2nom fins a saber organitzar-se, compartir, col\u2022laborar amb la resta, valorant com a partir del<span style=\"color: #339966;\"> treball cooperatiu<\/span> s\u2019enriqueix tot el grup i podent observar tamb\u00e9 l\u2019enriquiment que sorgeix de la relaci\u00f3 entre grans i petits, com es cuiden, s\u2019ajuden, s\u2019entenen i aprenen junts.<\/p>\n<h4><strong>Reuni\u00f3 d&#8217;inici de curs 2019-2020<\/strong><\/h4>\n<p>&nbsp;<\/p>\n<p><strong><em>Clica la imatge i veur\u00e0s la presentaci\u00f3.\u00a0<\/em><\/strong><br \/>\n<iframe loading=\"lazy\" src=\"https:\/\/prezi.com\/embed\/venvliqcjnd6\/?bgcolor=ffffff&amp;lock_to_path=0&amp;autoplay=0&amp;autohide_ctrls=0&amp;landing_data=bHVZZmNaNDBIWnNjdEVENDRhZDFNZGNIUE43MHdLNWpsdFJLb2ZHanI0a2VEQ1RXam1ZNVZic3l0bEhGeUc1bmFnPT0&amp;landing_sign=QHnoDkoZMwnvXmfPvSex-bWpI7d7c0RgnFGoTuvdbOY\" width=\"550\" height=\"400\" frameborder=\"0\"><\/iframe><\/p>\n","protected":false},"excerpt":{"rendered":"<p>L&#8217;escola de Maians \u00e9s una escola de p\u00fablica, de poble, propera i molt vinculada a l&#8217;entorn i a la comunitat educativa.<br \/>\nEl nombre d&#8217;alumnes \u00e9s redu\u00eft, aquest curs som 17 alumnes i aix\u00f2 fa que l\u2019ambient a l\u2019escola sigui molt familiar.<br \/>\nEl municipi de Castellfollit del Boix&hellip;  <a href=\"https:\/\/agora.xtec.cat\/ceip-maians\/lescola\/\" title=\"Read L&#8217;ESCOLA DE MAIANS\">Llegeix m\u00e9s\u00bb<\/a><\/p>\n","protected":false},"author":1,"featured_media":0,"parent":0,"menu_order":0,"comment_status":"closed","ping_status":"closed","template":"page-templates\/side-menu.php","meta":{"_bbp_topic_count":0,"_bbp_reply_count":0,"_bbp_total_topic_count":0,"_bbp_total_reply_count":0,"_bbp_voice_count":0,"_bbp_anonymous_reply_count":0,"_bbp_topic_count_hidden":0,"_bbp_reply_count_hidden":0,"_bbp_forum_subforum_count":0,"footnotes":""},"class_list":["post-22","page","type-page","status-publish","hentry"],"post_mailing_queue_ids":[],"_links":{"self":[{"href":"https:\/\/agora.xtec.cat\/ceip-maians\/wp-json\/wp\/v2\/pages\/22","targetHints":{"allow":["GET"]}}],"collection":[{"href":"https:\/\/agora.xtec.cat\/ceip-maians\/wp-json\/wp\/v2\/pages"}],"about":[{"href":"https:\/\/agora.xtec.cat\/ceip-maians\/wp-json\/wp\/v2\/types\/page"}],"author":[{"embeddable":true,"href":"https:\/\/agora.xtec.cat\/ceip-maians\/wp-json\/wp\/v2\/users\/1"}],"replies":[{"embeddable":true,"href":"https:\/\/agora.xtec.cat\/ceip-maians\/wp-json\/wp\/v2\/comments?post=22"}],"version-history":[{"count":3,"href":"https:\/\/agora.xtec.cat\/ceip-maians\/wp-json\/wp\/v2\/pages\/22\/revisions"}],"predecessor-version":[{"id":2226,"href":"https:\/\/agora.xtec.cat\/ceip-maians\/wp-json\/wp\/v2\/pages\/22\/revisions\/2226"}],"wp:attachment":[{"href":"https:\/\/agora.xtec.cat\/ceip-maians\/wp-json\/wp\/v2\/media?parent=22"}],"curies":[{"name":"wp","href":"https:\/\/api.w.org\/{rel}","templated":true}]}}