{"id":1425,"date":"2019-03-06T21:03:26","date_gmt":"2019-03-06T20:03:26","guid":{"rendered":"http:\/\/agora.xtec.cat\/ceip-maians\/?page_id=1425"},"modified":"2019-10-02T16:25:23","modified_gmt":"2019-10-02T14:25:23","slug":"projecte-entorn","status":"publish","type":"page","link":"https:\/\/agora.xtec.cat\/ceip-maians\/projectes-de-lescola\/projecte-entorn\/","title":{"rendered":"PROJECTE ENTORN"},"content":{"rendered":"<p>El projecte entorn \u00e9s un projecte viu i compartit entre les dues escoles del municipi: l&#8217;escola Coll de Gossem i l&#8217;Escola de Maians.<br \/>\nCada curs escolar les dues escoles escollim un tema relacionat amb el nostre entorn proper.Durant el curs 2018-2019 ambdues escoles vam realitzar diferents activitats de consci\u00e8nciaci\u00f3 sobre la import\u00e0ncia de reciclar correctament.<\/p>\n<p>Aquest curs el projecte continua ja que vam adonar-nos que no es podia tractar d&#8217;un tema puntual sin\u00f3 que havia de ser tractat de manera transversal al llarg de l&#8217;etapa d&#8217;educaci\u00f3 prim\u00e0ria. \u00c9s per aix\u00f2 que aquest curs aquest tema continuar\u00e0 sent molt present en el projecte entorn d&#8217;aquest nou curs.<\/p>\n","protected":false},"excerpt":{"rendered":"<p>El projecte entorn \u00e9s un projecte viu i compartit entre les dues escoles del municipi: l&#8217;escola Coll de Gossem i l&#8217;Escola de Maians.<br \/>\nCada curs escolar les dues escoles escollim un tema relacionat amb el nostre entorn proper.Durant el curs 2018-2019 ambdues escoles vam realitzar diferents&hellip;  <a href=\"https:\/\/agora.xtec.cat\/ceip-maians\/projectes-de-lescola\/projecte-entorn\/\" title=\"Read PROJECTE ENTORN\">Llegeix m\u00e9s\u00bb<\/a><\/p>\n","protected":false},"author":1,"featured_media":0,"parent":1379,"menu_order":5,"comment_status":"closed","ping_status":"closed","template":"","meta":{"_bbp_topic_count":0,"_bbp_reply_count":0,"_bbp_total_topic_count":0,"_bbp_total_reply_count":0,"_bbp_voice_count":0,"_bbp_anonymous_reply_count":0,"_bbp_topic_count_hidden":0,"_bbp_reply_count_hidden":0,"_bbp_forum_subforum_count":0,"footnotes":""},"class_list":["post-1425","page","type-page","status-publish","hentry"],"post_mailing_queue_ids":[],"_links":{"self":[{"href":"https:\/\/agora.xtec.cat\/ceip-maians\/wp-json\/wp\/v2\/pages\/1425","targetHints":{"allow":["GET"]}}],"collection":[{"href":"https:\/\/agora.xtec.cat\/ceip-maians\/wp-json\/wp\/v2\/pages"}],"about":[{"href":"https:\/\/agora.xtec.cat\/ceip-maians\/wp-json\/wp\/v2\/types\/page"}],"author":[{"embeddable":true,"href":"https:\/\/agora.xtec.cat\/ceip-maians\/wp-json\/wp\/v2\/users\/1"}],"replies":[{"embeddable":true,"href":"https:\/\/agora.xtec.cat\/ceip-maians\/wp-json\/wp\/v2\/comments?post=1425"}],"version-history":[{"count":3,"href":"https:\/\/agora.xtec.cat\/ceip-maians\/wp-json\/wp\/v2\/pages\/1425\/revisions"}],"predecessor-version":[{"id":1683,"href":"https:\/\/agora.xtec.cat\/ceip-maians\/wp-json\/wp\/v2\/pages\/1425\/revisions\/1683"}],"up":[{"embeddable":true,"href":"https:\/\/agora.xtec.cat\/ceip-maians\/wp-json\/wp\/v2\/pages\/1379"}],"wp:attachment":[{"href":"https:\/\/agora.xtec.cat\/ceip-maians\/wp-json\/wp\/v2\/media?parent=1425"}],"curies":[{"name":"wp","href":"https:\/\/api.w.org\/{rel}","templated":true}]}}