{"id":794,"date":"2018-11-16T12:08:08","date_gmt":"2018-11-16T11:08:08","guid":{"rendered":"http:\/\/agora.xtec.cat\/ceip-madrenc\/?page_id=794"},"modified":"2025-01-30T09:36:09","modified_gmt":"2025-01-30T08:36:09","slug":"robotica","status":"publish","type":"page","link":"https:\/\/agora.xtec.cat\/ceip-madrenc\/robotica\/","title":{"rendered":"La Rob\u00f2tica"},"content":{"rendered":"<p>L&#8217;escola duu a terme un projecte de rob\u00f2tica que inclou tots els alumnes des de P3 fins a 6\u00e8. Cada cicle fa diferents activitats:<\/p>\n<p><iframe loading=\"lazy\" src=\"https:\/\/docs.google.com\/presentation\/d\/e\/2PACX-1vTq2zIA0fe-3eJvINIcL2S0jkKwbTxpFgIjdcVJAvZHgRyyJ-pZrR6pwNid1VDb5k9n9eB6_IbhaPmM\/embed?start=true&amp;loop=true&amp;delayms=3000\" width=\"1440\" height=\"839\" frameborder=\"0\" allowfullscreen=\"allowfullscreen\"><\/iframe><\/p>\n<table style=\"border-collapse: collapse; width: 100%; height: 301px;\" border=\"1\">\n<tbody>\n<tr style=\"height: 30px;\">\n<td style=\"width: 31.2889%; height: 30px; border-style: none; background-color: #e8e354;\"><strong>CICLE<\/strong><\/td>\n<td style=\"width: 35.3777%; height: 30px; border-style: none; background-color: #e8e354;\"><strong>CURS<\/strong><\/td>\n<td style=\"width: 33.3333%; height: 30px; border-style: none; background-color: #e8e354;\"><strong>ACTIVITATS<\/strong><\/td>\n<\/tr>\n<tr style=\"height: 30px;\">\n<td style=\"width: 31.2889%; height: 90px;\" rowspan=\"3\">INFANTIL<\/td>\n<td style=\"width: 35.3777%; height: 30px;\">P3<\/td>\n<td style=\"width: 33.3333%; height: 90px;\" rowspan=\"3\">Bee-bot, pensament computacional desendollat<\/p>\n<p>&nbsp;<\/td>\n<\/tr>\n<tr style=\"height: 30px;\">\n<td style=\"width: 35.3777%; height: 30px;\">P4<\/td>\n<\/tr>\n<tr style=\"height: 30px;\">\n<td style=\"width: 35.3777%; height: 30px;\">P5<\/td>\n<\/tr>\n<tr style=\"height: 31px;\">\n<td style=\"width: 31.2889%; height: 61px;\" rowspan=\"2\">INICIAL<\/td>\n<td style=\"width: 35.3777%; height: 31px;\">1r<\/td>\n<td style=\"width: 33.3333%; height: 61px;\" rowspan=\"2\">Bee-bot, Hora del codi, jocs de taula, code @ go mouse, dash<\/td>\n<\/tr>\n<tr style=\"height: 30px;\">\n<td style=\"width: 35.3777%; height: 30px;\">2n<\/td>\n<\/tr>\n<tr style=\"height: 30px;\">\n<td style=\"width: 31.2889%; height: 60px;\" rowspan=\"2\">MITJ\u00c0<\/td>\n<td style=\"width: 35.3777%; height: 30px;\">3r<\/td>\n<td style=\"width: 33.3333%; height: 30px;\">Kubo, lego spike essential, scootie\u00a0 go, 3D, dash, hora del code, blueboots&#8230;<\/td>\n<\/tr>\n<tr style=\"height: 30px;\">\n<td style=\"width: 35.3777%; height: 30px;\">4rt<\/td>\n<td style=\"width: 33.3333%; height: 30px;\">Disseny 3D (Tinkercad 3D), Scratch, hora del code (IA)<\/td>\n<\/tr>\n<tr style=\"height: 30px;\">\n<td style=\"width: 31.2889%; height: 60px;\" rowspan=\"2\">SUPERIOR<\/td>\n<td style=\"width: 35.3777%; height: 30px;\">5\u00e8<\/td>\n<td style=\"width: 33.3333%; height: 30px;\">Lego spike prime, Scratch, tauletes,<\/td>\n<\/tr>\n<tr style=\"height: 30px;\">\n<td style=\"width: 35.3777%; height: 30px;\">6\u00e8<\/td>\n<td style=\"width: 33.3333%; height: 30px;\">Micro:bit, sensors i actuadors, microshield, BQ Prototip, Bitbloq, 3D amb tinkercad i sketchup,\u00a0 Lego prime,<\/td>\n<\/tr>\n<\/tbody>\n<\/table>\n<p>&nbsp;<\/p>\n","protected":false},"excerpt":{"rendered":"<p>L&#8217;escola duu a terme un projecte de rob\u00f2tica que inclou tots els alumnes des de P3 fins a 6\u00e8. Cada [&hellip;]<\/p>\n","protected":false},"author":1,"featured_media":0,"parent":0,"menu_order":0,"comment_status":"closed","ping_status":"closed","template":"","meta":{"_bbp_topic_count":0,"_bbp_reply_count":0,"_bbp_total_topic_count":0,"_bbp_total_reply_count":0,"_bbp_voice_count":0,"_bbp_anonymous_reply_count":0,"_bbp_topic_count_hidden":0,"_bbp_reply_count_hidden":0,"_bbp_forum_subforum_count":0,"site-sidebar-layout":"default","site-content-layout":"","ast-site-content-layout":"","site-content-style":"default","site-sidebar-style":"default","ast-global-header-display":"","ast-banner-title-visibility":"","ast-main-header-display":"","ast-hfb-above-header-display":"","ast-hfb-below-header-display":"","ast-hfb-mobile-header-display":"","site-post-title":"","ast-breadcrumbs-content":"","ast-featured-img":"","footer-sml-layout":"","theme-transparent-header-meta":"","adv-header-id-meta":"","stick-header-meta":"","header-above-stick-meta":"","header-main-stick-meta":"","header-below-stick-meta":"","astra-migrate-meta-layouts":"default","ast-page-background-enabled":"default","ast-page-background-meta":{"desktop":{"background-color":"var(--ast-global-color-4)","background-image":"","background-repeat":"repeat","background-position":"center center","background-size":"auto","background-attachment":"scroll","background-type":"","background-media":"","overlay-type":"","overlay-color":"","overlay-opacity":"","overlay-gradient":""},"tablet":{"background-color":"","background-image":"","background-repeat":"repeat","background-position":"center center","background-size":"auto","background-attachment":"scroll","background-type":"","background-media":"","overlay-type":"","overlay-color":"","overlay-opacity":"","overlay-gradient":""},"mobile":{"background-color":"","background-image":"","background-repeat":"repeat","background-position":"center center","background-size":"auto","background-attachment":"scroll","background-type":"","background-media":"","overlay-type":"","overlay-color":"","overlay-opacity":"","overlay-gradient":""}},"ast-content-background-meta":{"desktop":{"background-color":"var(--ast-global-color-5)","background-image":"","background-repeat":"repeat","background-position":"center center","background-size":"auto","background-attachment":"scroll","background-type":"","background-media":"","overlay-type":"","overlay-color":"","overlay-opacity":"","overlay-gradient":""},"tablet":{"background-color":"var(--ast-global-color-5)","background-image":"","background-repeat":"repeat","background-position":"center center","background-size":"auto","background-attachment":"scroll","background-type":"","background-media":"","overlay-type":"","overlay-color":"","overlay-opacity":"","overlay-gradient":""},"mobile":{"background-color":"var(--ast-global-color-5)","background-image":"","background-repeat":"repeat","background-position":"center center","background-size":"auto","background-attachment":"scroll","background-type":"","background-media":"","overlay-type":"","overlay-color":"","overlay-opacity":"","overlay-gradient":""}},"footnotes":""},"class_list":["post-794","page","type-page","status-publish","hentry"],"post_mailing_queue_ids":[],"_links":{"self":[{"href":"https:\/\/agora.xtec.cat\/ceip-madrenc\/wp-json\/wp\/v2\/pages\/794","targetHints":{"allow":["GET"]}}],"collection":[{"href":"https:\/\/agora.xtec.cat\/ceip-madrenc\/wp-json\/wp\/v2\/pages"}],"about":[{"href":"https:\/\/agora.xtec.cat\/ceip-madrenc\/wp-json\/wp\/v2\/types\/page"}],"author":[{"embeddable":true,"href":"https:\/\/agora.xtec.cat\/ceip-madrenc\/wp-json\/wp\/v2\/users\/1"}],"replies":[{"embeddable":true,"href":"https:\/\/agora.xtec.cat\/ceip-madrenc\/wp-json\/wp\/v2\/comments?post=794"}],"version-history":[{"count":6,"href":"https:\/\/agora.xtec.cat\/ceip-madrenc\/wp-json\/wp\/v2\/pages\/794\/revisions"}],"predecessor-version":[{"id":2934,"href":"https:\/\/agora.xtec.cat\/ceip-madrenc\/wp-json\/wp\/v2\/pages\/794\/revisions\/2934"}],"wp:attachment":[{"href":"https:\/\/agora.xtec.cat\/ceip-madrenc\/wp-json\/wp\/v2\/media?parent=794"}],"curies":[{"name":"wp","href":"https:\/\/api.w.org\/{rel}","templated":true}]}}