{"id":784,"date":"2018-11-16T12:00:07","date_gmt":"2018-11-16T11:00:07","guid":{"rendered":"http:\/\/agora.xtec.cat\/ceip-madrenc\/?page_id=784"},"modified":"2025-01-27T13:58:56","modified_gmt":"2025-01-27T12:58:56","slug":"la-radio","status":"publish","type":"page","link":"https:\/\/agora.xtec.cat\/ceip-madrenc\/la-radio\/","title":{"rendered":"La r\u00e0dio"},"content":{"rendered":"<p>L&#8217;Escola Madrenc, juntament amb R\u00e0dio Vilablareix 107.5 FM, fa uns anys que duu a terme un projecte de r\u00e0dio. L&#8217;alumnat de 5\u00e8 s\u00f3n els responsables de portar-lo a terme.<\/p>\n<p>Magazine, entrevistes, descobertes de l&#8217;entorn, enquestes, m\u00fasica, idiomes i molt m\u00e9s.<\/p>\n<p>Un programa de r\u00e0dio dirigit i presentat per tot l&#8217;alumnat de 5\u00e8 de l&#8217;escola.<\/p>\n<p>Des de l&#8217;aula es prepara tota una serie d&#8217;activitats per acabar gravant a la mateixa r\u00e0dio un programa entretingut per a tota la fam\u00edlia.<\/p>\n<p>SI VOLEU ESCOLTAR TOTS ELS PROGRAMES ELABORATS DURANT AQUEST CURS, CLIQUEU A L&#8217;ENLLA\u00c7 SEG\u00dcENT:<\/p>\n<p><a href=\"http:\/\/www.radiovilablareix.cat\/#!\/programs\/programesescolamadrenc\">PROGRAMES R\u00c0DIO ESCOLA MADRENC<\/a><\/p>\n<p>M\u00e9s informaci\u00f3 a:<\/p>\n<p><a href=\"http:\/\/www.radiovilablareix.cat\">R\u00c0DIO VILABLAREIX 107.5FM<\/a><\/p>\n<p><img loading=\"lazy\" decoding=\"async\" class=\"aligncenter size-large wp-image-1096\" src=\"https:\/\/agora.xtec.cat\/ceip-madrenc\/wp-content\/uploads\/usu322\/2019\/05\/RADIO-VILABLAREIX-1024x569.jpg\" alt=\"\" width=\"1024\" height=\"569\" \/><\/p>\n<p>&nbsp;<\/p>\n<p>&nbsp;<\/p>\n<p><img loading=\"lazy\" decoding=\"async\" class=\"aligncenter size-full wp-image-916\" src=\"https:\/\/agora.xtec.cat\/ceip-madrenc\/wp-content\/uploads\/usu322\/2018\/11\/20181022_101140.jpg\" alt=\"\" width=\"2304\" height=\"1296\" \/><\/p>\n","protected":false},"excerpt":{"rendered":"<p>L&#8217;Escola Madrenc, juntament amb R\u00e0dio Vilablareix 107.5 FM, fa uns anys que duu a terme un projecte de r\u00e0dio. L&#8217;alumnat [&hellip;]<\/p>\n","protected":false},"author":1,"featured_media":0,"parent":0,"menu_order":0,"comment_status":"closed","ping_status":"closed","template":"","meta":{"_bbp_topic_count":0,"_bbp_reply_count":0,"_bbp_total_topic_count":0,"_bbp_total_reply_count":0,"_bbp_voice_count":0,"_bbp_anonymous_reply_count":0,"_bbp_topic_count_hidden":0,"_bbp_reply_count_hidden":0,"_bbp_forum_subforum_count":0,"site-sidebar-layout":"default","site-content-layout":"","ast-site-content-layout":"default","site-content-style":"default","site-sidebar-style":"default","ast-global-header-display":"","ast-banner-title-visibility":"","ast-main-header-display":"","ast-hfb-above-header-display":"","ast-hfb-below-header-display":"","ast-hfb-mobile-header-display":"","site-post-title":"","ast-breadcrumbs-content":"","ast-featured-img":"","footer-sml-layout":"","theme-transparent-header-meta":"default","adv-header-id-meta":"","stick-header-meta":"","header-above-stick-meta":"","header-main-stick-meta":"","header-below-stick-meta":"","astra-migrate-meta-layouts":"set","ast-page-background-enabled":"default","ast-page-background-meta":{"desktop":{"background-color":"var(--ast-global-color-4)","background-image":"","background-repeat":"repeat","background-position":"center center","background-size":"auto","background-attachment":"scroll","background-type":"","background-media":"","overlay-type":"","overlay-color":"","overlay-opacity":"","overlay-gradient":""},"tablet":{"background-color":"","background-image":"","background-repeat":"repeat","background-position":"center center","background-size":"auto","background-attachment":"scroll","background-type":"","background-media":"","overlay-type":"","overlay-color":"","overlay-opacity":"","overlay-gradient":""},"mobile":{"background-color":"","background-image":"","background-repeat":"repeat","background-position":"center center","background-size":"auto","background-attachment":"scroll","background-type":"","background-media":"","overlay-type":"","overlay-color":"","overlay-opacity":"","overlay-gradient":""}},"ast-content-background-meta":{"desktop":{"background-color":"var(--ast-global-color-5)","background-image":"","background-repeat":"repeat","background-position":"center center","background-size":"auto","background-attachment":"scroll","background-type":"","background-media":"","overlay-type":"","overlay-color":"","overlay-opacity":"","overlay-gradient":""},"tablet":{"background-color":"var(--ast-global-color-5)","background-image":"","background-repeat":"repeat","background-position":"center center","background-size":"auto","background-attachment":"scroll","background-type":"","background-media":"","overlay-type":"","overlay-color":"","overlay-opacity":"","overlay-gradient":""},"mobile":{"background-color":"var(--ast-global-color-5)","background-image":"","background-repeat":"repeat","background-position":"center center","background-size":"auto","background-attachment":"scroll","background-type":"","background-media":"","overlay-type":"","overlay-color":"","overlay-opacity":"","overlay-gradient":""}},"footnotes":""},"class_list":["post-784","page","type-page","status-publish","hentry"],"post_mailing_queue_ids":[],"_links":{"self":[{"href":"https:\/\/agora.xtec.cat\/ceip-madrenc\/wp-json\/wp\/v2\/pages\/784","targetHints":{"allow":["GET"]}}],"collection":[{"href":"https:\/\/agora.xtec.cat\/ceip-madrenc\/wp-json\/wp\/v2\/pages"}],"about":[{"href":"https:\/\/agora.xtec.cat\/ceip-madrenc\/wp-json\/wp\/v2\/types\/page"}],"author":[{"embeddable":true,"href":"https:\/\/agora.xtec.cat\/ceip-madrenc\/wp-json\/wp\/v2\/users\/1"}],"replies":[{"embeddable":true,"href":"https:\/\/agora.xtec.cat\/ceip-madrenc\/wp-json\/wp\/v2\/comments?post=784"}],"version-history":[{"count":6,"href":"https:\/\/agora.xtec.cat\/ceip-madrenc\/wp-json\/wp\/v2\/pages\/784\/revisions"}],"predecessor-version":[{"id":2813,"href":"https:\/\/agora.xtec.cat\/ceip-madrenc\/wp-json\/wp\/v2\/pages\/784\/revisions\/2813"}],"wp:attachment":[{"href":"https:\/\/agora.xtec.cat\/ceip-madrenc\/wp-json\/wp\/v2\/media?parent=784"}],"curies":[{"name":"wp","href":"https:\/\/api.w.org\/{rel}","templated":true}]}}