{"id":766,"date":"2018-11-15T10:53:15","date_gmt":"2018-11-15T09:53:15","guid":{"rendered":"http:\/\/agora.xtec.cat\/ceip-madrenc\/?page_id=766"},"modified":"2025-03-21T08:52:20","modified_gmt":"2025-03-21T07:52:20","slug":"tinkercad-3d-i-scratch","status":"publish","type":"page","link":"https:\/\/agora.xtec.cat\/ceip-madrenc\/tinkercad-3d-i-scratch\/","title":{"rendered":"Disseny i impressi\u00f3 3D"},"content":{"rendered":"<h2><strong>Tinkercad 3D<br \/>\n<\/strong><\/h2>\n<p><img loading=\"lazy\" decoding=\"async\" class=\"size-full wp-image-857 alignleft\" src=\"https:\/\/agora.xtec.cat\/ceip-madrenc\/wp-content\/uploads\/usu322\/2018\/11\/tinker4.png\" alt=\"\" width=\"259\" height=\"194\" srcset=\"https:\/\/agora.xtec.cat\/ceip-madrenc\/wp-content\/uploads\/usu322\/2018\/11\/tinker4.png 259w, https:\/\/agora.xtec.cat\/ceip-madrenc\/wp-content\/uploads\/usu322\/2018\/11\/tinker4-200x150.png 200w\" sizes=\"auto, (max-width: 259px) 100vw, 259px\" \/><\/p>\n<p><strong>Tinkercad\u00a0<\/strong>\u00e9s un programari gratu\u00eft online creat per l&#8217;empresa\u00a0Autodesk, una de les empreses capdavanteres al programari de disseny 3D de la m\u00e0 del seu programa estavella per a tal fi, Inventor.<\/p>\n<p>L&#8217;objectiu en usar\u00a0Tinkercad\u00a0ha de ser una primera immersi\u00f3 al m\u00f3n del disseny 3D d&#8217;una manera senzilla i atractiva, ja que la interf\u00edcie de treball \u00e9s simple i molt atractiva inicialment, si b\u00e9 una vegada dominats els conceptes b\u00e0sics manca d&#8217;eines per arribar a dissenys complexos.<img loading=\"lazy\" decoding=\"async\" class=\" wp-image-858 alignright\" src=\"https:\/\/agora.xtec.cat\/ceip-madrenc\/wp-content\/uploads\/usu322\/2018\/11\/tinker2.jpg\" alt=\"\" width=\"288\" height=\"156\" srcset=\"https:\/\/agora.xtec.cat\/ceip-madrenc\/wp-content\/uploads\/usu322\/2018\/11\/tinker2.jpg 305w, https:\/\/agora.xtec.cat\/ceip-madrenc\/wp-content\/uploads\/usu322\/2018\/11\/tinker2-300x162.jpg 300w\" sizes=\"auto, (max-width: 288px) 100vw, 288px\" \/><\/p>\n<p>Els seus avantatges s\u00f3n clars: \u00e9s senzill d&#8217;usar, el seu aspecte \u00e9s atractiu i amb unes poques hores d&#8217;entrenament podem adquirir molta destresa en el seu \u00fas.<\/p>\n<p><img loading=\"lazy\" decoding=\"async\" class=\"size-full wp-image-859 alignleft\" src=\"https:\/\/agora.xtec.cat\/ceip-madrenc\/wp-content\/uploads\/usu322\/2018\/11\/tinker1.jpg\" alt=\"\" width=\"321\" height=\"157\" srcset=\"https:\/\/agora.xtec.cat\/ceip-madrenc\/wp-content\/uploads\/usu322\/2018\/11\/tinker1.jpg 321w, https:\/\/agora.xtec.cat\/ceip-madrenc\/wp-content\/uploads\/usu322\/2018\/11\/tinker1-300x147.jpg 300w\" sizes=\"auto, (max-width: 321px) 100vw, 321px\" \/><\/p>\n<h2>IMPRESSORA ANET A6<\/h2>\n<div style=\"width: 640px;\" class=\"wp-video\"><!--[if lt IE 9]><script>document.createElement('video');<\/script><![endif]-->\n<video class=\"wp-video-shortcode\" id=\"video-766-1\" width=\"640\" height=\"352\" preload=\"metadata\" controls=\"controls\"><source type=\"video\/mp4\" src=\"https:\/\/agora.xtec.cat\/ceip-madrenc\/wp-content\/uploads\/usu322\/2018\/11\/VID-20181119-WA0003.mp4?_=1\" \/><a href=\"https:\/\/agora.xtec.cat\/ceip-madrenc\/wp-content\/uploads\/usu322\/2018\/11\/VID-20181119-WA0003.mp4\">https:\/\/agora.xtec.cat\/ceip-madrenc\/wp-content\/uploads\/usu322\/2018\/11\/VID-20181119-WA0003.mp4<\/a><\/video><\/div>\n<p><img loading=\"lazy\" decoding=\"async\" class=\"size-full wp-image-886 alignleft\" src=\"https:\/\/agora.xtec.cat\/ceip-madrenc\/wp-content\/uploads\/usu322\/2018\/11\/ANET-A61.jpg\" alt=\"\" width=\"271\" height=\"186\" \/> <img loading=\"lazy\" decoding=\"async\" class=\"size-medium wp-image-887 alignright\" src=\"https:\/\/agora.xtec.cat\/ceip-madrenc\/wp-content\/uploads\/usu322\/2018\/11\/Anet-A62-300x225.jpg\" alt=\"\" width=\"300\" height=\"225\" srcset=\"https:\/\/agora.xtec.cat\/ceip-madrenc\/wp-content\/uploads\/usu322\/2018\/11\/Anet-A62-300x225.jpg 300w, https:\/\/agora.xtec.cat\/ceip-madrenc\/wp-content\/uploads\/usu322\/2018\/11\/Anet-A62-768x576.jpg 768w, https:\/\/agora.xtec.cat\/ceip-madrenc\/wp-content\/uploads\/usu322\/2018\/11\/Anet-A62-200x150.jpg 200w, https:\/\/agora.xtec.cat\/ceip-madrenc\/wp-content\/uploads\/usu322\/2018\/11\/Anet-A62.jpg 800w\" sizes=\"auto, (max-width: 300px) 100vw, 300px\" \/><\/p>\n<p>Gitech<\/p>\n<p>Jornada Tecnol\u00f2gica Gitech a Vilablareix. El nostres alumnat de 6\u00e8 hi participa, portant els prototips que han creat.<\/p>\n\r\n\t<div class=\"slideshow_container slideshow_container_style-light\" style=\"height: 300px; \" data-slideshow-id=\"1056\" data-style-name=\"style-light\" data-style-version=\"2.3.1\" data-settings=\"{&quot;animation&quot;:&quot;slide&quot;,&quot;slideSpeed&quot;:&quot;1&quot;,&quot;descriptionSpeed&quot;:&quot;0.4&quot;,&quot;intervalSpeed&quot;:&quot;3 &quot;,&quot;slidesPerView&quot;:&quot;1&quot;,&quot;maxWidth&quot;:&quot;0&quot;,&quot;aspectRatio&quot;:&quot;3:1&quot;,&quot;height&quot;:&quot;300&quot;,&quot;imageBehaviour&quot;:&quot;crop&quot;,&quot;showDescription&quot;:&quot;true&quot;,&quot;hideDescription&quot;:&quot;true&quot;,&quot;preserveSlideshowDimensions&quot;:&quot;false&quot;,&quot;enableResponsiveness&quot;:&quot;true&quot;,&quot;play&quot;:&quot;true&quot;,&quot;loop&quot;:&quot;true&quot;,&quot;pauseOnHover&quot;:&quot;true&quot;,&quot;controllable&quot;:&quot;true&quot;,&quot;hideNavigationButtons&quot;:&quot;true&quot;,&quot;showPagination&quot;:&quot;true&quot;,&quot;hidePagination&quot;:&quot;true&quot;,&quot;controlPanel&quot;:&quot;true&quot;,&quot;hideControlPanel&quot;:&quot;true&quot;,&quot;waitUntilLoaded&quot;:&quot;true&quot;,&quot;showLoadingIcon&quot;:&quot;true&quot;,&quot;random&quot;:&quot;false&quot;,&quot;avoidFilter&quot;:&quot;true&quot;}\">\r\n\r\n\t\t\t\t\t<div class=\"slideshow_loading_icon\"><\/div>\r\n\t\t\r\n\t\t<div class=\"slideshow_content\" style=\"display: none;\">\r\n\r\n\t\t\t<div class=\"slideshow_view\">\t<div style=\"clear: both;\"><\/div><\/div><div class=\"slideshow_view\">\t<div style=\"clear: both;\"><\/div><\/div><div class=\"slideshow_view\">\t<div style=\"clear: both;\"><\/div><\/div><div class=\"slideshow_view\">\t<div style=\"clear: both;\"><\/div><\/div><div class=\"slideshow_view\">\t<div style=\"clear: both;\"><\/div><\/div>\r\n\t\t<\/div>\r\n\r\n\t\t<div class=\"slideshow_controlPanel slideshow_transparent\" style=\"display: none;\"><ul><li class=\"slideshow_togglePlay\" data-play-text=\"Visualitza\" data-pause-text=\"Pausa\"><\/li><\/ul><\/div>\r\n\r\n\t\t<div class=\"slideshow_button slideshow_previous slideshow_transparent\" role=\"button\" data-previous-text=\"Anterior\" style=\"display: none;\"><\/div>\r\n\t\t<div class=\"slideshow_button slideshow_next slideshow_transparent\" role=\"button\" data-next-text=\"Seg\u00fcent\" style=\"display: none;\"><\/div>\r\n\r\n\t\t<div class=\"slideshow_pagination\" style=\"display: none;\" data-go-to-text=\"V\u00e9s a la diapositiva\"><div class=\"slideshow_pagination_center\"><\/div><\/div>\r\n\r\n\t\t<!-- WordPress Slideshow Version 2.3.1 -->\r\n\r\n\t\t\t<\/div>\r\n\r\n\n","protected":false},"excerpt":{"rendered":"<p>Tinkercad 3D Tinkercad\u00a0\u00e9s un programari gratu\u00eft online creat per l&#8217;empresa\u00a0Autodesk, una de les empreses capdavanteres al programari de disseny 3D [&hellip;]<\/p>\n","protected":false},"author":1,"featured_media":0,"parent":0,"menu_order":0,"comment_status":"closed","ping_status":"closed","template":"","meta":{"_bbp_topic_count":0,"_bbp_reply_count":0,"_bbp_total_topic_count":0,"_bbp_total_reply_count":0,"_bbp_voice_count":0,"_bbp_anonymous_reply_count":0,"_bbp_topic_count_hidden":0,"_bbp_reply_count_hidden":0,"_bbp_forum_subforum_count":0,"site-sidebar-layout":"default","site-content-layout":"","ast-site-content-layout":"default","site-content-style":"default","site-sidebar-style":"default","ast-global-header-display":"","ast-banner-title-visibility":"","ast-main-header-display":"","ast-hfb-above-header-display":"","ast-hfb-below-header-display":"","ast-hfb-mobile-header-display":"","site-post-title":"","ast-breadcrumbs-content":"","ast-featured-img":"","footer-sml-layout":"","theme-transparent-header-meta":"","adv-header-id-meta":"","stick-header-meta":"","header-above-stick-meta":"","header-main-stick-meta":"","header-below-stick-meta":"","astra-migrate-meta-layouts":"set","ast-page-background-enabled":"default","ast-page-background-meta":{"desktop":{"background-color":"var(--ast-global-color-4)","background-image":"","background-repeat":"repeat","background-position":"center center","background-size":"auto","background-attachment":"scroll","background-type":"","background-media":"","overlay-type":"","overlay-color":"","overlay-opacity":"","overlay-gradient":""},"tablet":{"background-color":"","background-image":"","background-repeat":"repeat","background-position":"center center","background-size":"auto","background-attachment":"scroll","background-type":"","background-media":"","overlay-type":"","overlay-color":"","overlay-opacity":"","overlay-gradient":""},"mobile":{"background-color":"","background-image":"","background-repeat":"repeat","background-position":"center center","background-size":"auto","background-attachment":"scroll","background-type":"","background-media":"","overlay-type":"","overlay-color":"","overlay-opacity":"","overlay-gradient":""}},"ast-content-background-meta":{"desktop":{"background-color":"var(--ast-global-color-5)","background-image":"","background-repeat":"repeat","background-position":"center center","background-size":"auto","background-attachment":"scroll","background-type":"","background-media":"","overlay-type":"","overlay-color":"","overlay-opacity":"","overlay-gradient":""},"tablet":{"background-color":"var(--ast-global-color-5)","background-image":"","background-repeat":"repeat","background-position":"center center","background-size":"auto","background-attachment":"scroll","background-type":"","background-media":"","overlay-type":"","overlay-color":"","overlay-opacity":"","overlay-gradient":""},"mobile":{"background-color":"var(--ast-global-color-5)","background-image":"","background-repeat":"repeat","background-position":"center center","background-size":"auto","background-attachment":"scroll","background-type":"","background-media":"","overlay-type":"","overlay-color":"","overlay-opacity":"","overlay-gradient":""}},"footnotes":""},"class_list":["post-766","page","type-page","status-publish","hentry"],"post_mailing_queue_ids":[],"_links":{"self":[{"href":"https:\/\/agora.xtec.cat\/ceip-madrenc\/wp-json\/wp\/v2\/pages\/766","targetHints":{"allow":["GET"]}}],"collection":[{"href":"https:\/\/agora.xtec.cat\/ceip-madrenc\/wp-json\/wp\/v2\/pages"}],"about":[{"href":"https:\/\/agora.xtec.cat\/ceip-madrenc\/wp-json\/wp\/v2\/types\/page"}],"author":[{"embeddable":true,"href":"https:\/\/agora.xtec.cat\/ceip-madrenc\/wp-json\/wp\/v2\/users\/1"}],"replies":[{"embeddable":true,"href":"https:\/\/agora.xtec.cat\/ceip-madrenc\/wp-json\/wp\/v2\/comments?post=766"}],"version-history":[{"count":5,"href":"https:\/\/agora.xtec.cat\/ceip-madrenc\/wp-json\/wp\/v2\/pages\/766\/revisions"}],"predecessor-version":[{"id":3103,"href":"https:\/\/agora.xtec.cat\/ceip-madrenc\/wp-json\/wp\/v2\/pages\/766\/revisions\/3103"}],"wp:attachment":[{"href":"https:\/\/agora.xtec.cat\/ceip-madrenc\/wp-json\/wp\/v2\/media?parent=766"}],"curies":[{"name":"wp","href":"https:\/\/api.w.org\/{rel}","templated":true}]}}