{"id":28,"date":"2014-09-18T12:29:35","date_gmt":"2014-09-18T12:29:35","guid":{"rendered":"http:\/\/agora.xtec.cat\/ceip-madrenc\/?page_id=28"},"modified":"2026-03-12T13:17:02","modified_gmt":"2026-03-12T12:17:02","slug":"consell-escolar","status":"publish","type":"page","link":"https:\/\/agora.xtec.cat\/ceip-madrenc\/noticies-descola\/lescola\/consell-escolar\/","title":{"rendered":"Consell escolar"},"content":{"rendered":"<p>El consell escolar \u00e9s l&#8217;\u00f2rgan de participaci\u00f3 dels diferents sectors de la comunitat educativa en el govern del centre.<\/p>\n<p><b>CONSELL ESCOLAR<\/b><\/p>\n<p><img loading=\"lazy\" decoding=\"async\" class=\"aligncenter size-full wp-image-3471\" src=\"https:\/\/agora.xtec.cat\/ceip-madrenc\/wp-content\/uploads\/usu322\/2025\/12\/Composicio-consell-des-2025-page-001.jpg\" alt=\"\" width=\"1240\" height=\"1754\" srcset=\"https:\/\/agora.xtec.cat\/ceip-madrenc\/wp-content\/uploads\/usu322\/2025\/12\/Composicio-consell-des-2025-page-001.jpg 1240w, https:\/\/agora.xtec.cat\/ceip-madrenc\/wp-content\/uploads\/usu322\/2025\/12\/Composicio-consell-des-2025-page-001-212x300.jpg 212w, https:\/\/agora.xtec.cat\/ceip-madrenc\/wp-content\/uploads\/usu322\/2025\/12\/Composicio-consell-des-2025-page-001-724x1024.jpg 724w, https:\/\/agora.xtec.cat\/ceip-madrenc\/wp-content\/uploads\/usu322\/2025\/12\/Composicio-consell-des-2025-page-001-768x1086.jpg 768w, https:\/\/agora.xtec.cat\/ceip-madrenc\/wp-content\/uploads\/usu322\/2025\/12\/Composicio-consell-des-2025-page-001-1086x1536.jpg 1086w\" sizes=\"auto, (max-width: 1240px) 100vw, 1240px\" \/><\/p>\n<h3><img loading=\"lazy\" decoding=\"async\" class=\"aligncenter wp-image-3472 size-full\" src=\"https:\/\/agora.xtec.cat\/ceip-madrenc\/wp-content\/uploads\/usu322\/2025\/12\/Composicio-consell-des-2025-page-002-e1765363063680.jpg\" alt=\"\" width=\"1237\" height=\"550\" srcset=\"https:\/\/agora.xtec.cat\/ceip-madrenc\/wp-content\/uploads\/usu322\/2025\/12\/Composicio-consell-des-2025-page-002-e1765363063680.jpg 1237w, https:\/\/agora.xtec.cat\/ceip-madrenc\/wp-content\/uploads\/usu322\/2025\/12\/Composicio-consell-des-2025-page-002-e1765363063680-300x133.jpg 300w, https:\/\/agora.xtec.cat\/ceip-madrenc\/wp-content\/uploads\/usu322\/2025\/12\/Composicio-consell-des-2025-page-002-e1765363063680-1024x455.jpg 1024w, https:\/\/agora.xtec.cat\/ceip-madrenc\/wp-content\/uploads\/usu322\/2025\/12\/Composicio-consell-des-2025-page-002-e1765363063680-768x341.jpg 768w\" sizes=\"auto, (max-width: 1237px) 100vw, 1237px\" \/><\/h3>\n<h3><strong>Funcions <\/strong><\/h3>\n<p>Corresponen al consell escolar les funcions seg\u00fcents:<\/p>\n<ul>\n<li>Estar informat del Projecte Educatiu del Centre (PEC) i fer-ne les oportunes valoracions i propostes de millora.<\/li>\n<li>Supervisar i avaluar el desenvolupament de la programaci\u00f3 general anual (PGA), en l\u2019\u00e0mbit docent i en l\u2019\u00e0mbit administratiu, i dels resultats que se\u2019n obtenen, recollits en la mem\u00f2ria anual .<\/li>\n<li>Ser consultat sobre el contingut de les Normes d\u2019organitzaci\u00f3 i del funcionament del centre (NOFC) i de les successives adequacions i vetllar perqu\u00e8 s\u2019apliquin.<\/li>\n<li>Estar informat dels acords de coresponsabilitat, convenis i altres acords de col\u00b7laboraci\u00f3 del centre amb entitats i institucions.<\/li>\n<li>Participar en el procediment de selecci\u00f3 i en la proposta de cessament del director o directora.<\/li>\n<li>Intervenir, si escau, en la resoluci\u00f3 dels conflictes i revisar les sancions als alumnes.<\/li>\n<li>Participar en les directrius per a la programaci\u00f3 d\u2019activitats escolars complement\u00e0ries i d\u2019activitats extraescolars, i avaluar-ne el desenvolupament.<\/li>\n<li>Qualsevol altre que li sigui atribu\u00efda per les normes legals o reglament\u00e0ries.<\/li>\n<\/ul>\n<p><strong>ACORDS DEL CONSELL ESCOLAR:<\/strong><\/p>\n<ul>\n<li><a href=\"https:\/\/agora.xtec.cat\/ceip-madrenc\/wp-content\/uploads\/usu322\/2023\/12\/2324_Cert.-acords-Consell-Escolar_1-1.pdf\">23\/24_Cert. acords Consell Escolar_1<\/a><\/li>\n<li><a href=\"https:\/\/agora.xtec.cat\/ceip-madrenc\/wp-content\/uploads\/usu322\/2023\/12\/2324_Cert.-acords-Consell-Escolar_2-1.pdf\">23\/24_Cert. acords Consell Escolar_2<\/a><\/li>\n<li><a href=\"https:\/\/agora.xtec.cat\/ceip-madrenc\/wp-content\/uploads\/usu322\/2024\/06\/ACORS-PRESOS-JUNY.pdf\">23\/24_Cert. acords Consell Escolar_3<\/a><\/li>\n<li><a href=\"https:\/\/agora.xtec.cat\/ceip-madrenc\/wp-content\/uploads\/usu322\/2024\/11\/24-25-Cert.-acords-Consell-Escolar_1.pdf\">24-25 Cert. acords Consell Escolar_1<\/a><\/li>\n<li><a href=\"https:\/\/agora.xtec.cat\/ceip-madrenc\/wp-content\/uploads\/usu322\/2025\/03\/ACORDS-CONSELL-ESCOLAR-no-2.pdf\">24-25 Cert. acords Consell Escolar 2<\/a><\/li>\n<li><a href=\"https:\/\/agora.xtec.cat\/ceip-madrenc\/wp-content\/uploads\/usu322\/2025\/11\/25-26-Cert.-acords-Consell-Escolar_1.pdf\">25-26 Cert. acords Consell Escolar_1<\/a><\/li>\n<li><a href=\"https:\/\/agora.xtec.cat\/ceip-madrenc\/wp-content\/uploads\/usu322\/2026\/03\/consell.pdf\">25-26 Cert. acords Consell Escolar_2<\/a><\/li>\n<\/ul>\n\n\n<p><\/p>\n","protected":false},"excerpt":{"rendered":"<p>El consell escolar \u00e9s l&#8217;\u00f2rgan de participaci\u00f3 dels diferents sectors de la comunitat educativa en el govern del centre. CONSELL [&hellip;]<\/p>\n","protected":false},"author":2,"featured_media":0,"parent":22,"menu_order":6,"comment_status":"closed","ping_status":"closed","template":"","meta":{"_bbp_topic_count":0,"_bbp_reply_count":0,"_bbp_total_topic_count":0,"_bbp_total_reply_count":0,"_bbp_voice_count":0,"_bbp_anonymous_reply_count":0,"_bbp_topic_count_hidden":0,"_bbp_reply_count_hidden":0,"_bbp_forum_subforum_count":0,"site-sidebar-layout":"default","site-content-layout":"","ast-site-content-layout":"default","site-content-style":"default","site-sidebar-style":"default","ast-global-header-display":"","ast-banner-title-visibility":"","ast-main-header-display":"","ast-hfb-above-header-display":"","ast-hfb-below-header-display":"","ast-hfb-mobile-header-display":"","site-post-title":"","ast-breadcrumbs-content":"","ast-featured-img":"","footer-sml-layout":"","theme-transparent-header-meta":"","adv-header-id-meta":"","stick-header-meta":"","header-above-stick-meta":"","header-main-stick-meta":"","header-below-stick-meta":"","astra-migrate-meta-layouts":"set","ast-page-background-enabled":"default","ast-page-background-meta":{"desktop":{"background-color":"var(--ast-global-color-4)","background-image":"","background-repeat":"repeat","background-position":"center center","background-size":"auto","background-attachment":"scroll","background-type":"","background-media":"","overlay-type":"","overlay-color":"","overlay-opacity":"","overlay-gradient":""},"tablet":{"background-color":"","background-image":"","background-repeat":"repeat","background-position":"center center","background-size":"auto","background-attachment":"scroll","background-type":"","background-media":"","overlay-type":"","overlay-color":"","overlay-opacity":"","overlay-gradient":""},"mobile":{"background-color":"","background-image":"","background-repeat":"repeat","background-position":"center center","background-size":"auto","background-attachment":"scroll","background-type":"","background-media":"","overlay-type":"","overlay-color":"","overlay-opacity":"","overlay-gradient":""}},"ast-content-background-meta":{"desktop":{"background-color":"var(--ast-global-color-5)","background-image":"","background-repeat":"repeat","background-position":"center center","background-size":"auto","background-attachment":"scroll","background-type":"","background-media":"","overlay-type":"","overlay-color":"","overlay-opacity":"","overlay-gradient":""},"tablet":{"background-color":"var(--ast-global-color-5)","background-image":"","background-repeat":"repeat","background-position":"center center","background-size":"auto","background-attachment":"scroll","background-type":"","background-media":"","overlay-type":"","overlay-color":"","overlay-opacity":"","overlay-gradient":""},"mobile":{"background-color":"var(--ast-global-color-5)","background-image":"","background-repeat":"repeat","background-position":"center center","background-size":"auto","background-attachment":"scroll","background-type":"","background-media":"","overlay-type":"","overlay-color":"","overlay-opacity":"","overlay-gradient":""}},"footnotes":""},"class_list":["post-28","page","type-page","status-publish","hentry"],"post_mailing_queue_ids":[],"_links":{"self":[{"href":"https:\/\/agora.xtec.cat\/ceip-madrenc\/wp-json\/wp\/v2\/pages\/28","targetHints":{"allow":["GET"]}}],"collection":[{"href":"https:\/\/agora.xtec.cat\/ceip-madrenc\/wp-json\/wp\/v2\/pages"}],"about":[{"href":"https:\/\/agora.xtec.cat\/ceip-madrenc\/wp-json\/wp\/v2\/types\/page"}],"author":[{"embeddable":true,"href":"https:\/\/agora.xtec.cat\/ceip-madrenc\/wp-json\/wp\/v2\/users\/2"}],"replies":[{"embeddable":true,"href":"https:\/\/agora.xtec.cat\/ceip-madrenc\/wp-json\/wp\/v2\/comments?post=28"}],"version-history":[{"count":6,"href":"https:\/\/agora.xtec.cat\/ceip-madrenc\/wp-json\/wp\/v2\/pages\/28\/revisions"}],"predecessor-version":[{"id":3569,"href":"https:\/\/agora.xtec.cat\/ceip-madrenc\/wp-json\/wp\/v2\/pages\/28\/revisions\/3569"}],"up":[{"embeddable":true,"href":"https:\/\/agora.xtec.cat\/ceip-madrenc\/wp-json\/wp\/v2\/pages\/22"}],"wp:attachment":[{"href":"https:\/\/agora.xtec.cat\/ceip-madrenc\/wp-json\/wp\/v2\/media?parent=28"}],"curies":[{"name":"wp","href":"https:\/\/api.w.org\/{rel}","templated":true}]}}