{"id":2608,"date":"2024-11-20T13:00:39","date_gmt":"2024-11-20T12:00:39","guid":{"rendered":"https:\/\/agora.xtec.cat\/ceip-madrenc\/?page_id=2608"},"modified":"2025-04-07T12:13:53","modified_gmt":"2025-04-07T10:13:53","slug":"gestio-economica","status":"publish","type":"page","link":"https:\/\/agora.xtec.cat\/ceip-madrenc\/gestio-economica\/","title":{"rendered":"Gesti\u00f3 econ\u00f2mica"},"content":{"rendered":"<p>Gesti\u00f3 econ\u00f2mica<\/p>\n<ul>\n<li><strong>Aportacions de les fam\u00edlies :<\/strong><\/li>\n<li><strong>I3 , I4<\/strong> : 75\u20ac ( material fungible i pl\u00e0stica, llibre d\u2019autor de Sant Jordi).<\/li>\n<li><strong>I5 <\/strong>: 77\u20ac ( material fungible i pl\u00e0stica , llibre d\u2019autor de Sant Jordi i llibre socialitzat).<\/li>\n<li><strong>1r, 2n<\/strong> : 120,50\u20ac \u00a0( material fungible i pl\u00e0stica, \u00a0llibre d\u2019autor de Sant Jordi , Innovamat,\u00a0 llibres socialitzats).<\/li>\n<li><strong>3r, 4t<\/strong> : 135,50\u20ac ( material fungible i pl\u00e0stica,\u00a0 llibre d\u2019autor de Sant Jordi , Innovamat,\u00a0 llibres socialitzats).<\/li>\n<li><strong>5\u00e8, 6\u00e8<\/strong> : 134,20\u20ac \u20ac\u00a0 ( material fungible i pl\u00e0stica, material de pl\u00e0stica, llibre d\u2019autor de Sant Jordi , Innovamat,\u00a0 llibres socialitzats).<\/li>\n<\/ul>\n<ul>\n<li><strong>Pressupost:<\/strong>\n<ul>\n<li><a href=\"https:\/\/agora.xtec.cat\/ceip-madrenc\/wp-content\/uploads\/usu322\/2025\/04\/Liquidacio-del-pressupost-2024.pdf\">Liquidaci\u00f3 del pressupost 2024<\/a><\/li>\n<li><a style=\"font-size: revert; background-color: var(--ast-global-color-5); font-weight: inherit;\" href=\"https:\/\/agora.xtec.cat\/ceip-madrenc\/wp-content\/uploads\/usu322\/2025\/04\/Pressupost-de-lany-2025.pdf\">Pressupost de l&#8217;any 2025<\/a><\/li>\n<\/ul>\n<\/li>\n<\/ul>\n","protected":false},"excerpt":{"rendered":"<p>Gesti\u00f3 econ\u00f2mica Aportacions de les fam\u00edlies : I3 , I4 : 75\u20ac ( material fungible i pl\u00e0stica, llibre d\u2019autor de [&hellip;]<\/p>\n","protected":false},"author":1,"featured_media":0,"parent":0,"menu_order":0,"comment_status":"closed","ping_status":"closed","template":"","meta":{"_bbp_topic_count":0,"_bbp_reply_count":0,"_bbp_total_topic_count":0,"_bbp_total_reply_count":0,"_bbp_voice_count":0,"_bbp_anonymous_reply_count":0,"_bbp_topic_count_hidden":0,"_bbp_reply_count_hidden":0,"_bbp_forum_subforum_count":0,"site-sidebar-layout":"default","site-content-layout":"","ast-site-content-layout":"default","site-content-style":"default","site-sidebar-style":"default","ast-global-header-display":"","ast-banner-title-visibility":"","ast-main-header-display":"","ast-hfb-above-header-display":"","ast-hfb-below-header-display":"","ast-hfb-mobile-header-display":"","site-post-title":"","ast-breadcrumbs-content":"","ast-featured-img":"","footer-sml-layout":"","theme-transparent-header-meta":"","adv-header-id-meta":"","stick-header-meta":"","header-above-stick-meta":"","header-main-stick-meta":"","header-below-stick-meta":"","astra-migrate-meta-layouts":"set","ast-page-background-enabled":"default","ast-page-background-meta":{"desktop":{"background-color":"var(--ast-global-color-4)","background-image":"","background-repeat":"repeat","background-position":"center center","background-size":"auto","background-attachment":"scroll","background-type":"","background-media":"","overlay-type":"","overlay-color":"","overlay-opacity":"","overlay-gradient":""},"tablet":{"background-color":"","background-image":"","background-repeat":"repeat","background-position":"center center","background-size":"auto","background-attachment":"scroll","background-type":"","background-media":"","overlay-type":"","overlay-color":"","overlay-opacity":"","overlay-gradient":""},"mobile":{"background-color":"","background-image":"","background-repeat":"repeat","background-position":"center center","background-size":"auto","background-attachment":"scroll","background-type":"","background-media":"","overlay-type":"","overlay-color":"","overlay-opacity":"","overlay-gradient":""}},"ast-content-background-meta":{"desktop":{"background-color":"var(--ast-global-color-5)","background-image":"","background-repeat":"repeat","background-position":"center center","background-size":"auto","background-attachment":"scroll","background-type":"","background-media":"","overlay-type":"","overlay-color":"","overlay-opacity":"","overlay-gradient":""},"tablet":{"background-color":"var(--ast-global-color-5)","background-image":"","background-repeat":"repeat","background-position":"center center","background-size":"auto","background-attachment":"scroll","background-type":"","background-media":"","overlay-type":"","overlay-color":"","overlay-opacity":"","overlay-gradient":""},"mobile":{"background-color":"var(--ast-global-color-5)","background-image":"","background-repeat":"repeat","background-position":"center center","background-size":"auto","background-attachment":"scroll","background-type":"","background-media":"","overlay-type":"","overlay-color":"","overlay-opacity":"","overlay-gradient":""}},"footnotes":""},"class_list":["post-2608","page","type-page","status-publish","hentry"],"post_mailing_queue_ids":[],"_links":{"self":[{"href":"https:\/\/agora.xtec.cat\/ceip-madrenc\/wp-json\/wp\/v2\/pages\/2608","targetHints":{"allow":["GET"]}}],"collection":[{"href":"https:\/\/agora.xtec.cat\/ceip-madrenc\/wp-json\/wp\/v2\/pages"}],"about":[{"href":"https:\/\/agora.xtec.cat\/ceip-madrenc\/wp-json\/wp\/v2\/types\/page"}],"author":[{"embeddable":true,"href":"https:\/\/agora.xtec.cat\/ceip-madrenc\/wp-json\/wp\/v2\/users\/1"}],"replies":[{"embeddable":true,"href":"https:\/\/agora.xtec.cat\/ceip-madrenc\/wp-json\/wp\/v2\/comments?post=2608"}],"version-history":[{"count":6,"href":"https:\/\/agora.xtec.cat\/ceip-madrenc\/wp-json\/wp\/v2\/pages\/2608\/revisions"}],"predecessor-version":[{"id":3152,"href":"https:\/\/agora.xtec.cat\/ceip-madrenc\/wp-json\/wp\/v2\/pages\/2608\/revisions\/3152"}],"wp:attachment":[{"href":"https:\/\/agora.xtec.cat\/ceip-madrenc\/wp-json\/wp\/v2\/media?parent=2608"}],"curies":[{"name":"wp","href":"https:\/\/api.w.org\/{rel}","templated":true}]}}