{"id":250,"date":"2026-04-29T11:44:17","date_gmt":"2026-04-29T09:44:17","guid":{"rendered":"http:\/\/agora.xtec.cat\/ceip-madrenc\/?page_id=250"},"modified":"2026-04-29T11:44:17","modified_gmt":"2026-04-29T09:44:17","slug":"preinscripcio-i-matriculacio","status":"publish","type":"page","link":"https:\/\/agora.xtec.cat\/ceip-madrenc\/noticies-descola\/lescola\/preinscripcio-i-matriculacio\/","title":{"rendered":"Preinscripci\u00f3 i matriculaci\u00f3 2026-27 (actualitzat 29.04.26)"},"content":{"rendered":"\n<p><a href=\"https:\/\/preinscripcio.gencat.cat\/ca\/inici\/index.html\">SOL.LICITUD DE PREINSCRIPCI\u00d3 2026-2027<\/a><\/p>\n\n\n\n<figure class=\"wp-block-image size-large\"><a href=\"https:\/\/agora.xtec.cat\/ceip-madrenc\/wp-content\/uploads\/usu322\/2026\/04\/SIM-170041126042908140_0001.jpg\"><img loading=\"lazy\" decoding=\"async\" width=\"724\" height=\"1024\" src=\"https:\/\/agora.xtec.cat\/ceip-madrenc\/wp-content\/uploads\/usu322\/2026\/04\/SIM-170041126042908140_0001-724x1024.jpg\" alt=\"\" class=\"wp-image-3604\" srcset=\"https:\/\/agora.xtec.cat\/ceip-madrenc\/wp-content\/uploads\/usu322\/2026\/04\/SIM-170041126042908140_0001-724x1024.jpg 724w, https:\/\/agora.xtec.cat\/ceip-madrenc\/wp-content\/uploads\/usu322\/2026\/04\/SIM-170041126042908140_0001-212x300.jpg 212w, https:\/\/agora.xtec.cat\/ceip-madrenc\/wp-content\/uploads\/usu322\/2026\/04\/SIM-170041126042908140_0001-768x1086.jpg 768w, https:\/\/agora.xtec.cat\/ceip-madrenc\/wp-content\/uploads\/usu322\/2026\/04\/SIM-170041126042908140_0001-1086x1536.jpg 1086w, https:\/\/agora.xtec.cat\/ceip-madrenc\/wp-content\/uploads\/usu322\/2026\/04\/SIM-170041126042908140_0001-1448x2048.jpg 1448w, https:\/\/agora.xtec.cat\/ceip-madrenc\/wp-content\/uploads\/usu322\/2026\/04\/SIM-170041126042908140_0001.jpg 1653w\" sizes=\"auto, (max-width: 724px) 100vw, 724px\" \/><\/a><\/figure>\n\n\n\n<figure class=\"wp-block-image size-large\"><a href=\"https:\/\/agora.xtec.cat\/ceip-madrenc\/wp-content\/uploads\/usu322\/2026\/04\/SIM-170041126042908140_0002.jpg\"><img loading=\"lazy\" decoding=\"async\" width=\"724\" height=\"1024\" src=\"https:\/\/agora.xtec.cat\/ceip-madrenc\/wp-content\/uploads\/usu322\/2026\/04\/SIM-170041126042908140_0002-724x1024.jpg\" alt=\"\" class=\"wp-image-3605\" srcset=\"https:\/\/agora.xtec.cat\/ceip-madrenc\/wp-content\/uploads\/usu322\/2026\/04\/SIM-170041126042908140_0002-724x1024.jpg 724w, https:\/\/agora.xtec.cat\/ceip-madrenc\/wp-content\/uploads\/usu322\/2026\/04\/SIM-170041126042908140_0002-212x300.jpg 212w, https:\/\/agora.xtec.cat\/ceip-madrenc\/wp-content\/uploads\/usu322\/2026\/04\/SIM-170041126042908140_0002-768x1086.jpg 768w, https:\/\/agora.xtec.cat\/ceip-madrenc\/wp-content\/uploads\/usu322\/2026\/04\/SIM-170041126042908140_0002-1086x1536.jpg 1086w, https:\/\/agora.xtec.cat\/ceip-madrenc\/wp-content\/uploads\/usu322\/2026\/04\/SIM-170041126042908140_0002-1448x2048.jpg 1448w, https:\/\/agora.xtec.cat\/ceip-madrenc\/wp-content\/uploads\/usu322\/2026\/04\/SIM-170041126042908140_0002.jpg 1653w\" sizes=\"auto, (max-width: 724px) 100vw, 724px\" \/><\/a><\/figure>\n\n\n\n<figure class=\"wp-block-image size-large\"><a href=\"https:\/\/agora.xtec.cat\/ceip-madrenc\/wp-content\/uploads\/usu322\/2026\/04\/SIM-170041126042908140_0003.jpg\"><img loading=\"lazy\" decoding=\"async\" width=\"724\" height=\"1024\" src=\"https:\/\/agora.xtec.cat\/ceip-madrenc\/wp-content\/uploads\/usu322\/2026\/04\/SIM-170041126042908140_0003-724x1024.jpg\" alt=\"\" class=\"wp-image-3606\" srcset=\"https:\/\/agora.xtec.cat\/ceip-madrenc\/wp-content\/uploads\/usu322\/2026\/04\/SIM-170041126042908140_0003-724x1024.jpg 724w, https:\/\/agora.xtec.cat\/ceip-madrenc\/wp-content\/uploads\/usu322\/2026\/04\/SIM-170041126042908140_0003-212x300.jpg 212w, https:\/\/agora.xtec.cat\/ceip-madrenc\/wp-content\/uploads\/usu322\/2026\/04\/SIM-170041126042908140_0003-768x1086.jpg 768w, https:\/\/agora.xtec.cat\/ceip-madrenc\/wp-content\/uploads\/usu322\/2026\/04\/SIM-170041126042908140_0003-1086x1536.jpg 1086w, https:\/\/agora.xtec.cat\/ceip-madrenc\/wp-content\/uploads\/usu322\/2026\/04\/SIM-170041126042908140_0003-1448x2048.jpg 1448w, https:\/\/agora.xtec.cat\/ceip-madrenc\/wp-content\/uploads\/usu322\/2026\/04\/SIM-170041126042908140_0003.jpg 1653w\" sizes=\"auto, (max-width: 724px) 100vw, 724px\" \/><\/a><\/figure>\n\n\n\n<figure class=\"wp-block-image size-large\"><a href=\"https:\/\/agora.xtec.cat\/ceip-madrenc\/wp-content\/uploads\/usu322\/2026\/04\/SIM-170041126042308561_0001.jpg\"><img loading=\"lazy\" decoding=\"async\" width=\"724\" height=\"1024\" src=\"https:\/\/agora.xtec.cat\/ceip-madrenc\/wp-content\/uploads\/usu322\/2026\/04\/SIM-170041126042308561_0001-724x1024.jpg\" alt=\"\" class=\"wp-image-3586\" srcset=\"https:\/\/agora.xtec.cat\/ceip-madrenc\/wp-content\/uploads\/usu322\/2026\/04\/SIM-170041126042308561_0001-724x1024.jpg 724w, https:\/\/agora.xtec.cat\/ceip-madrenc\/wp-content\/uploads\/usu322\/2026\/04\/SIM-170041126042308561_0001-212x300.jpg 212w, https:\/\/agora.xtec.cat\/ceip-madrenc\/wp-content\/uploads\/usu322\/2026\/04\/SIM-170041126042308561_0001-768x1086.jpg 768w, https:\/\/agora.xtec.cat\/ceip-madrenc\/wp-content\/uploads\/usu322\/2026\/04\/SIM-170041126042308561_0001-1086x1536.jpg 1086w, https:\/\/agora.xtec.cat\/ceip-madrenc\/wp-content\/uploads\/usu322\/2026\/04\/SIM-170041126042308561_0001-1448x2048.jpg 1448w, https:\/\/agora.xtec.cat\/ceip-madrenc\/wp-content\/uploads\/usu322\/2026\/04\/SIM-170041126042308561_0001.jpg 1653w\" sizes=\"auto, (max-width: 724px) 100vw, 724px\" \/><\/a><\/figure>\n\n\n\n<figure class=\"wp-block-image size-large\"><a href=\"https:\/\/agora.xtec.cat\/ceip-madrenc\/wp-content\/uploads\/usu322\/2026\/04\/SIM-170041126042308561_0002-1.jpg\"><img loading=\"lazy\" decoding=\"async\" width=\"724\" height=\"1024\" src=\"https:\/\/agora.xtec.cat\/ceip-madrenc\/wp-content\/uploads\/usu322\/2026\/04\/SIM-170041126042308561_0002-1-724x1024.jpg\" alt=\"\" class=\"wp-image-3591\" srcset=\"https:\/\/agora.xtec.cat\/ceip-madrenc\/wp-content\/uploads\/usu322\/2026\/04\/SIM-170041126042308561_0002-1-724x1024.jpg 724w, https:\/\/agora.xtec.cat\/ceip-madrenc\/wp-content\/uploads\/usu322\/2026\/04\/SIM-170041126042308561_0002-1-212x300.jpg 212w, https:\/\/agora.xtec.cat\/ceip-madrenc\/wp-content\/uploads\/usu322\/2026\/04\/SIM-170041126042308561_0002-1-768x1086.jpg 768w, https:\/\/agora.xtec.cat\/ceip-madrenc\/wp-content\/uploads\/usu322\/2026\/04\/SIM-170041126042308561_0002-1-1086x1536.jpg 1086w, https:\/\/agora.xtec.cat\/ceip-madrenc\/wp-content\/uploads\/usu322\/2026\/04\/SIM-170041126042308561_0002-1-1448x2048.jpg 1448w, https:\/\/agora.xtec.cat\/ceip-madrenc\/wp-content\/uploads\/usu322\/2026\/04\/SIM-170041126042308561_0002-1.jpg 1653w\" sizes=\"auto, (max-width: 724px) 100vw, 724px\" \/><\/a><\/figure>\n\n\n\n<figure class=\"wp-block-image size-large\"><a href=\"https:\/\/agora.xtec.cat\/ceip-madrenc\/wp-content\/uploads\/usu322\/2026\/04\/INFORME_BAREM_PROVISIONAL_BAREM-page-001-1.jpg\"><img loading=\"lazy\" decoding=\"async\" width=\"791\" height=\"1024\" src=\"https:\/\/agora.xtec.cat\/ceip-madrenc\/wp-content\/uploads\/usu322\/2026\/04\/INFORME_BAREM_PROVISIONAL_BAREM-page-001-1-791x1024.jpg\" alt=\"\" class=\"wp-image-3585\" srcset=\"https:\/\/agora.xtec.cat\/ceip-madrenc\/wp-content\/uploads\/usu322\/2026\/04\/INFORME_BAREM_PROVISIONAL_BAREM-page-001-1-791x1024.jpg 791w, https:\/\/agora.xtec.cat\/ceip-madrenc\/wp-content\/uploads\/usu322\/2026\/04\/INFORME_BAREM_PROVISIONAL_BAREM-page-001-1-232x300.jpg 232w, https:\/\/agora.xtec.cat\/ceip-madrenc\/wp-content\/uploads\/usu322\/2026\/04\/INFORME_BAREM_PROVISIONAL_BAREM-page-001-1-768x994.jpg 768w, https:\/\/agora.xtec.cat\/ceip-madrenc\/wp-content\/uploads\/usu322\/2026\/04\/INFORME_BAREM_PROVISIONAL_BAREM-page-001-1-1187x1536.jpg 1187w, https:\/\/agora.xtec.cat\/ceip-madrenc\/wp-content\/uploads\/usu322\/2026\/04\/INFORME_BAREM_PROVISIONAL_BAREM-page-001-1.jpg 1275w\" sizes=\"auto, (max-width: 791px) 100vw, 791px\" \/><\/a><\/figure>\n\n\n\n<figure class=\"wp-block-image size-large is-style-default\"><a href=\"https:\/\/agora.xtec.cat\/ceip-madrenc\/wp-content\/uploads\/usu322\/2026\/04\/SIM-170041126042308561_0002.jpg\"><img loading=\"lazy\" decoding=\"async\" width=\"724\" height=\"1024\" src=\"https:\/\/agora.xtec.cat\/ceip-madrenc\/wp-content\/uploads\/usu322\/2026\/04\/SIM-170041126042308561_0002-724x1024.jpg\" alt=\"\" class=\"wp-image-3587\" srcset=\"https:\/\/agora.xtec.cat\/ceip-madrenc\/wp-content\/uploads\/usu322\/2026\/04\/SIM-170041126042308561_0002-724x1024.jpg 724w, https:\/\/agora.xtec.cat\/ceip-madrenc\/wp-content\/uploads\/usu322\/2026\/04\/SIM-170041126042308561_0002-212x300.jpg 212w, https:\/\/agora.xtec.cat\/ceip-madrenc\/wp-content\/uploads\/usu322\/2026\/04\/SIM-170041126042308561_0002-768x1086.jpg 768w, https:\/\/agora.xtec.cat\/ceip-madrenc\/wp-content\/uploads\/usu322\/2026\/04\/SIM-170041126042308561_0002-1086x1536.jpg 1086w, https:\/\/agora.xtec.cat\/ceip-madrenc\/wp-content\/uploads\/usu322\/2026\/04\/SIM-170041126042308561_0002-1448x2048.jpg 1448w, https:\/\/agora.xtec.cat\/ceip-madrenc\/wp-content\/uploads\/usu322\/2026\/04\/SIM-170041126042308561_0002.jpg 1653w\" sizes=\"auto, (max-width: 724px) 100vw, 724px\" \/><\/a><\/figure>\n\n\n\n<figure class=\"wp-block-image size-large\"><a href=\"https:\/\/agora.xtec.cat\/ceip-madrenc\/wp-content\/uploads\/usu322\/2026\/04\/INFORME_BAREM_PROVISIONAL_BAREM-page-001.jpg\"><img loading=\"lazy\" decoding=\"async\" width=\"791\" height=\"1024\" src=\"https:\/\/agora.xtec.cat\/ceip-madrenc\/wp-content\/uploads\/usu322\/2026\/04\/INFORME_BAREM_PROVISIONAL_BAREM-page-001-791x1024.jpg\" alt=\"\" class=\"wp-image-3581\" srcset=\"https:\/\/agora.xtec.cat\/ceip-madrenc\/wp-content\/uploads\/usu322\/2026\/04\/INFORME_BAREM_PROVISIONAL_BAREM-page-001-791x1024.jpg 791w, https:\/\/agora.xtec.cat\/ceip-madrenc\/wp-content\/uploads\/usu322\/2026\/04\/INFORME_BAREM_PROVISIONAL_BAREM-page-001-232x300.jpg 232w, https:\/\/agora.xtec.cat\/ceip-madrenc\/wp-content\/uploads\/usu322\/2026\/04\/INFORME_BAREM_PROVISIONAL_BAREM-page-001-768x994.jpg 768w, https:\/\/agora.xtec.cat\/ceip-madrenc\/wp-content\/uploads\/usu322\/2026\/04\/INFORME_BAREM_PROVISIONAL_BAREM-page-001-1187x1536.jpg 1187w, https:\/\/agora.xtec.cat\/ceip-madrenc\/wp-content\/uploads\/usu322\/2026\/04\/INFORME_BAREM_PROVISIONAL_BAREM-page-001.jpg 1275w\" sizes=\"auto, (max-width: 791px) 100vw, 791px\" \/><\/a><\/figure>\n\n\n\n<figure class=\"wp-block-image size-large\"><a href=\"https:\/\/agora.xtec.cat\/ceip-madrenc\/wp-content\/uploads\/usu322\/2026\/04\/INFORME_BAREM_PROVISIONAL_BAREM-page-002.jpg\"><img loading=\"lazy\" decoding=\"async\" width=\"791\" height=\"1024\" src=\"https:\/\/agora.xtec.cat\/ceip-madrenc\/wp-content\/uploads\/usu322\/2026\/04\/INFORME_BAREM_PROVISIONAL_BAREM-page-002-791x1024.jpg\" alt=\"\" class=\"wp-image-3582\" srcset=\"https:\/\/agora.xtec.cat\/ceip-madrenc\/wp-content\/uploads\/usu322\/2026\/04\/INFORME_BAREM_PROVISIONAL_BAREM-page-002-791x1024.jpg 791w, https:\/\/agora.xtec.cat\/ceip-madrenc\/wp-content\/uploads\/usu322\/2026\/04\/INFORME_BAREM_PROVISIONAL_BAREM-page-002-232x300.jpg 232w, https:\/\/agora.xtec.cat\/ceip-madrenc\/wp-content\/uploads\/usu322\/2026\/04\/INFORME_BAREM_PROVISIONAL_BAREM-page-002-768x994.jpg 768w, https:\/\/agora.xtec.cat\/ceip-madrenc\/wp-content\/uploads\/usu322\/2026\/04\/INFORME_BAREM_PROVISIONAL_BAREM-page-002-1187x1536.jpg 1187w, https:\/\/agora.xtec.cat\/ceip-madrenc\/wp-content\/uploads\/usu322\/2026\/04\/INFORME_BAREM_PROVISIONAL_BAREM-page-002.jpg 1275w\" sizes=\"auto, (max-width: 791px) 100vw, 791px\" \/><\/a><\/figure>\n\n\n\n<figure class=\"wp-block-image size-large\"><a href=\"https:\/\/agora.xtec.cat\/ceip-madrenc\/wp-content\/uploads\/usu322\/2026\/04\/INFORME_BAREM_PROVISIONAL_BAREM-page-003.jpg\"><img loading=\"lazy\" decoding=\"async\" width=\"791\" height=\"1024\" src=\"https:\/\/agora.xtec.cat\/ceip-madrenc\/wp-content\/uploads\/usu322\/2026\/04\/INFORME_BAREM_PROVISIONAL_BAREM-page-003-791x1024.jpg\" alt=\"\" class=\"wp-image-3583\" srcset=\"https:\/\/agora.xtec.cat\/ceip-madrenc\/wp-content\/uploads\/usu322\/2026\/04\/INFORME_BAREM_PROVISIONAL_BAREM-page-003-791x1024.jpg 791w, https:\/\/agora.xtec.cat\/ceip-madrenc\/wp-content\/uploads\/usu322\/2026\/04\/INFORME_BAREM_PROVISIONAL_BAREM-page-003-232x300.jpg 232w, https:\/\/agora.xtec.cat\/ceip-madrenc\/wp-content\/uploads\/usu322\/2026\/04\/INFORME_BAREM_PROVISIONAL_BAREM-page-003-768x994.jpg 768w, https:\/\/agora.xtec.cat\/ceip-madrenc\/wp-content\/uploads\/usu322\/2026\/04\/INFORME_BAREM_PROVISIONAL_BAREM-page-003-1187x1536.jpg 1187w, https:\/\/agora.xtec.cat\/ceip-madrenc\/wp-content\/uploads\/usu322\/2026\/04\/INFORME_BAREM_PROVISIONAL_BAREM-page-003.jpg 1275w\" sizes=\"auto, (max-width: 791px) 100vw, 791px\" \/><\/a><\/figure>\n\n\n\n<figure class=\"wp-block-image size-large\"><a href=\"https:\/\/agora.xtec.cat\/ceip-madrenc\/wp-content\/uploads\/usu322\/2026\/03\/INFORME_OFERTA_OME_INFORME_OFERTA-page-001.jpg\"><img loading=\"lazy\" decoding=\"async\" width=\"791\" height=\"1024\" src=\"https:\/\/agora.xtec.cat\/ceip-madrenc\/wp-content\/uploads\/usu322\/2026\/03\/INFORME_OFERTA_OME_INFORME_OFERTA-page-001-791x1024.jpg\" alt=\"\" class=\"wp-image-3553\" srcset=\"https:\/\/agora.xtec.cat\/ceip-madrenc\/wp-content\/uploads\/usu322\/2026\/03\/INFORME_OFERTA_OME_INFORME_OFERTA-page-001-791x1024.jpg 791w, https:\/\/agora.xtec.cat\/ceip-madrenc\/wp-content\/uploads\/usu322\/2026\/03\/INFORME_OFERTA_OME_INFORME_OFERTA-page-001-232x300.jpg 232w, https:\/\/agora.xtec.cat\/ceip-madrenc\/wp-content\/uploads\/usu322\/2026\/03\/INFORME_OFERTA_OME_INFORME_OFERTA-page-001-768x994.jpg 768w, https:\/\/agora.xtec.cat\/ceip-madrenc\/wp-content\/uploads\/usu322\/2026\/03\/INFORME_OFERTA_OME_INFORME_OFERTA-page-001-1187x1536.jpg 1187w, https:\/\/agora.xtec.cat\/ceip-madrenc\/wp-content\/uploads\/usu322\/2026\/03\/INFORME_OFERTA_OME_INFORME_OFERTA-page-001.jpg 1275w\" sizes=\"auto, (max-width: 791px) 100vw, 791px\" \/><\/a><\/figure>\n\n\n\n<p><a href=\"https:\/\/docs.google.com\/presentation\/d\/e\/2PACX-1vROTq-0h9Rw6JJb9DDuqRiGHBB8HZ0pkTS5GBaxhS13SR5M7qiw7OlEpu6JGn2CI9iLLdBXcJuibDQf\/pub?start=true&amp;loop=true&amp;delayms=3000\">PRESENTACI\u00d3 PORTES OBERTES MADRENC 26-27<\/a><\/p>\n\n\n\n<figure class=\"wp-block-video\"><video controls src=\"https:\/\/agora.xtec.cat\/ceip-madrenc\/wp-content\/uploads\/usu322\/2026\/02\/copia-de-26-27-portes-obertes-preinscripcio_7ZEIS3SH.mp4\"><\/video><\/figure>\n\n\n\n<figure class=\"wp-block-image size-full\"><a href=\"https:\/\/preinscripcio.gencat.cat\/ca\/inici\/index.html\"><img loading=\"lazy\" decoding=\"async\" width=\"572\" height=\"448\" src=\"https:\/\/agora.xtec.cat\/ceip-madrenc\/wp-content\/uploads\/usu322\/2026\/02\/Preinscripcio_baners_Web_educacio__Preinscripcio_web_educacio_555x431_PRIMARIA.jpg\" alt=\"\" class=\"wp-image-3533\" srcset=\"https:\/\/agora.xtec.cat\/ceip-madrenc\/wp-content\/uploads\/usu322\/2026\/02\/Preinscripcio_baners_Web_educacio__Preinscripcio_web_educacio_555x431_PRIMARIA.jpg 572w, https:\/\/agora.xtec.cat\/ceip-madrenc\/wp-content\/uploads\/usu322\/2026\/02\/Preinscripcio_baners_Web_educacio__Preinscripcio_web_educacio_555x431_PRIMARIA-300x235.jpg 300w\" sizes=\"auto, (max-width: 572px) 100vw, 572px\" \/><\/a><\/figure>\n\n\n\n<figure class=\"wp-block-image size-large\"><a href=\"https:\/\/agora.xtec.cat\/ceip-madrenc\/wp-content\/uploads\/usu322\/2026\/02\/imatge-impacte.jpg\"><img loading=\"lazy\" decoding=\"async\" width=\"1024\" height=\"200\" src=\"https:\/\/agora.xtec.cat\/ceip-madrenc\/wp-content\/uploads\/usu322\/2026\/02\/imatge-impacte-1024x200.jpg\" alt=\"\" class=\"wp-image-3525\" srcset=\"https:\/\/agora.xtec.cat\/ceip-madrenc\/wp-content\/uploads\/usu322\/2026\/02\/imatge-impacte-1024x200.jpg 1024w, https:\/\/agora.xtec.cat\/ceip-madrenc\/wp-content\/uploads\/usu322\/2026\/02\/imatge-impacte-300x59.jpg 300w, https:\/\/agora.xtec.cat\/ceip-madrenc\/wp-content\/uploads\/usu322\/2026\/02\/imatge-impacte-768x150.jpg 768w, https:\/\/agora.xtec.cat\/ceip-madrenc\/wp-content\/uploads\/usu322\/2026\/02\/imatge-impacte-1536x301.jpg 1536w, https:\/\/agora.xtec.cat\/ceip-madrenc\/wp-content\/uploads\/usu322\/2026\/02\/imatge-impacte.jpg 1900w\" sizes=\"auto, (max-width: 1024px) 100vw, 1024px\" \/><\/a><\/figure>\n\n\n\n<figure class=\"wp-block-image size-full\"><a href=\"https:\/\/preinscripcio.gencat.cat\/ca\/estudis\/infantil-3-6\/inici\/\"><img loading=\"lazy\" decoding=\"async\" width=\"832\" height=\"468\" src=\"https:\/\/agora.xtec.cat\/ceip-madrenc\/wp-content\/uploads\/usu322\/2026\/02\/infantil3-6-primaria-bola2.png_223078711.png\" alt=\"\" class=\"wp-image-3526\" srcset=\"https:\/\/agora.xtec.cat\/ceip-madrenc\/wp-content\/uploads\/usu322\/2026\/02\/infantil3-6-primaria-bola2.png_223078711.png 832w, https:\/\/agora.xtec.cat\/ceip-madrenc\/wp-content\/uploads\/usu322\/2026\/02\/infantil3-6-primaria-bola2.png_223078711-300x169.png 300w, https:\/\/agora.xtec.cat\/ceip-madrenc\/wp-content\/uploads\/usu322\/2026\/02\/infantil3-6-primaria-bola2.png_223078711-768x432.png 768w\" sizes=\"auto, (max-width: 832px) 100vw, 832px\" \/><\/a><\/figure>\n\n\n\n<p><a href=\"https:\/\/preinscripcio.gencat.cat\/ca\/inici\/index.html\">CLICA AQU\u00cd PER A +INFORMACI\u00d3<\/a><\/p>\n\n\n\n<p><\/p>\n","protected":false},"excerpt":{"rendered":"<p>SOL.LICITUD DE PREINSCRIPCI\u00d3 2026-2027 PRESENTACI\u00d3 PORTES OBERTES MADRENC 26-27 CLICA AQU\u00cd PER A +INFORMACI\u00d3<\/p>\n","protected":false},"author":1,"featured_media":3525,"parent":22,"menu_order":10,"comment_status":"closed","ping_status":"closed","template":"","meta":{"_bbp_topic_count":0,"_bbp_reply_count":0,"_bbp_total_topic_count":0,"_bbp_total_reply_count":0,"_bbp_voice_count":0,"_bbp_anonymous_reply_count":0,"_bbp_topic_count_hidden":0,"_bbp_reply_count_hidden":0,"_bbp_forum_subforum_count":0,"site-sidebar-layout":"default","site-content-layout":"","ast-site-content-layout":"default","site-content-style":"default","site-sidebar-style":"default","ast-global-header-display":"","ast-banner-title-visibility":"","ast-main-header-display":"","ast-hfb-above-header-display":"","ast-hfb-below-header-display":"","ast-hfb-mobile-header-display":"","site-post-title":"","ast-breadcrumbs-content":"","ast-featured-img":"","footer-sml-layout":"","theme-transparent-header-meta":"","adv-header-id-meta":"","stick-header-meta":"","header-above-stick-meta":"","header-main-stick-meta":"","header-below-stick-meta":"","astra-migrate-meta-layouts":"set","ast-page-background-enabled":"default","ast-page-background-meta":{"desktop":{"background-color":"var(--ast-global-color-4)","background-image":"","background-repeat":"repeat","background-position":"center center","background-size":"auto","background-attachment":"scroll","background-type":"","background-media":"","overlay-type":"","overlay-color":"","overlay-opacity":"","overlay-gradient":""},"tablet":{"background-color":"","background-image":"","background-repeat":"repeat","background-position":"center center","background-size":"auto","background-attachment":"scroll","background-type":"","background-media":"","overlay-type":"","overlay-color":"","overlay-opacity":"","overlay-gradient":""},"mobile":{"background-color":"","background-image":"","background-repeat":"repeat","background-position":"center center","background-size":"auto","background-attachment":"scroll","background-type":"","background-media":"","overlay-type":"","overlay-color":"","overlay-opacity":"","overlay-gradient":""}},"ast-content-background-meta":{"desktop":{"background-color":"var(--ast-global-color-5)","background-image":"","background-repeat":"repeat","background-position":"center center","background-size":"auto","background-attachment":"scroll","background-type":"","background-media":"","overlay-type":"","overlay-color":"","overlay-opacity":"","overlay-gradient":""},"tablet":{"background-color":"var(--ast-global-color-5)","background-image":"","background-repeat":"repeat","background-position":"center center","background-size":"auto","background-attachment":"scroll","background-type":"","background-media":"","overlay-type":"","overlay-color":"","overlay-opacity":"","overlay-gradient":""},"mobile":{"background-color":"var(--ast-global-color-5)","background-image":"","background-repeat":"repeat","background-position":"center center","background-size":"auto","background-attachment":"scroll","background-type":"","background-media":"","overlay-type":"","overlay-color":"","overlay-opacity":"","overlay-gradient":""}},"footnotes":""},"class_list":["post-250","page","type-page","status-publish","has-post-thumbnail","hentry"],"post_mailing_queue_ids":[],"_links":{"self":[{"href":"https:\/\/agora.xtec.cat\/ceip-madrenc\/wp-json\/wp\/v2\/pages\/250","targetHints":{"allow":["GET"]}}],"collection":[{"href":"https:\/\/agora.xtec.cat\/ceip-madrenc\/wp-json\/wp\/v2\/pages"}],"about":[{"href":"https:\/\/agora.xtec.cat\/ceip-madrenc\/wp-json\/wp\/v2\/types\/page"}],"author":[{"embeddable":true,"href":"https:\/\/agora.xtec.cat\/ceip-madrenc\/wp-json\/wp\/v2\/users\/1"}],"replies":[{"embeddable":true,"href":"https:\/\/agora.xtec.cat\/ceip-madrenc\/wp-json\/wp\/v2\/comments?post=250"}],"version-history":[{"count":6,"href":"https:\/\/agora.xtec.cat\/ceip-madrenc\/wp-json\/wp\/v2\/pages\/250\/revisions"}],"predecessor-version":[{"id":3607,"href":"https:\/\/agora.xtec.cat\/ceip-madrenc\/wp-json\/wp\/v2\/pages\/250\/revisions\/3607"}],"up":[{"embeddable":true,"href":"https:\/\/agora.xtec.cat\/ceip-madrenc\/wp-json\/wp\/v2\/pages\/22"}],"wp:featuredmedia":[{"embeddable":true,"href":"https:\/\/agora.xtec.cat\/ceip-madrenc\/wp-json\/wp\/v2\/media\/3525"}],"wp:attachment":[{"href":"https:\/\/agora.xtec.cat\/ceip-madrenc\/wp-json\/wp\/v2\/media?parent=250"}],"curies":[{"name":"wp","href":"https:\/\/api.w.org\/{rel}","templated":true}]}}