{"id":200,"date":"2016-03-01T18:11:02","date_gmt":"2016-03-01T17:11:02","guid":{"rendered":"http:\/\/agora.xtec.cat\/ceip-madrenc\/?page_id=200"},"modified":"2025-12-10T12:12:34","modified_gmt":"2025-12-10T11:12:34","slug":"claustre-de-professors-es","status":"publish","type":"page","link":"https:\/\/agora.xtec.cat\/ceip-madrenc\/noticies-descola\/lescola\/claustre-de-professors-es\/","title":{"rendered":"Claustre de professors\/es 2025-2026"},"content":{"rendered":"<p><strong>PLANTILLA D<\/strong><strong>EL CENTRE <\/strong><\/p>\n<table width=\"0\">\n<tbody>\n<tr>\n<td rowspan=\"3\" width=\"106\"><strong>EQUIP DIRECTIU<\/strong><\/td>\n<td width=\"235\">Directora<\/td>\n<td width=\"188\">Maria Coll Bertran<\/td>\n<td rowspan=\"3\" width=\"152\"><a href=\"mailto:info@escolamadrenc.cat\">info@escolamadrenc.cat<\/a><\/td>\n<\/tr>\n<tr>\n<td width=\"235\">Cap d\u2019estudis<\/td>\n<td width=\"188\">Montse Gutierrez Garcia-Moreno<\/td>\n<\/tr>\n<tr>\n<td width=\"235\">Secret\u00e0ria<\/td>\n<td width=\"188\">Rosa G\u00fcell Planella<\/td>\n<\/tr>\n<\/tbody>\n<\/table>\n<table style=\"width: 71.4562%; height: 1268px;\" width=\"0\">\n<tbody>\n<tr style=\"height: 26px;\">\n<td style=\"height: 330px; width: 13.3244%;\" rowspan=\"8\" width=\"97\"><strong>EDUCACI\u00d3 INFANTIL<\/strong><\/td>\n<td style=\"height: 26px; width: 6.83854%;\" width=\"38\">I3A<\/td>\n<td style=\"height: 26px; width: 21.1562%;\" width=\"160\">N\u00faria Crisol<\/td>\n<td style=\"height: 26px; width: 24.4953%;\" width=\"178\">Tutora+ Coordinadora EI<\/td>\n<td style=\"height: 26px; width: 32.4361%;\" width=\"207\"><a href=\"mailto:i3a@escolamadrenc.cat\">i3a@escolamadrenc.cat<\/a><\/td>\n<\/tr>\n<tr style=\"height: 32px;\">\n<td style=\"height: 32px; width: 6.83854%;\" width=\"38\">I3B<\/td>\n<td style=\"height: 32px; width: 21.1562%;\" width=\"160\">C\u00edntia Gallardo<\/td>\n<td style=\"height: 32px; width: 24.4953%;\" width=\"178\">Tutora<\/td>\n<td style=\"height: 32px; width: 32.4361%;\" width=\"207\"><a href=\"mailto:i3b@escolamadrenc.cat\">i3b@escolamadrenc.cat<\/a><\/td>\n<\/tr>\n<tr style=\"height: 32px;\">\n<td style=\"height: 32px; width: 6.83854%;\" width=\"38\">I4A<\/td>\n<td style=\"height: 32px; width: 21.1562%;\" width=\"160\">Mireia Sol\u00e9<\/td>\n<td style=\"height: 32px; width: 24.4953%;\" width=\"178\">Tutora<\/td>\n<td style=\"height: 32px; width: 32.4361%;\" width=\"207\"><a href=\"mailto:i4a@escolamadrenc.cat\">i4a@escolamadrenc.cat<\/a><\/td>\n<\/tr>\n<tr style=\"height: 118px;\">\n<td style=\"height: 97px; width: 6.83854%;\" width=\"38\">I4B<\/td>\n<td style=\"height: 97px; width: 21.1562%;\" width=\"160\">Carme Hern\u00e1ndez + Carla Costa<\/td>\n<td style=\"height: 97px; width: 24.4953%;\" width=\"178\">Tutora<\/td>\n<td style=\"height: 97px; width: 32.4361%;\" width=\"207\"><a href=\"mailto:i4b@escolamadrenc.cat\">i4b@escolamadrenc.cat<\/a><\/td>\n<\/tr>\n<tr style=\"height: 32px;\">\n<td style=\"height: 32px; width: 6.83854%;\" width=\"38\">I5A<\/td>\n<td style=\"height: 32px; width: 21.1562%;\" width=\"160\">Anna Casta\u00f1er<\/td>\n<td style=\"height: 32px; width: 24.4953%;\" width=\"178\">Tutora\u00a0<\/td>\n<td style=\"height: 32px; width: 32.4361%;\" width=\"207\"><a href=\"mailto:i5a@escolamadrenc.cat\">i5a@escolamadrenc.cat<\/a><\/td>\n<\/tr>\n<tr style=\"height: 32px;\">\n<td style=\"height: 32px; width: 6.83854%;\" width=\"38\">I5B<\/td>\n<td style=\"height: 32px; width: 21.1562%;\" width=\"160\">Marta Roca<\/td>\n<td style=\"height: 32px; width: 24.4953%;\" width=\"178\">Tutora<\/td>\n<td style=\"height: 32px; width: 32.4361%;\" width=\"207\"><a href=\"mailto:i5b@escolamadrenc.cat\">i5b@escolamadrenc.cat<\/a><\/td>\n<\/tr>\n<tr style=\"height: 47px;\">\n<td style=\"height: 79px; width: 6.83854%;\" rowspan=\"2\" width=\"38\">\u00a0<\/td>\n<td style=\"height: 47px; width: 21.1562%;\" width=\"160\">Eva Pasadas + Marta Su\u00f1er<\/td>\n<td style=\"height: 47px; width: 24.4953%;\" width=\"178\">Suport<\/td>\n<td style=\"height: 47px; width: 32.4361%;\" width=\"207\">\u00a0<\/td>\n<\/tr>\n<tr style=\"height: 32px;\">\n<td style=\"height: 32px; width: 21.1562%;\" width=\"160\">Sandra Pozo + Carme Sala<\/td>\n<td style=\"height: 32px; width: 24.4953%;\" width=\"178\">TEI<\/td>\n<td style=\"height: 32px; width: 32.4361%;\" width=\"207\">\u00a0<\/td>\n<\/tr>\n<tr style=\"height: 23px;\">\n<td style=\"width: 13.3244%; height: 23px;\"><strong>\u00a0<\/strong><\/td>\n<td style=\"width: 6.83854%; height: 23px;\">\u00a0<\/td>\n<td style=\"width: 21.1562%; height: 23px;\">Carla Costa<\/td>\n<td style=\"width: 24.4953%; height: 23px;\">M\u00fasica + suport<\/td>\n<td style=\"width: 32.4361%; height: 23px;\">\u00a0<\/td>\n<\/tr>\n<tr style=\"height: 47px;\">\n<td style=\"height: 202px; width: 13.3244%;\" rowspan=\"6\" width=\"97\"><strong>CICLE INICIAL<\/strong><\/td>\n<td style=\"height: 47px; width: 6.83854%;\" width=\"38\">1rA<\/td>\n<td style=\"height: 47px; width: 21.1562%;\" width=\"160\">\u00a0M\u00f2nica Soto<\/td>\n<td style=\"height: 47px; width: 24.4953%;\" width=\"178\">Tutora<\/td>\n<td style=\"height: 47px; width: 32.4361%;\" width=\"207\"><a href=\"mailto:1a@escolamadrenc.cat\">1a@escolamadrenc.cat<\/a><\/td>\n<\/tr>\n<tr style=\"height: 32px;\">\n<td style=\"height: 16px; width: 6.83854%;\" width=\"38\">1rB<\/td>\n<td style=\"height: 16px; width: 21.1562%;\" width=\"160\">Caro Diaz<\/td>\n<td style=\"height: 16px; width: 24.4953%;\" width=\"178\">Tutora + Referent de Coeducaci\u00f3<\/td>\n<td style=\"height: 16px; width: 32.4361%;\" width=\"207\"><a href=\"mailto:1b@escolamadrenc.cat\">1b@escolamadrenc.cat<\/a><\/td>\n<\/tr>\n<tr style=\"height: 32px;\">\n<td style=\"height: 32px; width: 6.83854%;\" width=\"38\">2nA<\/td>\n<td style=\"height: 32px; width: 21.1562%;\" width=\"160\">Ioli Nadal<\/td>\n<td style=\"height: 32px; width: 24.4953%;\" width=\"178\">Tutora + Coordinadora CI<\/td>\n<td style=\"height: 32px; width: 32.4361%;\" width=\"207\"><a href=\"mailto:2a@escolamadrenc.cat\">2a@escolamadrenc.cat<\/a><\/td>\n<\/tr>\n<tr style=\"height: 118px;\">\n<td style=\"height: 43px; width: 6.83854%;\" width=\"38\">2nB<\/td>\n<td style=\"height: 43px; width: 21.1562%;\" width=\"160\">Nuri Cabarrocas + Manel Diez<\/td>\n<td style=\"height: 43px; width: 24.4953%;\" width=\"178\">Tutora + Rob\u00f2tica CI<\/td>\n<td style=\"height: 43px; width: 32.4361%;\" width=\"207\"><a href=\"mailto:2b@escolamadrenc.cat\">2b@escolamadrenc.cat<\/a><\/td>\n<\/tr>\n<tr style=\"height: 77px;\">\n<td style=\"height: 64px; width: 6.83854%;\" rowspan=\"2\" width=\"38\">\u00a0<\/td>\n<td style=\"height: 32px; width: 21.1562%;\" width=\"160\">Anna Riera<\/td>\n<td style=\"height: 32px; width: 24.4953%;\" width=\"178\">Angl\u00e8s EI, 1r + Pl\u00e0stica CM<\/td>\n<td style=\"height: 32px; width: 32.4361%;\" width=\"207\"><a href=\"mailto:angles@escolamadrenc.cat\">angles@escolamadrenc.cat<\/a><\/td>\n<\/tr>\n<tr style=\"height: 32px;\">\n<td style=\"height: 32px; width: 21.1562%;\" width=\"160\">Rosa G\u00fcell<\/td>\n<td style=\"height: 32px; width: 24.4953%;\" width=\"178\">M\u00fasica<\/td>\n<td style=\"height: 32px; width: 32.4361%;\" width=\"207\"><a href=\"mailto:musica@escolamadrenc.cat\">musica@escolamadrenc.cat<\/a><\/td>\n<\/tr>\n<tr style=\"height: 47px;\">\n<td style=\"height: 269px; width: 13.3244%;\" rowspan=\"7\" width=\"97\"><strong>CICLE MITJ\u00c0<\/strong><\/td>\n<td style=\"height: 47px; width: 6.83854%;\" width=\"38\">3rA<\/td>\n<td style=\"height: 47px; width: 21.1562%;\" width=\"160\">Miquel Llorens<\/td>\n<td style=\"height: 47px; width: 24.4953%;\" width=\"178\">Tutor<\/td>\n<td style=\"height: 47px; width: 32.4361%;\" width=\"207\"><a href=\"mailto:3a@escolamadrenc.cat\">3a@escolamadrenc.cat<\/a><\/td>\n<\/tr>\n<tr style=\"height: 32px;\">\n<td style=\"height: 32px; width: 6.83854%;\" width=\"38\">3rB<\/td>\n<td style=\"height: 32px; width: 21.1562%;\" width=\"160\">Vicky Exp\u00f3sito<\/td>\n<td style=\"height: 32px; width: 24.4953%;\" width=\"178\">Tutora<\/td>\n<td style=\"height: 32px; width: 32.4361%;\" width=\"207\"><a href=\"mailto:3b@escolamadrenc.cat\">3b@escolamadrenc.cat<\/a><\/td>\n<\/tr>\n<tr style=\"height: 32px;\">\n<td style=\"height: 32px; width: 6.83854%;\" width=\"38\">4rtA<\/td>\n<td style=\"height: 32px; width: 21.1562%;\" width=\"160\">Nuri Badet<\/td>\n<td style=\"height: 32px; width: 24.4953%;\" width=\"178\">Tutora + coordinadora CM<\/td>\n<td style=\"height: 32px; width: 32.4361%;\" width=\"207\"><a href=\"mailto:4a@escolamadrenc.cat\">4a@escolamadrenc.cat<\/a><\/td>\n<\/tr>\n<tr style=\"height: 32px;\">\n<td style=\"height: 32px; width: 6.83854%;\" width=\"38\">4rtB<\/td>\n<td style=\"height: 32px; width: 21.1562%;\" width=\"160\">Ariadna Piferrer<\/td>\n<td style=\"height: 32px; width: 24.4953%;\" width=\"178\">Tutora<\/td>\n<td style=\"height: 32px; width: 32.4361%;\" width=\"207\"><a href=\"mailto:4b@escolamadrenc.cat\">4b@escolamadrenc.cat<\/a><\/td>\n<\/tr>\n<tr style=\"height: 32px;\">\n<td style=\"height: 126px; width: 6.83854%;\" rowspan=\"3\" width=\"38\">\u00a0<\/td>\n<td style=\"height: 32px; width: 21.1562%;\" width=\"160\">Elena Llach<\/td>\n<td style=\"height: 32px; width: 24.4953%;\" width=\"178\">Angl\u00e8s 2n i CM<\/td>\n<td style=\"height: 32px; width: 32.4361%;\" width=\"207\"><a href=\"mailto:angles@escolamadrenc.cat\">angles@escolamadrenc.cat<\/a><\/td>\n<\/tr>\n<tr style=\"height: 32px;\">\n<td style=\"height: 32px; width: 21.1562%;\" width=\"160\">Maria Coll<\/td>\n<td style=\"height: 32px; width: 24.4953%;\" width=\"178\">Biblioteca CI + CM<\/td>\n<td style=\"height: 32px; width: 32.4361%;\" width=\"207\">\u00a0<\/td>\n<\/tr>\n<tr style=\"height: 62px;\">\n<td style=\"height: 62px; width: 21.1562%;\" width=\"160\">David Boada<\/td>\n<td style=\"height: 62px; width: 24.4953%;\" width=\"178\">Coordinador Digital + Ed.F\u00edsica CS + Rob\u00f2tica CM i CS<\/td>\n<td style=\"height: 62px; width: 32.4361%;\" width=\"207\"><a href=\"mailto:robotica@escolamadrenc.cat\">robotica@escolamadrenc.cat<\/a><\/td>\n<\/tr>\n<tr style=\"height: 46px;\">\n<td style=\"width: 13.3244%; height: 46px;\"><strong>\u00a0<\/strong><\/td>\n<td style=\"width: 6.83854%; height: 46px;\">\u00a0<\/td>\n<td style=\"width: 21.1562%; height: 46px;\">Trini Moreno<\/td>\n<td style=\"width: 24.4953%; height: 46px;\">Ed. F\u00edsica CI i CM + Psico EI<\/td>\n<td style=\"width: 32.4361%; height: 46px;\"><a href=\"mailto:educaciofisica@escolamadrenc.cat\">educaciofisica@escolamadrenc.cat<\/a><\/td>\n<\/tr>\n<tr style=\"height: 47px;\">\n<td style=\"height: 269px; width: 13.3244%;\" rowspan=\"7\" width=\"97\"><strong>CICLE SUPERIOR<\/strong><\/td>\n<td style=\"height: 47px; width: 6.83854%;\" width=\"38\">5\u00e8A<\/td>\n<td style=\"height: 47px; width: 21.1562%;\" width=\"160\">M\u00f2nica Carmona<\/td>\n<td style=\"height: 47px; width: 24.4953%;\" width=\"178\">Tutora<\/td>\n<td style=\"height: 47px; width: 32.4361%;\" width=\"207\"><a href=\"mailto:5a@escolamadrenc.cat\">5a@escolamadrenc.cat<\/a><\/td>\n<\/tr>\n<tr style=\"height: 47px;\">\n<td style=\"height: 47px; width: 6.83854%;\" width=\"38\">5\u00e8B<\/td>\n<td style=\"height: 47px; width: 21.1562%;\" width=\"160\">Laura Reguant<\/td>\n<td style=\"height: 47px; width: 24.4953%;\" width=\"178\">Tutora + Coordinadora COCOBE<\/td>\n<td style=\"height: 47px; width: 32.4361%;\" width=\"207\"><a href=\"mailto:5b@escolamadrenc.cat\">5b@escolamadrenc.cat<\/a><\/td>\n<\/tr>\n<tr style=\"height: 32px;\">\n<td style=\"width: 6.83854%; height: 32px;\">6\u00e8A<\/td>\n<td style=\"width: 21.1562%; height: 32px;\">Adela Rodr\u00edguez<\/td>\n<td style=\"width: 24.4953%; height: 32px;\">Tutora<\/td>\n<td style=\"width: 32.4361%; height: 32px;\"><a href=\"mailto:6a@escolamadrenc.cat\"><span class=\"\">6a@escolamadrenc.cat<\/span><\/a><\/td>\n<\/tr>\n<tr style=\"height: 32px;\">\n<td style=\"height: 32px; width: 6.83854%;\" width=\"38\">6\u00e8B<\/td>\n<td style=\"height: 32px; width: 21.1562%;\" width=\"160\">Cristina G\u00f3mez<\/td>\n<td style=\"height: 32px; width: 24.4953%;\" width=\"178\">Tutora + Coordinadora CS i CLIC<\/td>\n<td style=\"height: 32px; width: 32.4361%;\" width=\"207\"><a href=\"mailto:6b@escolamadrenc.cat\">6b@escolamadrenc.cat<\/a><\/td>\n<\/tr>\n<tr style=\"height: 32px;\">\n<td style=\"height: 32px; width: 6.83854%;\" width=\"38\">6\u00e8C<\/td>\n<td style=\"height: 32px; width: 21.1562%;\" width=\"160\">N\u00faria Sell\u00e9s<\/td>\n<td style=\"height: 32px; width: 24.4953%;\" width=\"178\">Tutora\u00a0<\/td>\n<td style=\"height: 32px; width: 32.4361%;\" width=\"207\"><a href=\"mailto:6b@escolamadrenc.cat\">6c@escolamadrenc.cat<\/a><\/td>\n<\/tr>\n<tr style=\"height: 32px;\">\n<td style=\"height: 79px; width: 6.83854%;\" rowspan=\"2\" width=\"38\">\u00a0<\/td>\n<td style=\"height: 32px; width: 21.1562%;\" width=\"160\">Montse Gutierrez<\/td>\n<td style=\"height: 32px; width: 24.4953%;\" width=\"178\">Suports<\/td>\n<td style=\"height: 32px; width: 32.4361%;\" width=\"207\">\u00a0<\/td>\n<\/tr>\n<tr style=\"height: 47px;\">\n<td style=\"height: 47px; width: 21.1562%;\" width=\"160\">Marta Cornell<\/td>\n<td style=\"height: 47px; width: 24.4953%;\" width=\"178\">Angl\u00e8s CS<\/td>\n<td style=\"height: 47px; width: 32.4361%;\" width=\"207\"><a href=\"mailto:angles@escolamadrenc.cat\">angles@escolamadrenc.cat<\/a><\/td>\n<\/tr>\n<tr style=\"height: 96px;\">\n<td style=\"height: 74px; width: 13.3244%;\" width=\"97\"><strong>MESTRES EDUCACI\u00d3 ESPECIAL<\/strong><\/td>\n<td style=\"height: 74px; width: 6.83854%;\" width=\"38\">\u00a0<\/td>\n<td style=\"height: 74px; width: 21.1562%;\" width=\"160\">Eva Font + Marta Ferrer\u00a0<\/td>\n<td style=\"height: 74px; width: 24.4953%;\" width=\"178\">Mestres Especialites de Suport Inclusi\u00f3 (MESI) 2n, 4t i CS<\/td>\n<td style=\"height: 74px; width: 32.4361%;\" width=\"207\">\u00a0<\/td>\n<\/tr>\n<tr style=\"height: 32px;\">\n<td style=\"width: 13.3244%; height: 32px;\">\u00a0<\/td>\n<td style=\"width: 6.83854%; height: 32px;\">\u00a0<\/td>\n<td style=\"width: 21.1562%; height: 32px;\">Bel\u00e9n Salces<\/td>\n<td style=\"width: 24.4953%; height: 32px;\">At. diversitat EI, 1r i 3r + Suport angl\u00e8s CM + Biblioteca CS<\/td>\n<td style=\"width: 32.4361%; height: 32px;\">\u00a0<\/td>\n<\/tr>\n<tr style=\"height: 23px;\">\n<td style=\"width: 13.3244%; height: 23px;\"><strong>Tradicions, valors i cultures del m\u00f3n <\/strong><\/td>\n<td style=\"width: 6.83854%; height: 23px;\">\u00a0<\/td>\n<td style=\"width: 21.1562%; height: 23px;\">Cristina Surroca Roura<\/td>\n<td style=\"width: 24.4953%; height: 23px;\">Tradicions, valors i cultures del m\u00f3n + Coordinadora riscos laborals<\/td>\n<td style=\"width: 32.4361%; height: 23px;\">\n<p><a href=\"mailto:cultures@escolamadrenc.cat\">cultures@escolamadrenc.cat<\/a><\/p>\n<\/td>\n<\/tr>\n<\/tbody>\n<\/table>\n<table width=\"0\">\n<tbody>\n<tr>\n<td><strong>VETLLADORA<\/strong><\/td>\n<td>Sandra Castillo<\/td>\n<td>\u00a0<\/td>\n<\/tr>\n<tr>\n<td width=\"145\"><strong>ADMINISTRATIVA<\/strong><\/td>\n<td width=\"116\">Sara Pozo<\/td>\n<td width=\"354\">\u00a0Tots els dies de 8h a 15h<\/td>\n<\/tr>\n<tr>\n<td width=\"145\"><strong>EAP <\/strong>(assessorament i orientaci\u00f3 psicopedag\u00f2gic)<\/td>\n<td width=\"116\">Patricia Centelles<\/td>\n<td width=\"354\">\u00a0<\/td>\n<\/tr>\n<tr>\n<td width=\"145\"><strong>CONSERGE<\/strong><\/td>\n<td width=\"116\">David Vigil<\/td>\n<td width=\"354\">De 8:00h a 15:00h.<\/td>\n<\/tr>\n<\/tbody>\n<\/table>\n\n\n<p><\/p>\n","protected":false},"excerpt":{"rendered":"<p>PLANTILLA DEL CENTRE EQUIP DIRECTIU Directora Maria Coll Bertran info@escolamadrenc.cat Cap d\u2019estudis Montse Gutierrez Garcia-Moreno Secret\u00e0ria Rosa G\u00fcell Planella EDUCACI\u00d3 [&hellip;]<\/p>\n","protected":false},"author":1,"featured_media":0,"parent":22,"menu_order":5,"comment_status":"closed","ping_status":"closed","template":"","meta":{"_bbp_topic_count":0,"_bbp_reply_count":0,"_bbp_total_topic_count":0,"_bbp_total_reply_count":0,"_bbp_voice_count":0,"_bbp_anonymous_reply_count":0,"_bbp_topic_count_hidden":0,"_bbp_reply_count_hidden":0,"_bbp_forum_subforum_count":0,"site-sidebar-layout":"default","site-content-layout":"","ast-site-content-layout":"default","site-content-style":"default","site-sidebar-style":"default","ast-global-header-display":"","ast-banner-title-visibility":"","ast-main-header-display":"","ast-hfb-above-header-display":"","ast-hfb-below-header-display":"","ast-hfb-mobile-header-display":"","site-post-title":"","ast-breadcrumbs-content":"","ast-featured-img":"","footer-sml-layout":"","theme-transparent-header-meta":"default","adv-header-id-meta":"","stick-header-meta":"","header-above-stick-meta":"","header-main-stick-meta":"","header-below-stick-meta":"","astra-migrate-meta-layouts":"set","ast-page-background-enabled":"default","ast-page-background-meta":{"desktop":{"background-color":"var(--ast-global-color-4)","background-image":"","background-repeat":"repeat","background-position":"center center","background-size":"auto","background-attachment":"scroll","background-type":"","background-media":"","overlay-type":"","overlay-color":"","overlay-opacity":"","overlay-gradient":""},"tablet":{"background-color":"","background-image":"","background-repeat":"repeat","background-position":"center center","background-size":"auto","background-attachment":"scroll","background-type":"","background-media":"","overlay-type":"","overlay-color":"","overlay-opacity":"","overlay-gradient":""},"mobile":{"background-color":"","background-image":"","background-repeat":"repeat","background-position":"center center","background-size":"auto","background-attachment":"scroll","background-type":"","background-media":"","overlay-type":"","overlay-color":"","overlay-opacity":"","overlay-gradient":""}},"ast-content-background-meta":{"desktop":{"background-color":"var(--ast-global-color-5)","background-image":"","background-repeat":"repeat","background-position":"center center","background-size":"auto","background-attachment":"scroll","background-type":"","background-media":"","overlay-type":"","overlay-color":"","overlay-opacity":"","overlay-gradient":""},"tablet":{"background-color":"var(--ast-global-color-5)","background-image":"","background-repeat":"repeat","background-position":"center center","background-size":"auto","background-attachment":"scroll","background-type":"","background-media":"","overlay-type":"","overlay-color":"","overlay-opacity":"","overlay-gradient":""},"mobile":{"background-color":"var(--ast-global-color-5)","background-image":"","background-repeat":"repeat","background-position":"center center","background-size":"auto","background-attachment":"scroll","background-type":"","background-media":"","overlay-type":"","overlay-color":"","overlay-opacity":"","overlay-gradient":""}},"footnotes":""},"class_list":["post-200","page","type-page","status-publish","hentry"],"post_mailing_queue_ids":[],"_links":{"self":[{"href":"https:\/\/agora.xtec.cat\/ceip-madrenc\/wp-json\/wp\/v2\/pages\/200","targetHints":{"allow":["GET"]}}],"collection":[{"href":"https:\/\/agora.xtec.cat\/ceip-madrenc\/wp-json\/wp\/v2\/pages"}],"about":[{"href":"https:\/\/agora.xtec.cat\/ceip-madrenc\/wp-json\/wp\/v2\/types\/page"}],"author":[{"embeddable":true,"href":"https:\/\/agora.xtec.cat\/ceip-madrenc\/wp-json\/wp\/v2\/users\/1"}],"replies":[{"embeddable":true,"href":"https:\/\/agora.xtec.cat\/ceip-madrenc\/wp-json\/wp\/v2\/comments?post=200"}],"version-history":[{"count":6,"href":"https:\/\/agora.xtec.cat\/ceip-madrenc\/wp-json\/wp\/v2\/pages\/200\/revisions"}],"predecessor-version":[{"id":3474,"href":"https:\/\/agora.xtec.cat\/ceip-madrenc\/wp-json\/wp\/v2\/pages\/200\/revisions\/3474"}],"up":[{"embeddable":true,"href":"https:\/\/agora.xtec.cat\/ceip-madrenc\/wp-json\/wp\/v2\/pages\/22"}],"wp:attachment":[{"href":"https:\/\/agora.xtec.cat\/ceip-madrenc\/wp-json\/wp\/v2\/media?parent=200"}],"curies":[{"name":"wp","href":"https:\/\/api.w.org\/{rel}","templated":true}]}}