{"id":1912,"date":"2024-05-17T10:37:46","date_gmt":"2024-05-17T08:37:46","guid":{"rendered":"https:\/\/agora.xtec.cat\/ceip-madrenc\/?page_id=1912"},"modified":"2025-03-21T08:51:10","modified_gmt":"2025-03-21T07:51:10","slug":"kubo","status":"publish","type":"page","link":"https:\/\/agora.xtec.cat\/ceip-madrenc\/kubo\/","title":{"rendered":"Kubo"},"content":{"rendered":"<h4><strong>Kubo \u00e9s un robot educatiu dissenyat perqu\u00e8 els infants aprenguin a programar sense necessitat d&#8217;utilitzar pantalles, fins i tot abans que s\u00e0piguen llegir i escriure. A trav\u00e9s d&#8217;experi\u00e8ncies pr\u00e0ctiques i properes a la seva realitat, desenvoluparan el pensament computacional i l&#8217;aplicaran a la programaci\u00f3.<\/strong><\/h4>\n<p><img loading=\"lazy\" decoding=\"async\" class=\"wp-image-1914 alignleft\" src=\"https:\/\/agora.xtec.cat\/ceip-madrenc\/wp-content\/uploads\/usu322\/2023\/03\/IMG_4042_Easy-Resize.com_.jpg\" alt=\"\" width=\"313\" height=\"417\" srcset=\"https:\/\/agora.xtec.cat\/ceip-madrenc\/wp-content\/uploads\/usu322\/2023\/03\/IMG_4042_Easy-Resize.com_.jpg 960w, https:\/\/agora.xtec.cat\/ceip-madrenc\/wp-content\/uploads\/usu322\/2023\/03\/IMG_4042_Easy-Resize.com_-225x300.jpg 225w, https:\/\/agora.xtec.cat\/ceip-madrenc\/wp-content\/uploads\/usu322\/2023\/03\/IMG_4042_Easy-Resize.com_-768x1024.jpg 768w\" sizes=\"auto, (max-width: 313px) 100vw, 313px\" \/> <img loading=\"lazy\" decoding=\"async\" class=\"wp-image-1915 alignleft\" src=\"https:\/\/agora.xtec.cat\/ceip-madrenc\/wp-content\/uploads\/usu322\/2023\/03\/IMG_4041_Easy-Resize.com_.jpg\" alt=\"\" width=\"312\" height=\"416\" srcset=\"https:\/\/agora.xtec.cat\/ceip-madrenc\/wp-content\/uploads\/usu322\/2023\/03\/IMG_4041_Easy-Resize.com_.jpg 960w, https:\/\/agora.xtec.cat\/ceip-madrenc\/wp-content\/uploads\/usu322\/2023\/03\/IMG_4041_Easy-Resize.com_-225x300.jpg 225w, https:\/\/agora.xtec.cat\/ceip-madrenc\/wp-content\/uploads\/usu322\/2023\/03\/IMG_4041_Easy-Resize.com_-768x1024.jpg 768w\" sizes=\"auto, (max-width: 312px) 100vw, 312px\" \/> <img loading=\"lazy\" decoding=\"async\" class=\"wp-image-1916 alignleft\" src=\"https:\/\/agora.xtec.cat\/ceip-madrenc\/wp-content\/uploads\/usu322\/2023\/03\/IMG_4039_Easy-Resize.com_.jpg\" alt=\"\" width=\"310\" height=\"413\" srcset=\"https:\/\/agora.xtec.cat\/ceip-madrenc\/wp-content\/uploads\/usu322\/2023\/03\/IMG_4039_Easy-Resize.com_.jpg 960w, https:\/\/agora.xtec.cat\/ceip-madrenc\/wp-content\/uploads\/usu322\/2023\/03\/IMG_4039_Easy-Resize.com_-225x300.jpg 225w, https:\/\/agora.xtec.cat\/ceip-madrenc\/wp-content\/uploads\/usu322\/2023\/03\/IMG_4039_Easy-Resize.com_-768x1024.jpg 768w\" sizes=\"auto, (max-width: 310px) 100vw, 310px\" \/> <img loading=\"lazy\" decoding=\"async\" class=\"wp-image-1917 alignnone\" src=\"https:\/\/agora.xtec.cat\/ceip-madrenc\/wp-content\/uploads\/usu322\/2023\/03\/IMG_4038_Easy-Resize.com_.jpg\" alt=\"\" width=\"294\" height=\"392\" srcset=\"https:\/\/agora.xtec.cat\/ceip-madrenc\/wp-content\/uploads\/usu322\/2023\/03\/IMG_4038_Easy-Resize.com_.jpg 960w, https:\/\/agora.xtec.cat\/ceip-madrenc\/wp-content\/uploads\/usu322\/2023\/03\/IMG_4038_Easy-Resize.com_-225x300.jpg 225w, https:\/\/agora.xtec.cat\/ceip-madrenc\/wp-content\/uploads\/usu322\/2023\/03\/IMG_4038_Easy-Resize.com_-768x1024.jpg 768w\" sizes=\"auto, (max-width: 294px) 100vw, 294px\" \/> <img loading=\"lazy\" decoding=\"async\" class=\"wp-image-1918 alignleft\" src=\"https:\/\/agora.xtec.cat\/ceip-madrenc\/wp-content\/uploads\/usu322\/2023\/03\/IMG_4045_Easy-Resize.com_.jpg\" alt=\"\" width=\"308\" height=\"411\" srcset=\"https:\/\/agora.xtec.cat\/ceip-madrenc\/wp-content\/uploads\/usu322\/2023\/03\/IMG_4045_Easy-Resize.com_.jpg 960w, https:\/\/agora.xtec.cat\/ceip-madrenc\/wp-content\/uploads\/usu322\/2023\/03\/IMG_4045_Easy-Resize.com_-225x300.jpg 225w, https:\/\/agora.xtec.cat\/ceip-madrenc\/wp-content\/uploads\/usu322\/2023\/03\/IMG_4045_Easy-Resize.com_-768x1024.jpg 768w\" sizes=\"auto, (max-width: 308px) 100vw, 308px\" \/> <img loading=\"lazy\" decoding=\"async\" class=\"wp-image-1919 alignleft\" src=\"https:\/\/agora.xtec.cat\/ceip-madrenc\/wp-content\/uploads\/usu322\/2023\/03\/IMG_4040_Easy-Resize.com_.jpg\" alt=\"\" width=\"304\" height=\"405\" srcset=\"https:\/\/agora.xtec.cat\/ceip-madrenc\/wp-content\/uploads\/usu322\/2023\/03\/IMG_4040_Easy-Resize.com_.jpg 960w, https:\/\/agora.xtec.cat\/ceip-madrenc\/wp-content\/uploads\/usu322\/2023\/03\/IMG_4040_Easy-Resize.com_-225x300.jpg 225w, https:\/\/agora.xtec.cat\/ceip-madrenc\/wp-content\/uploads\/usu322\/2023\/03\/IMG_4040_Easy-Resize.com_-768x1024.jpg 768w\" sizes=\"auto, (max-width: 304px) 100vw, 304px\" \/> <img loading=\"lazy\" decoding=\"async\" class=\"wp-image-1920 alignleft\" src=\"https:\/\/agora.xtec.cat\/ceip-madrenc\/wp-content\/uploads\/usu322\/2023\/03\/IMG_4043_Easy-Resize.com_.jpg\" alt=\"\" width=\"309\" height=\"412\" srcset=\"https:\/\/agora.xtec.cat\/ceip-madrenc\/wp-content\/uploads\/usu322\/2023\/03\/IMG_4043_Easy-Resize.com_.jpg 960w, https:\/\/agora.xtec.cat\/ceip-madrenc\/wp-content\/uploads\/usu322\/2023\/03\/IMG_4043_Easy-Resize.com_-225x300.jpg 225w, https:\/\/agora.xtec.cat\/ceip-madrenc\/wp-content\/uploads\/usu322\/2023\/03\/IMG_4043_Easy-Resize.com_-768x1024.jpg 768w\" sizes=\"auto, (max-width: 309px) 100vw, 309px\" \/> <img loading=\"lazy\" decoding=\"async\" class=\"aligncenter wp-image-1921\" src=\"https:\/\/agora.xtec.cat\/ceip-madrenc\/wp-content\/uploads\/usu322\/2023\/03\/IMG_4044_Easy-Resize.com_.jpg\" alt=\"\" width=\"297\" height=\"396\" srcset=\"https:\/\/agora.xtec.cat\/ceip-madrenc\/wp-content\/uploads\/usu322\/2023\/03\/IMG_4044_Easy-Resize.com_.jpg 960w, https:\/\/agora.xtec.cat\/ceip-madrenc\/wp-content\/uploads\/usu322\/2023\/03\/IMG_4044_Easy-Resize.com_-225x300.jpg 225w, https:\/\/agora.xtec.cat\/ceip-madrenc\/wp-content\/uploads\/usu322\/2023\/03\/IMG_4044_Easy-Resize.com_-768x1024.jpg 768w\" sizes=\"auto, (max-width: 297px) 100vw, 297px\" \/><\/p>\n","protected":false},"excerpt":{"rendered":"<p>Kubo \u00e9s un robot educatiu dissenyat perqu\u00e8 els infants aprenguin a programar sense necessitat d&#8217;utilitzar pantalles, fins i tot abans [&hellip;]<\/p>\n","protected":false},"author":1,"featured_media":0,"parent":0,"menu_order":0,"comment_status":"closed","ping_status":"closed","template":"","meta":{"_bbp_topic_count":0,"_bbp_reply_count":0,"_bbp_total_topic_count":0,"_bbp_total_reply_count":0,"_bbp_voice_count":0,"_bbp_anonymous_reply_count":0,"_bbp_topic_count_hidden":0,"_bbp_reply_count_hidden":0,"_bbp_forum_subforum_count":0,"site-sidebar-layout":"default","site-content-layout":"","ast-site-content-layout":"default","site-content-style":"default","site-sidebar-style":"default","ast-global-header-display":"","ast-banner-title-visibility":"","ast-main-header-display":"","ast-hfb-above-header-display":"","ast-hfb-below-header-display":"","ast-hfb-mobile-header-display":"","site-post-title":"","ast-breadcrumbs-content":"","ast-featured-img":"","footer-sml-layout":"","theme-transparent-header-meta":"","adv-header-id-meta":"","stick-header-meta":"","header-above-stick-meta":"","header-main-stick-meta":"","header-below-stick-meta":"","astra-migrate-meta-layouts":"set","ast-page-background-enabled":"default","ast-page-background-meta":{"desktop":{"background-color":"var(--ast-global-color-4)","background-image":"","background-repeat":"repeat","background-position":"center center","background-size":"auto","background-attachment":"scroll","background-type":"","background-media":"","overlay-type":"","overlay-color":"","overlay-opacity":"","overlay-gradient":""},"tablet":{"background-color":"","background-image":"","background-repeat":"repeat","background-position":"center center","background-size":"auto","background-attachment":"scroll","background-type":"","background-media":"","overlay-type":"","overlay-color":"","overlay-opacity":"","overlay-gradient":""},"mobile":{"background-color":"","background-image":"","background-repeat":"repeat","background-position":"center center","background-size":"auto","background-attachment":"scroll","background-type":"","background-media":"","overlay-type":"","overlay-color":"","overlay-opacity":"","overlay-gradient":""}},"ast-content-background-meta":{"desktop":{"background-color":"var(--ast-global-color-5)","background-image":"","background-repeat":"repeat","background-position":"center center","background-size":"auto","background-attachment":"scroll","background-type":"","background-media":"","overlay-type":"","overlay-color":"","overlay-opacity":"","overlay-gradient":""},"tablet":{"background-color":"var(--ast-global-color-5)","background-image":"","background-repeat":"repeat","background-position":"center center","background-size":"auto","background-attachment":"scroll","background-type":"","background-media":"","overlay-type":"","overlay-color":"","overlay-opacity":"","overlay-gradient":""},"mobile":{"background-color":"var(--ast-global-color-5)","background-image":"","background-repeat":"repeat","background-position":"center center","background-size":"auto","background-attachment":"scroll","background-type":"","background-media":"","overlay-type":"","overlay-color":"","overlay-opacity":"","overlay-gradient":""}},"footnotes":""},"class_list":["post-1912","page","type-page","status-publish","hentry"],"post_mailing_queue_ids":[],"_links":{"self":[{"href":"https:\/\/agora.xtec.cat\/ceip-madrenc\/wp-json\/wp\/v2\/pages\/1912","targetHints":{"allow":["GET"]}}],"collection":[{"href":"https:\/\/agora.xtec.cat\/ceip-madrenc\/wp-json\/wp\/v2\/pages"}],"about":[{"href":"https:\/\/agora.xtec.cat\/ceip-madrenc\/wp-json\/wp\/v2\/types\/page"}],"author":[{"embeddable":true,"href":"https:\/\/agora.xtec.cat\/ceip-madrenc\/wp-json\/wp\/v2\/users\/1"}],"replies":[{"embeddable":true,"href":"https:\/\/agora.xtec.cat\/ceip-madrenc\/wp-json\/wp\/v2\/comments?post=1912"}],"version-history":[{"count":3,"href":"https:\/\/agora.xtec.cat\/ceip-madrenc\/wp-json\/wp\/v2\/pages\/1912\/revisions"}],"predecessor-version":[{"id":3101,"href":"https:\/\/agora.xtec.cat\/ceip-madrenc\/wp-json\/wp\/v2\/pages\/1912\/revisions\/3101"}],"wp:attachment":[{"href":"https:\/\/agora.xtec.cat\/ceip-madrenc\/wp-json\/wp\/v2\/media?parent=1912"}],"curies":[{"name":"wp","href":"https:\/\/api.w.org\/{rel}","templated":true}]}}