{"id":1175,"date":"2019-09-19T10:55:39","date_gmt":"2019-09-19T08:55:39","guid":{"rendered":"http:\/\/agora.xtec.cat\/ceip-madrenc\/?page_id=1175"},"modified":"2019-11-21T15:41:44","modified_gmt":"2019-11-21T14:41:44","slug":"otto-el-germa-petit-den-zowi","status":"publish","type":"page","link":"https:\/\/agora.xtec.cat\/ceip-madrenc\/otto-el-germa-petit-den-zowi\/","title":{"rendered":"Otto (el germ\u00e0 petit d&#8217;en Zowi)"},"content":{"rendered":"<p><img loading=\"lazy\" decoding=\"async\" class=\"aligncenter size-full wp-image-1176\" src=\"https:\/\/agora.xtec.cat\/ceip-madrenc\/wp-content\/uploads\/usu322\/2019\/09\/otto-robot-arduino.jpg\" alt=\"\" width=\"875\" height=\"400\" \/><\/p>\n<p>El robot OTTO es pot configurar amb diverses funcions, podem programar-lo perqu\u00e8 balli o perqu\u00e8 camini i eviti obstacles. A m\u00e9s emet sons i m\u00fasica en 8bits i es pot controlar amb una APP i Bluetooth. Veure-ho ballar \u00e9s molt divertit!<\/p>\n<p>En ser completament de codi obert, qualsevol de nosaltres pot modificar el disseny de les peces i el codi del robot, el que ens permet experimentar molt.<\/p>\n<div class=\"ast-oembed-container \" style=\"height: 100%;\"><iframe loading=\"lazy\" title=\"Otto DIY Arduino robot can dance almost ANY electronic music\" width=\"500\" height=\"281\" src=\"https:\/\/www.youtube.com\/embed\/Of2TmVZtMCo?feature=oembed\" frameborder=\"0\" allow=\"accelerometer; autoplay; clipboard-write; encrypted-media; gyroscope; picture-in-picture; web-share\" referrerpolicy=\"strict-origin-when-cross-origin\" allowfullscreen><\/iframe><\/div>\n<p><strong>Peces i components del Robot<\/strong><\/p>\n<p>Les peces del robot (cos i cames) s&#8217;han d&#8217;imprimir amb una impressora 3D. Si no tenim una podem comprar aquestes parts en la p\u00e0gina oficial del projecte o enviar a imprimir les peces. Tamb\u00e9 es pot comprar un kit que inclouen totes les peces i els components electr\u00f2nics.<\/p>\n<p>Els components electr\u00f2nics que es necessiten per armar la versi\u00f3 b\u00e0sica de OTTO s\u00f3n:<\/p>\n<p>Arduino Nano<br \/>\nArduino Nano Shield<br \/>\nSensor ultras\u00f2nic HC-SR04<br \/>\n4 servomotors SG90 9 gr<br \/>\nBuzzer de 5v<br \/>\n6 cables becuda HH de 10cm.<br \/>\nPortapiles per a 4 piles AA<br \/>\nSwitch o interruptor d&#8217;encesa<\/p>\n<p>Es poden armar versions m\u00e9s complexes que inclouen connectivitat Bluetooth, bra\u00e7os m\u00f2bils o llums leds al cap per mostrar estats d&#8217;\u00e0nim.<\/p>\n<div class=\"ast-oembed-container \" style=\"height: 100%;\"><iframe loading=\"lazy\" title=\"What can Otto DIY robot do?\" width=\"500\" height=\"281\" src=\"https:\/\/www.youtube.com\/embed\/VD6sgTo6NOY?feature=oembed\" frameborder=\"0\" allow=\"accelerometer; autoplay; clipboard-write; encrypted-media; gyroscope; picture-in-picture; web-share\" referrerpolicy=\"strict-origin-when-cross-origin\" allowfullscreen><\/iframe><\/div>\n<p>&nbsp;<\/p>\n<p>&nbsp;<\/p>\n\r\n\t<div class=\"slideshow_container slideshow_container_style-light\" style=\"height: 300px; \" data-slideshow-id=\"1262\" data-style-name=\"style-light\" data-style-version=\"2.3.1\" data-settings=\"{&quot;animation&quot;:&quot;random&quot;,&quot;slideSpeed&quot;:&quot;1&quot;,&quot;descriptionSpeed&quot;:&quot;0.4&quot;,&quot;intervalSpeed&quot;:&quot;3&quot;,&quot;slidesPerView&quot;:&quot;1&quot;,&quot;maxWidth&quot;:&quot;0&quot;,&quot;aspectRatio&quot;:&quot;3:1&quot;,&quot;height&quot;:&quot;300&quot;,&quot;imageBehaviour&quot;:&quot;natural&quot;,&quot;showDescription&quot;:&quot;true&quot;,&quot;hideDescription&quot;:&quot;true&quot;,&quot;preserveSlideshowDimensions&quot;:&quot;false&quot;,&quot;enableResponsiveness&quot;:&quot;true&quot;,&quot;play&quot;:&quot;true&quot;,&quot;loop&quot;:&quot;true&quot;,&quot;pauseOnHover&quot;:&quot;true&quot;,&quot;controllable&quot;:&quot;true&quot;,&quot;hideNavigationButtons&quot;:&quot;true&quot;,&quot;showPagination&quot;:&quot;true&quot;,&quot;hidePagination&quot;:&quot;true&quot;,&quot;controlPanel&quot;:&quot;true&quot;,&quot;hideControlPanel&quot;:&quot;true&quot;,&quot;waitUntilLoaded&quot;:&quot;true&quot;,&quot;showLoadingIcon&quot;:&quot;true&quot;,&quot;random&quot;:&quot;false&quot;,&quot;avoidFilter&quot;:&quot;true&quot;}\">\r\n\r\n\t\t\t\t\t<div class=\"slideshow_loading_icon\"><\/div>\r\n\t\t\r\n\t\t<div class=\"slideshow_content\" style=\"display: none;\">\r\n\r\n\t\t\t<div class=\"slideshow_view\">\t<div style=\"clear: both;\"><\/div><\/div><div class=\"slideshow_view\">\t<div style=\"clear: both;\"><\/div><\/div><div class=\"slideshow_view\">\t<div style=\"clear: both;\"><\/div><\/div><div class=\"slideshow_view\">\t<div style=\"clear: both;\"><\/div><\/div>\r\n\t\t<\/div>\r\n\r\n\t\t<div class=\"slideshow_controlPanel slideshow_transparent\" style=\"display: none;\"><ul><li class=\"slideshow_togglePlay\" data-play-text=\"Visualitza\" data-pause-text=\"Pausa\"><\/li><\/ul><\/div>\r\n\r\n\t\t<div class=\"slideshow_button slideshow_previous slideshow_transparent\" role=\"button\" data-previous-text=\"Anterior\" style=\"display: none;\"><\/div>\r\n\t\t<div class=\"slideshow_button slideshow_next slideshow_transparent\" role=\"button\" data-next-text=\"Seg\u00fcent\" style=\"display: none;\"><\/div>\r\n\r\n\t\t<div class=\"slideshow_pagination\" style=\"display: none;\" data-go-to-text=\"V\u00e9s a la diapositiva\"><div class=\"slideshow_pagination_center\"><\/div><\/div>\r\n\r\n\t\t<!-- WordPress Slideshow Version 2.3.1 -->\r\n\r\n\t\t\t<\/div>\r\n\r\n\n","protected":false},"excerpt":{"rendered":"<p>El robot OTTO es pot configurar amb diverses funcions, podem programar-lo perqu\u00e8 balli o perqu\u00e8 camini i eviti obstacles. A [&hellip;]<\/p>\n","protected":false},"author":1,"featured_media":0,"parent":0,"menu_order":0,"comment_status":"closed","ping_status":"closed","template":"","meta":{"_bbp_topic_count":0,"_bbp_reply_count":0,"_bbp_total_topic_count":0,"_bbp_total_reply_count":0,"_bbp_voice_count":0,"_bbp_anonymous_reply_count":0,"_bbp_topic_count_hidden":0,"_bbp_reply_count_hidden":0,"_bbp_forum_subforum_count":0,"site-sidebar-layout":"default","site-content-layout":"","ast-site-content-layout":"","site-content-style":"default","site-sidebar-style":"default","ast-global-header-display":"","ast-banner-title-visibility":"","ast-main-header-display":"","ast-hfb-above-header-display":"","ast-hfb-below-header-display":"","ast-hfb-mobile-header-display":"","site-post-title":"","ast-breadcrumbs-content":"","ast-featured-img":"","footer-sml-layout":"","theme-transparent-header-meta":"","adv-header-id-meta":"","stick-header-meta":"","header-above-stick-meta":"","header-main-stick-meta":"","header-below-stick-meta":"","astra-migrate-meta-layouts":"default","ast-page-background-enabled":"default","ast-page-background-meta":{"desktop":{"background-color":"var(--ast-global-color-4)","background-image":"","background-repeat":"repeat","background-position":"center center","background-size":"auto","background-attachment":"scroll","background-type":"","background-media":"","overlay-type":"","overlay-color":"","overlay-opacity":"","overlay-gradient":""},"tablet":{"background-color":"","background-image":"","background-repeat":"repeat","background-position":"center center","background-size":"auto","background-attachment":"scroll","background-type":"","background-media":"","overlay-type":"","overlay-color":"","overlay-opacity":"","overlay-gradient":""},"mobile":{"background-color":"","background-image":"","background-repeat":"repeat","background-position":"center center","background-size":"auto","background-attachment":"scroll","background-type":"","background-media":"","overlay-type":"","overlay-color":"","overlay-opacity":"","overlay-gradient":""}},"ast-content-background-meta":{"desktop":{"background-color":"var(--ast-global-color-5)","background-image":"","background-repeat":"repeat","background-position":"center center","background-size":"auto","background-attachment":"scroll","background-type":"","background-media":"","overlay-type":"","overlay-color":"","overlay-opacity":"","overlay-gradient":""},"tablet":{"background-color":"var(--ast-global-color-5)","background-image":"","background-repeat":"repeat","background-position":"center center","background-size":"auto","background-attachment":"scroll","background-type":"","background-media":"","overlay-type":"","overlay-color":"","overlay-opacity":"","overlay-gradient":""},"mobile":{"background-color":"var(--ast-global-color-5)","background-image":"","background-repeat":"repeat","background-position":"center center","background-size":"auto","background-attachment":"scroll","background-type":"","background-media":"","overlay-type":"","overlay-color":"","overlay-opacity":"","overlay-gradient":""}},"footnotes":""},"class_list":["post-1175","page","type-page","status-publish","hentry"],"post_mailing_queue_ids":[],"_links":{"self":[{"href":"https:\/\/agora.xtec.cat\/ceip-madrenc\/wp-json\/wp\/v2\/pages\/1175","targetHints":{"allow":["GET"]}}],"collection":[{"href":"https:\/\/agora.xtec.cat\/ceip-madrenc\/wp-json\/wp\/v2\/pages"}],"about":[{"href":"https:\/\/agora.xtec.cat\/ceip-madrenc\/wp-json\/wp\/v2\/types\/page"}],"author":[{"embeddable":true,"href":"https:\/\/agora.xtec.cat\/ceip-madrenc\/wp-json\/wp\/v2\/users\/1"}],"replies":[{"embeddable":true,"href":"https:\/\/agora.xtec.cat\/ceip-madrenc\/wp-json\/wp\/v2\/comments?post=1175"}],"version-history":[{"count":2,"href":"https:\/\/agora.xtec.cat\/ceip-madrenc\/wp-json\/wp\/v2\/pages\/1175\/revisions"}],"predecessor-version":[{"id":1267,"href":"https:\/\/agora.xtec.cat\/ceip-madrenc\/wp-json\/wp\/v2\/pages\/1175\/revisions\/1267"}],"wp:attachment":[{"href":"https:\/\/agora.xtec.cat\/ceip-madrenc\/wp-json\/wp\/v2\/media?parent=1175"}],"curies":[{"name":"wp","href":"https:\/\/api.w.org\/{rel}","templated":true}]}}