{"id":1171,"date":"2019-09-19T10:42:58","date_gmt":"2019-09-19T08:42:58","guid":{"rendered":"http:\/\/agora.xtec.cat\/ceip-madrenc\/?page_id=1171"},"modified":"2025-01-30T09:30:15","modified_gmt":"2025-01-30T08:30:15","slug":"blue-bots","status":"publish","type":"page","link":"https:\/\/agora.xtec.cat\/ceip-madrenc\/blue-bots\/","title":{"rendered":"Blue-Boot"},"content":{"rendered":"<h1 style=\"text-align: center;\"><strong>BLUE-BOT<\/strong><\/h1>\n<div class=\"ast-oembed-container \" style=\"height: 100%;\"><iframe loading=\"lazy\" title=\"Blue-Bot\u00ae Bluetooth Programmable Floor Robot from TTS Group\" width=\"500\" height=\"281\" src=\"https:\/\/www.youtube.com\/embed\/T6SyP7Imygs?feature=oembed\" frameborder=\"0\" allow=\"accelerometer; autoplay; clipboard-write; encrypted-media; gyroscope; picture-in-picture; web-share\" referrerpolicy=\"strict-origin-when-cross-origin\" allowfullscreen><\/iframe><\/div>\n<p>El nostre primer robot amb tecnologia Bluetooth que ens permetr\u00e0 controlar de forma sense fil amb una tauleta o PC.<\/p>\n<p>Blue-bot t\u00e9 una closca transparent que permet que els nens vegin els seus components a l&#8217;interior. A m\u00e9s, \u00e9s recarregable aix\u00ed que oblida&#8217;t d&#8217;haver de recarregar les piles. Es pot utilitzar igual que la Bee-bot de manera que tamb\u00e9 es pot programar utilitzant els botons del robot.<\/p>\n<p>No obstant aix\u00f2, Blue-bot ens permet connectar-nos al \u00a0PC i permetr\u00e0 fer passos de gegant en la programaci\u00f3.<\/p>\n<p><img loading=\"lazy\" decoding=\"async\" class=\"aligncenter size-full wp-image-1173\" src=\"https:\/\/agora.xtec.cat\/ceip-madrenc\/wp-content\/uploads\/usu322\/2019\/09\/blue-bot.png\" alt=\"\" width=\"398\" height=\"399\" \/><\/p>\n<p>&nbsp;<\/p>\n<p>Com Bee-Bot, Blue-Bot funciona de manera aut\u00f2noma quan l&#8217;encenem. Haurem de tenir en compte nom\u00e9s tres aspectes:<\/p>\n<ul>\n<li>Blue-Bot sempre avan\u00e7a o retrocedeix 15 cm i gira sobre si mateixa 90\u00ba. La seq\u00fc\u00e8ncia la realitza pas a pas, marcant cada acci\u00f3 amb llum i so, animant-nos a acompanyar-la i comptar amb ella.<\/li>\n<li>Blue-Bot pot realitzar fins a 40 moviments. El bot\u00f3 de la X esborra la mem\u00f2ria per comen\u00e7ar una nova seq\u00fc\u00e8ncia; en cas contrari repetir\u00e0 l&#8217;antiga seq\u00fc\u00e8ncia i tot seguit les noves instruccions.<\/li>\n<li>Cada vegada que premem un bot\u00f3, els ulls de Blue-Bot parpellejaran i sentirem un so que confirma la instrucci\u00f3.<\/li>\n<\/ul>\n<div class=\"ast-oembed-container \" style=\"height: 100%;\"><iframe loading=\"lazy\" title=\"BlueBot - De\u0301monstration\" width=\"500\" height=\"281\" src=\"https:\/\/www.youtube.com\/embed\/hHjvgItxNN8?feature=oembed\" frameborder=\"0\" allow=\"accelerometer; autoplay; clipboard-write; encrypted-media; gyroscope; picture-in-picture; web-share\" referrerpolicy=\"strict-origin-when-cross-origin\" allowfullscreen><\/iframe><\/div>\n","protected":false},"excerpt":{"rendered":"<p>BLUE-BOT El nostre primer robot amb tecnologia Bluetooth que ens permetr\u00e0 controlar de forma sense fil amb una tauleta o [&hellip;]<\/p>\n","protected":false},"author":1,"featured_media":0,"parent":0,"menu_order":0,"comment_status":"closed","ping_status":"closed","template":"","meta":{"_bbp_topic_count":0,"_bbp_reply_count":0,"_bbp_total_topic_count":0,"_bbp_total_reply_count":0,"_bbp_voice_count":0,"_bbp_anonymous_reply_count":0,"_bbp_topic_count_hidden":0,"_bbp_reply_count_hidden":0,"_bbp_forum_subforum_count":0,"site-sidebar-layout":"default","site-content-layout":"","ast-site-content-layout":"","site-content-style":"default","site-sidebar-style":"default","ast-global-header-display":"","ast-banner-title-visibility":"","ast-main-header-display":"","ast-hfb-above-header-display":"","ast-hfb-below-header-display":"","ast-hfb-mobile-header-display":"","site-post-title":"","ast-breadcrumbs-content":"","ast-featured-img":"","footer-sml-layout":"","theme-transparent-header-meta":"","adv-header-id-meta":"","stick-header-meta":"","header-above-stick-meta":"","header-main-stick-meta":"","header-below-stick-meta":"","astra-migrate-meta-layouts":"default","ast-page-background-enabled":"default","ast-page-background-meta":{"desktop":{"background-color":"var(--ast-global-color-4)","background-image":"","background-repeat":"repeat","background-position":"center center","background-size":"auto","background-attachment":"scroll","background-type":"","background-media":"","overlay-type":"","overlay-color":"","overlay-opacity":"","overlay-gradient":""},"tablet":{"background-color":"","background-image":"","background-repeat":"repeat","background-position":"center center","background-size":"auto","background-attachment":"scroll","background-type":"","background-media":"","overlay-type":"","overlay-color":"","overlay-opacity":"","overlay-gradient":""},"mobile":{"background-color":"","background-image":"","background-repeat":"repeat","background-position":"center center","background-size":"auto","background-attachment":"scroll","background-type":"","background-media":"","overlay-type":"","overlay-color":"","overlay-opacity":"","overlay-gradient":""}},"ast-content-background-meta":{"desktop":{"background-color":"var(--ast-global-color-5)","background-image":"","background-repeat":"repeat","background-position":"center center","background-size":"auto","background-attachment":"scroll","background-type":"","background-media":"","overlay-type":"","overlay-color":"","overlay-opacity":"","overlay-gradient":""},"tablet":{"background-color":"var(--ast-global-color-5)","background-image":"","background-repeat":"repeat","background-position":"center center","background-size":"auto","background-attachment":"scroll","background-type":"","background-media":"","overlay-type":"","overlay-color":"","overlay-opacity":"","overlay-gradient":""},"mobile":{"background-color":"var(--ast-global-color-5)","background-image":"","background-repeat":"repeat","background-position":"center center","background-size":"auto","background-attachment":"scroll","background-type":"","background-media":"","overlay-type":"","overlay-color":"","overlay-opacity":"","overlay-gradient":""}},"footnotes":""},"class_list":["post-1171","page","type-page","status-publish","hentry"],"post_mailing_queue_ids":[],"_links":{"self":[{"href":"https:\/\/agora.xtec.cat\/ceip-madrenc\/wp-json\/wp\/v2\/pages\/1171","targetHints":{"allow":["GET"]}}],"collection":[{"href":"https:\/\/agora.xtec.cat\/ceip-madrenc\/wp-json\/wp\/v2\/pages"}],"about":[{"href":"https:\/\/agora.xtec.cat\/ceip-madrenc\/wp-json\/wp\/v2\/types\/page"}],"author":[{"embeddable":true,"href":"https:\/\/agora.xtec.cat\/ceip-madrenc\/wp-json\/wp\/v2\/users\/1"}],"replies":[{"embeddable":true,"href":"https:\/\/agora.xtec.cat\/ceip-madrenc\/wp-json\/wp\/v2\/comments?post=1171"}],"version-history":[{"count":4,"href":"https:\/\/agora.xtec.cat\/ceip-madrenc\/wp-json\/wp\/v2\/pages\/1171\/revisions"}],"predecessor-version":[{"id":2923,"href":"https:\/\/agora.xtec.cat\/ceip-madrenc\/wp-json\/wp\/v2\/pages\/1171\/revisions\/2923"}],"wp:attachment":[{"href":"https:\/\/agora.xtec.cat\/ceip-madrenc\/wp-json\/wp\/v2\/media?parent=1171"}],"curies":[{"name":"wp","href":"https:\/\/api.w.org\/{rel}","templated":true}]}}