{"id":680,"date":"2016-11-28T12:35:09","date_gmt":"2016-11-28T11:35:09","guid":{"rendered":"http:\/\/agora.xtec.cat\/ceip-lola-anglada-esplugues\/?page_id=680"},"modified":"2017-01-19T12:07:30","modified_gmt":"2017-01-19T11:07:30","slug":"nivells","status":"publish","type":"page","link":"https:\/\/agora.xtec.cat\/ceip-lola-anglada-esplugues\/nivells\/","title":{"rendered":"Nivells"},"content":{"rendered":"<p>Oferim Educaci\u00f3 infantil i prim\u00e0ria. Pots seguir els blogs dels diferents cursos en els seg\u00fcents enlla\u00e7os:<\/p>\n<ul class=\"sub-menu menu-odd menu-depth-1\">\n<li id=\"nav-menu-item-148\" class=\"sub-menu-item menu-item-odd menu-item-depth-1 menu-item menu-item-type-taxonomy menu-item-object-category menu-item-has-children\"><a class=\"menu-link sub-menu-link\" href=\"https:\/\/agora.xtec.cat\/ceip-lola-anglada-esplugues\/categoria\/infantil\/\">Infantil<\/a>\n<ul class=\"sub-menu menu-even sub-sub-menu menu-depth-2\">\n<li id=\"nav-menu-item-93\" class=\"sub-menu-item sub-sub-menu-item menu-item-even menu-item-depth-2 menu-item menu-item-type-taxonomy menu-item-object-category\"><a class=\"menu-link sub-menu-link\" href=\"https:\/\/agora.xtec.cat\/ceip-lola-anglada-esplugues\/categoria\/infantil\/p3\/\">P3<\/a><\/li>\n<li id=\"nav-menu-item-94\" class=\"sub-menu-item sub-sub-menu-item menu-item-even menu-item-depth-2 menu-item menu-item-type-taxonomy menu-item-object-category\"><a class=\"menu-link sub-menu-link\" href=\"https:\/\/agora.xtec.cat\/ceip-lola-anglada-esplugues\/categoria\/infantil\/p4\/\">P4<\/a><\/li>\n<li id=\"nav-menu-item-95\" class=\"sub-menu-item sub-sub-menu-item menu-item-even menu-item-depth-2 menu-item menu-item-type-taxonomy menu-item-object-category\"><a class=\"menu-link sub-menu-link\" href=\"https:\/\/agora.xtec.cat\/ceip-lola-anglada-esplugues\/categoria\/infantil\/p5\/\">P5<\/a><\/li>\n<\/ul>\n<\/li>\n<li id=\"nav-menu-item-679\" class=\"sub-menu-item menu-item-odd menu-item-depth-1 menu-item menu-item-type-taxonomy menu-item-object-category menu-item-has-children\"><a class=\"menu-link sub-menu-link\" href=\"https:\/\/agora.xtec.cat\/ceip-lola-anglada-esplugues\/categoria\/primaria\/\">Prim\u00e0ria<\/a>\n<ul class=\"sub-menu menu-even sub-sub-menu menu-depth-2\">\n<li id=\"nav-menu-item-96\" class=\"sub-menu-item sub-sub-menu-item menu-item-even menu-item-depth-2 menu-item menu-item-type-taxonomy menu-item-object-category\"><a class=\"menu-link sub-menu-link\" href=\"https:\/\/agora.xtec.cat\/ceip-lola-anglada-esplugues\/categoria\/primaria\/cicle-inicial\/1r\/\">1r<\/a><\/li>\n<li id=\"nav-menu-item-97\" class=\"sub-menu-item sub-sub-menu-item menu-item-even menu-item-depth-2 menu-item menu-item-type-taxonomy menu-item-object-category\"><a class=\"menu-link sub-menu-link\" href=\"https:\/\/agora.xtec.cat\/ceip-lola-anglada-esplugues\/categoria\/primaria\/cicle-inicial\/2n\/\">2n<\/a><\/li>\n<li id=\"nav-menu-item-98\" class=\"sub-menu-item sub-sub-menu-item menu-item-even menu-item-depth-2 menu-item menu-item-type-taxonomy menu-item-object-category\"><a class=\"menu-link sub-menu-link\" href=\"https:\/\/agora.xtec.cat\/ceip-lola-anglada-esplugues\/categoria\/primaria\/cicle-mitja\/3r\/\">3r<\/a><\/li>\n<li id=\"nav-menu-item-99\" class=\"sub-menu-item sub-sub-menu-item menu-item-even menu-item-depth-2 menu-item menu-item-type-taxonomy menu-item-object-category\"><a class=\"menu-link sub-menu-link\" href=\"https:\/\/agora.xtec.cat\/ceip-lola-anglada-esplugues\/categoria\/primaria\/cicle-mitja\/4t\/\">4t<\/a><\/li>\n<li id=\"nav-menu-item-100\" class=\"sub-menu-item sub-sub-menu-item menu-item-even menu-item-depth-2 menu-item menu-item-type-taxonomy menu-item-object-category\"><a class=\"menu-link sub-menu-link\" href=\"https:\/\/agora.xtec.cat\/ceip-lola-anglada-esplugues\/categoria\/primaria\/cicle-superior\/5e\/\">5\u00e8<\/a><\/li>\n<li id=\"nav-menu-item-101\" class=\"sub-menu-item sub-sub-menu-item menu-item-even menu-item-depth-2 menu-item menu-item-type-taxonomy menu-item-object-category\"><a class=\"menu-link sub-menu-link\" href=\"https:\/\/agora.xtec.cat\/ceip-lola-anglada-esplugues\/categoria\/primaria\/cicle-superior\/6e\/\">6\u00e8<\/a><\/li>\n<\/ul>\n<\/li>\n<\/ul>\n<p>&nbsp;<\/p>\n","protected":false},"excerpt":{"rendered":"<p>Oferim Educaci\u00f3 infantil i prim\u00e0ria. Pots seguir els blogs dels diferents cursos en els seg\u00fcents enlla\u00e7os: Infantil P3 P4 P5 Prim\u00e0ria 1r 2n 3r 4t 5\u00e8 6\u00e8 &nbsp;<\/p>\n","protected":false},"author":1,"featured_media":0,"parent":0,"menu_order":0,"comment_status":"closed","ping_status":"closed","template":"page-templates\/side-menu.php","meta":{"_bbp_topic_count":0,"_bbp_reply_count":0,"_bbp_total_topic_count":0,"_bbp_total_reply_count":0,"_bbp_voice_count":0,"_bbp_anonymous_reply_count":0,"_bbp_topic_count_hidden":0,"_bbp_reply_count_hidden":0,"_bbp_forum_subforum_count":0,"site-sidebar-layout":"default","site-content-layout":"","ast-site-content-layout":"","site-content-style":"default","site-sidebar-style":"default","ast-global-header-display":"","ast-banner-title-visibility":"","ast-main-header-display":"","ast-hfb-above-header-display":"","ast-hfb-below-header-display":"","ast-hfb-mobile-header-display":"","site-post-title":"","ast-breadcrumbs-content":"","ast-featured-img":"","footer-sml-layout":"","theme-transparent-header-meta":"","adv-header-id-meta":"","stick-header-meta":"","header-above-stick-meta":"","header-main-stick-meta":"","header-below-stick-meta":"","astra-migrate-meta-layouts":"default","ast-page-background-enabled":"default","ast-page-background-meta":{"desktop":{"background-color":"var(--ast-global-color-4)","background-image":"","background-repeat":"repeat","background-position":"center center","background-size":"auto","background-attachment":"scroll","background-type":"","background-media":"","overlay-type":"","overlay-color":"","overlay-opacity":"","overlay-gradient":""},"tablet":{"background-color":"","background-image":"","background-repeat":"repeat","background-position":"center center","background-size":"auto","background-attachment":"scroll","background-type":"","background-media":"","overlay-type":"","overlay-color":"","overlay-opacity":"","overlay-gradient":""},"mobile":{"background-color":"","background-image":"","background-repeat":"repeat","background-position":"center center","background-size":"auto","background-attachment":"scroll","background-type":"","background-media":"","overlay-type":"","overlay-color":"","overlay-opacity":"","overlay-gradient":""}},"ast-content-background-meta":{"desktop":{"background-color":"var(--ast-global-color-5)","background-image":"","background-repeat":"repeat","background-position":"center center","background-size":"auto","background-attachment":"scroll","background-type":"","background-media":"","overlay-type":"","overlay-color":"","overlay-opacity":"","overlay-gradient":""},"tablet":{"background-color":"var(--ast-global-color-5)","background-image":"","background-repeat":"repeat","background-position":"center center","background-size":"auto","background-attachment":"scroll","background-type":"","background-media":"","overlay-type":"","overlay-color":"","overlay-opacity":"","overlay-gradient":""},"mobile":{"background-color":"var(--ast-global-color-5)","background-image":"","background-repeat":"repeat","background-position":"center center","background-size":"auto","background-attachment":"scroll","background-type":"","background-media":"","overlay-type":"","overlay-color":"","overlay-opacity":"","overlay-gradient":""}},"footnotes":""},"class_list":["post-680","page","type-page","status-publish","hentry"],"post_mailing_queue_ids":[],"_links":{"self":[{"href":"https:\/\/agora.xtec.cat\/ceip-lola-anglada-esplugues\/wp-json\/wp\/v2\/pages\/680","targetHints":{"allow":["GET"]}}],"collection":[{"href":"https:\/\/agora.xtec.cat\/ceip-lola-anglada-esplugues\/wp-json\/wp\/v2\/pages"}],"about":[{"href":"https:\/\/agora.xtec.cat\/ceip-lola-anglada-esplugues\/wp-json\/wp\/v2\/types\/page"}],"author":[{"embeddable":true,"href":"https:\/\/agora.xtec.cat\/ceip-lola-anglada-esplugues\/wp-json\/wp\/v2\/users\/1"}],"replies":[{"embeddable":true,"href":"https:\/\/agora.xtec.cat\/ceip-lola-anglada-esplugues\/wp-json\/wp\/v2\/comments?post=680"}],"version-history":[{"count":2,"href":"https:\/\/agora.xtec.cat\/ceip-lola-anglada-esplugues\/wp-json\/wp\/v2\/pages\/680\/revisions"}],"predecessor-version":[{"id":746,"href":"https:\/\/agora.xtec.cat\/ceip-lola-anglada-esplugues\/wp-json\/wp\/v2\/pages\/680\/revisions\/746"}],"wp:attachment":[{"href":"https:\/\/agora.xtec.cat\/ceip-lola-anglada-esplugues\/wp-json\/wp\/v2\/media?parent=680"}],"curies":[{"name":"wp","href":"https:\/\/api.w.org\/{rel}","templated":true}]}}