{"id":617,"date":"2016-11-10T17:10:51","date_gmt":"2016-11-10T16:10:51","guid":{"rendered":"http:\/\/agora.xtec.cat\/ceip-lola-anglada-esplugues\/?page_id=617"},"modified":"2020-03-11T20:09:24","modified_gmt":"2020-03-11T19:09:24","slug":"els-nostres-grans-projectes","status":"publish","type":"page","link":"https:\/\/agora.xtec.cat\/ceip-lola-anglada-esplugues\/els-nostres-grans-projectes\/","title":{"rendered":"Els nostres grans projectes"},"content":{"rendered":"<p><strong><i>L\u2019escola fora de l\u2019aula<\/i><\/strong><\/p>\n<p>Dels inicis i del recorregut de la hist\u00f2ria de l\u2019escola neixen i es consoliden singularitats que s\u00f3n part fonamental del dia a dia de l\u2019activitat del centre.<\/p>\n<p><span style=\"font-weight: 400;\">La nostra escola sempre ha tingut clar que l\u2019acci\u00f3 educativa no es pot portar \u00fanicament dins l\u2019aula i, \u00e9s per aix\u00f2 que al llarg del curs es fan sortides i col\u00f2nies.<\/span><\/p>\n<p><span style=\"font-weight: 400;\">S\u00f3n les col\u00f2nies escolars aquella activitat on posem una especial atenci\u00f3.<\/span><\/p>\n<p><span style=\"font-weight: 400;\">Les col\u00f2nies s\u00f3n una \u201cactivitat extraordin\u00e0ria\u201d i la seva extraordinarietat es fonamenta en tres aspectes: activitat a plena natura, llunyania de la fam\u00edlia i vida de grup. Tots els nens i nenes van de col\u00f2nies dues vegades per curs, una a la tardor i una altra a la primavera, a excepci\u00f3 de P3, que nom\u00e9s fa les col\u00f2nies de primavera. \u00a0Els nens \u00a0i nenes de l\u2019escola Lola Anglada, en les seves etapes d\u2019infantil i prim\u00e0ria \u00a0fan <\/span><span style=\"font-weight: 400;\">17 estades de col\u00f2nies<\/span><span style=\"font-weight: 400;\">. \u00a0<\/span><\/p>\n<p><a href=\"http:\/\/agora.xtec.cat\/ceip-lola-anglada-esplugues\/wp-content\/uploads\/usu1507\/2016\/11\/Colo\u0300nies-Infantil-4.jpg\"><img loading=\"lazy\" decoding=\"async\" class=\"alignleft size-large wp-image-612\" src=\"http:\/\/agora.xtec.cat\/ceip-lola-anglada-esplugues\/wp-content\/uploads\/usu1507\/2016\/11\/Colo\u0300nies-Infantil-4-1024x576.jpg\" alt=\"colonies-infantil-4\" width=\"1024\" height=\"576\" srcset=\"https:\/\/agora.xtec.cat\/ceip-lola-anglada-esplugues\/wp-content\/uploads\/usu1507\/2016\/11\/Colo\u0300nies-Infantil-4.jpg 1024w, https:\/\/agora.xtec.cat\/ceip-lola-anglada-esplugues\/wp-content\/uploads\/usu1507\/2016\/11\/Colo\u0300nies-Infantil-4-300x169.jpg 300w, https:\/\/agora.xtec.cat\/ceip-lola-anglada-esplugues\/wp-content\/uploads\/usu1507\/2016\/11\/Colo\u0300nies-Infantil-4-768x432.jpg 768w\" sizes=\"auto, (max-width: 1024px) 100vw, 1024px\" \/><\/a><\/p>\n","protected":false},"excerpt":{"rendered":"<p>L\u2019escola fora de l\u2019aula Dels inicis i del recorregut de la hist\u00f2ria de l\u2019escola neixen i es consoliden singularitats que s\u00f3n part fonamental del dia a dia de l\u2019activitat del centre. La nostra escola sempre ha tingut clar que l\u2019acci\u00f3 educativa no es pot portar \u00fanicament dins l\u2019aula i, \u00e9s per aix\u00f2 que al llarg [&hellip;]<\/p>\n","protected":false},"author":1,"featured_media":0,"parent":0,"menu_order":0,"comment_status":"closed","ping_status":"closed","template":"page-templates\/side-menu.php","meta":{"_bbp_topic_count":0,"_bbp_reply_count":0,"_bbp_total_topic_count":0,"_bbp_total_reply_count":0,"_bbp_voice_count":0,"_bbp_anonymous_reply_count":0,"_bbp_topic_count_hidden":0,"_bbp_reply_count_hidden":0,"_bbp_forum_subforum_count":0,"site-sidebar-layout":"default","site-content-layout":"","ast-site-content-layout":"","site-content-style":"default","site-sidebar-style":"default","ast-global-header-display":"","ast-banner-title-visibility":"","ast-main-header-display":"","ast-hfb-above-header-display":"","ast-hfb-below-header-display":"","ast-hfb-mobile-header-display":"","site-post-title":"","ast-breadcrumbs-content":"","ast-featured-img":"","footer-sml-layout":"","theme-transparent-header-meta":"","adv-header-id-meta":"","stick-header-meta":"","header-above-stick-meta":"","header-main-stick-meta":"","header-below-stick-meta":"","astra-migrate-meta-layouts":"default","ast-page-background-enabled":"default","ast-page-background-meta":{"desktop":{"background-color":"var(--ast-global-color-4)","background-image":"","background-repeat":"repeat","background-position":"center center","background-size":"auto","background-attachment":"scroll","background-type":"","background-media":"","overlay-type":"","overlay-color":"","overlay-opacity":"","overlay-gradient":""},"tablet":{"background-color":"","background-image":"","background-repeat":"repeat","background-position":"center center","background-size":"auto","background-attachment":"scroll","background-type":"","background-media":"","overlay-type":"","overlay-color":"","overlay-opacity":"","overlay-gradient":""},"mobile":{"background-color":"","background-image":"","background-repeat":"repeat","background-position":"center center","background-size":"auto","background-attachment":"scroll","background-type":"","background-media":"","overlay-type":"","overlay-color":"","overlay-opacity":"","overlay-gradient":""}},"ast-content-background-meta":{"desktop":{"background-color":"var(--ast-global-color-5)","background-image":"","background-repeat":"repeat","background-position":"center center","background-size":"auto","background-attachment":"scroll","background-type":"","background-media":"","overlay-type":"","overlay-color":"","overlay-opacity":"","overlay-gradient":""},"tablet":{"background-color":"var(--ast-global-color-5)","background-image":"","background-repeat":"repeat","background-position":"center center","background-size":"auto","background-attachment":"scroll","background-type":"","background-media":"","overlay-type":"","overlay-color":"","overlay-opacity":"","overlay-gradient":""},"mobile":{"background-color":"var(--ast-global-color-5)","background-image":"","background-repeat":"repeat","background-position":"center center","background-size":"auto","background-attachment":"scroll","background-type":"","background-media":"","overlay-type":"","overlay-color":"","overlay-opacity":"","overlay-gradient":""}},"footnotes":""},"class_list":["post-617","page","type-page","status-publish","hentry"],"post_mailing_queue_ids":[],"_links":{"self":[{"href":"https:\/\/agora.xtec.cat\/ceip-lola-anglada-esplugues\/wp-json\/wp\/v2\/pages\/617","targetHints":{"allow":["GET"]}}],"collection":[{"href":"https:\/\/agora.xtec.cat\/ceip-lola-anglada-esplugues\/wp-json\/wp\/v2\/pages"}],"about":[{"href":"https:\/\/agora.xtec.cat\/ceip-lola-anglada-esplugues\/wp-json\/wp\/v2\/types\/page"}],"author":[{"embeddable":true,"href":"https:\/\/agora.xtec.cat\/ceip-lola-anglada-esplugues\/wp-json\/wp\/v2\/users\/1"}],"replies":[{"embeddable":true,"href":"https:\/\/agora.xtec.cat\/ceip-lola-anglada-esplugues\/wp-json\/wp\/v2\/comments?post=617"}],"version-history":[{"count":3,"href":"https:\/\/agora.xtec.cat\/ceip-lola-anglada-esplugues\/wp-json\/wp\/v2\/pages\/617\/revisions"}],"predecessor-version":[{"id":4304,"href":"https:\/\/agora.xtec.cat\/ceip-lola-anglada-esplugues\/wp-json\/wp\/v2\/pages\/617\/revisions\/4304"}],"wp:attachment":[{"href":"https:\/\/agora.xtec.cat\/ceip-lola-anglada-esplugues\/wp-json\/wp\/v2\/media?parent=617"}],"curies":[{"name":"wp","href":"https:\/\/api.w.org\/{rel}","templated":true}]}}