{"id":493,"date":"2016-11-03T13:35:48","date_gmt":"2016-11-03T12:35:48","guid":{"rendered":"http:\/\/agora.xtec.cat\/ceip-lola-anglada-esplugues\/?page_id=493"},"modified":"2025-09-08T10:02:46","modified_gmt":"2025-09-08T08:02:46","slug":"qui-som-lequip","status":"publish","type":"page","link":"https:\/\/agora.xtec.cat\/ceip-lola-anglada-esplugues\/lescola\/qui-som-lequip\/","title":{"rendered":"Qui som (l&#8217;Equip)"},"content":{"rendered":"<p>&nbsp;<\/p>\n<table style=\"width: 71.5949%; height: 1929px;\">\n<tbody>\n<tr style=\"height: 112px;\">\n<td style=\"width: 175.026%; height: 112px;\" colspan=\"2\">\n<p style=\"text-align: center;\"><span style=\"font-size: 36pt;\"><b>QUI SOM (L&#8217;EQUIP)<\/b><\/span><\/p>\n<h3><span style=\"font-size: 14pt;\">Si vols con\u00e8ixer millor qui som i posar-nos-hi cara, <span style=\"color: #0000ff;\"><a style=\"color: #0000ff;\" href=\"https:\/\/agora.xtec.cat\/ceip-lola-anglada-esplugues\/general\/equip-de-mestres\/\">entra aqu\u00ed.<\/a><\/span><\/span><\/h3>\n<\/td>\n<\/tr>\n<tr style=\"height: 33px;\">\n<td style=\"width: 53.6902%; height: 33px;\"><span style=\"font-weight: 400;\">Direcci\u00f3\u00a0\u00a0\u00a0\u00a0\u00a0\u00a0\u00a0<\/span><\/td>\n<td style=\"width: 121.336%; height: 33px;\"><span style=\"font-weight: 400;\">S\u00f2nia Gim\u00e9nez<\/span><\/td>\n<\/tr>\n<tr style=\"height: 33px;\">\n<td style=\"width: 53.6902%; height: 33px;\"><span style=\"font-weight: 400;\">Cap d\u2019estudis\u00a0<\/span><\/td>\n<td style=\"width: 121.336%; height: 33px;\"><span style=\"font-weight: 400;\">Karol Burillo<\/span><\/td>\n<\/tr>\n<tr style=\"height: 33px;\">\n<td style=\"width: 53.6902%; height: 33px;\"><span style=\"font-weight: 400;\">Secretari<\/span><\/td>\n<td style=\"width: 121.336%; height: 33px;\"><span style=\"font-weight: 400;\">Alba Barranco<\/span><\/td>\n<\/tr>\n<tr style=\"height: 33px;\">\n<td style=\"width: 53.6902%; height: 33px;\"><span style=\"font-weight: 400;\">Representant infantil\u00a0\u00a0\u00a0\u00a0\u00a0<\/span><\/td>\n<td style=\"width: 121.336%; height: 33px;\">Isabel Mart\u00ednez<\/td>\n<\/tr>\n<tr style=\"height: 33px;\">\n<td style=\"width: 53.6902%; height: 33px;\"><span style=\"font-weight: 400;\">Representant prim\u00e0ria\u00a0\u00a0\u00a0\u00a0<\/span><\/td>\n<td style=\"width: 121.336%; height: 33px;\"><span style=\"font-weight: 400;\">Jenifer Arroyo<\/span><\/td>\n<\/tr>\n<tr style=\"height: 33px;\">\n<td style=\"width: 53.6902%; height: 33px;\"><span style=\"font-weight: 400;\">Representant cicle inicial\u00a0<\/span><\/td>\n<td style=\"width: 121.336%; height: 33px;\"><span style=\"font-weight: 400;\">Marta Riera<\/span><\/td>\n<\/tr>\n<tr style=\"height: 33px;\">\n<td style=\"width: 53.6902%; height: 33px;\"><span style=\"font-weight: 400;\">Representant\u00a0cicle mitj\u00e0\u00a0\u00a0\u00a0\u00a0<\/span><\/td>\n<td style=\"width: 121.336%; height: 33px;\"><span style=\"font-weight: 400;\">Alba Barranco\/Karol Burillo<\/span><\/td>\n<\/tr>\n<tr style=\"height: 33px;\">\n<td style=\"width: 53.6902%; height: 33px;\"><span style=\"font-weight: 400;\">Representant cicle superior\u00a0<\/span><\/td>\n<td style=\"width: 121.336%; height: 33px;\"><span style=\"font-weight: 400;\">Jenifer Arroyo<\/span><\/td>\n<\/tr>\n<tr style=\"height: 33px;\">\n<td style=\"width: 53.6902%; height: 33px;\"><span style=\"font-weight: 400;\">Representant projecte patis<\/span><\/td>\n<td style=\"width: 121.336%; height: 33px;\"><span style=\"font-weight: 400;\">Karol Burillo<\/span><\/td>\n<\/tr>\n<tr style=\"height: 33px;\">\n<td style=\"width: 53.6902%; height: 33px;\"><span style=\"font-weight: 400;\">Coordinadora digital i hort<\/span><\/td>\n<td style=\"width: 121.336%; height: 33px;\"><span style=\"font-weight: 400;\">Maria Ayguad\u00e9<\/span><\/td>\n<\/tr>\n<tr style=\"height: 33px;\">\n<td style=\"width: 53.6902%; height: 33px;\"><span style=\"font-weight: 400;\">Coordinadora LIC<\/span><\/td>\n<td style=\"width: 121.336%; height: 33px;\"><span style=\"font-weight: 400;\">Andrea Garcia<\/span><\/td>\n<\/tr>\n<tr style=\"height: 33px;\">\n<td style=\"width: 53.6902%; height: 33px;\"><span style=\"font-weight: 400;\">Coordinadora riscos laborals<\/span><\/td>\n<td style=\"width: 121.336%; height: 33px;\">N\u00faria Pradas<\/td>\n<\/tr>\n<tr style=\"height: 33px;\">\n<td style=\"width: 175.026%; height: 33px;\" colspan=\"2\"><b>TUTORIES I ESPECIALITATS<\/b><\/td>\n<\/tr>\n<tr style=\"height: 33px;\">\n<td style=\"width: 53.6902%; height: 33px;\"><span style=\"font-weight: 400;\">Comunitat de Petits Joc simb\u00f2lic\u00a0<\/span><\/td>\n<td style=\"width: 121.336%; height: 33px;\">Bel\u00e9n Soto<\/td>\n<\/tr>\n<tr style=\"height: 33px;\">\n<td style=\"width: 53.6902%; height: 33px;\"><span style=\"font-weight: 400;\">Comunitat de Petits Llums<\/span><\/td>\n<td style=\"width: 121.336%; height: 33px;\">Isabel Mart\u00ednez<\/td>\n<\/tr>\n<tr style=\"height: 33px;\">\n<td style=\"width: 53.6902%; height: 33px;\"><span style=\"font-weight: 400;\">Comunitat de Petits Natura<\/span><\/td>\n<td style=\"width: 121.336%; height: 33px;\"><span style=\"background-color: #ffffff;\">Andrea Garc\u00eda<\/span><\/td>\n<\/tr>\n<tr style=\"height: 33px;\">\n<td style=\"width: 53.6902%; height: 33px;\"><span style=\"font-weight: 400;\">Comunitat de Petits Construccions<\/span><\/td>\n<td style=\"width: 121.336%; height: 33px;\">Inma Serrano i Cristina Miguel<\/td>\n<\/tr>\n<tr style=\"height: 33px;\">\n<td style=\"width: 53.6902%; height: 33px;\"><span style=\"font-weight: 400;\">Primer<\/span><\/td>\n<td style=\"width: 121.336%; height: 33px;\">Marta Riera<\/td>\n<\/tr>\n<tr style=\"height: 33px;\">\n<td style=\"width: 53.6902%; height: 33px;\"><span style=\"font-weight: 400;\">Segon<\/span><\/td>\n<td style=\"width: 121.336%; height: 33px;\">Sara Catal\u00e1n<\/td>\n<\/tr>\n<tr style=\"height: 33px;\">\n<td style=\"width: 53.6902%; height: 33px;\"><span style=\"font-weight: 400;\">Tercer<\/span><\/td>\n<td style=\"width: 121.336%; height: 33px;\">N\u00faria Pradas<\/td>\n<\/tr>\n<tr style=\"height: 33px;\">\n<td style=\"width: 53.6902%; height: 33px;\"><span style=\"font-weight: 400;\">Quart<\/span><\/td>\n<td style=\"width: 121.336%; height: 33px;\">Mireia Farr\u00e9\/Carla Lozano<\/td>\n<\/tr>\n<tr style=\"height: 33px;\">\n<td style=\"width: 53.6902%; height: 33px;\">Cinqu\u00e8<\/td>\n<td style=\"width: 121.336%; height: 33px;\">Jenifer Arroyo<\/td>\n<\/tr>\n<tr style=\"height: 33px;\">\n<td style=\"width: 53.6902%; height: 33px;\"><span style=\"font-weight: 400;\">Sis\u00e8<\/span><\/td>\n<td style=\"width: 121.336%; height: 33px;\">Laia Tarrag\u00f3<\/td>\n<\/tr>\n<tr style=\"height: 33px;\">\n<td style=\"width: 53.6902%; height: 33px;\"><span style=\"font-weight: 400;\">Refor\u00e7 cicle superior\u00a0\u00a0\u00a0\u00a0<\/span><\/td>\n<td style=\"width: 121.336%; height: 33px;\">Marian Espert<\/td>\n<\/tr>\n<tr style=\"height: 33px;\">\n<td style=\"width: 53.6902%; height: 33px;\"><span style=\"font-weight: 400;\">Especialista d&#8217;atenci\u00f3 a la diversitat\u00a0 \u00a0\u00a0<\/span><\/td>\n<td style=\"width: 121.336%; height: 33px;\">Marian Espert<\/td>\n<\/tr>\n<tr style=\"height: 33px;\">\n<td style=\"width: 53.6902%; height: 33px;\"><span style=\"font-weight: 400;\">Especialista d\u2019educaci\u00f3 f\u00edsica CI\u00a0\u00a0\u00a0<\/span><\/td>\n<td style=\"width: 121.336%; height: 33px;\"><span style=\"font-weight: 400;\">Sara Catal\u00e1n<\/span><\/td>\n<\/tr>\n<tr style=\"height: 33px;\">\n<td style=\"width: 53.6902%; height: 33px;\"><span style=\"font-weight: 400;\">Especialista d\u2019ed. f\u00edsica CM i CS<\/span><\/td>\n<td style=\"width: 121.336%; height: 33px;\"><span style=\"font-weight: 400;\">S\u00f2nia Gim\u00e9nez\u00a0<\/span><\/td>\n<\/tr>\n<tr style=\"height: 33px;\">\n<td style=\"width: 53.6902%; height: 33px;\"><span style=\"font-weight: 400;\">Especialista d\u2019ed. musical<\/span><\/td>\n<td style=\"width: 121.336%; height: 33px;\"><span style=\"font-weight: 400;\">Maria Ayguad\u00e9<\/span><\/td>\n<\/tr>\n<tr style=\"height: 33px;\">\n<td style=\"width: 53.6902%; height: 33px;\"><span style=\"font-weight: 400;\">Especialista de llengua estrangera: angl\u00e8s\u00a0\u00a0\u00a0<\/span><\/td>\n<td style=\"width: 121.336%; height: 33px;\"><span style=\"font-weight: 400;\">Anna S\u00e1nchez (INF i CI) i Alba Barranco (CM i CS)\u00a0<\/span><\/td>\n<\/tr>\n<tr style=\"height: 33px;\">\n<td style=\"width: 53.6902%; height: 33px;\"><span style=\"font-weight: 400;\">Refor\u00e7 Cicle Mitj\u00e0<\/span><\/td>\n<td style=\"width: 121.336%; height: 33px;\"><span style=\"font-weight: 400;\">Karol Burillo<\/span><\/td>\n<\/tr>\n<tr style=\"height: 33px;\">\n<td style=\"width: 53.6902%; height: 33px;\"><span style=\"font-weight: 400;\">Vetlladora\u00a0<\/span><\/td>\n<td style=\"width: 121.336%; height: 33px;\">Ana S\u00e1nchez<\/td>\n<\/tr>\n<tr style=\"height: 33px;\">\n<td style=\"width: 53.6902%; height: 33px;\"><span style=\"font-weight: 400;\">Assessora pl\u00e0stica<\/span><\/td>\n<td style=\"width: 121.336%; height: 33px;\"><span style=\"font-weight: 400;\">Mart\u00ed Aguilar<\/span><\/td>\n<\/tr>\n<tr style=\"height: 33px;\">\n<td style=\"width: 53.6902%; height: 33px;\"><span style=\"font-weight: 400;\">Mestres jubilats col\u00b7laboradors<br \/>\n<\/span><\/td>\n<td style=\"width: 121.336%; height: 33px;\"><span style=\"font-weight: 400;\">Dom\u00e8nec Anguera<br \/>\n<\/span><\/td>\n<\/tr>\n<tr style=\"height: 33px;\">\n<td style=\"width: 53.6902%; height: 33px;\"><span style=\"font-weight: 400;\">Membre EAP (Equip assessorament psicopedag\u00f2gic)<\/span><\/td>\n<td style=\"width: 121.336%; height: 33px;\"><span style=\"font-weight: 400;\">\u00c0lex P\u00e9rez<\/span><\/td>\n<\/tr>\n<tr style=\"height: 33px;\">\n<td style=\"width: 53.6902%; height: 33px;\"><span style=\"font-weight: 400;\">Membre CREDA<\/span><\/td>\n<td style=\"width: 121.336%; height: 33px;\"><span style=\"font-weight: 400;\">Elisenda Mart\u00ednez<\/span><\/td>\n<\/tr>\n<tr style=\"height: 33px;\">\n<td style=\"width: 53.6902%; height: 33px;\"><span style=\"font-weight: 400;\">Fisioterapeuta<\/span><\/td>\n<td style=\"width: 121.336%; height: 33px;\"><span style=\"font-weight: 400;\">Neus Artiga<\/span><\/td>\n<\/tr>\n<tr style=\"height: 33px;\">\n<td style=\"width: 53.6902%; height: 33px;\"><span style=\"font-weight: 400;\">Administratiu<\/span><\/td>\n<td style=\"width: 121.336%; height: 33px;\"><span style=\"font-weight: 400;\">Rosa Dom\u00ednguez<\/span><\/td>\n<\/tr>\n<tr style=\"height: 33px;\">\n<td style=\"width: 53.6902%; height: 33px;\"><span style=\"font-weight: 400;\">Conserge<\/span><\/td>\n<td style=\"width: 121.336%; height: 33px;\"><span style=\"font-weight: 400;\">Ester G\u00f3mez<\/span><\/td>\n<\/tr>\n<tr style=\"height: 135px;\">\n<td style=\"width: 53.6902%; height: 61px;\"><span style=\"font-weight: 400;\">Cuineres\u00a0<\/span><\/td>\n<td style=\"width: 121.336%; height: 61px;\">\n<h6><span style=\"font-weight: 400;\">Al\u00edcia Valladares<\/span><\/h6>\n<h6><span style=\"font-weight: 400;\">Carmen Yeguas<\/span><\/h6>\n<p>Laila El Makahari<\/td>\n<\/tr>\n<tr style=\"height: 97px;\">\n<td style=\"width: 53.6902%; height: 63px;\"><span style=\"font-weight: 400;\">Feineres<\/span><\/td>\n<td style=\"width: 121.336%; height: 63px;\">\n<h6><span style=\"font-weight: 400;\">Maritza Figueroa<\/span><\/h6>\n<h6><span style=\"font-weight: 400;\">Maria Isabel Moreno<\/span><\/h6>\n<\/td>\n<\/tr>\n<tr style=\"height: 33px;\">\n<td style=\"width: 175.026%; height: 33px;\" colspan=\"2\"><b>MONITORATGE DE MENJADOR<\/b><\/td>\n<\/tr>\n<tr style=\"height: 33px;\">\n<td style=\"width: 53.6902%; height: 33px;\"><span style=\"font-weight: 400;\">Coordinadora espai de migdia (Fundesplai)\u00a0<\/span><\/td>\n<td style=\"width: 121.336%; height: 33px;\">Maria Feliu<\/td>\n<\/tr>\n<tr style=\"height: 97px;\">\n<td style=\"width: 53.6902%; height: 10px;\"><span style=\"font-weight: 400;\">Monitora comunitat de j<\/span><span style=\"font-weight: 400;\">oc simb\u00f2lic<\/span><\/td>\n<td style=\"width: 121.336%; height: 10px;\">Noelia Ruiz<\/td>\n<\/tr>\n<tr style=\"height: 33px;\">\n<td style=\"width: 53.6902%; height: 33px;\"><span style=\"font-weight: 400;\">Monitora comunitat petits <\/span><span style=\"font-weight: 400;\">Llum<\/span><\/td>\n<td style=\"width: 121.336%; height: 33px;\">Espe Bonilla<\/td>\n<\/tr>\n<tr style=\"height: 33px;\">\n<td style=\"width: 53.6902%; height: 33px;\"><span style=\"font-weight: 400;\">Monitor comunitat petits <\/span><span style=\"font-weight: 400;\">Natura<\/span><\/td>\n<td style=\"width: 121.336%; height: 33px;\">M\u00aa \u00c0ngels Caballero<\/td>\n<\/tr>\n<tr style=\"height: 33px;\">\n<td style=\"width: 53.6902%; height: 33px;\"><span style=\"font-weight: 400;\">Monitora construccions\u00a0<\/span><\/td>\n<td style=\"width: 121.336%; height: 33px;\">Blanca Navarro<\/td>\n<\/tr>\n<tr style=\"height: 33px;\">\n<td style=\"width: 53.6902%; height: 33px;\"><span style=\"font-weight: 400;\">Monitora 1r<\/span><\/td>\n<td style=\"width: 121.336%; height: 33px;\">Maria Garc\u00eda<\/td>\n<\/tr>\n<tr style=\"height: 33px;\">\n<td style=\"width: 53.6902%; height: 33px;\"><span style=\"font-weight: 400;\">Monitora 2n<\/span><\/td>\n<td style=\"width: 121.336%; height: 33px;\">Meri Donadeu<\/td>\n<\/tr>\n<tr style=\"height: 33px;\">\n<td style=\"width: 53.6902%; height: 33px;\"><span style=\"font-weight: 400;\">Monitora 3r<\/span><\/td>\n<td style=\"width: 121.336%; height: 33px;\">Sandra Guardia<\/td>\n<\/tr>\n<tr style=\"height: 33px;\">\n<td style=\"width: 53.6902%; height: 33px;\"><span style=\"font-weight: 400;\">Monitor 4t<\/span><\/td>\n<td style=\"width: 121.336%; height: 33px;\">Vanessa Hern\u00e1ndez<\/td>\n<\/tr>\n<tr style=\"height: 33px;\">\n<td style=\"width: 53.6902%; height: 33px;\"><span style=\"font-weight: 400;\">Monitora 5\u00e8<\/span><\/td>\n<td style=\"width: 121.336%; height: 33px;\">Gerard Enfedaque<\/td>\n<\/tr>\n<tr style=\"height: 33px;\">\n<td style=\"width: 53.6902%; height: 33px;\"><span style=\"font-weight: 400;\">Monitora 6\u00e8<\/span><\/td>\n<td style=\"width: 121.336%; height: 33px;\">Yeray Garc\u00eda<\/td>\n<\/tr>\n<tr style=\"height: 33px;\">\n<td style=\"width: 53.6902%; height: 33px;\"><span style=\"font-weight: 400;\">Monitor de refor\u00e7<\/span><\/td>\n<td style=\"width: 121.336%; height: 33px;\">Eva Ramos<\/td>\n<\/tr>\n<tr style=\"height: 33px;\">\n<td style=\"width: 53.6902%; height: 33px;\"><span style=\"font-weight: 400;\">Acolliment<\/span><\/td>\n<td style=\"width: 121.336%; height: 33px;\">Noelia, Maria i Yeray (mat\u00ed)<\/p>\n<p>Noelia (tarda)<\/td>\n<\/tr>\n<\/tbody>\n<\/table>\n<p>&nbsp;<\/p>\n","protected":false},"excerpt":{"rendered":"<p>&nbsp; QUI SOM (L&#8217;EQUIP) Si vols con\u00e8ixer millor qui som i posar-nos-hi cara, entra aqu\u00ed. Direcci\u00f3\u00a0\u00a0\u00a0\u00a0\u00a0\u00a0\u00a0 S\u00f2nia Gim\u00e9nez Cap d\u2019estudis\u00a0 Karol Burillo Secretari Alba Barranco Representant infantil\u00a0\u00a0\u00a0\u00a0\u00a0 Isabel Mart\u00ednez Representant prim\u00e0ria\u00a0\u00a0\u00a0\u00a0 Jenifer Arroyo Representant cicle inicial\u00a0 Marta Riera Representant\u00a0cicle mitj\u00e0\u00a0\u00a0\u00a0\u00a0 Alba Barranco\/Karol Burillo Representant cicle superior\u00a0 Jenifer Arroyo Representant projecte patis Karol Burillo Coordinadora digital [&hellip;]<\/p>\n","protected":false},"author":1,"featured_media":0,"parent":22,"menu_order":5,"comment_status":"closed","ping_status":"closed","template":"page-templates\/side-menu.php","meta":{"_bbp_topic_count":0,"_bbp_reply_count":0,"_bbp_total_topic_count":0,"_bbp_total_reply_count":0,"_bbp_voice_count":0,"_bbp_anonymous_reply_count":0,"_bbp_topic_count_hidden":0,"_bbp_reply_count_hidden":0,"_bbp_forum_subforum_count":0,"site-sidebar-layout":"default","site-content-layout":"","ast-site-content-layout":"","site-content-style":"default","site-sidebar-style":"default","ast-global-header-display":"","ast-banner-title-visibility":"","ast-main-header-display":"","ast-hfb-above-header-display":"","ast-hfb-below-header-display":"","ast-hfb-mobile-header-display":"","site-post-title":"","ast-breadcrumbs-content":"","ast-featured-img":"","footer-sml-layout":"","theme-transparent-header-meta":"","adv-header-id-meta":"","stick-header-meta":"","header-above-stick-meta":"","header-main-stick-meta":"","header-below-stick-meta":"","astra-migrate-meta-layouts":"default","ast-page-background-enabled":"default","ast-page-background-meta":{"desktop":{"background-color":"var(--ast-global-color-4)","background-image":"","background-repeat":"repeat","background-position":"center center","background-size":"auto","background-attachment":"scroll","background-type":"","background-media":"","overlay-type":"","overlay-color":"","overlay-opacity":"","overlay-gradient":""},"tablet":{"background-color":"","background-image":"","background-repeat":"repeat","background-position":"center center","background-size":"auto","background-attachment":"scroll","background-type":"","background-media":"","overlay-type":"","overlay-color":"","overlay-opacity":"","overlay-gradient":""},"mobile":{"background-color":"","background-image":"","background-repeat":"repeat","background-position":"center center","background-size":"auto","background-attachment":"scroll","background-type":"","background-media":"","overlay-type":"","overlay-color":"","overlay-opacity":"","overlay-gradient":""}},"ast-content-background-meta":{"desktop":{"background-color":"var(--ast-global-color-5)","background-image":"","background-repeat":"repeat","background-position":"center center","background-size":"auto","background-attachment":"scroll","background-type":"","background-media":"","overlay-type":"","overlay-color":"","overlay-opacity":"","overlay-gradient":""},"tablet":{"background-color":"var(--ast-global-color-5)","background-image":"","background-repeat":"repeat","background-position":"center center","background-size":"auto","background-attachment":"scroll","background-type":"","background-media":"","overlay-type":"","overlay-color":"","overlay-opacity":"","overlay-gradient":""},"mobile":{"background-color":"var(--ast-global-color-5)","background-image":"","background-repeat":"repeat","background-position":"center center","background-size":"auto","background-attachment":"scroll","background-type":"","background-media":"","overlay-type":"","overlay-color":"","overlay-opacity":"","overlay-gradient":""}},"footnotes":""},"class_list":["post-493","page","type-page","status-publish","hentry"],"post_mailing_queue_ids":[],"_links":{"self":[{"href":"https:\/\/agora.xtec.cat\/ceip-lola-anglada-esplugues\/wp-json\/wp\/v2\/pages\/493","targetHints":{"allow":["GET"]}}],"collection":[{"href":"https:\/\/agora.xtec.cat\/ceip-lola-anglada-esplugues\/wp-json\/wp\/v2\/pages"}],"about":[{"href":"https:\/\/agora.xtec.cat\/ceip-lola-anglada-esplugues\/wp-json\/wp\/v2\/types\/page"}],"author":[{"embeddable":true,"href":"https:\/\/agora.xtec.cat\/ceip-lola-anglada-esplugues\/wp-json\/wp\/v2\/users\/1"}],"replies":[{"embeddable":true,"href":"https:\/\/agora.xtec.cat\/ceip-lola-anglada-esplugues\/wp-json\/wp\/v2\/comments?post=493"}],"version-history":[{"count":8,"href":"https:\/\/agora.xtec.cat\/ceip-lola-anglada-esplugues\/wp-json\/wp\/v2\/pages\/493\/revisions"}],"predecessor-version":[{"id":8596,"href":"https:\/\/agora.xtec.cat\/ceip-lola-anglada-esplugues\/wp-json\/wp\/v2\/pages\/493\/revisions\/8596"}],"up":[{"embeddable":true,"href":"https:\/\/agora.xtec.cat\/ceip-lola-anglada-esplugues\/wp-json\/wp\/v2\/pages\/22"}],"wp:attachment":[{"href":"https:\/\/agora.xtec.cat\/ceip-lola-anglada-esplugues\/wp-json\/wp\/v2\/media?parent=493"}],"curies":[{"name":"wp","href":"https:\/\/api.w.org\/{rel}","templated":true}]}}