{"id":26,"date":"2014-09-18T12:24:32","date_gmt":"2014-09-18T11:24:32","guid":{"rendered":"http:\/\/agora.xtec.cat\/ceip-lola-anglada-esplugues\/?page_id=26"},"modified":"2021-11-30T13:29:15","modified_gmt":"2021-11-30T12:29:15","slug":"historia","status":"publish","type":"page","link":"https:\/\/agora.xtec.cat\/ceip-lola-anglada-esplugues\/lescola\/historia\/","title":{"rendered":"Hist\u00f2ria Lola Anglada"},"content":{"rendered":"<p>origen:\u00a0http:\/\/www.xtec.cat\/ceip-lola-anglada-esplugues\/qui.htm<\/p>\n<p><a href=\"http:\/\/agora.xtec.cat\/ceip-lola-anglada-esplugues\/wp-content\/uploads\/usu1507\/2014\/09\/nins.gif\"><img loading=\"lazy\" decoding=\"async\" class=\"alignleft wp-image-503 size-full\" src=\"http:\/\/agora.xtec.cat\/ceip-lola-anglada-esplugues\/wp-content\/uploads\/usu1507\/2014\/09\/nins.gif\" alt=\"nins\" width=\"295\" height=\"191\" \/><\/a>Diuen que pels anys 79\/80 en una caseta amb un jard\u00ed molt gran ple de llimoners, presseguers, codonyers&#8230; . del carrer Josep Rodoreda, n\u00famero 9, un grup de pares i mares, van pensar que podrien fer una escola on la llengua catalana, les nostres costums i les nostres arrels hi fossin presents en tot moment. 8 infants, una mestra, la Montse Recasens, un conill, i una cuinera, la Conxita Martinez, van ser la primera experi\u00e8ncia.<\/p>\n<p>Va funcionar.<br \/>\nL&#8217;any seg\u00fcent ja eren 12 i 16 infants, dues mestres, el conill i la cuinera..<br \/>\nCorre l&#8217;any 1985 quan l&#8217;Ajuntament ens fa l&#8217;escola actual i essent, des dels primers temps, membres del CEPEPC entrem a la xarxa p\u00fablica el mateix any i&#8230; aix\u00ed arribem a l&#8217;any 2010 i l&#8217;escola ja t\u00e9 200 i escaix infants, 16 mestres, cap conill, una cuinera, dues ajudants de cuina, un conserje, una secret\u00e0ria, dues feineres, un equip de monitors de menjador, i una pila de pares i mares.<br \/>\nI des del comen\u00e7ament fins ara anem fent escola, que \u00e9s el que hem de fer.<\/p>\n<p>Ara el 2010, ja fa uns quants anys, 30, que aquests primers personatges van posar els peus a l&#8217;edifici de Josep Rodoreda, ara ho comencen a fer els seus fills i filles&#8230;<br \/>\nCom corre el temps&#8230;.si en teniu ganes i voleu, poseu-vos en contacte amb nosaltres perqu\u00e8 l&#8217;hem de fer grossa&#8230; o&#8230; petita.<\/p>\n<p>origen:\u00a0http:\/\/www.xtec.cat\/ceip-lola-anglada-esplugues\/lola.htm<\/p>\n<p><a href=\"http:\/\/agora.xtec.cat\/ceip-lola-anglada-esplugues\/wp-content\/uploads\/usu1507\/2014\/09\/Lola-Anglada.jpg\"><img loading=\"lazy\" decoding=\"async\" class=\"alignleft size-full wp-image-504\" src=\"http:\/\/agora.xtec.cat\/ceip-lola-anglada-esplugues\/wp-content\/uploads\/usu1507\/2014\/09\/Lola-Anglada.jpg\" alt=\"lola-anglada\" width=\"320\" height=\"255\" srcset=\"https:\/\/agora.xtec.cat\/ceip-lola-anglada-esplugues\/wp-content\/uploads\/usu1507\/2014\/09\/Lola-Anglada.jpg 320w, https:\/\/agora.xtec.cat\/ceip-lola-anglada-esplugues\/wp-content\/uploads\/usu1507\/2014\/09\/Lola-Anglada-300x239.jpg 300w\" sizes=\"auto, (max-width: 320px) 100vw, 320px\" \/><\/a>Lola Anglada i Sarriera neix a Barcelona el 1896. Narradora per a infants i dibuixant. Colabor\u00e0 des de molt jove a gaireb\u00e9 totes les revistes infantils catalanes de l&#8217;\u00e8poca i arrib\u00e0 a esdevenir una de les escriptores m\u00e9s representatives del g\u00e8nere a la pre-guerra. El 1920 aparegu\u00e9 el seu primer llibre, Contes del parad\u00eds, i el 1928 obtingu\u00e9 un gran exit amb, En Peret, hist\u00f2ria meravellosa il.lustrada per ella mateixa, com tots els seus llibres.<br \/>\nD&#8217;estil semblant, s\u00f3n entre d&#8217;altres, Margarida (1929), Montsenyor Llangardaix (1929), i Martinet (1960). Tamb\u00e9 \u00e9s autora d&#8217; El m\u00e9s petit de tots (1937), editat pel Comissionat de Propaganda de la Generalitat.<br \/>\nSigna els seus dibuixos Lola A.<br \/>\nT\u00e9 obres al Museu d&#8217;Art Modern de Catalunya i \u00e9s famosa la seva col.lecci\u00f3 de nines, instalada avui a Sitges.<br \/>\nEl primer any d&#8217;escola els 8 infants i la mestra van con\u00e8ixer a la Lola Anglada en una visita a Tiana. M\u00e9s tard, el mar\u00e7 de l&#8217;any 1984 una representaci\u00f3 de les fam\u00edlies de l&#8217;escola hi van tornar. Van trobar una senyora molt gran i molt entranyable, que les va rebre voltada de dibuixos i nines. Del moment en resta un retrat, fet per la Mariona Mill\u00e0.<br \/>\nLola Anglada mor a Tiana a finals de l&#8217;any 1984<\/p>\n<p>&nbsp;<\/p>\n<header class=\"entry-header\">\n<h1 class=\"entry-title\">D\u2019on venim?<\/h1>\n<\/header>\n<div class=\"entry-content\">\n<p>&nbsp;<\/p>\n<p>L\u2019escola Lola Anglada, fundada l\u2019any 1979-80, va n\u00e9ixer com una cooperativa de pares i mares i s\u2019integra en el col\u00b7lectiu d\u2019escoles del CEPEPC (Col\u00b7lectiu d\u2019escoles per l\u2019escola p\u00fablica catalana).<\/p>\n<p>La idea origin\u00e0ria i que ha impregnat la hist\u00f2ria de l\u2019escola, ha estat la de fer una escola on, no tan sols tingu\u00e9s import\u00e0ncia la transmissi\u00f3 de coneixements de les diferents mat\u00e8ries, sin\u00f3 que tamb\u00e9 es tingu\u00e9s present la formaci\u00f3 personal, c\u00edvica, democr\u00e0tica, solid\u00e0ria i arrelada al pa\u00eds.<br \/>\nL\u2019escola s\u2019estructura com un lloc on els infants no nom\u00e9s acumulen informaci\u00f3, sin\u00f3 com un espai on s\u2019apr\u00e8n a tractar la informaci\u00f3 per tal de tenir recursos i eines per aprendre i progressar. El tracte personalitzat, l\u2019educaci\u00f3 en valors, les col\u00f2nies i sortides, les festes, els tallers i els eixos transversals encara s\u00f3n trets caracter\u00edstics de l\u2019escola.<\/p>\n<p>L\u2019escola es va iniciar amb 8 infants de primer curs , una mestra i una cuinera i estava ubicada a una \u201ctorreta\u201d de la carretera de Cornell\u00e0.<br \/>\nEl curs 1985-1986 l\u2019escola s\u2019integra a la xarxa p\u00fablica i s\u2019inaugura l\u2019actual edifici. La Cooperativa de Pares i Mares perd la titularitat a favor de la Generalitat de Catalunya. \u00c9s llavors quan neix l\u2019Associaci\u00f3 de Pares i Mares d\u2019alumnes, que t\u00e9 per objectiu fonamental fer costat a l\u2019escola ajudant a dinamitzar-la i dotar-la de m\u00e9s recursos.<\/p>\n<p>L\u2019escola Lola Anglada va ser un dels primers centres PAC (projecte d\u2019autonomia de centre), i ho va ser durant dos per\u00edodes complerts: 2005-2009 (<strong>PAC05<\/strong>) i 2010-2014 (<strong>PAC05 renovat<\/strong>). Gr\u00e0cies a aquesta experi\u00e8ncia, el centre t\u00e9 molt integrada la planificaci\u00f3 estrat\u00e8gica en les seves din\u00e0miques i es troba immers en una l\u00ednia de consolidaci\u00f3 i manteniment de processos i activitats amb l\u2019objectiu de millorar les compet\u00e8ncies de l\u2019alumnat . El centre ha incorporat una cultura avaluativa i de reflexi\u00f3 de la nostra praxi educativa. \u00c9s a dir, ens trobem enmig d\u2019un proc\u00e9s de millora continua.<\/p>\n<\/div>\n","protected":false},"excerpt":{"rendered":"<p>origen:\u00a0http:\/\/www.xtec.cat\/ceip-lola-anglada-esplugues\/qui.htm Diuen que pels anys 79\/80 en una caseta amb un jard\u00ed molt gran ple de llimoners, presseguers, codonyers&#8230; . del carrer Josep Rodoreda, n\u00famero 9, un grup de pares i mares, van pensar que podrien fer una escola on la llengua catalana, les nostres costums i les nostres arrels hi fossin presents en tot [&hellip;]<\/p>\n","protected":false},"author":1,"featured_media":0,"parent":22,"menu_order":4,"comment_status":"closed","ping_status":"closed","template":"page-templates\/side-menu.php","meta":{"_bbp_topic_count":0,"_bbp_reply_count":0,"_bbp_total_topic_count":0,"_bbp_total_reply_count":0,"_bbp_voice_count":0,"_bbp_anonymous_reply_count":0,"_bbp_topic_count_hidden":0,"_bbp_reply_count_hidden":0,"_bbp_forum_subforum_count":0,"site-sidebar-layout":"default","site-content-layout":"","ast-site-content-layout":"","site-content-style":"default","site-sidebar-style":"default","ast-global-header-display":"","ast-banner-title-visibility":"","ast-main-header-display":"","ast-hfb-above-header-display":"","ast-hfb-below-header-display":"","ast-hfb-mobile-header-display":"","site-post-title":"","ast-breadcrumbs-content":"","ast-featured-img":"","footer-sml-layout":"","theme-transparent-header-meta":"","adv-header-id-meta":"","stick-header-meta":"","header-above-stick-meta":"","header-main-stick-meta":"","header-below-stick-meta":"","astra-migrate-meta-layouts":"default","ast-page-background-enabled":"default","ast-page-background-meta":{"desktop":{"background-color":"var(--ast-global-color-4)","background-image":"","background-repeat":"repeat","background-position":"center center","background-size":"auto","background-attachment":"scroll","background-type":"","background-media":"","overlay-type":"","overlay-color":"","overlay-opacity":"","overlay-gradient":""},"tablet":{"background-color":"","background-image":"","background-repeat":"repeat","background-position":"center center","background-size":"auto","background-attachment":"scroll","background-type":"","background-media":"","overlay-type":"","overlay-color":"","overlay-opacity":"","overlay-gradient":""},"mobile":{"background-color":"","background-image":"","background-repeat":"repeat","background-position":"center center","background-size":"auto","background-attachment":"scroll","background-type":"","background-media":"","overlay-type":"","overlay-color":"","overlay-opacity":"","overlay-gradient":""}},"ast-content-background-meta":{"desktop":{"background-color":"var(--ast-global-color-5)","background-image":"","background-repeat":"repeat","background-position":"center center","background-size":"auto","background-attachment":"scroll","background-type":"","background-media":"","overlay-type":"","overlay-color":"","overlay-opacity":"","overlay-gradient":""},"tablet":{"background-color":"var(--ast-global-color-5)","background-image":"","background-repeat":"repeat","background-position":"center center","background-size":"auto","background-attachment":"scroll","background-type":"","background-media":"","overlay-type":"","overlay-color":"","overlay-opacity":"","overlay-gradient":""},"mobile":{"background-color":"var(--ast-global-color-5)","background-image":"","background-repeat":"repeat","background-position":"center center","background-size":"auto","background-attachment":"scroll","background-type":"","background-media":"","overlay-type":"","overlay-color":"","overlay-opacity":"","overlay-gradient":""}},"footnotes":""},"class_list":["post-26","page","type-page","status-publish","hentry"],"post_mailing_queue_ids":[],"_links":{"self":[{"href":"https:\/\/agora.xtec.cat\/ceip-lola-anglada-esplugues\/wp-json\/wp\/v2\/pages\/26","targetHints":{"allow":["GET"]}}],"collection":[{"href":"https:\/\/agora.xtec.cat\/ceip-lola-anglada-esplugues\/wp-json\/wp\/v2\/pages"}],"about":[{"href":"https:\/\/agora.xtec.cat\/ceip-lola-anglada-esplugues\/wp-json\/wp\/v2\/types\/page"}],"author":[{"embeddable":true,"href":"https:\/\/agora.xtec.cat\/ceip-lola-anglada-esplugues\/wp-json\/wp\/v2\/users\/1"}],"replies":[{"embeddable":true,"href":"https:\/\/agora.xtec.cat\/ceip-lola-anglada-esplugues\/wp-json\/wp\/v2\/comments?post=26"}],"version-history":[{"count":4,"href":"https:\/\/agora.xtec.cat\/ceip-lola-anglada-esplugues\/wp-json\/wp\/v2\/pages\/26\/revisions"}],"predecessor-version":[{"id":5490,"href":"https:\/\/agora.xtec.cat\/ceip-lola-anglada-esplugues\/wp-json\/wp\/v2\/pages\/26\/revisions\/5490"}],"up":[{"embeddable":true,"href":"https:\/\/agora.xtec.cat\/ceip-lola-anglada-esplugues\/wp-json\/wp\/v2\/pages\/22"}],"wp:attachment":[{"href":"https:\/\/agora.xtec.cat\/ceip-lola-anglada-esplugues\/wp-json\/wp\/v2\/media?parent=26"}],"curies":[{"name":"wp","href":"https:\/\/api.w.org\/{rel}","templated":true}]}}