{"id":487,"date":"2016-03-08T22:53:27","date_gmt":"2016-03-08T21:53:27","guid":{"rendered":"http:\/\/agora.xtec.cat\/ceip-lola-anglada-badalona\/?page_id=487"},"modified":"2020-04-11T17:53:38","modified_gmt":"2020-04-11T15:53:38","slug":"el-mes-petit-de-tots","status":"publish","type":"page","link":"https:\/\/agora.xtec.cat\/ceip-lola-anglada-badalona\/comunitat-educativa\/el-mes-petit-de-tots\/","title":{"rendered":"Colla de gegants &#8220;EL M\u00e9s Petit de Tots&#8221;"},"content":{"rendered":"<p>La nostra escola, fruit de participar en festes tradicionals de la ciutat, t\u00e9 una colla gegantera que es va engegar arran de la celebraci\u00f3 dels 75 anys de l&#8217;escola cap el 2005, quan\u00a0es va presentar una comparsa de 4 capgrossos comprats especialment per a l&#8217;acte.<\/p>\n<p>Un any despr\u00e9s va comen\u00e7ar el projecte de realitzaci\u00f3 d&#8217;uns gegants per a l&#8217;escola. Entre el 2006 i 2007 es va estar realitzant <em>El M\u00e9s Petit<\/em> amb l&#8217;assessorament dels Geganters de Badalona, i en especial de Lourdes Cartr\u00f3. Finalment, el 7 de maig de 2007, i dins dels actes del Badagegants, es va presentar <em>El M\u00e9s Petit de Tots<\/em>.<\/p>\n<p>La cosa no acaba aqu\u00ed, i \u00e9s que el curs seg\u00fcent (2007-08), alumnes i mestres es posen mans a l&#8217;obra per tal de construir-li una parella al gegantet. Aix\u00ed naixeria la Margarideta que, juntament amb un parell de capgrossos m\u00e9s, es va estrenar durant la Cercavila Petita, celebrada el 3 de maig de 2008.<\/p>\n<p>El M\u00e9s Petit de Tots ens ve a representar un dels emblemes m\u00e9s caracter\u00edstics de la postguerra de la dibuixant Lola Anglada. Aquest curi\u00f3s personatge sorgeix de quan la Catalunya democr\u00e0tica, que estava en contra del feixisme, volia tenir una mascota pr\u00f2pia. D&#8217;aquesta manera, va ser com l&#8217;escultor Antoni Paredes va crear una estatueta en forma de nen que representava un petit milici\u00e0 i que duia una gorra fr\u00edgida. Posteriorment, van encarregar\u00a0a Lola Anglada un llibre, amb el text i il\u00b7lustracions, que va donar vida a El M\u00e9s Petit de Tots (aquest nom sorgeix de la lletra de la popular can\u00e7\u00f3 \u201cEls Tres Tambors\u201d, i que a la vegada reivindicava els drets de Catalunya)<\/p>\n<p>Pel que fa la Margarideta, aquesta ens d\u00f3na a con\u00e8ixer una altra de les obres de Lola Anglada. L\u2019any 1928 l&#8217;autora presenta un llibre, de t\u00edtol hom\u00f2nim al de la protagonista (Margarida), on una nena, de no m\u00e9s de 10 anys i contempor\u00e0nia de principis del segle XX, viu una s\u00e8rie d\u2019aventures i curiositats durant les quatre estacions de l\u2019any. Durant aquest \u201cpetit\u201d trajecte li fa companyia una nina de nom Hort\u00e8nsia.<\/p>\n<p>Aquesta parelleta de gegantons, juntament amb els seus capgrossos , tenen un ball i una m\u00fasica pr\u00f2pia. Es tracta de <em>El m\u00e9s petit de tots<\/em>, on la comparsa ofereix un ball on els capgrossos hi tenen for\u00e7a protagonisme. A m\u00e9s, durant les Festes de Maig de 2009 estrenen una nova coreografia amb la pe\u00e7a musical del ball de Sant Ferriol.<\/p>\n\r\n\t<div class=\"slideshow_container slideshow_container_style-light\" style=\" \" data-slideshow-id=\"489\" data-style-name=\"style-light\" data-style-version=\"2.3.1\" >\r\n\r\n\t\t\t\t\t<div class=\"slideshow_loading_icon\"><\/div>\r\n\t\t\r\n\t\t<div class=\"slideshow_content\" style=\"display: none;\">\r\n\r\n\t\t\t<div class=\"slideshow_view\">\r\n\t\t\t\t<div class=\"slideshow_slide slideshow_slide_image\">\r\n\t\t\t\t\t\t\t\t\t\t\t<img src=\"https:\/\/agora.xtec.cat\/ceip-lola-anglada-badalona\/wp-content\/uploads\/usu494\/2016\/03\/Sin-t\u00edtulo.jpg\" alt=\"Sin t\u00edtulo\" width=\"1293\" height=\"731\" \/>\r\n\t\t\t\t\t\t\t\t\t\t<div class=\"slideshow_description_box slideshow_transparent\">\r\n\t\t\t\t\t\t<div class=\"slideshow_title\">Sin t\u00edtulo<\/div>\t\t\t\t\t\t\t\t\t\t\t<\/div>\r\n\t\t\t\t<\/div>\r\n\r\n\t\t\t\t\t\t<div style=\"clear: both;\"><\/div><\/div><div class=\"slideshow_view\">\r\n\t\t\t\t<div class=\"slideshow_slide slideshow_slide_image\">\r\n\t\t\t\t\t\t\t\t\t\t\t<img src=\"https:\/\/agora.xtec.cat\/ceip-lola-anglada-badalona\/wp-content\/uploads\/usu494\/2016\/03\/2012-04-14-11-31-36.jpg\" alt=\"2012-04-14-11-31-36\" width=\"1536\" height=\"2048\" \/>\r\n\t\t\t\t\t\t\t\t\t\t<div class=\"slideshow_description_box slideshow_transparent\">\r\n\t\t\t\t\t\t<div class=\"slideshow_title\">2012-04-14-11-31-36<\/div>\t\t\t\t\t\t\t\t\t\t\t<\/div>\r\n\t\t\t\t<\/div>\r\n\r\n\t\t\t\t\t\t<div style=\"clear: both;\"><\/div><\/div><div class=\"slideshow_view\">\r\n\t\t\t\t<div class=\"slideshow_slide slideshow_slide_image\">\r\n\t\t\t\t\t\t\t\t\t\t\t<img src=\"https:\/\/agora.xtec.cat\/ceip-lola-anglada-badalona\/wp-content\/uploads\/usu494\/2016\/03\/2012-04-14-11-31-43.jpg\" alt=\"2012-04-14-11-31-43\" width=\"1536\" height=\"2048\" \/>\r\n\t\t\t\t\t\t\t\t\t\t<div class=\"slideshow_description_box slideshow_transparent\">\r\n\t\t\t\t\t\t<div class=\"slideshow_title\">2012-04-14-11-31-43<\/div>\t\t\t\t\t\t\t\t\t\t\t<\/div>\r\n\t\t\t\t<\/div>\r\n\r\n\t\t\t\t\t\t<div style=\"clear: both;\"><\/div><\/div><div class=\"slideshow_view\">\r\n\t\t\t\t<div class=\"slideshow_slide slideshow_slide_image\">\r\n\t\t\t\t\t\t\t\t\t\t\t<img src=\"https:\/\/agora.xtec.cat\/ceip-lola-anglada-badalona\/wp-content\/uploads\/usu494\/2016\/03\/2012-04-14-11-31-49.jpg\" alt=\"2012-04-14-11-31-49\" width=\"1536\" height=\"2048\" \/>\r\n\t\t\t\t\t\t\t\t\t\t<div class=\"slideshow_description_box slideshow_transparent\">\r\n\t\t\t\t\t\t<div class=\"slideshow_title\">2012-04-14-11-31-49<\/div>\t\t\t\t\t\t\t\t\t\t\t<\/div>\r\n\t\t\t\t<\/div>\r\n\r\n\t\t\t\t\t\t<div style=\"clear: both;\"><\/div><\/div><div class=\"slideshow_view\">\r\n\t\t\t\t<div class=\"slideshow_slide slideshow_slide_image\">\r\n\t\t\t\t\t\t\t\t\t\t\t<img src=\"https:\/\/agora.xtec.cat\/ceip-lola-anglada-badalona\/wp-content\/uploads\/usu494\/2016\/03\/2012-04-14-11-31-56.jpg\" alt=\"2012-04-14-11-31-56\" width=\"1536\" height=\"2048\" \/>\r\n\t\t\t\t\t\t\t\t\t\t<div class=\"slideshow_description_box slideshow_transparent\">\r\n\t\t\t\t\t\t<div class=\"slideshow_title\">2012-04-14-11-31-56<\/div>\t\t\t\t\t\t\t\t\t\t\t<\/div>\r\n\t\t\t\t<\/div>\r\n\r\n\t\t\t\t\t\t<div style=\"clear: both;\"><\/div><\/div><div class=\"slideshow_view\">\r\n\t\t\t\t<div class=\"slideshow_slide slideshow_slide_image\">\r\n\t\t\t\t\t\t\t\t\t\t\t<img src=\"https:\/\/agora.xtec.cat\/ceip-lola-anglada-badalona\/wp-content\/uploads\/usu494\/2016\/03\/imagen-011.jpg\" alt=\"imagen-011\" width=\"1600\" height=\"1198\" \/>\r\n\t\t\t\t\t\t\t\t\t\t<div class=\"slideshow_description_box slideshow_transparent\">\r\n\t\t\t\t\t\t<div class=\"slideshow_title\">imagen-011<\/div>\t\t\t\t\t\t\t\t\t\t\t<\/div>\r\n\t\t\t\t<\/div>\r\n\r\n\t\t\t\t\t\t<div style=\"clear: both;\"><\/div><\/div><div class=\"slideshow_view\">\r\n\t\t\t\t<div class=\"slideshow_slide slideshow_slide_image\">\r\n\t\t\t\t\t\t\t\t\t\t\t<img src=\"https:\/\/agora.xtec.cat\/ceip-lola-anglada-badalona\/wp-content\/uploads\/usu494\/2016\/03\/drac.bmp\" alt=\"drac\" width=\"368\" height=\"275\" \/>\r\n\t\t\t\t\t\t\t\t\t\t<div class=\"slideshow_description_box slideshow_transparent\">\r\n\t\t\t\t\t\t<div class=\"slideshow_title\">drac<\/div>\t\t\t\t\t\t\t\t\t\t\t<\/div>\r\n\t\t\t\t<\/div>\r\n\r\n\t\t\t\t\t\t<div style=\"clear: both;\"><\/div><\/div><div class=\"slideshow_view\">\r\n\t\t\t\t<div class=\"slideshow_slide slideshow_slide_image\">\r\n\t\t\t\t\t\t\t\t\t\t\t<img src=\"https:\/\/agora.xtec.cat\/ceip-lola-anglada-badalona\/wp-content\/uploads\/usu494\/2016\/03\/capgrossos.jpg\" alt=\"capgrossos\" width=\"2048\" height=\"1536\" \/>\r\n\t\t\t\t\t\t\t\t\t\t<div class=\"slideshow_description_box slideshow_transparent\">\r\n\t\t\t\t\t\t<div class=\"slideshow_title\">capgrossos<\/div>\t\t\t\t\t\t\t\t\t\t\t<\/div>\r\n\t\t\t\t<\/div>\r\n\r\n\t\t\t\t\t\t<div style=\"clear: both;\"><\/div><\/div>\r\n\t\t<\/div>\r\n\r\n\t\t<div class=\"slideshow_controlPanel slideshow_transparent\" style=\"display: none;\"><ul><li class=\"slideshow_togglePlay\" data-play-text=\"Visualitza\" data-pause-text=\"Pausa\"><\/li><\/ul><\/div>\r\n\r\n\t\t<div class=\"slideshow_button slideshow_previous slideshow_transparent\" role=\"button\" data-previous-text=\"Anterior\" style=\"display: none;\"><\/div>\r\n\t\t<div class=\"slideshow_button slideshow_next slideshow_transparent\" role=\"button\" data-next-text=\"Seg\u00fcent\" style=\"display: none;\"><\/div>\r\n\r\n\t\t<div class=\"slideshow_pagination\" style=\"display: none;\" data-go-to-text=\"V\u00e9s a la diapositiva\"><div class=\"slideshow_pagination_center\"><\/div><\/div>\r\n\r\n\t\t<!-- WordPress Slideshow Version 2.3.1 -->\r\n\r\n\t\t\t<\/div>\r\n\r\n\n<p>A banda dels dos gegantons \u00a0l\u2019escola tamb\u00e9 compta amb quatre capgrossos, que s\u00f3n:<\/p>\n<ul>\n<li>La Mariona: tota presumida amb el seu vestit Blau.<\/li>\n<li>En Barretina: un noiet ben eixerit i belluguet.<\/li>\n<li>En Pitus: que com a bon drac sempre que pot fa alguna flamarada<\/li>\n<li>I en Dimoniet: petitet per\u00f2 molt entremaliat. Vigileu no us faci alguna malifeta!<\/li>\n<\/ul>\n<p>En els darrers anys tamb\u00e9 hem constru\u00eft dos cap-grossos cavalls que acompanyen als gegants i als altres capgrossos ballant la dansa \u201c La tarantel.la \u201c .<\/p>\n<p>Si voleu formar part de la nostra colla ja ho sabeu, nom\u00e9s cal que envieu un missatge al correu:\u00a0 <a href=\"mailto:geganters.el.mes.petit.de.tots@gmail.com\" target=\"_blank\" rel=\"noopener noreferrer\">geganters.el.mes.petit.de.<wbr \/>tots@gmail.com<\/a> . Animeu-vos! us ho passareu molt b\u00e9!<\/p>\n<p>Tamb\u00e9 podeu trobar m\u00e9s informaci\u00f3 a<\/p>\n<p><a href=\"https:\/\/ampalolaanglada.wordpress.com\/colla-de-geganters-el-mes-petit-de-tots\/\" target=\"_blank\" rel=\"noopener noreferrer\">https:\/\/ampalolaanglada.<wbr \/>wordpress.com\/colla-de-<wbr \/>geganters-el-mes-petit-de-<wbr \/>tots\/<\/a><\/p>\n<p>&nbsp;<\/p>\n","protected":false},"excerpt":{"rendered":"<p>La nostra escola, fruit de participar en festes tradicionals de la ciutat, t\u00e9 una colla gegantera que es va engegar arran de la celebraci\u00f3 dels 75 anys de l&#8217;escola cap el 2005, quan\u00a0es va presentar una comparsa de 4 capgrossos comprats especialment per a l&#8217;acte.<br \/>\nUn&hellip;  <a href=\"https:\/\/agora.xtec.cat\/ceip-lola-anglada-badalona\/comunitat-educativa\/el-mes-petit-de-tots\/\" title=\"Read Colla de gegants &#8220;EL M\u00e9s Petit de Tots&#8221;\">Llegeix m\u00e9s\u00bb<\/a><\/p>\n","protected":false},"author":1,"featured_media":0,"parent":327,"menu_order":60,"comment_status":"closed","ping_status":"closed","template":"page-templates\/side-menu.php","meta":{"_bbp_topic_count":0,"_bbp_reply_count":0,"_bbp_total_topic_count":0,"_bbp_total_reply_count":0,"_bbp_voice_count":0,"_bbp_anonymous_reply_count":0,"_bbp_topic_count_hidden":0,"_bbp_reply_count_hidden":0,"_bbp_forum_subforum_count":0,"footnotes":""},"class_list":["post-487","page","type-page","status-publish","hentry"],"post_mailing_queue_ids":[],"_links":{"self":[{"href":"https:\/\/agora.xtec.cat\/ceip-lola-anglada-badalona\/wp-json\/wp\/v2\/pages\/487","targetHints":{"allow":["GET"]}}],"collection":[{"href":"https:\/\/agora.xtec.cat\/ceip-lola-anglada-badalona\/wp-json\/wp\/v2\/pages"}],"about":[{"href":"https:\/\/agora.xtec.cat\/ceip-lola-anglada-badalona\/wp-json\/wp\/v2\/types\/page"}],"author":[{"embeddable":true,"href":"https:\/\/agora.xtec.cat\/ceip-lola-anglada-badalona\/wp-json\/wp\/v2\/users\/1"}],"replies":[{"embeddable":true,"href":"https:\/\/agora.xtec.cat\/ceip-lola-anglada-badalona\/wp-json\/wp\/v2\/comments?post=487"}],"version-history":[{"count":3,"href":"https:\/\/agora.xtec.cat\/ceip-lola-anglada-badalona\/wp-json\/wp\/v2\/pages\/487\/revisions"}],"predecessor-version":[{"id":1176,"href":"https:\/\/agora.xtec.cat\/ceip-lola-anglada-badalona\/wp-json\/wp\/v2\/pages\/487\/revisions\/1176"}],"up":[{"embeddable":true,"href":"https:\/\/agora.xtec.cat\/ceip-lola-anglada-badalona\/wp-json\/wp\/v2\/pages\/327"}],"wp:attachment":[{"href":"https:\/\/agora.xtec.cat\/ceip-lola-anglada-badalona\/wp-json\/wp\/v2\/media?parent=487"}],"curies":[{"name":"wp","href":"https:\/\/api.w.org\/{rel}","templated":true}]}}