{"id":393,"date":"2015-11-30T18:49:05","date_gmt":"2015-11-30T17:49:05","guid":{"rendered":"http:\/\/agora.xtec.cat\/ceip-lola-anglada-badalona\/?page_id=393"},"modified":"2016-03-03T18:05:30","modified_gmt":"2016-03-03T17:05:30","slug":"science","status":"publish","type":"page","link":"https:\/\/agora.xtec.cat\/ceip-lola-anglada-badalona\/science\/","title":{"rendered":"SCIENCE"},"content":{"rendered":"<p>Al Cicle Superior fem l\u2019\u00e0rea de Ci\u00e8ncies Naturals en angl\u00e8s. L\u2019objectiu principal \u00e9s millorar la compet\u00e8ncia en llengua anglesa del nostre alumnat. L\u2019\u00e0rea de Ci\u00e8ncies Naturals \u00e9s un bon mitj\u00e0 d\u2019aprendre l\u2019 idioma d\u2019una manera funcional alhora que consolidem de manera natural aspectes de l\u2019aprenentatge formal de la llengua. A m\u00e9s, \u00a0\u00e9s un \u00e0rea de coneixement que resulta motivadora i que facilita l\u2019aprenentatge per la curiositat que desperten els fen\u00f2mens que es relacionen amb el nostre entorn.<\/p>\n<p><span style=\"font-weight: 400;\">Treballem en grups cooperatius fent \u00fas de les noves tecnologies de la informaci\u00f3 i la comunicaci\u00f3. Els alumnes busquen, seleccionen i tracten la informaci\u00f3 amb el suport de la mestra i elaboren presentacions digitals que exposen oralment davant dels seus companys d\u2019aula o d\u2019altres alumnes de l\u2019escola. Potenciem el treball aut\u00f2nom i en equip per tal que desenvolupin habilitats i estrat\u00e8gies que els puguin ser \u00fatils per al seu futur personal i professional.<br \/>\n<\/span><\/p>\n<p><a href=\"http:\/\/agora.xtec.cat\/ceip-lola-anglada-badalona\/wp-content\/uploads\/usu494\/2015\/11\/IMG_0234.jpg\"><img loading=\"lazy\" decoding=\"async\" class=\"  wp-image-394 alignleft\" src=\"http:\/\/agora.xtec.cat\/ceip-lola-anglada-badalona\/wp-content\/uploads\/usu494\/2015\/11\/IMG_0234.jpg\" alt=\"IMG_0234\" width=\"261\" height=\"194\" srcset=\"https:\/\/agora.xtec.cat\/ceip-lola-anglada-badalona\/wp-content\/uploads\/usu494\/2015\/11\/IMG_0234.jpg 800w, https:\/\/agora.xtec.cat\/ceip-lola-anglada-badalona\/wp-content\/uploads\/usu494\/2015\/11\/IMG_0234-300x224.jpg 300w, https:\/\/agora.xtec.cat\/ceip-lola-anglada-badalona\/wp-content\/uploads\/usu494\/2015\/11\/IMG_0234-200x150.jpg 200w\" sizes=\"auto, (max-width: 261px) 100vw, 261px\" \/><\/a><a href=\"http:\/\/agora.xtec.cat\/ceip-lola-anglada-badalona\/wp-content\/uploads\/usu494\/2015\/11\/IMG_0241.jpg\"><img loading=\"lazy\" decoding=\"async\" class=\"  wp-image-396 aligncenter\" src=\"http:\/\/agora.xtec.cat\/ceip-lola-anglada-badalona\/wp-content\/uploads\/usu494\/2015\/11\/IMG_0241.jpg\" alt=\"IMG_0241\" width=\"265\" height=\"198\" srcset=\"https:\/\/agora.xtec.cat\/ceip-lola-anglada-badalona\/wp-content\/uploads\/usu494\/2015\/11\/IMG_0241.jpg 640w, https:\/\/agora.xtec.cat\/ceip-lola-anglada-badalona\/wp-content\/uploads\/usu494\/2015\/11\/IMG_0241-300x224.jpg 300w, https:\/\/agora.xtec.cat\/ceip-lola-anglada-badalona\/wp-content\/uploads\/usu494\/2015\/11\/IMG_0241-200x150.jpg 200w\" sizes=\"auto, (max-width: 265px) 100vw, 265px\" \/><\/a><a href=\"http:\/\/agora.xtec.cat\/ceip-lola-anglada-badalona\/wp-content\/uploads\/usu494\/2015\/11\/IMG_0240.jpg\"><img loading=\"lazy\" decoding=\"async\" class=\"  wp-image-395 aligncenter\" src=\"http:\/\/agora.xtec.cat\/ceip-lola-anglada-badalona\/wp-content\/uploads\/usu494\/2015\/11\/IMG_0240.jpg\" alt=\"IMG_0240\" width=\"258\" height=\"193\" srcset=\"https:\/\/agora.xtec.cat\/ceip-lola-anglada-badalona\/wp-content\/uploads\/usu494\/2015\/11\/IMG_0240.jpg 800w, https:\/\/agora.xtec.cat\/ceip-lola-anglada-badalona\/wp-content\/uploads\/usu494\/2015\/11\/IMG_0240-300x224.jpg 300w, https:\/\/agora.xtec.cat\/ceip-lola-anglada-badalona\/wp-content\/uploads\/usu494\/2015\/11\/IMG_0240-200x150.jpg 200w\" sizes=\"auto, (max-width: 258px) 100vw, 258px\" \/><\/a><\/p>\n","protected":false},"excerpt":{"rendered":"<p>Al Cicle Superior fem l\u2019\u00e0rea de Ci\u00e8ncies Naturals en angl\u00e8s. L\u2019objectiu principal \u00e9s millorar la compet\u00e8ncia en llengua anglesa del nostre alumnat. L\u2019\u00e0rea de Ci\u00e8ncies Naturals \u00e9s un bon mitj\u00e0 d\u2019aprendre l\u2019 idioma d\u2019una manera funcional alhora que consolidem de manera natural aspectes de l\u2019aprenentatge&hellip;  <a href=\"https:\/\/agora.xtec.cat\/ceip-lola-anglada-badalona\/science\/\" title=\"Read SCIENCE\">Llegeix m\u00e9s\u00bb<\/a><\/p>\n","protected":false},"author":1,"featured_media":0,"parent":0,"menu_order":0,"comment_status":"closed","ping_status":"closed","template":"","meta":{"_bbp_topic_count":0,"_bbp_reply_count":0,"_bbp_total_topic_count":0,"_bbp_total_reply_count":0,"_bbp_voice_count":0,"_bbp_anonymous_reply_count":0,"_bbp_topic_count_hidden":0,"_bbp_reply_count_hidden":0,"_bbp_forum_subforum_count":0,"footnotes":""},"class_list":["post-393","page","type-page","status-publish","hentry"],"post_mailing_queue_ids":[],"_links":{"self":[{"href":"https:\/\/agora.xtec.cat\/ceip-lola-anglada-badalona\/wp-json\/wp\/v2\/pages\/393","targetHints":{"allow":["GET"]}}],"collection":[{"href":"https:\/\/agora.xtec.cat\/ceip-lola-anglada-badalona\/wp-json\/wp\/v2\/pages"}],"about":[{"href":"https:\/\/agora.xtec.cat\/ceip-lola-anglada-badalona\/wp-json\/wp\/v2\/types\/page"}],"author":[{"embeddable":true,"href":"https:\/\/agora.xtec.cat\/ceip-lola-anglada-badalona\/wp-json\/wp\/v2\/users\/1"}],"replies":[{"embeddable":true,"href":"https:\/\/agora.xtec.cat\/ceip-lola-anglada-badalona\/wp-json\/wp\/v2\/comments?post=393"}],"version-history":[{"count":3,"href":"https:\/\/agora.xtec.cat\/ceip-lola-anglada-badalona\/wp-json\/wp\/v2\/pages\/393\/revisions"}],"predecessor-version":[{"id":401,"href":"https:\/\/agora.xtec.cat\/ceip-lola-anglada-badalona\/wp-json\/wp\/v2\/pages\/393\/revisions\/401"}],"wp:attachment":[{"href":"https:\/\/agora.xtec.cat\/ceip-lola-anglada-badalona\/wp-json\/wp\/v2\/media?parent=393"}],"curies":[{"name":"wp","href":"https:\/\/api.w.org\/{rel}","templated":true}]}}