{"id":38,"date":"2014-09-18T12:34:08","date_gmt":"2014-09-18T12:34:08","guid":{"rendered":"http:\/\/agora.xtec.cat\/ceip-lola-anglada-badalona\/?page_id=38"},"modified":"2025-11-12T16:01:35","modified_gmt":"2025-11-12T15:01:35","slug":"salut","status":"publish","type":"page","link":"https:\/\/agora.xtec.cat\/ceip-lola-anglada-badalona\/comunitat-educativa\/salut\/","title":{"rendered":"Equip de mestres"},"content":{"rendered":"<p>&nbsp;<\/p>\n<p><strong>EDUCACI\u00d3 INFANTIL<\/strong><\/p>\n<ul>\n<li>I-3 A Noelia Agueras<\/li>\n<li>I-3 B Anna Xicart<\/li>\n<li>I-4 A N\u00faria S\u00e1nchez<\/li>\n<li>I-4 B Judith Lirola<\/li>\n<li>I-5 A Laura Couso<\/li>\n<li>I-5 B Aida Mateu<\/li>\n<li>Completen l\u2019equip de mestres: Laura Ga\u00f1\u00e1n (coordinadora d\u2019ed. infantil), Noelia Torres (m\u00fasica), Alba N\u00fa\u00f1ez, Sara Frias i Sonia Garrido. La mestra d\u2019atenci\u00f3 a la diversitat ser\u00e0 la Marta Navarro. La TEI (T\u00e8cnica d\u2019Educaci\u00f3 Infantil) ser\u00e0 la Llu\u00efsa Bencerrey .<\/li>\n<\/ul>\n<p><strong>PRIM\u00c0RIA &#8211; CICLE INICIAL<\/strong><\/p>\n<ul>\n<li>1r A Georgina Gonz\u00e1lez<\/li>\n<li>1r B Vanesa Monreal<\/li>\n<li>2n A Jenni Mart\u00edn<\/li>\n<li>2n B S\u00edlvia Albarrac\u00edn<\/li>\n<li>Completen l\u2019equip de mestres : Noelia Torres (m\u00fasica), Yolanda Jim\u00e9nez (ed. F\u00edsica), Marta Fuster (angl\u00e8s) i C\u00e8lia Serrano ( suport).<br \/>\nLa mestra d\u2019atenci\u00f3 a la diversitat ser\u00e0 la Marta Navarro ( coordinadora de cicle inicial) .<\/li>\n<\/ul>\n<p><strong>PRIM\u00c0RIA &#8211; CICLE MITJ\u00c0<\/strong><\/p>\n<ul>\n<li>3rA Cristina Ramos<\/li>\n<li>3rB Maria Sala<\/li>\n<li>4t A Carla Sancha ( coordinadora de cicle mitj\u00e0)<\/li>\n<li>4t B Maria Garcia<\/li>\n<li>Completen l\u2019equip de mestres : Noelia Torres (m\u00fasica) , Marta Fuster (angl\u00e8s), Joshua N\u00fa\u00f1ez ( ed. F\u00edsica), Celia Serrano ( suport), M\u00f2nica Palao (biblioteca) i Isabel Arroyo (religi\u00f3) . Les mestres d\u2019atenci\u00f3 a la diversitat seran la Marta Navarro i la Dolors Sandoval.<\/li>\n<\/ul>\n<p><strong>PRIM\u00c0RIA &#8211; CICLE SUPERIOR<\/strong><\/p>\n<ul>\n<li>5\u00e8 A Gemma F\u00e0bregas<\/li>\n<li>5\u00e8 B Laura Oliver<\/li>\n<li>5\u00e8 C Merc\u00e8 Rodr\u00edguez<\/li>\n<li>6\u00e8 A Irene Torres<\/li>\n<li>6\u00e8 B Irene Tor<\/li>\n<li>Completen l\u2019equip de mestres : Noelia Torres (m\u00fasica i coordinadora de cicle superior) , Laia Fern\u00e1ndez (suport) , Ester Fern\u00e1ndez ( suport) , Neus Membrado ( angl\u00e8s) , Joshua N\u00fa\u00f1ez (ed. F\u00edsica), M\u00f2nica Palao ( biblioteca) i Isabel (religi\u00f3) .La mestra d\u2019atenci\u00f3 a la diversitat ser\u00e0 la Dolors Sandoval.<\/li>\n<\/ul>\n<p><strong>EQUIP DIRECTIU<\/strong><\/p>\n<ul>\n<li>Direcci\u00f3: M\u00f2nica Palao<\/li>\n<li>Cap d\u2019estudis: Yolanda Jim\u00e9nez<\/li>\n<li>Secretaria: Merc\u00e8 Rodr\u00edguez<\/li>\n<\/ul>\n<p>&nbsp;<\/p>\n","protected":false},"excerpt":{"rendered":"<p>&nbsp;<br \/>\nEDUCACI\u00d3 INFANTIL<\/p>\n<ul>\n<li>I-3 A Noelia Agueras<\/li>\n<li>I-3 B Anna Xicart<\/li>\n<li>I-4 A N\u00faria S\u00e1nchez<\/li>\n<li>I-4 B Judith Lirola<\/li>\n<li>I-5 A Laura Couso<\/li>\n<li>I-5 B Aida Mateu<\/li>\n<li>Completen l\u2019equip de mestres: Laura Ga\u00f1\u00e1n (coordinadora d\u2019ed. infantil), Noelia Torres (m\u00fasica), Alba N\u00fa\u00f1ez, Sara Frias i Sonia Garrido. La mestra d\u2019atenci\u00f3 a la diversitat ser\u00e0&hellip;  <a href=\"https:\/\/agora.xtec.cat\/ceip-lola-anglada-badalona\/comunitat-educativa\/salut\/\" title=\"Read Equip de mestres\">Llegeix m\u00e9s\u00bb<\/a><br \/>\n","protected":false},"author":2,"featured_media":0,"parent":327,"menu_order":10,"comment_status":"closed","ping_status":"closed","template":"page-templates\/side-menu.php","meta":{"_bbp_topic_count":0,"_bbp_reply_count":0,"_bbp_total_topic_count":0,"_bbp_total_reply_count":0,"_bbp_voice_count":0,"_bbp_anonymous_reply_count":0,"_bbp_topic_count_hidden":0,"_bbp_reply_count_hidden":0,"_bbp_forum_subforum_count":0,"footnotes":""},"class_list":["post-38","page","type-page","status-publish","hentry"],"post_mailing_queue_ids":[],"_links":{"self":[{"href":"https:\/\/agora.xtec.cat\/ceip-lola-anglada-badalona\/wp-json\/wp\/v2\/pages\/38","targetHints":{"allow":["GET"]}}],"collection":[{"href":"https:\/\/agora.xtec.cat\/ceip-lola-anglada-badalona\/wp-json\/wp\/v2\/pages"}],"about":[{"href":"https:\/\/agora.xtec.cat\/ceip-lola-anglada-badalona\/wp-json\/wp\/v2\/types\/page"}],"author":[{"embeddable":true,"href":"https:\/\/agora.xtec.cat\/ceip-lola-anglada-badalona\/wp-json\/wp\/v2\/users\/2"}],"replies":[{"embeddable":true,"href":"https:\/\/agora.xtec.cat\/ceip-lola-anglada-badalona\/wp-json\/wp\/v2\/comments?post=38"}],"version-history":[{"count":6,"href":"https:\/\/agora.xtec.cat\/ceip-lola-anglada-badalona\/wp-json\/wp\/v2\/pages\/38\/revisions"}],"predecessor-version":[{"id":2331,"href":"https:\/\/agora.xtec.cat\/ceip-lola-anglada-badalona\/wp-json\/wp\/v2\/pages\/38\/revisions\/2331"}],"up":[{"embeddable":true,"href":"https:\/\/agora.xtec.cat\/ceip-lola-anglada-badalona\/wp-json\/wp\/v2\/pages\/327"}],"wp:attachment":[{"href":"https:\/\/agora.xtec.cat\/ceip-lola-anglada-badalona\/wp-json\/wp\/v2\/media?parent=38"}],"curies":[{"name":"wp","href":"https:\/\/api.w.org\/{rel}","templated":true}]}}