{"id":362,"date":"2015-11-12T23:13:43","date_gmt":"2015-11-12T22:13:43","guid":{"rendered":"http:\/\/agora.xtec.cat\/ceip-lola-anglada-badalona\/?page_id=362"},"modified":"2019-06-09T10:41:35","modified_gmt":"2019-06-09T08:41:35","slug":"racons-a-cicle-inicial","status":"publish","type":"page","link":"https:\/\/agora.xtec.cat\/ceip-lola-anglada-badalona\/racons-a-cicle-inicial\/","title":{"rendered":"ESPAIS A CICLE INICIAL"},"content":{"rendered":"<p><span style=\"font-weight: 400;\">Els espais s\u00f3n una estrat\u00e8gia organitzativa que pret\u00e9n donar resposta a la diversitat d\u2019interessos i capacitats dels nostres alumnes.<\/span><\/p>\n\r\n\t<div class=\"slideshow_container slideshow_container_style-light\" style=\" \" data-slideshow-id=\"370\" data-style-name=\"style-light\" data-style-version=\"2.3.1\" >\r\n\r\n\t\t\t\t\t<div class=\"slideshow_loading_icon\"><\/div>\r\n\t\t\r\n\t\t<div class=\"slideshow_content\" style=\"display: none;\">\r\n\r\n\t\t\t<div class=\"slideshow_view\"><div class=\"slideshow_slide slideshow_slide_image\">\n        <a href=\"https:\/\/photos.google.com\/u\/2\/album\/AF1QipOSItyEBld4mqS6lZcolfUl_bPQHL8V4GxQmgul\/photo\/AF1QipNIki161hHlpvkFIma_i1VAHXe7mU93lF2IqqGd\" target=\"_blank\">        <img src=\"https:\/\/lh3.googleusercontent.com\/mIiqntlOvHtLpvPQvWpjrMoNOg5UmpclRdg3UODDj_YOlaYDTOZvY_0ZSdPSNbYDDFquh8TOUCg1-2s8lyENBxckIqKpN2jx_pVt5umMQGU0DRVZ5jwySyn7Hsd5Q7JgswpltQxb0Yina16XIRKYVlhKe79oWn0vD-M7uYsjzNHcghS4fyDNHyRSicT0-Y8v0nqbFxjU7KBFVCvLkdZQ3Qz0OQsJH5Pr09bjzWxqVeJBw5hfo6dDvD20LuN41YI0Ix6zz3jHSue9n_nW2y1yTDuf1aQn7HrWWbnN3xYgm-bW-4K9GDc-I1xk9ar9_g0zYqHFmYmlxLW7VQgUn3jxwfzWHQeoLptn4Xgsgj88Em9COTteboaVRPPw-3BAMmbHkkFwmYx00cyPHvi5aSkxsyCSh-GA7arbX7OcR9bGICAACFnAj1N6Evhql4G2YZlqfUvDAGAO0Qw9Z09TGERXXLfhXYUz0kf-JfzCIvuM0Wsi_6fFIg3ZhbHSk4h9tOLTIQMcu-WvAS8-2iAeWmt4VIt3n4XZicWBNTp31d_8PnPzuR3NMyLTVVlSCDQXTj0k6DWAQWJqAw4_TupRfcmFsmFmlFrq2euvje2M2pDFpTKBBb-QMamy-GgGm-X9GGavoZhPIpvorzOEsd3dfu5gwSsuX5iONws=w800-h600-no\" alt=\"\"   \/>\n        <\/a>        <div class=\"slideshow_description_box slideshow_transparent\">\n                                        <\/div>\n<\/div>\n\t\n<div style=\"clear: both;\"><\/div><\/div><div class=\"slideshow_view\"><div class=\"slideshow_slide slideshow_slide_image\">\n        <a href=\"https:\/\/photos.google.com\/u\/2\/album\/AF1QipOSItyEBld4mqS6lZcolfUl_bPQHL8V4GxQmgul\/photo\/AF1QipMIBwVuB6Jt8gNVQWEOspBKqN1zIJpFYV6yglyl\" target=\"_blank\">        <img src=\"https:\/\/lh3.googleusercontent.com\/iFjT-p-nmb5lWmaZbXyOPMLQXVbXfAMzbQGtsRfsOEyaxdtXHzEnGl3EKPk5WjQq5d6OT6-w6mQ-_NCw5WS4GMplMXzfqOKZXYNTQ_4RCI78qGZ-lKi--TUMdydDOR-_Y4vB7lspV4mBtxlioTbwutTgjYrkmFLaNN0TJv8l1FlJr4hOmY37juzpwAQFIdfls4OF4LNio2w6CbCaTfM8HCS7VciRP2YEtIcIJUHkhIpN2PS7eiEI21q2XadMdqsUTG9nFrs2YKnkKpWv-_Lwi29fJGUDeyQApU4XWQZnBWTlQpe0i5Pg4TXhIa5Pof3q7mXCyVKE8fb3tvduoJ_8ShuUvoVm9d6YrAb8qRXR06XbJWJddu5noiNyW4jMvZjrLXjMX2MlXmJdy9K3qCXrB4U_KwT2WaWriIR3rwSgLbMSuB8Hpfr5vzMyTKuwhv8v-bAPcZu4piRUxt1AjvQ6lZgc0OUWJx6sUnvQVuS-0Opy4puh6pJxWWKWprbLhcYc7jqvaHKYdVRVzhlsC7r0fjTsY24Hsr-tuKxhIdXj1XRRiRhr1JhX6iAwkV1kV5GtyBjciI7u0vb1PVqIfqFzV1hyEgmBFGOqyCBsxiLB6ggZJWCEQnCbmMEZsOpPzMi85IMd_ldoQAxkSKnqIiDGpUs3nok5Dvo=w800-h600-no\" alt=\"\"   \/>\n        <\/a>        <div class=\"slideshow_description_box slideshow_transparent\">\n                                        <\/div>\n<\/div>\n\t\n<div style=\"clear: both;\"><\/div><\/div><div class=\"slideshow_view\"><div class=\"slideshow_slide slideshow_slide_image\">\n        <a href=\"https:\/\/photos.google.com\/u\/2\/album\/AF1QipOSItyEBld4mqS6lZcolfUl_bPQHL8V4GxQmgul\/photo\/AF1QipMPY02oMR2eEpKYzIiYHxSwKHftRjg-P2jSSnh-\" target=\"_blank\">        <img src=\"https:\/\/lh3.googleusercontent.com\/YeWAJl049hZDHc5nzA8rJnkX9cxAZGHKZKWuRzTtjZoywQ9Kt0TUmLP95pbM2G7AlWdHgHqs2lhfqOWBB50WclB3OhrPyvgqrcM7RLVUboJoe3JqVGy0s7yq-bpMzyY5FdtxfhvK9Pz5gsKR6qLxNphNiwjgOfVHznp_Gvepp02FoOV-fJb5jQkUcFQnOUfLkL_AjhKpnZthflHW1Z5OxxS3OuqWwBBVo7eZsURrN85Ubw6SXqlQIWgaAKgovQFXrJutCkvqn2-rZNtO6CfXY4cHd8S44AbpcoQGa-DImH6DDEEGoWMwNvfjpVrjX2q2TBAAwVNX_VUmg0kl149AIucwnoBcP5jcsDrAXFq6YPDOB-gqkOPANXL6iGlYBy9h_JrYYmjWGLBAAJBJ79mOkNpvRP0ycFjxmNJ4EXf9wWlHVJ9jKUAHPouRTEwCcD5-4nzhpptZyhagSV6OyDjQDSO0AZxiTd8JNaqDrjGPOF6eyfDVz-xBubKdV8YU9TSKqxz6kBn-75XSt_H48ww0gomokbBelgTuYNast2pnpP70GM5SB9vFf8Gv2yFcsO6qx9T81oOSMCScme9KkQOmHFLx5G_-p-iG9EdsRbDtFkiPfBpNQAejoAuMJypA8bDkVv8Wtta2iLnKC_dUrd-jir-b3RxVP6Q=w800-h600-no\" alt=\"\"   \/>\n        <\/a>        <div class=\"slideshow_description_box slideshow_transparent\">\n                                        <\/div>\n<\/div>\n\t\n<div style=\"clear: both;\"><\/div><\/div>\r\n\t\t<\/div>\r\n\r\n\t\t<div class=\"slideshow_controlPanel slideshow_transparent\" style=\"display: none;\"><ul><li class=\"slideshow_togglePlay\" data-play-text=\"Visualitza\" data-pause-text=\"Pausa\"><\/li><\/ul><\/div>\r\n\r\n\t\t<div class=\"slideshow_button slideshow_previous slideshow_transparent\" role=\"button\" data-previous-text=\"Anterior\" style=\"display: none;\"><\/div>\r\n\t\t<div class=\"slideshow_button slideshow_next slideshow_transparent\" role=\"button\" data-next-text=\"Seg\u00fcent\" style=\"display: none;\"><\/div>\r\n\r\n\t\t<div class=\"slideshow_pagination\" style=\"display: none;\" data-go-to-text=\"V\u00e9s a la diapositiva\"><div class=\"slideshow_pagination_center\"><\/div><\/div>\r\n\r\n\t\t<!-- WordPress Slideshow Version 2.3.1 -->\r\n\r\n\t\t\t<\/div>\r\n\r\n\n<p><span style=\"font-weight: 400;\">Oferim entorns d\u2019aprenentatge basats en l\u2019experimentaci\u00f3, la manipulaci\u00f3, el raonament, la interacci\u00f3 amb els iguals, aprendre a compartir, etc, on els nens i nenes de primer i segon participen conjuntament<\/span><\/p>\n<p><span style=\"font-weight: 400;\">Com a objectius ens proposem: <\/span><\/p>\n<ul>\n<li style=\"font-weight: 400;\"><span style=\"font-weight: 400;\">potenciar l\u2019autonomia i la capacitat d\u2019organitzaci\u00f3 dels alumnes<\/span><\/li>\n<li style=\"font-weight: 400;\"><span style=\"font-weight: 400;\">contribuir a l\u2019adquisici\u00f3 d\u2019h\u00e0bits de treball i d\u2019ordre <\/span><\/li>\n<li style=\"font-weight: 400;\"><span style=\"font-weight: 400;\">afavorir la manipulaci\u00f3 de materials diversos <\/span><\/li>\n<li style=\"font-weight: 400;\"><span style=\"font-weight: 400;\">possibilitar el treball individual i de grup <\/span><\/li>\n<li style=\"font-weight: 400;\"><span style=\"font-weight: 400;\">afavorir la interacci\u00f3 entre els iguals<\/span><\/li>\n<li style=\"font-weight: 400;\"><span style=\"font-weight: 400;\">respectar el proc\u00e9s d\u2019aprenentatge de cada alumne<\/span><\/li>\n<li style=\"font-weight: 400;\"><span style=\"font-weight: 400;\">aprendre d\u2019una manera m\u00e9s l\u00fadica <\/span><\/li>\n<li style=\"font-weight: 400;\"><span style=\"font-weight: 400;\">reduir el n\u00famero d\u2019alumnes que fan una determinada activitat <\/span><\/li>\n<li style=\"font-weight: 400;\"><span style=\"font-weight: 400;\">afavorir l\u2019observaci\u00f3 dels alumnes i l\u2019avaluaci\u00f3<\/span><\/li>\n<\/ul>\n<p><strong>\u00a0 \u00a0 \u00a0 \u00a0 \u00a0 \u00a0 \u00a0 \u00a0 \u00a0 \u00a0 \u00a0 \u00a0 \u00a0 \u00a0 \u00a0 \u00a0 \u00a0 \u00a0 \u00a0 V\u00cdDEO SOBRE ELS ESPAIS<\/strong><\/p>\n<p><a href=\"https:\/\/drive.google.com\/file\/d\/10vqIGg4rB28oq8-IvzZ0auDEBVq0OYFj\/view?usp=sharing&amp;usp=embed_facebook&amp;source=ctrlq.org\"><img decoding=\"async\" src=\"https:\/\/lh6.googleusercontent.com\/WvOVYnLdTHbCa9j_Avbd_Ng47L7TeO53xdqwQT7_x4PG8QgPFA07zVqngMs=w2400\" \/><\/a><\/p>\n","protected":false},"excerpt":{"rendered":"<p>Els espais s\u00f3n una estrat\u00e8gia organitzativa que pret\u00e9n donar resposta a la diversitat d\u2019interessos i capacitats dels nostres alumnes.<\/p>\n<p>        <a href=\"https:\/\/photos.google.com\/u\/2\/album\/AF1QipOSItyEBld4mqS6lZcolfUl_bPQHL8V4GxQmgul\/photo\/AF1QipNIki161hHlpvkFIma_i1VAHXe7mU93lF2IqqGd\" target=\"_blank\"><br \/>\n        <\/a>&hellip;  <a href=\"https:\/\/agora.xtec.cat\/ceip-lola-anglada-badalona\/racons-a-cicle-inicial\/\" title=\"Read ESPAIS A CICLE INICIAL\">Llegeix m\u00e9s\u00bb<\/a><\/p>\n","protected":false},"author":1,"featured_media":0,"parent":0,"menu_order":0,"comment_status":"closed","ping_status":"closed","template":"","meta":{"_bbp_topic_count":0,"_bbp_reply_count":0,"_bbp_total_topic_count":0,"_bbp_total_reply_count":0,"_bbp_voice_count":0,"_bbp_anonymous_reply_count":0,"_bbp_topic_count_hidden":0,"_bbp_reply_count_hidden":0,"_bbp_forum_subforum_count":0,"footnotes":""},"class_list":["post-362","page","type-page","status-publish","hentry"],"post_mailing_queue_ids":[],"_links":{"self":[{"href":"https:\/\/agora.xtec.cat\/ceip-lola-anglada-badalona\/wp-json\/wp\/v2\/pages\/362","targetHints":{"allow":["GET"]}}],"collection":[{"href":"https:\/\/agora.xtec.cat\/ceip-lola-anglada-badalona\/wp-json\/wp\/v2\/pages"}],"about":[{"href":"https:\/\/agora.xtec.cat\/ceip-lola-anglada-badalona\/wp-json\/wp\/v2\/types\/page"}],"author":[{"embeddable":true,"href":"https:\/\/agora.xtec.cat\/ceip-lola-anglada-badalona\/wp-json\/wp\/v2\/users\/1"}],"replies":[{"embeddable":true,"href":"https:\/\/agora.xtec.cat\/ceip-lola-anglada-badalona\/wp-json\/wp\/v2\/comments?post=362"}],"version-history":[{"count":3,"href":"https:\/\/agora.xtec.cat\/ceip-lola-anglada-badalona\/wp-json\/wp\/v2\/pages\/362\/revisions"}],"predecessor-version":[{"id":992,"href":"https:\/\/agora.xtec.cat\/ceip-lola-anglada-badalona\/wp-json\/wp\/v2\/pages\/362\/revisions\/992"}],"wp:attachment":[{"href":"https:\/\/agora.xtec.cat\/ceip-lola-anglada-badalona\/wp-json\/wp\/v2\/media?parent=362"}],"curies":[{"name":"wp","href":"https:\/\/api.w.org\/{rel}","templated":true}]}}