{"id":341,"date":"2015-11-11T15:40:04","date_gmt":"2015-11-11T14:40:04","guid":{"rendered":"http:\/\/agora.xtec.cat\/ceip-lola-anglada-badalona\/?page_id=341"},"modified":"2021-10-26T13:32:40","modified_gmt":"2021-10-26T11:32:40","slug":"escola-verda","status":"publish","type":"page","link":"https:\/\/agora.xtec.cat\/ceip-lola-anglada-badalona\/escola-verda\/","title":{"rendered":"ESCOLA VERDA"},"content":{"rendered":"<p>L&#8217; escola Lola Anglada participa en el programa d\u2019Escoles Verdes, amb la voluntat de millorar l&#8217;escola d&#8217;acord amb els nous reptes de l&#8217;educaci\u00f3 i fer-ho a trav\u00e9s de l&#8217;objectiu de sensibilitzar i dinamitzar \u00a0a tota la comunitat educativa i\u00a0 incorporar els principis i els valors de la sostenibilitat en tots els \u00e0mbits de la vida escolar.<\/p>\n<p><a href=\"http:\/\/agora.xtec.cat\/ceip-lola-anglada-badalona\/wp-content\/uploads\/usu494\/2015\/11\/IMG_20151202_152658.jpg\"><img loading=\"lazy\" decoding=\"async\" class=\"alignnone wp-image-410\" src=\"http:\/\/agora.xtec.cat\/ceip-lola-anglada-badalona\/wp-content\/uploads\/usu494\/2015\/11\/IMG_20151202_152658-1024x768.jpg\" alt=\"IMG_20151202_152658\" width=\"337\" height=\"253\" srcset=\"https:\/\/agora.xtec.cat\/ceip-lola-anglada-badalona\/wp-content\/uploads\/usu494\/2015\/11\/IMG_20151202_152658-1024x768.jpg 1024w, https:\/\/agora.xtec.cat\/ceip-lola-anglada-badalona\/wp-content\/uploads\/usu494\/2015\/11\/IMG_20151202_152658-300x225.jpg 300w, https:\/\/agora.xtec.cat\/ceip-lola-anglada-badalona\/wp-content\/uploads\/usu494\/2015\/11\/IMG_20151202_152658-200x150.jpg 200w\" sizes=\"auto, (max-width: 337px) 100vw, 337px\" \/><\/a><\/p>\n<p>El programa vol promoure un canvi en la cultura de centre a trav\u00e9s de quatre contextos d&#8217;acci\u00f3: el curr\u00edculum, l&#8217;organitzaci\u00f3 i la participaci\u00f3, la gesti\u00f3 sostenible de recursos i materials i la implicaci\u00f3 en l&#8217;entorn. Aix\u00ed doncs, entenem que el proc\u00e9s educatiu que ha de provocar aquest canvi, no nom\u00e9s es d\u00f3na a l&#8217;aula, sin\u00f3 tamb\u00e9 en tots els moments i espais de la vida escolar.<br \/>\nEl reconeixement que el centre forma part de la xarxa d\u2019escoles verdes es realitza, per primera vegada, despr\u00e9s d\u2019haver executat satisfact\u00f2riament el primer Pla d\u2019acci\u00f3 de centre i d\u2019haver obtingut el certificat del primer seminari d\u2019equip de centre. En el cas de la nostra escola va ser al finalitzar el curs 2014-15 i\u00a0 i vam rebre el distintiu el mes de novembre del 2015.<br \/>\nPodeu consultar el nostre projecte dins l&#8217;apartat: Documents-Escola Verda.<\/p>\n<p><a href=\"http:\/\/agora.xtec.cat\/ceip-lola-anglada-badalona\/wp-content\/uploads\/usu494\/2015\/11\/plantada.bmp\"><img loading=\"lazy\" decoding=\"async\" class=\"alignnone size-full wp-image-407\" src=\"http:\/\/agora.xtec.cat\/ceip-lola-anglada-badalona\/wp-content\/uploads\/usu494\/2015\/11\/plantada.bmp\" alt=\"plantada\" width=\"498\" height=\"701\" \/><\/a><\/p>\n","protected":false},"excerpt":{"rendered":"<p>L&#8217; escola Lola Anglada participa en el programa d\u2019Escoles Verdes, amb la voluntat de millorar l&#8217;escola d&#8217;acord amb els nous reptes de l&#8217;educaci\u00f3 i fer-ho a trav\u00e9s de l&#8217;objectiu de sensibilitzar i dinamitzar \u00a0a tota la comunitat educativa i\u00a0 incorporar els principis i els valors&hellip;  <a href=\"https:\/\/agora.xtec.cat\/ceip-lola-anglada-badalona\/escola-verda\/\" title=\"Read ESCOLA VERDA\">Llegeix m\u00e9s\u00bb<\/a><\/p>\n","protected":false},"author":1,"featured_media":0,"parent":0,"menu_order":0,"comment_status":"closed","ping_status":"closed","template":"","meta":{"_bbp_topic_count":0,"_bbp_reply_count":0,"_bbp_total_topic_count":0,"_bbp_total_reply_count":0,"_bbp_voice_count":0,"_bbp_anonymous_reply_count":0,"_bbp_topic_count_hidden":0,"_bbp_reply_count_hidden":0,"_bbp_forum_subforum_count":0,"footnotes":""},"class_list":["post-341","page","type-page","status-publish","hentry"],"post_mailing_queue_ids":[],"_links":{"self":[{"href":"https:\/\/agora.xtec.cat\/ceip-lola-anglada-badalona\/wp-json\/wp\/v2\/pages\/341","targetHints":{"allow":["GET"]}}],"collection":[{"href":"https:\/\/agora.xtec.cat\/ceip-lola-anglada-badalona\/wp-json\/wp\/v2\/pages"}],"about":[{"href":"https:\/\/agora.xtec.cat\/ceip-lola-anglada-badalona\/wp-json\/wp\/v2\/types\/page"}],"author":[{"embeddable":true,"href":"https:\/\/agora.xtec.cat\/ceip-lola-anglada-badalona\/wp-json\/wp\/v2\/users\/1"}],"replies":[{"embeddable":true,"href":"https:\/\/agora.xtec.cat\/ceip-lola-anglada-badalona\/wp-json\/wp\/v2\/comments?post=341"}],"version-history":[{"count":3,"href":"https:\/\/agora.xtec.cat\/ceip-lola-anglada-badalona\/wp-json\/wp\/v2\/pages\/341\/revisions"}],"predecessor-version":[{"id":1527,"href":"https:\/\/agora.xtec.cat\/ceip-lola-anglada-badalona\/wp-json\/wp\/v2\/pages\/341\/revisions\/1527"}],"wp:attachment":[{"href":"https:\/\/agora.xtec.cat\/ceip-lola-anglada-badalona\/wp-json\/wp\/v2\/media?parent=341"}],"curies":[{"name":"wp","href":"https:\/\/api.w.org\/{rel}","templated":true}]}}