{"id":332,"date":"2015-11-06T21:04:42","date_gmt":"2015-11-06T20:04:42","guid":{"rendered":"http:\/\/agora.xtec.cat\/ceip-lola-anglada-badalona\/?page_id=332"},"modified":"2022-11-18T12:47:21","modified_gmt":"2022-11-18T11:47:21","slug":"familia-escola","status":"publish","type":"page","link":"https:\/\/agora.xtec.cat\/ceip-lola-anglada-badalona\/comunitat-educativa\/familia-escola\/","title":{"rendered":"Fam\u00edlia-escola"},"content":{"rendered":"<p>El contacte entre la fam\u00edlia i l&#8217;escola \u00e9s una q\u00fcesti\u00f3 primordial que conv\u00e9 cuidar i fer funcionar. El contacte directe ja sigui a trav\u00e9s de les entrevistes i trobades puntuals com a trav\u00e9s dels i les delegades ens permet coordinar accions i establir lligams entre dos contextos que, tot i tenir difer\u00e8ncies, tenen un punt fort en com\u00fa: l&#8217;infant.<a href=\"https:\/\/agora.xtec.cat\/ceip-lola-anglada-badalona\/wp-content\/uploads\/usu494\/2019\/09\/familia-pintada1.jpg\"><img loading=\"lazy\" decoding=\"async\" class=\"size-full wp-image-1048 aligncenter\" src=\"https:\/\/agora.xtec.cat\/ceip-lola-anglada-badalona\/wp-content\/uploads\/usu494\/2019\/09\/familia-pintada1.jpg\" alt=\"\" width=\"500\" height=\"142\" srcset=\"https:\/\/agora.xtec.cat\/ceip-lola-anglada-badalona\/wp-content\/uploads\/usu494\/2019\/09\/familia-pintada1.jpg 500w, https:\/\/agora.xtec.cat\/ceip-lola-anglada-badalona\/wp-content\/uploads\/usu494\/2019\/09\/familia-pintada1-300x85.jpg 300w\" sizes=\"auto, (max-width: 500px) 100vw, 500px\" \/><\/a><\/p>\n<p>Des de l&#8217;escola afavorim espais per a qu\u00e8 les fam\u00edlies participin, ja sigui fent tallers o sessions sobre algun tema als alumnes o aportant materials.\u00a0<span style=\"font-family: inherit; font-size: 1em;\">A m\u00e9s, des de l&#8217;AFA\u00a0 s&#8217;organitzen sessions i xerrades informatives sobre temes d&#8217;inter\u00e8s educatiu.<\/span><\/p>\n<p>Des del Departament existeix un espai web exclusivament dedicat a aquest aspecte amb informaci\u00f3 i recursos d&#8217;inter\u00e8s: <a href=\"http:\/\/familiaiescola.gencat.cat\/ca\/\">FAM\u00cdLIA I ESCOLA<\/a><\/p>\n<p><a href=\"http:\/\/agora.xtec.cat\/ceip-lola-anglada-badalona\/i-a-primaria-com-ajudem-als-nostres-fills-i-filles\/\">I \u00a0A PRIM\u00c0RIA, COM AJUDEM ALS NOSTRES FILLS I FILLES?<\/a><\/p>\n<p><a href=\"https:\/\/agora.xtec.cat\/ceip-lola-anglada-badalona\/wp-content\/uploads\/usu494\/2022\/11\/RECOMANACIONS-REFERENT-A-LUS-DE-WHATSAPP-DE-FAMILIES.pdf\">RECOMANACIONS REFERENT A L&#8217;\u00daS DE WHATSAPP DE FAM\u00cdLIES<\/a><\/p>\n","protected":false},"excerpt":{"rendered":"<p>El contacte entre la fam\u00edlia i l&#8217;escola \u00e9s una q\u00fcesti\u00f3 primordial que conv\u00e9 cuidar i fer funcionar. El contacte directe ja sigui a trav\u00e9s de les entrevistes i trobades puntuals com a trav\u00e9s dels i les delegades ens permet coordinar accions i establir lligams entre&hellip;  <a href=\"https:\/\/agora.xtec.cat\/ceip-lola-anglada-badalona\/comunitat-educativa\/familia-escola\/\" title=\"Read Fam\u00edlia-escola\">Llegeix m\u00e9s\u00bb<\/a><\/p>\n","protected":false},"author":1,"featured_media":0,"parent":327,"menu_order":40,"comment_status":"closed","ping_status":"closed","template":"page-templates\/side-menu.php","meta":{"_bbp_topic_count":0,"_bbp_reply_count":0,"_bbp_total_topic_count":0,"_bbp_total_reply_count":0,"_bbp_voice_count":0,"_bbp_anonymous_reply_count":0,"_bbp_topic_count_hidden":0,"_bbp_reply_count_hidden":0,"_bbp_forum_subforum_count":0,"footnotes":""},"class_list":["post-332","page","type-page","status-publish","hentry"],"post_mailing_queue_ids":[],"_links":{"self":[{"href":"https:\/\/agora.xtec.cat\/ceip-lola-anglada-badalona\/wp-json\/wp\/v2\/pages\/332","targetHints":{"allow":["GET"]}}],"collection":[{"href":"https:\/\/agora.xtec.cat\/ceip-lola-anglada-badalona\/wp-json\/wp\/v2\/pages"}],"about":[{"href":"https:\/\/agora.xtec.cat\/ceip-lola-anglada-badalona\/wp-json\/wp\/v2\/types\/page"}],"author":[{"embeddable":true,"href":"https:\/\/agora.xtec.cat\/ceip-lola-anglada-badalona\/wp-json\/wp\/v2\/users\/1"}],"replies":[{"embeddable":true,"href":"https:\/\/agora.xtec.cat\/ceip-lola-anglada-badalona\/wp-json\/wp\/v2\/comments?post=332"}],"version-history":[{"count":4,"href":"https:\/\/agora.xtec.cat\/ceip-lola-anglada-badalona\/wp-json\/wp\/v2\/pages\/332\/revisions"}],"predecessor-version":[{"id":1776,"href":"https:\/\/agora.xtec.cat\/ceip-lola-anglada-badalona\/wp-json\/wp\/v2\/pages\/332\/revisions\/1776"}],"up":[{"embeddable":true,"href":"https:\/\/agora.xtec.cat\/ceip-lola-anglada-badalona\/wp-json\/wp\/v2\/pages\/327"}],"wp:attachment":[{"href":"https:\/\/agora.xtec.cat\/ceip-lola-anglada-badalona\/wp-json\/wp\/v2\/media?parent=332"}],"curies":[{"name":"wp","href":"https:\/\/api.w.org\/{rel}","templated":true}]}}