{"id":330,"date":"2015-11-06T21:04:20","date_gmt":"2015-11-06T20:04:20","guid":{"rendered":"http:\/\/agora.xtec.cat\/ceip-lola-anglada-badalona\/?page_id=330"},"modified":"2023-10-09T12:04:01","modified_gmt":"2023-10-09T10:04:01","slug":"delegats","status":"publish","type":"page","link":"https:\/\/agora.xtec.cat\/ceip-lola-anglada-badalona\/comunitat-educativa\/delegats\/","title":{"rendered":"Delegats"},"content":{"rendered":"<p>El delegat\/da de curs \u00e9s el portaveu del col\u00b7lectiu de pares i mares d\u2019un grup classe. Sortir\u00e0 escollit a la reuni\u00f3 de pares de la classe de principi de curs.<\/p>\n<p>Les seves funcions s\u00f3n:<\/p>\n<ol>\n<li>Relaci\u00f3 amb el tutor\/a de la classe:<\/li>\n<\/ol>\n<p>-Mantenir contacte directe amb el tutor\/a del grup i ajudar al tutor\/a en diferents tasques: compres petites de material a educaci\u00f3 infantil, tasques relacionades amb el viatge de fi de curs de 6\u00e8, socialitzaci\u00f3 de llibres, etc. aix\u00ed com col\u00b7laborar en la revisi\u00f3 i manteniment dels llibres de text<\/p>\n<ol start=\"2\">\n<li>Relaci\u00f3 amb la resta de fam\u00edlies:<\/li>\n<\/ol>\n<p>&#8211; Escoltar els suggeriments i opinions dels pares i mares i fer de portaveu de la classe<\/p>\n<p>&#8211; Assistir a les reunions, assemblees convocades per l\u2019AFA tot\u00a0 aportant propostes i transmetent els acords als pares\/mares de la seva classe.<\/p>\n<p>&nbsp;<\/p>\n<p>L &#8216;\u00f2rgan que aglutina i reuneix tots els delegats\/des de curs de l\u2019escola \u00e9s el plenari. En aquest tamb\u00e9 hi formen part un membre de l\u2019equip directiu, un membre de la junta directiva de l\u2019AFA i un representant dels pares al consell escolar. \u00a0El plenari es reuneix com a m\u00ednim una vegada al curs, preferentment a principi de curs, per recordar les funcions dels delegats\/des i impulsar activitats de car\u00e0cter general que s\u2019hi puguin fer en el centre.<\/p>\n<p>&nbsp;<\/p>\n<p>&nbsp;<\/p>\n","protected":false},"excerpt":{"rendered":"<p>El delegat\/da de curs \u00e9s el portaveu del col\u00b7lectiu de pares i mares d\u2019un grup classe. Sortir\u00e0 escollit a la reuni\u00f3 de pares de la classe de principi de curs.<br \/>\nLes seves funcions s\u00f3n:<\/p>\n<ol>\n<li>Relaci\u00f3 amb el tutor\/a de la classe:<\/li>\n<\/ol>\n<p>-Mantenir contacte directe amb el tutor\/a del&hellip;  <a href=\"https:\/\/agora.xtec.cat\/ceip-lola-anglada-badalona\/comunitat-educativa\/delegats\/\" title=\"Read Delegats\">Llegeix m\u00e9s\u00bb<\/a><\/p>\n","protected":false},"author":1,"featured_media":0,"parent":327,"menu_order":30,"comment_status":"closed","ping_status":"closed","template":"page-templates\/side-menu.php","meta":{"_bbp_topic_count":0,"_bbp_reply_count":0,"_bbp_total_topic_count":0,"_bbp_total_reply_count":0,"_bbp_voice_count":0,"_bbp_anonymous_reply_count":0,"_bbp_topic_count_hidden":0,"_bbp_reply_count_hidden":0,"_bbp_forum_subforum_count":0,"footnotes":""},"class_list":["post-330","page","type-page","status-publish","hentry"],"post_mailing_queue_ids":[],"_links":{"self":[{"href":"https:\/\/agora.xtec.cat\/ceip-lola-anglada-badalona\/wp-json\/wp\/v2\/pages\/330","targetHints":{"allow":["GET"]}}],"collection":[{"href":"https:\/\/agora.xtec.cat\/ceip-lola-anglada-badalona\/wp-json\/wp\/v2\/pages"}],"about":[{"href":"https:\/\/agora.xtec.cat\/ceip-lola-anglada-badalona\/wp-json\/wp\/v2\/types\/page"}],"author":[{"embeddable":true,"href":"https:\/\/agora.xtec.cat\/ceip-lola-anglada-badalona\/wp-json\/wp\/v2\/users\/1"}],"replies":[{"embeddable":true,"href":"https:\/\/agora.xtec.cat\/ceip-lola-anglada-badalona\/wp-json\/wp\/v2\/comments?post=330"}],"version-history":[{"count":4,"href":"https:\/\/agora.xtec.cat\/ceip-lola-anglada-badalona\/wp-json\/wp\/v2\/pages\/330\/revisions"}],"predecessor-version":[{"id":1985,"href":"https:\/\/agora.xtec.cat\/ceip-lola-anglada-badalona\/wp-json\/wp\/v2\/pages\/330\/revisions\/1985"}],"up":[{"embeddable":true,"href":"https:\/\/agora.xtec.cat\/ceip-lola-anglada-badalona\/wp-json\/wp\/v2\/pages\/327"}],"wp:attachment":[{"href":"https:\/\/agora.xtec.cat\/ceip-lola-anglada-badalona\/wp-json\/wp\/v2\/media?parent=330"}],"curies":[{"name":"wp","href":"https:\/\/api.w.org\/{rel}","templated":true}]}}