{"id":327,"date":"2015-11-06T21:02:29","date_gmt":"2015-11-06T20:02:29","guid":{"rendered":"http:\/\/agora.xtec.cat\/ceip-lola-anglada-badalona\/?page_id=327"},"modified":"2016-03-03T18:06:13","modified_gmt":"2016-03-03T17:06:13","slug":"comunitat-educativa","status":"publish","type":"page","link":"https:\/\/agora.xtec.cat\/ceip-lola-anglada-badalona\/comunitat-educativa\/","title":{"rendered":"Comunitat educativa"},"content":{"rendered":"<p>A la nostra escola considerem que tot l&#8217;entorn educatiu que envolta l&#8217;infant ha de tenir-se en compte. De la nostra cooperaci\u00f3, confian\u00e7a m\u00fatua i acci\u00f3 conjunta podrem garantir un desenvolupament ple i feli\u00e7 dels nens i les nenes.<\/p>\n<p>Per aix\u00f2 desenvolupem una s\u00e8rie de mecanismes i recursos que ens faciliten aquesta interrelaci\u00f3, no nom\u00e9s entre fam\u00edlies i mestres, sin\u00f3 tamb\u00e9 dins l&#8217;entorn proper.<\/p>\n","protected":false},"excerpt":{"rendered":"<p>A la nostra escola considerem que tot l&#8217;entorn educatiu que envolta l&#8217;infant ha de tenir-se en compte. De la nostra cooperaci\u00f3, confian\u00e7a m\u00fatua i acci\u00f3 conjunta podrem garantir un desenvolupament ple i feli\u00e7 dels nens i les nenes.<br \/>\nPer aix\u00f2 desenvolupem una s\u00e8rie de mecanismes i&hellip;  <a href=\"https:\/\/agora.xtec.cat\/ceip-lola-anglada-badalona\/comunitat-educativa\/\" title=\"Read Comunitat educativa\">Llegeix m\u00e9s\u00bb<\/a><\/p>\n","protected":false},"author":1,"featured_media":0,"parent":0,"menu_order":10,"comment_status":"closed","ping_status":"closed","template":"page-templates\/side-menu.php","meta":{"_bbp_topic_count":0,"_bbp_reply_count":0,"_bbp_total_topic_count":0,"_bbp_total_reply_count":0,"_bbp_voice_count":0,"_bbp_anonymous_reply_count":0,"_bbp_topic_count_hidden":0,"_bbp_reply_count_hidden":0,"_bbp_forum_subforum_count":0,"footnotes":""},"class_list":["post-327","page","type-page","status-publish","hentry"],"post_mailing_queue_ids":[],"_links":{"self":[{"href":"https:\/\/agora.xtec.cat\/ceip-lola-anglada-badalona\/wp-json\/wp\/v2\/pages\/327","targetHints":{"allow":["GET"]}}],"collection":[{"href":"https:\/\/agora.xtec.cat\/ceip-lola-anglada-badalona\/wp-json\/wp\/v2\/pages"}],"about":[{"href":"https:\/\/agora.xtec.cat\/ceip-lola-anglada-badalona\/wp-json\/wp\/v2\/types\/page"}],"author":[{"embeddable":true,"href":"https:\/\/agora.xtec.cat\/ceip-lola-anglada-badalona\/wp-json\/wp\/v2\/users\/1"}],"replies":[{"embeddable":true,"href":"https:\/\/agora.xtec.cat\/ceip-lola-anglada-badalona\/wp-json\/wp\/v2\/comments?post=327"}],"version-history":[{"count":3,"href":"https:\/\/agora.xtec.cat\/ceip-lola-anglada-badalona\/wp-json\/wp\/v2\/pages\/327\/revisions"}],"predecessor-version":[{"id":476,"href":"https:\/\/agora.xtec.cat\/ceip-lola-anglada-badalona\/wp-json\/wp\/v2\/pages\/327\/revisions\/476"}],"wp:attachment":[{"href":"https:\/\/agora.xtec.cat\/ceip-lola-anglada-badalona\/wp-json\/wp\/v2\/media?parent=327"}],"curies":[{"name":"wp","href":"https:\/\/api.w.org\/{rel}","templated":true}]}}