{"id":28,"date":"2014-09-18T12:29:35","date_gmt":"2014-09-18T12:29:35","guid":{"rendered":"http:\/\/agora.xtec.cat\/ceip-lola-anglada-badalona\/?page_id=28"},"modified":"2026-05-05T15:16:50","modified_gmt":"2026-05-05T13:16:50","slug":"consell-escolar","status":"publish","type":"page","link":"https:\/\/agora.xtec.cat\/ceip-lola-anglada-badalona\/comunitat-educativa\/consell-escolar\/","title":{"rendered":"Consell escolar"},"content":{"rendered":"<p>El consell escolar del centre \u00e9s l\u2019\u00f2rgan de participaci\u00f3 de la comunitat escolar en el govern dels centres d\u2019educaci\u00f3 infantil i prim\u00e0ria<\/p>\n<p>Les compet\u00e8ncies d&#8217;aquest \u00f2rgan van des d&#8217;aprovar documents d&#8217;organitzaci\u00f3 i gesti\u00f3 del centre, com el pla anual, la mem\u00f2ria econ\u00f2mica, els pressupostos, relaci\u00f3 d&#8217;activitats extraescolars i sortides, intervenir en la resoluci\u00f3 de conflictes \u00a0fins analitzar i valorar el funcionament general del centre, l&#8217;evoluci\u00f3 del rendiment escolar i els resultats de les avaluacions internes i externes en les que participi el centre.<\/p>\n<p>A banda de realitzar les reunions convocades pr\u00f2piament, els diferents membres del consell es distribueixen \u00a0en comissions per tal de treballar aspectes espec\u00edfics sobre la vida escolar, d&#8217;aquesta manera actualment funcionen la comissi\u00f3 permanent, la comissi\u00f3 econ\u00f2mica, la comissi\u00f3 de menjador, la comissi\u00f3 de reutilitzaci\u00f3 de llibres de text, la comissi\u00f3 de comunicaci\u00f3\u00a0 i la comissi\u00f3 de conviv\u00e8ncia.<\/p>\n<p>Composici\u00f3 del consell escolar del centre:<\/p>\n<ol>\n<li>\u00a0La directora: M\u00f2nica Palao<\/li>\n<li>\u00a0La cap d\u2019estudis: Yolanda Jim\u00e9nez<\/li>\n<li>\u00a0Un representant de l\u2019Ajuntament de Badalona: pendent<\/li>\n<li>\u00a0Representants de mestres: Noelia Camacho, Cristina Ramos, Maria Sala, Marta Fuster, Anna Xicart i Vanesa Monreal.<\/li>\n<li>\u00a0Representants de pares\/mares d\u2019alumnes: Marta Bernat, Rafael Segovia, Carlos Ramos, Aina Mangas i Aida Pacheco.<\/li>\n<li>Representant de l\u2019AFA: Marien Pe\u00f1a.<\/li>\n<li>Representant del personal d\u2019administraci\u00f3 i serveis del centre: Jose Serrano<\/li>\n<li>La secret\u00e0ria del centre, que hi actua de secretari, amb veu i sense vot: Merc\u00e8 Rodr\u00edguez<\/li>\n<\/ol>\n<h3>CALENDARI REUNIONS ORDIN\u00c0RIES PREVISTES:<\/h3>\n<ul>\n<li>Octubre : Aprovaci\u00f3 Pla anual d\u2019enguany<\/li>\n<li>Gener :\u00a0 Pressupost<\/li>\n<li>Mar\u00e7 :\u00a0 Liquidaci\u00f3 de comptes<\/li>\n<li>Maig:\u00a0 Aprovaci\u00f3 calendari escolar<\/li>\n<li>Juny: Mem\u00f2ria de centre.<\/li>\n<li>Altres convocat\u00f2ries:\u00a0quan sigui necessari.<\/li>\n<\/ul>\n<h3>ACORDS CONSELL ESCOLAR 2025-26<\/h3>\n<p>Feu <a href=\"https:\/\/docs.google.com\/document\/d\/1fbTl7ZwhXJQJTu2AbmeFhXovYJbpnGMlxNu7MidGte4\/edit?usp=sharing\">clic aqu\u00ed<\/a> per poder consultar els acords de les diferents reunions del Consell Escolar.<\/p>\n","protected":false},"excerpt":{"rendered":"<p>El consell escolar del centre \u00e9s l\u2019\u00f2rgan de participaci\u00f3 de la comunitat escolar en el govern dels centres d\u2019educaci\u00f3 infantil i prim\u00e0ria<br \/>\nLes compet\u00e8ncies d&#8217;aquest \u00f2rgan van des d&#8217;aprovar documents d&#8217;organitzaci\u00f3 i gesti\u00f3 del centre, com el pla anual, la mem\u00f2ria econ\u00f2mica, els pressupostos, relaci\u00f3 d&#8217;activitats&hellip;  <a href=\"https:\/\/agora.xtec.cat\/ceip-lola-anglada-badalona\/comunitat-educativa\/consell-escolar\/\" title=\"Read Consell escolar\">Llegeix m\u00e9s\u00bb<\/a><\/p>\n","protected":false},"author":2,"featured_media":0,"parent":327,"menu_order":20,"comment_status":"closed","ping_status":"closed","template":"page-templates\/side-menu.php","meta":{"_bbp_topic_count":0,"_bbp_reply_count":0,"_bbp_total_topic_count":0,"_bbp_total_reply_count":0,"_bbp_voice_count":0,"_bbp_anonymous_reply_count":0,"_bbp_topic_count_hidden":0,"_bbp_reply_count_hidden":0,"_bbp_forum_subforum_count":0,"footnotes":""},"class_list":["post-28","page","type-page","status-publish","hentry"],"post_mailing_queue_ids":[],"_links":{"self":[{"href":"https:\/\/agora.xtec.cat\/ceip-lola-anglada-badalona\/wp-json\/wp\/v2\/pages\/28","targetHints":{"allow":["GET"]}}],"collection":[{"href":"https:\/\/agora.xtec.cat\/ceip-lola-anglada-badalona\/wp-json\/wp\/v2\/pages"}],"about":[{"href":"https:\/\/agora.xtec.cat\/ceip-lola-anglada-badalona\/wp-json\/wp\/v2\/types\/page"}],"author":[{"embeddable":true,"href":"https:\/\/agora.xtec.cat\/ceip-lola-anglada-badalona\/wp-json\/wp\/v2\/users\/2"}],"replies":[{"embeddable":true,"href":"https:\/\/agora.xtec.cat\/ceip-lola-anglada-badalona\/wp-json\/wp\/v2\/comments?post=28"}],"version-history":[{"count":6,"href":"https:\/\/agora.xtec.cat\/ceip-lola-anglada-badalona\/wp-json\/wp\/v2\/pages\/28\/revisions"}],"predecessor-version":[{"id":2434,"href":"https:\/\/agora.xtec.cat\/ceip-lola-anglada-badalona\/wp-json\/wp\/v2\/pages\/28\/revisions\/2434"}],"up":[{"embeddable":true,"href":"https:\/\/agora.xtec.cat\/ceip-lola-anglada-badalona\/wp-json\/wp\/v2\/pages\/327"}],"wp:attachment":[{"href":"https:\/\/agora.xtec.cat\/ceip-lola-anglada-badalona\/wp-json\/wp\/v2\/media?parent=28"}],"curies":[{"name":"wp","href":"https:\/\/api.w.org\/{rel}","templated":true}]}}