{"id":223,"date":"2015-10-23T19:53:12","date_gmt":"2015-10-23T18:53:12","guid":{"rendered":"http:\/\/agora.xtec.cat\/ceip-lola-anglada-badalona\/?page_id=223"},"modified":"2019-09-19T23:31:19","modified_gmt":"2019-09-19T21:31:19","slug":"horari-escolar-entrades-i-sortides","status":"publish","type":"page","link":"https:\/\/agora.xtec.cat\/ceip-lola-anglada-badalona\/lescola\/horari-escolar-entrades-i-sortides\/","title":{"rendered":"Horari escolar. Entrades i sortides"},"content":{"rendered":"<p><strong>Horaris<\/strong><\/p>\n<p>Educaci\u00f3 infantil i prim\u00e0ria<\/p>\n<p>De 9:00h a 12:30h i de 15:00h a 16:30h, excepte:<br \/>\n20 de desembre de 2019: de 9:00h a 13:00h<br \/>\ndel 8 al 19 de juny de 2020: de 9:00h a 13:00h<\/p>\n<p>Suport escolar personalitzat (SEP), alumnes de 3r a 6\u00e8:<br \/>\nDimarts, dimecres i dijous, de 8:30h a 9:00h<\/p>\n<p>&nbsp;<\/p>\n<p><strong>Entrades i sortides<\/strong><\/p>\n<p>Els alumnes de P-3 a 2n entraran i sortiran per la porta principal del Parc de Ca l\u2019Arn\u00fas.<\/p>\n<p>Els alumnes de 3r, 4t, 5\u00e8 i 6\u00e8 entraran i sortiran per la porta de la Riera Canyad\u00f3 (al costat de les pistes).<\/p>\n<p>Les portes es tancaran 5 minuts despr\u00e9s de les 9:00h i les 15:00h (entrades).<\/p>\n<p>Les fam\u00edlies de l&#8217;alumnat d\u2019educaci\u00f3 infantil i cicle inicial han de recollir els seus fills amb puntualitat. Podran autoritzar altres persones a recollir els seus fills\/es. Els alumnes no recollits quedaran sota la cust\u00f2dia de personal del centre a Secretaria.<\/p>\n<p>A Secretaria podeu demanar el document d\u2019autoritzaci\u00f3 per a recollir un alumne o b\u00e9 us podeu descarregar el model a \u201cDocuments\u201d.<\/p>\n<p>Els alumnes dels cicles mitj\u00e0 i superior sortiran sols de l\u2019escola. Les mestres acompanyaran els alumnes fins la porta de sortida de la Riera Canyad\u00f3.<\/p>\n<p>&nbsp;<\/p>\n","protected":false},"excerpt":{"rendered":"<p>Horaris<br \/>\nEducaci\u00f3 infantil i prim\u00e0ria<br \/>\nDe 9:00h a 12:30h i de 15:00h a 16:30h, excepte:<br \/>\n20 de desembre de 2019: de 9:00h a 13:00h<br \/>\ndel 8 al 19 de juny de 2020: de 9:00h a 13:00h<br \/>\nSuport escolar personalitzat (SEP), alumnes de 3r a 6\u00e8:<br \/>\nDimarts, dimecres i dijous, de 8:30h&hellip;  <a href=\"https:\/\/agora.xtec.cat\/ceip-lola-anglada-badalona\/lescola\/horari-escolar-entrades-i-sortides\/\" title=\"Read Horari escolar. Entrades i sortides\">Llegeix m\u00e9s\u00bb<\/a><\/p>\n","protected":false},"author":1,"featured_media":0,"parent":22,"menu_order":60,"comment_status":"closed","ping_status":"closed","template":"page-templates\/side-menu.php","meta":{"_bbp_topic_count":0,"_bbp_reply_count":0,"_bbp_total_topic_count":0,"_bbp_total_reply_count":0,"_bbp_voice_count":0,"_bbp_anonymous_reply_count":0,"_bbp_topic_count_hidden":0,"_bbp_reply_count_hidden":0,"_bbp_forum_subforum_count":0,"footnotes":""},"class_list":["post-223","page","type-page","status-publish","hentry"],"post_mailing_queue_ids":[],"_links":{"self":[{"href":"https:\/\/agora.xtec.cat\/ceip-lola-anglada-badalona\/wp-json\/wp\/v2\/pages\/223","targetHints":{"allow":["GET"]}}],"collection":[{"href":"https:\/\/agora.xtec.cat\/ceip-lola-anglada-badalona\/wp-json\/wp\/v2\/pages"}],"about":[{"href":"https:\/\/agora.xtec.cat\/ceip-lola-anglada-badalona\/wp-json\/wp\/v2\/types\/page"}],"author":[{"embeddable":true,"href":"https:\/\/agora.xtec.cat\/ceip-lola-anglada-badalona\/wp-json\/wp\/v2\/users\/1"}],"replies":[{"embeddable":true,"href":"https:\/\/agora.xtec.cat\/ceip-lola-anglada-badalona\/wp-json\/wp\/v2\/comments?post=223"}],"version-history":[{"count":3,"href":"https:\/\/agora.xtec.cat\/ceip-lola-anglada-badalona\/wp-json\/wp\/v2\/pages\/223\/revisions"}],"predecessor-version":[{"id":1052,"href":"https:\/\/agora.xtec.cat\/ceip-lola-anglada-badalona\/wp-json\/wp\/v2\/pages\/223\/revisions\/1052"}],"up":[{"embeddable":true,"href":"https:\/\/agora.xtec.cat\/ceip-lola-anglada-badalona\/wp-json\/wp\/v2\/pages\/22"}],"wp:attachment":[{"href":"https:\/\/agora.xtec.cat\/ceip-lola-anglada-badalona\/wp-json\/wp\/v2\/media?parent=223"}],"curies":[{"name":"wp","href":"https:\/\/api.w.org\/{rel}","templated":true}]}}