{"id":909,"date":"2024-03-13T15:51:56","date_gmt":"2024-03-13T14:51:56","guid":{"rendered":"https:\/\/agora.xtec.cat\/ceip-lluismariavidal-agullana\/?page_id=909"},"modified":"2024-07-09T09:58:47","modified_gmt":"2024-07-09T07:58:47","slug":"taller-de-ceramica","status":"publish","type":"page","link":"https:\/\/agora.xtec.cat\/ceip-lluismariavidal-agullana\/taller-de-ceramica\/","title":{"rendered":"Taller de cer\u00e0mica"},"content":{"rendered":"<p style=\"text-align: center;\"><a href=\"https:\/\/agora.xtec.cat\/ceip-lluismariavidal-agullana\/categoria\/ceramica\/\"><img loading=\"lazy\" decoding=\"async\" class=\"alignnone wp-image-964\" src=\"https:\/\/agora.xtec.cat\/ceip-lluismariavidal-agullana\/wp-content\/uploads\/usu2426\/2024\/07\/icone-web.png\" alt=\"\" width=\"125\" height=\"125\" srcset=\"https:\/\/agora.xtec.cat\/ceip-lluismariavidal-agullana\/wp-content\/uploads\/usu2426\/2024\/07\/icone-web.png 225w, https:\/\/agora.xtec.cat\/ceip-lluismariavidal-agullana\/wp-content\/uploads\/usu2426\/2024\/07\/icone-web-150x150.png 150w\" sizes=\"auto, (max-width: 125px) 100vw, 125px\" \/><\/a><\/p>\n<p style=\"text-align: center;\"><strong>Taller de cer\u00e0mica<\/strong><\/p>\n<p>El taller \u00e9s un espai on els nens i nenes fan cer\u00e0mica. L\u2019espai \u00e9s molt gran i hi ha taules grans de color blanc. En aquestes taules fem peces de cer\u00e0mica o les pintem. Hi ha uns prestatges on posem les pintures i per guardar les peces mentre no les hem acabat. Tenim una laminadora que serveix per fer planxes de fang. Hi ha dos taules als costats del taller i les fem servir per deixar assecar les peces i per posar les que ja estan cuites, abans d\u2019endur-nos-les a casa. En una de les dos taules hi ha una planta. Al fons del taller hi ha dos forns per coure el fang i una pica per rentar-nos les mans quan hem acabat de fer la pe\u00e7a de cer\u00e0mica. Hi han uns finestrals molt grans. Tamb\u00e9, en un rac\u00f3, hi ha unes taules per treballar quan les altres aules estan ocupades. Tamb\u00e9 hi ha una pissarra i un piano (perqu\u00e8 a vegades hi fan m\u00fasica). Les parets s\u00f3n blanques i el terra \u00e9s de rajola.<\/p>\n<p>Abril i Queralt<br \/>\nCicle mitj\u00e0<\/p>\n<p style=\"text-align: center;\"><a href=\"https:\/\/agora.xtec.cat\/ceip-lluismariavidal-agullana\/wp-content\/uploads\/usu2426\/2023\/10\/20231017_154508-1-scaled-e1697550822852.jpg\"><img loading=\"lazy\" decoding=\"async\" class=\"alignnone size-large wp-image-550\" src=\"https:\/\/agora.xtec.cat\/ceip-lluismariavidal-agullana\/wp-content\/uploads\/usu2426\/2023\/10\/20231017_154508-1-scaled-e1697550822852-1024x706.jpg\" alt=\"\" width=\"1024\" height=\"706\" srcset=\"https:\/\/agora.xtec.cat\/ceip-lluismariavidal-agullana\/wp-content\/uploads\/usu2426\/2023\/10\/20231017_154508-1-scaled-e1697550822852-1024x706.jpg 1024w, https:\/\/agora.xtec.cat\/ceip-lluismariavidal-agullana\/wp-content\/uploads\/usu2426\/2023\/10\/20231017_154508-1-scaled-e1697550822852-300x207.jpg 300w, https:\/\/agora.xtec.cat\/ceip-lluismariavidal-agullana\/wp-content\/uploads\/usu2426\/2023\/10\/20231017_154508-1-scaled-e1697550822852-768x530.jpg 768w, https:\/\/agora.xtec.cat\/ceip-lluismariavidal-agullana\/wp-content\/uploads\/usu2426\/2023\/10\/20231017_154508-1-scaled-e1697550822852-1536x1060.jpg 1536w, https:\/\/agora.xtec.cat\/ceip-lluismariavidal-agullana\/wp-content\/uploads\/usu2426\/2023\/10\/20231017_154508-1-scaled-e1697550822852-2048x1413.jpg 2048w\" sizes=\"auto, (max-width: 1024px) 100vw, 1024px\" \/><\/a><\/p>\n<p>&nbsp;<\/p>\n<p style=\"text-align: center;\"><a href=\"https:\/\/agora.xtec.cat\/ceip-lluismariavidal-agullana\/wp-content\/uploads\/usu2426\/2023\/10\/20231017_150703-scaled.jpg\"><img loading=\"lazy\" decoding=\"async\" class=\"alignnone size-large wp-image-547\" src=\"https:\/\/agora.xtec.cat\/ceip-lluismariavidal-agullana\/wp-content\/uploads\/usu2426\/2023\/10\/20231017_150703-1024x768.jpg\" alt=\"\" width=\"1024\" height=\"768\" srcset=\"https:\/\/agora.xtec.cat\/ceip-lluismariavidal-agullana\/wp-content\/uploads\/usu2426\/2023\/10\/20231017_150703-1024x768.jpg 1024w, https:\/\/agora.xtec.cat\/ceip-lluismariavidal-agullana\/wp-content\/uploads\/usu2426\/2023\/10\/20231017_150703-300x225.jpg 300w, https:\/\/agora.xtec.cat\/ceip-lluismariavidal-agullana\/wp-content\/uploads\/usu2426\/2023\/10\/20231017_150703-768x576.jpg 768w, https:\/\/agora.xtec.cat\/ceip-lluismariavidal-agullana\/wp-content\/uploads\/usu2426\/2023\/10\/20231017_150703-1536x1152.jpg 1536w, https:\/\/agora.xtec.cat\/ceip-lluismariavidal-agullana\/wp-content\/uploads\/usu2426\/2023\/10\/20231017_150703-2048x1536.jpg 2048w, https:\/\/agora.xtec.cat\/ceip-lluismariavidal-agullana\/wp-content\/uploads\/usu2426\/2023\/10\/20231017_150703-200x150.jpg 200w\" sizes=\"auto, (max-width: 1024px) 100vw, 1024px\" \/><\/a><\/p>\n<p>&nbsp;<\/p>\n<p style=\"text-align: center;\"><a href=\"https:\/\/agora.xtec.cat\/ceip-lluismariavidal-agullana\/wp-content\/uploads\/usu2426\/2023\/10\/20231017_150637-scaled.jpg\"><img loading=\"lazy\" decoding=\"async\" class=\"alignnone size-large wp-image-546\" src=\"https:\/\/agora.xtec.cat\/ceip-lluismariavidal-agullana\/wp-content\/uploads\/usu2426\/2023\/10\/20231017_150637-1024x768.jpg\" alt=\"\" width=\"1024\" height=\"768\" srcset=\"https:\/\/agora.xtec.cat\/ceip-lluismariavidal-agullana\/wp-content\/uploads\/usu2426\/2023\/10\/20231017_150637-1024x768.jpg 1024w, https:\/\/agora.xtec.cat\/ceip-lluismariavidal-agullana\/wp-content\/uploads\/usu2426\/2023\/10\/20231017_150637-300x225.jpg 300w, https:\/\/agora.xtec.cat\/ceip-lluismariavidal-agullana\/wp-content\/uploads\/usu2426\/2023\/10\/20231017_150637-768x576.jpg 768w, https:\/\/agora.xtec.cat\/ceip-lluismariavidal-agullana\/wp-content\/uploads\/usu2426\/2023\/10\/20231017_150637-1536x1152.jpg 1536w, https:\/\/agora.xtec.cat\/ceip-lluismariavidal-agullana\/wp-content\/uploads\/usu2426\/2023\/10\/20231017_150637-2048x1536.jpg 2048w, https:\/\/agora.xtec.cat\/ceip-lluismariavidal-agullana\/wp-content\/uploads\/usu2426\/2023\/10\/20231017_150637-200x150.jpg 200w\" sizes=\"auto, (max-width: 1024px) 100vw, 1024px\" \/><\/a><\/p>\n<p>&nbsp;<\/p>\n","protected":false},"excerpt":{"rendered":"<p><a href=\"https:\/\/agora.xtec.cat\/ceip-lluismariavidal-agullana\/categoria\/ceramica\/\"><\/a><br \/>\nTaller de cer\u00e0mica<br \/>\nEl taller \u00e9s un espai on els nens i nenes fan cer\u00e0mica. L\u2019espai \u00e9s molt gran i hi ha taules grans de color blanc. En aquestes taules fem peces de cer\u00e0mica o les pintem. Hi ha uns prestatges on posem les pintures&hellip;  <a href=\"https:\/\/agora.xtec.cat\/ceip-lluismariavidal-agullana\/taller-de-ceramica\/\" title=\"Read Taller de cer\u00e0mica\">Llegeix m\u00e9s\u00bb<\/a><\/p>\n","protected":false},"author":1,"featured_media":0,"parent":0,"menu_order":0,"comment_status":"closed","ping_status":"closed","template":"","meta":{"_bbp_topic_count":0,"_bbp_reply_count":0,"_bbp_total_topic_count":0,"_bbp_total_reply_count":0,"_bbp_voice_count":0,"_bbp_anonymous_reply_count":0,"_bbp_topic_count_hidden":0,"_bbp_reply_count_hidden":0,"_bbp_forum_subforum_count":0,"footnotes":""},"class_list":["post-909","page","type-page","status-publish","hentry"],"post_mailing_queue_ids":[],"_links":{"self":[{"href":"https:\/\/agora.xtec.cat\/ceip-lluismariavidal-agullana\/wp-json\/wp\/v2\/pages\/909","targetHints":{"allow":["GET"]}}],"collection":[{"href":"https:\/\/agora.xtec.cat\/ceip-lluismariavidal-agullana\/wp-json\/wp\/v2\/pages"}],"about":[{"href":"https:\/\/agora.xtec.cat\/ceip-lluismariavidal-agullana\/wp-json\/wp\/v2\/types\/page"}],"author":[{"embeddable":true,"href":"https:\/\/agora.xtec.cat\/ceip-lluismariavidal-agullana\/wp-json\/wp\/v2\/users\/1"}],"replies":[{"embeddable":true,"href":"https:\/\/agora.xtec.cat\/ceip-lluismariavidal-agullana\/wp-json\/wp\/v2\/comments?post=909"}],"version-history":[{"count":2,"href":"https:\/\/agora.xtec.cat\/ceip-lluismariavidal-agullana\/wp-json\/wp\/v2\/pages\/909\/revisions"}],"predecessor-version":[{"id":968,"href":"https:\/\/agora.xtec.cat\/ceip-lluismariavidal-agullana\/wp-json\/wp\/v2\/pages\/909\/revisions\/968"}],"wp:attachment":[{"href":"https:\/\/agora.xtec.cat\/ceip-lluismariavidal-agullana\/wp-json\/wp\/v2\/media?parent=909"}],"curies":[{"name":"wp","href":"https:\/\/api.w.org\/{rel}","templated":true}]}}