{"id":30,"date":"2014-09-18T12:30:23","date_gmt":"2014-09-18T11:30:23","guid":{"rendered":"http:\/\/agora.xtec.cat\/ceip-lluismariavidal-agullana\/?page_id=30"},"modified":"2024-07-09T09:43:20","modified_gmt":"2024-07-09T07:43:20","slug":"instal%c2%b7lacions","status":"publish","type":"page","link":"https:\/\/agora.xtec.cat\/ceip-lluismariavidal-agullana\/lescola\/instal%c2%b7lacions\/","title":{"rendered":"Instal\u00b7lacions"},"content":{"rendered":"<p>L&#8217;escola t<span style=\"font-family: inherit; font-size: 1em;\">\u00e9 diversos espais on hi trobem: el gimn\u00e0s, les classes, el taller de cer\u00e0mica, 2 patis (el dels grans i el dels petits), la biblioteca, la sala d&#8217;ordinadors, el despatx de direcci\u00f3, el menjador i els lavabos.<\/span><\/p>\n<p style=\"text-align: center;\"><strong>Fa\u00e7ana de l&#8217;escola<\/strong><\/p>\n<p style=\"text-align: left;\">La fa\u00e7ana de l\u2019escola t\u00e9 m\u00e9s de 100 anys. \u00c9s molt bonica, \u00e9s d\u2019estil modernista, que en aquell moment estava molt de moda. \u00c9s de color crema. Hi ha 2 entrades, la dels petits i la dels grans. Antigament eren les entrades de l\u2019escola dels nens i la de les nenes. La fa\u00e7ana \u00e9s sim\u00e8trica. Al mig de les dues portes hi ha una font, l\u2019aixeta de la font t\u00e9 forma de bec d\u2019ocell. A dalt de la font hi ha una placa que explica coses de l\u2019escola. A dalt de tot de la fa\u00e7ana hi ha el nom de l\u2019escola: Llu\u00eds Maria Vidal. Des de la vorera que dona a davant de l\u2019escola es veu tota la fa\u00e7ana: es veuen<br \/>\nels finestrals (de color verd fosc met\u00e0l\u00b7lic) de totes les aules, el nom de l\u2019escola, la font, les dues entrades.<\/p>\n<p>Iona i Judith<br \/>\nCicle mitj\u00e0<\/p>\n<p style=\"text-align: center;\"><a href=\"https:\/\/agora.xtec.cat\/ceip-lluismariavidal-agullana\/wp-content\/uploads\/usu2426\/2023\/10\/20231017_150909-scaled-e1697550215804.jpg\"><img loading=\"lazy\" decoding=\"async\" class=\"alignnone size-large wp-image-548\" src=\"https:\/\/agora.xtec.cat\/ceip-lluismariavidal-agullana\/wp-content\/uploads\/usu2426\/2023\/10\/20231017_150909-scaled-e1697550215804-1024x660.jpg\" alt=\"\" width=\"1024\" height=\"660\" srcset=\"https:\/\/agora.xtec.cat\/ceip-lluismariavidal-agullana\/wp-content\/uploads\/usu2426\/2023\/10\/20231017_150909-scaled-e1697550215804-1024x660.jpg 1024w, https:\/\/agora.xtec.cat\/ceip-lluismariavidal-agullana\/wp-content\/uploads\/usu2426\/2023\/10\/20231017_150909-scaled-e1697550215804-300x193.jpg 300w, https:\/\/agora.xtec.cat\/ceip-lluismariavidal-agullana\/wp-content\/uploads\/usu2426\/2023\/10\/20231017_150909-scaled-e1697550215804-768x495.jpg 768w, https:\/\/agora.xtec.cat\/ceip-lluismariavidal-agullana\/wp-content\/uploads\/usu2426\/2023\/10\/20231017_150909-scaled-e1697550215804-1536x991.jpg 1536w, https:\/\/agora.xtec.cat\/ceip-lluismariavidal-agullana\/wp-content\/uploads\/usu2426\/2023\/10\/20231017_150909-scaled-e1697550215804-2048x1321.jpg 2048w\" sizes=\"auto, (max-width: 1024px) 100vw, 1024px\" \/><\/a><\/p>\n<p style=\"text-align: center;\"><a href=\"https:\/\/agora.xtec.cat\/ceip-lluismariavidal-agullana\/taller-de-ceramica\/\"><strong>Taller de cer\u00e0mica<\/strong><\/a><\/p>\n<p>El taller \u00e9s un espai on els nens i nenes fan cer\u00e0mica. L\u2019espai \u00e9s molt gran i hi ha taules grans de color blanc. En aquestes taules fem peces de cer\u00e0mica o les pintem. Hi ha uns prestatges on posem les pintures i per guardar les peces mentre no les hem acabat. Tenim una laminadora que serveix per fer planxes de fang. Hi ha dos taules als costats del taller i les fem servir per deixar assecar les peces i per posar les que ja estan cuites, abans d\u2019endur-nos-les a casa. En una de les dos taules hi ha una planta. Al fons del taller hi ha dos forns per coure el fang i una pica per rentar-nos les mans quan hem acabat de fer la pe\u00e7a de cer\u00e0mica. Hi han uns finestrals molt grans. Tamb\u00e9, en un rac\u00f3, hi ha unes taules per treballar quan les altres aules estan ocupades. Tamb\u00e9 hi ha una pissarra i un piano (perqu\u00e8 a vegades hi fan m\u00fasica). Les parets s\u00f3n blanques i el terra \u00e9s de rajola.<\/p>\n<p>Abril i Queralt<br \/>\nCicle mitj\u00e0<\/p>\n<p style=\"text-align: center;\"><a href=\"https:\/\/agora.xtec.cat\/ceip-lluismariavidal-agullana\/wp-content\/uploads\/usu2426\/2023\/10\/20231017_154508-1-scaled-e1697550822852.jpg\"><img loading=\"lazy\" decoding=\"async\" class=\"alignnone size-large wp-image-550\" src=\"https:\/\/agora.xtec.cat\/ceip-lluismariavidal-agullana\/wp-content\/uploads\/usu2426\/2023\/10\/20231017_154508-1-scaled-e1697550822852-1024x706.jpg\" alt=\"\" width=\"1024\" height=\"706\" srcset=\"https:\/\/agora.xtec.cat\/ceip-lluismariavidal-agullana\/wp-content\/uploads\/usu2426\/2023\/10\/20231017_154508-1-scaled-e1697550822852-1024x706.jpg 1024w, https:\/\/agora.xtec.cat\/ceip-lluismariavidal-agullana\/wp-content\/uploads\/usu2426\/2023\/10\/20231017_154508-1-scaled-e1697550822852-300x207.jpg 300w, https:\/\/agora.xtec.cat\/ceip-lluismariavidal-agullana\/wp-content\/uploads\/usu2426\/2023\/10\/20231017_154508-1-scaled-e1697550822852-768x530.jpg 768w, https:\/\/agora.xtec.cat\/ceip-lluismariavidal-agullana\/wp-content\/uploads\/usu2426\/2023\/10\/20231017_154508-1-scaled-e1697550822852-1536x1060.jpg 1536w, https:\/\/agora.xtec.cat\/ceip-lluismariavidal-agullana\/wp-content\/uploads\/usu2426\/2023\/10\/20231017_154508-1-scaled-e1697550822852-2048x1413.jpg 2048w\" sizes=\"auto, (max-width: 1024px) 100vw, 1024px\" \/><\/a><\/p>\n<p>&nbsp;<\/p>\n<p style=\"text-align: center;\"><a href=\"https:\/\/agora.xtec.cat\/ceip-lluismariavidal-agullana\/wp-content\/uploads\/usu2426\/2023\/10\/20231017_150703-scaled.jpg\"><img loading=\"lazy\" decoding=\"async\" class=\"alignnone size-large wp-image-547\" src=\"https:\/\/agora.xtec.cat\/ceip-lluismariavidal-agullana\/wp-content\/uploads\/usu2426\/2023\/10\/20231017_150703-1024x768.jpg\" alt=\"\" width=\"1024\" height=\"768\" srcset=\"https:\/\/agora.xtec.cat\/ceip-lluismariavidal-agullana\/wp-content\/uploads\/usu2426\/2023\/10\/20231017_150703-1024x768.jpg 1024w, https:\/\/agora.xtec.cat\/ceip-lluismariavidal-agullana\/wp-content\/uploads\/usu2426\/2023\/10\/20231017_150703-300x225.jpg 300w, https:\/\/agora.xtec.cat\/ceip-lluismariavidal-agullana\/wp-content\/uploads\/usu2426\/2023\/10\/20231017_150703-768x576.jpg 768w, https:\/\/agora.xtec.cat\/ceip-lluismariavidal-agullana\/wp-content\/uploads\/usu2426\/2023\/10\/20231017_150703-1536x1152.jpg 1536w, https:\/\/agora.xtec.cat\/ceip-lluismariavidal-agullana\/wp-content\/uploads\/usu2426\/2023\/10\/20231017_150703-2048x1536.jpg 2048w, https:\/\/agora.xtec.cat\/ceip-lluismariavidal-agullana\/wp-content\/uploads\/usu2426\/2023\/10\/20231017_150703-200x150.jpg 200w\" sizes=\"auto, (max-width: 1024px) 100vw, 1024px\" \/><\/a><\/p>\n<p>&nbsp;<\/p>\n<p style=\"text-align: center;\"><a href=\"https:\/\/agora.xtec.cat\/ceip-lluismariavidal-agullana\/wp-content\/uploads\/usu2426\/2023\/10\/20231017_150637-scaled.jpg\"><img loading=\"lazy\" decoding=\"async\" class=\"alignnone size-large wp-image-546\" src=\"https:\/\/agora.xtec.cat\/ceip-lluismariavidal-agullana\/wp-content\/uploads\/usu2426\/2023\/10\/20231017_150637-1024x768.jpg\" alt=\"\" width=\"1024\" height=\"768\" srcset=\"https:\/\/agora.xtec.cat\/ceip-lluismariavidal-agullana\/wp-content\/uploads\/usu2426\/2023\/10\/20231017_150637-1024x768.jpg 1024w, https:\/\/agora.xtec.cat\/ceip-lluismariavidal-agullana\/wp-content\/uploads\/usu2426\/2023\/10\/20231017_150637-300x225.jpg 300w, https:\/\/agora.xtec.cat\/ceip-lluismariavidal-agullana\/wp-content\/uploads\/usu2426\/2023\/10\/20231017_150637-768x576.jpg 768w, https:\/\/agora.xtec.cat\/ceip-lluismariavidal-agullana\/wp-content\/uploads\/usu2426\/2023\/10\/20231017_150637-1536x1152.jpg 1536w, https:\/\/agora.xtec.cat\/ceip-lluismariavidal-agullana\/wp-content\/uploads\/usu2426\/2023\/10\/20231017_150637-2048x1536.jpg 2048w, https:\/\/agora.xtec.cat\/ceip-lluismariavidal-agullana\/wp-content\/uploads\/usu2426\/2023\/10\/20231017_150637-200x150.jpg 200w\" sizes=\"auto, (max-width: 1024px) 100vw, 1024px\" \/><\/a><\/p>\n<p>&nbsp;<\/p>\n<p><a href=\"https:\/\/agora.xtec.cat\/ceip-lluismariavidal-agullana\/wp-content\/uploads\/usu2426\/2024\/05\/IMG_1582-scaled-e1715089750311.jpg\"><img loading=\"lazy\" decoding=\"async\" class=\"aligncenter size-large wp-image-952\" src=\"https:\/\/agora.xtec.cat\/ceip-lluismariavidal-agullana\/wp-content\/uploads\/usu2426\/2024\/05\/IMG_1582-scaled-e1715089750311-765x1024.jpg\" alt=\"\" width=\"765\" height=\"1024\" srcset=\"https:\/\/agora.xtec.cat\/ceip-lluismariavidal-agullana\/wp-content\/uploads\/usu2426\/2024\/05\/IMG_1582-scaled-e1715089750311-765x1024.jpg 765w, https:\/\/agora.xtec.cat\/ceip-lluismariavidal-agullana\/wp-content\/uploads\/usu2426\/2024\/05\/IMG_1582-scaled-e1715089750311-224x300.jpg 224w, https:\/\/agora.xtec.cat\/ceip-lluismariavidal-agullana\/wp-content\/uploads\/usu2426\/2024\/05\/IMG_1582-scaled-e1715089750311-768x1028.jpg 768w, https:\/\/agora.xtec.cat\/ceip-lluismariavidal-agullana\/wp-content\/uploads\/usu2426\/2024\/05\/IMG_1582-scaled-e1715089750311-1148x1536.jpg 1148w, https:\/\/agora.xtec.cat\/ceip-lluismariavidal-agullana\/wp-content\/uploads\/usu2426\/2024\/05\/IMG_1582-scaled-e1715089750311-1531x2048.jpg 1531w, https:\/\/agora.xtec.cat\/ceip-lluismariavidal-agullana\/wp-content\/uploads\/usu2426\/2024\/05\/IMG_1582-scaled-e1715089750311.jpg 1766w\" sizes=\"auto, (max-width: 765px) 100vw, 765px\" \/><\/a><\/p>\n<p><a href=\"https:\/\/agora.xtec.cat\/ceip-lluismariavidal-agullana\/wp-content\/uploads\/usu2426\/2024\/05\/IMG_1583-scaled-e1715089780867.jpg\"><img loading=\"lazy\" decoding=\"async\" class=\"aligncenter size-large wp-image-951\" src=\"https:\/\/agora.xtec.cat\/ceip-lluismariavidal-agullana\/wp-content\/uploads\/usu2426\/2024\/05\/IMG_1583-scaled-e1715089780867-741x1024.jpg\" alt=\"\" width=\"741\" height=\"1024\" srcset=\"https:\/\/agora.xtec.cat\/ceip-lluismariavidal-agullana\/wp-content\/uploads\/usu2426\/2024\/05\/IMG_1583-scaled-e1715089780867-741x1024.jpg 741w, https:\/\/agora.xtec.cat\/ceip-lluismariavidal-agullana\/wp-content\/uploads\/usu2426\/2024\/05\/IMG_1583-scaled-e1715089780867-217x300.jpg 217w, https:\/\/agora.xtec.cat\/ceip-lluismariavidal-agullana\/wp-content\/uploads\/usu2426\/2024\/05\/IMG_1583-scaled-e1715089780867-768x1061.jpg 768w, https:\/\/agora.xtec.cat\/ceip-lluismariavidal-agullana\/wp-content\/uploads\/usu2426\/2024\/05\/IMG_1583-scaled-e1715089780867-1112x1536.jpg 1112w, https:\/\/agora.xtec.cat\/ceip-lluismariavidal-agullana\/wp-content\/uploads\/usu2426\/2024\/05\/IMG_1583-scaled-e1715089780867-1482x2048.jpg 1482w, https:\/\/agora.xtec.cat\/ceip-lluismariavidal-agullana\/wp-content\/uploads\/usu2426\/2024\/05\/IMG_1583-scaled-e1715089780867.jpg 1710w\" sizes=\"auto, (max-width: 741px) 100vw, 741px\" \/><\/a><\/p>\n<p style=\"text-align: center;\"><strong>Patis d&#8217;Infantil i Prim\u00e0ria<\/strong><\/p>\n<p>El pati est\u00e0 darrere de l\u2019escola. \u00c9s gran i t\u00e9 forma rectangular. Est\u00e0 dividit en 2 parts per una tanca: el pati dels petits i el pati dels grans. Al pati dels grans hi ha un roc\u00f2drom que vam pintar els nens de l\u2019escola. A l\u2019altre costat hi ha una porteria de futbol. M\u00e9s endavant hi ha dos gronxadors. Tamb\u00e9 hi ha 2 cistelles de b\u00e0squet i dos taules de p\u00edcnic. Tenim un joc que t\u00e9 dues escales a cada costat. I tamb\u00e9 hi ha una font. Per sortir al pati hi ha una porta molt gran i verda. El terra \u00e9s de sorra. Hi ha un lledoner molt gran i molt vell i alguns til\u00b7lers.<\/p>\n<p>Lea, Mart\u00ed i Neo<br \/>\nCicle mitj\u00e0<\/p>\n<p style=\"text-align: center;\"><a href=\"https:\/\/agora.xtec.cat\/ceip-lluismariavidal-agullana\/wp-content\/uploads\/usu2426\/2023\/10\/20231017_150334-scaled.jpg\"><img loading=\"lazy\" decoding=\"async\" class=\"alignnone size-large wp-image-544\" src=\"https:\/\/agora.xtec.cat\/ceip-lluismariavidal-agullana\/wp-content\/uploads\/usu2426\/2023\/10\/20231017_150334-1024x768.jpg\" alt=\"\" width=\"1024\" height=\"768\" srcset=\"https:\/\/agora.xtec.cat\/ceip-lluismariavidal-agullana\/wp-content\/uploads\/usu2426\/2023\/10\/20231017_150334-1024x768.jpg 1024w, https:\/\/agora.xtec.cat\/ceip-lluismariavidal-agullana\/wp-content\/uploads\/usu2426\/2023\/10\/20231017_150334-300x225.jpg 300w, https:\/\/agora.xtec.cat\/ceip-lluismariavidal-agullana\/wp-content\/uploads\/usu2426\/2023\/10\/20231017_150334-768x576.jpg 768w, https:\/\/agora.xtec.cat\/ceip-lluismariavidal-agullana\/wp-content\/uploads\/usu2426\/2023\/10\/20231017_150334-1536x1152.jpg 1536w, https:\/\/agora.xtec.cat\/ceip-lluismariavidal-agullana\/wp-content\/uploads\/usu2426\/2023\/10\/20231017_150334-2048x1536.jpg 2048w, https:\/\/agora.xtec.cat\/ceip-lluismariavidal-agullana\/wp-content\/uploads\/usu2426\/2023\/10\/20231017_150334-200x150.jpg 200w\" sizes=\"auto, (max-width: 1024px) 100vw, 1024px\" \/><\/a><\/p>\n<p>El pati dels petits t\u00e9 forma de quadrat. En una paret hi ha una font. Al fons hi ha el menjador. El menjador t\u00e9 cortines i una porta de vidre de color verd. Al costat del menjador hi ha la llar d\u2019infants, que ocupa una part del pati dels petits. Hi han jocs de petits: un tobogan, un sorral i una caseta. Hi ha 8 arbres que es diuen til\u00b7lers; fa molts i molts anys els van plantar els antics alumnes de l\u2019escola. El terra \u00e9s de sorra. El pati dels petits \u00e9s gran i hi ha 2 arbres que alguns nens fan servir de porteria. Hi ha bastant material que fan servir m\u00e9s els d\u2019 I3 i els d\u2019I4 . Els de I5 juguen m\u00e9s a futbol. Des del pati dels petits hi ha una porta que duu a l\u2019hort. Tamb\u00e9 hi ha una porta per entrar a l\u2019escola. Al pati dels petits normalment juguen els nens d\u2019infantil. Els grans alguns dies anem a jugar amb ells.<\/p>\n<p>ADAM, EMMA I IZAN<br \/>\nCICLE MITJ\u00c0<\/p>\n<p style=\"text-align: center;\"><a href=\"https:\/\/agora.xtec.cat\/ceip-lluismariavidal-agullana\/wp-content\/uploads\/usu2426\/2023\/10\/20231017_150313-scaled.jpg\"><img loading=\"lazy\" decoding=\"async\" class=\"alignnone size-large wp-image-543\" src=\"https:\/\/agora.xtec.cat\/ceip-lluismariavidal-agullana\/wp-content\/uploads\/usu2426\/2023\/10\/20231017_150313-1024x768.jpg\" alt=\"\" width=\"1024\" height=\"768\" srcset=\"https:\/\/agora.xtec.cat\/ceip-lluismariavidal-agullana\/wp-content\/uploads\/usu2426\/2023\/10\/20231017_150313-1024x768.jpg 1024w, https:\/\/agora.xtec.cat\/ceip-lluismariavidal-agullana\/wp-content\/uploads\/usu2426\/2023\/10\/20231017_150313-300x225.jpg 300w, https:\/\/agora.xtec.cat\/ceip-lluismariavidal-agullana\/wp-content\/uploads\/usu2426\/2023\/10\/20231017_150313-768x576.jpg 768w, https:\/\/agora.xtec.cat\/ceip-lluismariavidal-agullana\/wp-content\/uploads\/usu2426\/2023\/10\/20231017_150313-1536x1152.jpg 1536w, https:\/\/agora.xtec.cat\/ceip-lluismariavidal-agullana\/wp-content\/uploads\/usu2426\/2023\/10\/20231017_150313-2048x1536.jpg 2048w, https:\/\/agora.xtec.cat\/ceip-lluismariavidal-agullana\/wp-content\/uploads\/usu2426\/2023\/10\/20231017_150313-200x150.jpg 200w\" sizes=\"auto, (max-width: 1024px) 100vw, 1024px\" \/><\/a><\/p>\n<p style=\"text-align: center;\"><strong>Gimn\u00e0s<\/strong><\/p>\n<p>Al gimn\u00e0s hi anem quan fem educaci\u00f3 f\u00edsica i plou, o a fer m\u00fasica, o quan ho diuen les mestres. T\u00e9 forma rectangular i \u00e9s una de les aules m\u00e9s grans de l\u2019escola. T\u00e9 uns finestrals grans que donen per una part al jard\u00ed i per a l\u2019altre costat al pati. S\u00f3n molt antics. Al gimn\u00e0s hi ha molt material: pilotes, matalassos, cercles, cordes, cons&#8230; i altres materials d\u2019esport. Tamb\u00e9 hi ha uns bancs a la paret, a sota de les espatlleres, que estan clavades a la paret. Hi ha una pissarra clavada en una de les espatlleres. El terra \u00e9s de vinil i al mig hi ha dibuixat un rombe blau. La paret est\u00e0 pintada de color marr\u00f3 ataronjat i de color vainilla. T\u00e9 uns llums gegants al sostre.<\/p>\n<p>AINA i BERNAT<br \/>\nCicle mitj\u00e0<\/p>\n<p style=\"text-align: center;\"><a href=\"https:\/\/agora.xtec.cat\/ceip-lluismariavidal-agullana\/wp-content\/uploads\/usu2426\/2023\/10\/20231017_150413-scaled.jpg\"><img loading=\"lazy\" decoding=\"async\" class=\"alignnone size-large wp-image-545\" src=\"https:\/\/agora.xtec.cat\/ceip-lluismariavidal-agullana\/wp-content\/uploads\/usu2426\/2023\/10\/20231017_150413-1024x768.jpg\" alt=\"\" width=\"1024\" height=\"768\" srcset=\"https:\/\/agora.xtec.cat\/ceip-lluismariavidal-agullana\/wp-content\/uploads\/usu2426\/2023\/10\/20231017_150413-1024x768.jpg 1024w, https:\/\/agora.xtec.cat\/ceip-lluismariavidal-agullana\/wp-content\/uploads\/usu2426\/2023\/10\/20231017_150413-300x225.jpg 300w, https:\/\/agora.xtec.cat\/ceip-lluismariavidal-agullana\/wp-content\/uploads\/usu2426\/2023\/10\/20231017_150413-768x576.jpg 768w, https:\/\/agora.xtec.cat\/ceip-lluismariavidal-agullana\/wp-content\/uploads\/usu2426\/2023\/10\/20231017_150413-1536x1152.jpg 1536w, https:\/\/agora.xtec.cat\/ceip-lluismariavidal-agullana\/wp-content\/uploads\/usu2426\/2023\/10\/20231017_150413-2048x1536.jpg 2048w, https:\/\/agora.xtec.cat\/ceip-lluismariavidal-agullana\/wp-content\/uploads\/usu2426\/2023\/10\/20231017_150413-200x150.jpg 200w\" sizes=\"auto, (max-width: 1024px) 100vw, 1024px\" \/><\/a><\/p>\n<p>&nbsp;<\/p>\n<p>&nbsp;<\/p>\n","protected":false},"excerpt":{"rendered":"<p>L&#8217;escola t\u00e9 diversos espais on hi trobem: el gimn\u00e0s, les classes, el taller de cer\u00e0mica, 2 patis (el dels grans i el dels petits), la biblioteca, la sala d&#8217;ordinadors, el despatx de direcci\u00f3, el menjador i els lavabos.<br \/>\nFa\u00e7ana de l&#8217;escola<br \/>\nLa fa\u00e7ana de l\u2019escola t\u00e9 m\u00e9s&hellip;  <a href=\"https:\/\/agora.xtec.cat\/ceip-lluismariavidal-agullana\/lescola\/instal%c2%b7lacions\/\" title=\"Read Instal\u00b7lacions\">Llegeix m\u00e9s\u00bb<\/a><\/p>\n","protected":false},"author":1,"featured_media":0,"parent":22,"menu_order":40,"comment_status":"closed","ping_status":"closed","template":"page-templates\/side-menu.php","meta":{"_bbp_topic_count":0,"_bbp_reply_count":0,"_bbp_total_topic_count":0,"_bbp_total_reply_count":0,"_bbp_voice_count":0,"_bbp_anonymous_reply_count":0,"_bbp_topic_count_hidden":0,"_bbp_reply_count_hidden":0,"_bbp_forum_subforum_count":0,"footnotes":""},"class_list":["post-30","page","type-page","status-publish","hentry"],"post_mailing_queue_ids":[],"_links":{"self":[{"href":"https:\/\/agora.xtec.cat\/ceip-lluismariavidal-agullana\/wp-json\/wp\/v2\/pages\/30","targetHints":{"allow":["GET"]}}],"collection":[{"href":"https:\/\/agora.xtec.cat\/ceip-lluismariavidal-agullana\/wp-json\/wp\/v2\/pages"}],"about":[{"href":"https:\/\/agora.xtec.cat\/ceip-lluismariavidal-agullana\/wp-json\/wp\/v2\/types\/page"}],"author":[{"embeddable":true,"href":"https:\/\/agora.xtec.cat\/ceip-lluismariavidal-agullana\/wp-json\/wp\/v2\/users\/1"}],"replies":[{"embeddable":true,"href":"https:\/\/agora.xtec.cat\/ceip-lluismariavidal-agullana\/wp-json\/wp\/v2\/comments?post=30"}],"version-history":[{"count":6,"href":"https:\/\/agora.xtec.cat\/ceip-lluismariavidal-agullana\/wp-json\/wp\/v2\/pages\/30\/revisions"}],"predecessor-version":[{"id":962,"href":"https:\/\/agora.xtec.cat\/ceip-lluismariavidal-agullana\/wp-json\/wp\/v2\/pages\/30\/revisions\/962"}],"up":[{"embeddable":true,"href":"https:\/\/agora.xtec.cat\/ceip-lluismariavidal-agullana\/wp-json\/wp\/v2\/pages\/22"}],"wp:attachment":[{"href":"https:\/\/agora.xtec.cat\/ceip-lluismariavidal-agullana\/wp-json\/wp\/v2\/media?parent=30"}],"curies":[{"name":"wp","href":"https:\/\/api.w.org\/{rel}","templated":true}]}}