{"id":22,"date":"2014-09-18T12:19:57","date_gmt":"2014-09-18T11:19:57","guid":{"rendered":"http:\/\/agora.xtec.cat\/ceip-lluismariavidal-agullana\/?page_id=22"},"modified":"2026-04-28T11:13:35","modified_gmt":"2026-04-28T09:13:35","slug":"lescola","status":"publish","type":"page","link":"https:\/\/agora.xtec.cat\/ceip-lluismariavidal-agullana\/","title":{"rendered":"L&#8217;escola"},"content":{"rendered":"<p>L\u2019escola es troba al nord-oest de l\u2019Alt Empord\u00e0, en un dels brancs de les Les Salines i per l\u2019est tamb\u00e9 pel Coll del Pert\u00fas, en plena natura, just al llindar de frondosos boscos de surers i de rierols de clares aig\u00fces.<\/p>\n<p>L\u2019escola d\u2019Agullana va fer 100 anys el juny de 2013. \u00c9s d\u2019estil modernista. \u00c9s un edifici de dues plantes. \u00c9s una escola molt gran i antiga. L\u2019edifici va ser inaugurat a l\u2019any 1913, fou sufragat altru\u00edsticament pel Sr. Llu\u00eds Mari\u00e0 Vidal i dissenyat per l\u2019arquitecte Llu\u00eds Azemar, que el planific\u00e0 l&#8217;escola seguint les recents normes higien\u00edstiques de la Mancomunitat. Est\u00e0 orientat a sud-est. Amb unes classes de 70 metres quadrats de superf\u00edcie, totes elles inundades de llum i sol i al \u00a0costat mateix de les instal\u00b7lacions poliesportives de la poblaci\u00f3.<\/p>\n<p><span style=\"font-weight: 400;\">Actualment som una escola c\u00edclica d&#8217;aproximadament 70-80 alumnes. Treballem per ser un centre p\u00fablic, de qualitat, actual i transformador.\u00a0<\/span><\/p>\n<p style=\"text-align: center;\"><a href=\"https:\/\/agora.xtec.cat\/ceip-lluismariavidal-agullana\/wp-content\/uploads\/usu2426\/2023\/10\/20231017_150909-scaled-e1697550215804.jpg\"><img loading=\"lazy\" decoding=\"async\" class=\"alignnone wp-image-548\" src=\"https:\/\/agora.xtec.cat\/ceip-lluismariavidal-agullana\/wp-content\/uploads\/usu2426\/2023\/10\/20231017_150909-scaled-e1697550215804-1024x660.jpg\" alt=\"\" width=\"670\" height=\"432\" srcset=\"https:\/\/agora.xtec.cat\/ceip-lluismariavidal-agullana\/wp-content\/uploads\/usu2426\/2023\/10\/20231017_150909-scaled-e1697550215804-1024x660.jpg 1024w, https:\/\/agora.xtec.cat\/ceip-lluismariavidal-agullana\/wp-content\/uploads\/usu2426\/2023\/10\/20231017_150909-scaled-e1697550215804-300x193.jpg 300w, https:\/\/agora.xtec.cat\/ceip-lluismariavidal-agullana\/wp-content\/uploads\/usu2426\/2023\/10\/20231017_150909-scaled-e1697550215804-768x495.jpg 768w, https:\/\/agora.xtec.cat\/ceip-lluismariavidal-agullana\/wp-content\/uploads\/usu2426\/2023\/10\/20231017_150909-scaled-e1697550215804-1536x991.jpg 1536w, https:\/\/agora.xtec.cat\/ceip-lluismariavidal-agullana\/wp-content\/uploads\/usu2426\/2023\/10\/20231017_150909-scaled-e1697550215804-2048x1321.jpg 2048w\" sizes=\"auto, (max-width: 670px) 100vw, 670px\" \/><\/a><\/p>\n","protected":false},"excerpt":{"rendered":"<p>L\u2019escola es troba al nord-oest de l\u2019Alt Empord\u00e0, en un dels brancs de les Les Salines i per l\u2019est tamb\u00e9 pel Coll del Pert\u00fas, en plena natura, just al llindar de frondosos boscos de surers i de rierols de clares aig\u00fces.<br \/>\nL\u2019escola d\u2019Agullana va fer 100&hellip;  <a href=\"https:\/\/agora.xtec.cat\/ceip-lluismariavidal-agullana\/\" title=\"Read L&#8217;escola\">Llegeix m\u00e9s\u00bb<\/a><\/p>\n","protected":false},"author":1,"featured_media":0,"parent":0,"menu_order":0,"comment_status":"closed","ping_status":"closed","template":"page-templates\/side-menu.php","meta":{"_bbp_topic_count":0,"_bbp_reply_count":0,"_bbp_total_topic_count":0,"_bbp_total_reply_count":0,"_bbp_voice_count":0,"_bbp_anonymous_reply_count":0,"_bbp_topic_count_hidden":0,"_bbp_reply_count_hidden":0,"_bbp_forum_subforum_count":0,"footnotes":""},"class_list":["post-22","page","type-page","status-publish","hentry"],"post_mailing_queue_ids":[],"_links":{"self":[{"href":"https:\/\/agora.xtec.cat\/ceip-lluismariavidal-agullana\/wp-json\/wp\/v2\/pages\/22","targetHints":{"allow":["GET"]}}],"collection":[{"href":"https:\/\/agora.xtec.cat\/ceip-lluismariavidal-agullana\/wp-json\/wp\/v2\/pages"}],"about":[{"href":"https:\/\/agora.xtec.cat\/ceip-lluismariavidal-agullana\/wp-json\/wp\/v2\/types\/page"}],"author":[{"embeddable":true,"href":"https:\/\/agora.xtec.cat\/ceip-lluismariavidal-agullana\/wp-json\/wp\/v2\/users\/1"}],"replies":[{"embeddable":true,"href":"https:\/\/agora.xtec.cat\/ceip-lluismariavidal-agullana\/wp-json\/wp\/v2\/comments?post=22"}],"version-history":[{"count":5,"href":"https:\/\/agora.xtec.cat\/ceip-lluismariavidal-agullana\/wp-json\/wp\/v2\/pages\/22\/revisions"}],"predecessor-version":[{"id":1229,"href":"https:\/\/agora.xtec.cat\/ceip-lluismariavidal-agullana\/wp-json\/wp\/v2\/pages\/22\/revisions\/1229"}],"wp:attachment":[{"href":"https:\/\/agora.xtec.cat\/ceip-lluismariavidal-agullana\/wp-json\/wp\/v2\/media?parent=22"}],"curies":[{"name":"wp","href":"https:\/\/api.w.org\/{rel}","templated":true}]}}