{"id":298,"date":"2015-02-26T23:23:47","date_gmt":"2015-02-26T22:23:47","guid":{"rendered":"http:\/\/agora.xtec.cat\/ceip-lesroquesblaves\/?page_id=298"},"modified":"2026-03-27T11:34:00","modified_gmt":"2026-03-27T10:34:00","slug":"programa-de-reutilitzacio-de-llibres","status":"publish","type":"page","link":"https:\/\/agora.xtec.cat\/ceip-lesroquesblaves\/families\/programa-de-reutilitzacio-de-llibres\/","title":{"rendered":"Programa de reutilitzaci\u00f3 de llibres"},"content":{"rendered":"<p><code><\/code>La finalitat del Programa cooperatiu per al foment de la reutilitzaci\u00f3 de llibres de text i material did\u00e0ctic complementari del Departament d\u2019Ensenyament \u00e9s facilitar, de manera cooperativa i mitjan\u00e7ant el sistema de pr\u00e9stec, llibres de text i material did\u00e0ctic complementari.<\/p>\n<p>L\u2019escola Les Roques Blaves aplica el projecte de reutilitzaci\u00f3 dels llibres de text i material did\u00e0ctic en col\u00b7laboraci\u00f3 amb l\u2019AMPA. Els llibres de text o de consulta, diccionaris, atles i \u00a0llibres de lectura formen part del fons de material del Programa de reutilitzaci\u00f3. S\u00f3n propietat de l\u2019escola, les fam\u00edlies abonen una quota anual de lloguer \u00a0i tota la comunitat escolar vetlla per la seva conservaci\u00f3 i reposici\u00f3, si s\u2019escau.<\/p>\n<p>Des de l\u2019\u00e0mbit de l\u2019educaci\u00f3 en valors, \u00e9s important poder transmetre a l\u2019alumnat actituds positives i valors fonamentals, com ara s\u00f3n la conservaci\u00f3 responsable dels llibres i del material, la cooperaci\u00f3, la solidaritat, el respecte al b\u00e9 com\u00fa i la capacitat de saber compartir els recursos disponibles.<\/p>\n<p>Altres finalitats:<\/p>\n<ul>\n<li>Reduir la despesa \u00a0en concepte de llibres de text i material did\u00e0ctic.<\/li>\n<li>Fomentar en l\u2019alumnat el valor de la responsabilitat i la cura del material complementari, promovent la cultura del reciclatge i la reultilitzaci\u00f3 dels recursos.<\/li>\n<li>Educar als alumnes des de la pr\u00e0ctica en el consum racional i sostenible.<\/li>\n<li>Fomentar la cooperaci\u00f3 entre l\u2019alumnat, les fam\u00edlies i el professorat.<\/li>\n<li>Promoure projectes educatius de centre compartits i gestionats per la comunitat educativa.<\/li>\n<li>Millorar quantitativament i qualitativa els recursos did\u00e0ctics disponibles als centres\u00a0educatius.<\/li>\n<\/ul>\n<p><code>\u00a0<\/code><\/p>\n<p>&nbsp;<\/p>\n","protected":false},"excerpt":{"rendered":"<p>La finalitat del Programa cooperatiu per al foment de la reutilitzaci\u00f3 de llibres de text i material did\u00e0ctic complementari del Departament d\u2019Ensenyament \u00e9s facilitar, de manera cooperativa i mitjan\u00e7ant el sistema de pr\u00e9stec, llibres de text i material did\u00e0ctic complementari.<br \/>\nL\u2019escola Les Roques Blaves aplica el&hellip;  <a href=\"https:\/\/agora.xtec.cat\/ceip-lesroquesblaves\/families\/programa-de-reutilitzacio-de-llibres\/\" title=\"Read Programa de reutilitzaci\u00f3 de llibres\">Llegeix m\u00e9s\u00bb<\/a><\/p>\n","protected":false},"author":1,"featured_media":0,"parent":290,"menu_order":3,"comment_status":"closed","ping_status":"closed","template":"page-templates\/side-menu.php","meta":{"footnotes":""},"class_list":["post-298","page","type-page","status-publish","hentry"],"post_mailing_queue_ids":[],"_links":{"self":[{"href":"https:\/\/agora.xtec.cat\/ceip-lesroquesblaves\/wp-json\/wp\/v2\/pages\/298","targetHints":{"allow":["GET"]}}],"collection":[{"href":"https:\/\/agora.xtec.cat\/ceip-lesroquesblaves\/wp-json\/wp\/v2\/pages"}],"about":[{"href":"https:\/\/agora.xtec.cat\/ceip-lesroquesblaves\/wp-json\/wp\/v2\/types\/page"}],"author":[{"embeddable":true,"href":"https:\/\/agora.xtec.cat\/ceip-lesroquesblaves\/wp-json\/wp\/v2\/users\/1"}],"replies":[{"embeddable":true,"href":"https:\/\/agora.xtec.cat\/ceip-lesroquesblaves\/wp-json\/wp\/v2\/comments?post=298"}],"version-history":[{"count":6,"href":"https:\/\/agora.xtec.cat\/ceip-lesroquesblaves\/wp-json\/wp\/v2\/pages\/298\/revisions"}],"predecessor-version":[{"id":33560,"href":"https:\/\/agora.xtec.cat\/ceip-lesroquesblaves\/wp-json\/wp\/v2\/pages\/298\/revisions\/33560"}],"up":[{"embeddable":true,"href":"https:\/\/agora.xtec.cat\/ceip-lesroquesblaves\/wp-json\/wp\/v2\/pages\/290"}],"wp:attachment":[{"href":"https:\/\/agora.xtec.cat\/ceip-lesroquesblaves\/wp-json\/wp\/v2\/media?parent=298"}],"curies":[{"name":"wp","href":"https:\/\/api.w.org\/{rel}","templated":true}]}}