{"id":292,"date":"2015-02-26T23:22:30","date_gmt":"2015-02-26T22:22:30","guid":{"rendered":"http:\/\/agora.xtec.cat\/ceip-lesroquesblaves\/?page_id=292"},"modified":"2026-04-13T15:06:33","modified_gmt":"2026-04-13T13:06:33","slug":"horari-datencio","status":"publish","type":"page","link":"https:\/\/agora.xtec.cat\/ceip-lesroquesblaves\/families\/horari-datencio\/","title":{"rendered":"Horari d&#8217;atenci\u00f3 a les fam\u00edlies"},"content":{"rendered":"<p>&nbsp;<\/p>\n<ul style=\"list-style-type: disc;\">\n<li><strong>Horari d&#8217;atenci\u00f3 de secretaria:<\/strong><\/li>\n<\/ul>\n<table style=\"width: 41.25%; height: 346px;\">\n<tbody>\n<tr>\n<td style=\"text-align: center; background-color: #76b5ad;\"><strong>ADMINISTRATIVA<\/strong><\/td>\n<td style=\"text-align: center;\">DILLUNS de 9 a 10 h i de 15 a 16 h.<\/p>\n<p>DIMARTS de 9 a 10 h. i de 15 a 16 h.<\/p>\n<p>DIMECRES 9 a 14 h. i 15 a 16 h.<\/p>\n<p>DIJOUS 9 a 10 h. i de 15 a 16 h.<\/p>\n<p>DIVENDRES de 9 a 10 h. i de 15 a 16 h.<\/td>\n<\/tr>\n<tr>\n<td style=\"text-align: center; background-color: #76b5ad;\"><strong>SECRET\u00c0RIA<\/strong><\/td>\n<td style=\"text-align: center;\">DIMARTS de 11:30 A 12:30 h.<\/p>\n<p>DIVENDRES de 15 a 16:30 h.<\/td>\n<\/tr>\n<\/tbody>\n<\/table>\n<p>&nbsp;<\/p>\n<ul style=\"list-style-type: disc;\">\n<li><strong>\u00a0Entrevistes amb els docents:<\/strong><\/li>\n<\/ul>\n<p>Per sol\u00b7licitar una entrevista, cal demanar hora amb antelaci\u00f3, mitjan\u00e7ant el full de demanda d\u2019entrevista que trobareu a secretaria, a trav\u00e9s de l&#8217;agenda o del correu electr\u00f2nic de la mestra . \u00c9s important que especifiqueu el tema que voleu tractar, per tal de poder preparar-nos l\u2019entrevista i millorar la nostra atenci\u00f3.<\/p>\n<ul>\n<li><strong>Entrevistes amb direcci\u00f3:<\/strong><\/li>\n<\/ul>\n<p>Hores a convenir<\/p>\n<p>&nbsp;<\/p>\n<p>&nbsp;<\/p>\n","protected":false},"excerpt":{"rendered":"<p>&nbsp;<\/p>\n<ul style=\"list-style-type: disc;\">\n<li>Horari d&#8217;atenci\u00f3 de secretaria:<\/li>\n<\/ul>\n<p>ADMINISTRATIVA<br \/>\nDILLUNS de 9 a 10 h i de 15 a 16 h.<br \/>\nDIMARTS de 9 a 10 h. i de 15 a 16 h.<br \/>\nDIMECRES 9 a 14 h. i 15 a 16 h.<br \/>\nDIJOUS 9 a 10 h. i de 15 a&hellip;  <a href=\"https:\/\/agora.xtec.cat\/ceip-lesroquesblaves\/families\/horari-datencio\/\" title=\"Read Horari d&#8217;atenci\u00f3 a les fam\u00edlies\">Llegeix m\u00e9s\u00bb<\/a><\/p>\n","protected":false},"author":1,"featured_media":0,"parent":290,"menu_order":0,"comment_status":"closed","ping_status":"closed","template":"page-templates\/side-menu.php","meta":{"footnotes":""},"class_list":["post-292","page","type-page","status-publish","hentry"],"post_mailing_queue_ids":[],"_links":{"self":[{"href":"https:\/\/agora.xtec.cat\/ceip-lesroquesblaves\/wp-json\/wp\/v2\/pages\/292","targetHints":{"allow":["GET"]}}],"collection":[{"href":"https:\/\/agora.xtec.cat\/ceip-lesroquesblaves\/wp-json\/wp\/v2\/pages"}],"about":[{"href":"https:\/\/agora.xtec.cat\/ceip-lesroquesblaves\/wp-json\/wp\/v2\/types\/page"}],"author":[{"embeddable":true,"href":"https:\/\/agora.xtec.cat\/ceip-lesroquesblaves\/wp-json\/wp\/v2\/users\/1"}],"replies":[{"embeddable":true,"href":"https:\/\/agora.xtec.cat\/ceip-lesroquesblaves\/wp-json\/wp\/v2\/comments?post=292"}],"version-history":[{"count":5,"href":"https:\/\/agora.xtec.cat\/ceip-lesroquesblaves\/wp-json\/wp\/v2\/pages\/292\/revisions"}],"predecessor-version":[{"id":33650,"href":"https:\/\/agora.xtec.cat\/ceip-lesroquesblaves\/wp-json\/wp\/v2\/pages\/292\/revisions\/33650"}],"up":[{"embeddable":true,"href":"https:\/\/agora.xtec.cat\/ceip-lesroquesblaves\/wp-json\/wp\/v2\/pages\/290"}],"wp:attachment":[{"href":"https:\/\/agora.xtec.cat\/ceip-lesroquesblaves\/wp-json\/wp\/v2\/media?parent=292"}],"curies":[{"name":"wp","href":"https:\/\/api.w.org\/{rel}","templated":true}]}}