{"id":286,"date":"2015-02-26T23:20:36","date_gmt":"2015-02-26T22:20:36","guid":{"rendered":"http:\/\/agora.xtec.cat\/ceip-lesroquesblaves\/?page_id=286"},"modified":"2026-02-16T14:48:25","modified_gmt":"2026-02-16T13:48:25","slug":"consell-de-delegatsdes","status":"publish","type":"page","link":"https:\/\/agora.xtec.cat\/ceip-lesroquesblaves\/lescola\/equip-docent\/consell-de-delegatsdes\/","title":{"rendered":"Consell de delegats\/des"},"content":{"rendered":"<p><b>PARTICIPACI\u00d3 DE L&#8217;ALUMNAT EN L&#8217;ESDEVENIR DEL CENTRE<\/b><\/p>\n<p>El Consell de Delegats \u00e9s un \u00f2rgan de participaci\u00f3 de l\u2019alumnat, a partir del 1r curs de prim\u00e0ria. El Consell est\u00e0 format per dos representants de cada aula i la direcci\u00f3. Es reuneix de manera peri\u00f2dica amb la direcci\u00f3 del centre per debatre temes d\u2019inter\u00e8s general, aix\u00ed com es vehicula les demandes de l\u2019alumnat. L\u2019elecci\u00f3 dels delegats i delegades es fa en el si de cada grup i es mant\u00e9 durant el curs.<\/p>\n<p><img loading=\"lazy\" decoding=\"async\" class=\"aligncenter wp-image-33202 size-large\" src=\"https:\/\/agora.xtec.cat\/ceip-lesroquesblaves\/wp-content\/uploads\/usu36\/2026\/02\/PXL_20260216_1132276742-1024x546.jpg\" alt=\"\" width=\"1024\" height=\"546\" srcset=\"https:\/\/agora.xtec.cat\/ceip-lesroquesblaves\/wp-content\/uploads\/usu36\/2026\/02\/PXL_20260216_1132276742-1024x546.jpg 1024w, https:\/\/agora.xtec.cat\/ceip-lesroquesblaves\/wp-content\/uploads\/usu36\/2026\/02\/PXL_20260216_1132276742-300x160.jpg 300w, https:\/\/agora.xtec.cat\/ceip-lesroquesblaves\/wp-content\/uploads\/usu36\/2026\/02\/PXL_20260216_1132276742-768x410.jpg 768w, https:\/\/agora.xtec.cat\/ceip-lesroquesblaves\/wp-content\/uploads\/usu36\/2026\/02\/PXL_20260216_1132276742-1536x820.jpg 1536w, https:\/\/agora.xtec.cat\/ceip-lesroquesblaves\/wp-content\/uploads\/usu36\/2026\/02\/PXL_20260216_1132276742-2048x1093.jpg 2048w\" sizes=\"auto, (max-width: 1024px) 100vw, 1024px\" \/><\/p>\n","protected":false},"excerpt":{"rendered":"<p>PARTICIPACI\u00d3 DE L&#8217;ALUMNAT EN L&#8217;ESDEVENIR DEL CENTRE<br \/>\nEl Consell de Delegats \u00e9s un \u00f2rgan de participaci\u00f3 de l\u2019alumnat, a partir del 1r curs de prim\u00e0ria. El Consell est\u00e0 format per dos representants de cada aula i la direcci\u00f3. Es reuneix de manera peri\u00f2dica amb la direcci\u00f3&hellip;  <a href=\"https:\/\/agora.xtec.cat\/ceip-lesroquesblaves\/lescola\/equip-docent\/consell-de-delegatsdes\/\" title=\"Read Consell de delegats\/des\">Llegeix m\u00e9s\u00bb<\/a><\/p>\n","protected":false},"author":1,"featured_media":0,"parent":348,"menu_order":1,"comment_status":"closed","ping_status":"closed","template":"page-templates\/side-menu.php","meta":{"footnotes":""},"class_list":["post-286","page","type-page","status-publish","hentry"],"post_mailing_queue_ids":[],"_links":{"self":[{"href":"https:\/\/agora.xtec.cat\/ceip-lesroquesblaves\/wp-json\/wp\/v2\/pages\/286","targetHints":{"allow":["GET"]}}],"collection":[{"href":"https:\/\/agora.xtec.cat\/ceip-lesroquesblaves\/wp-json\/wp\/v2\/pages"}],"about":[{"href":"https:\/\/agora.xtec.cat\/ceip-lesroquesblaves\/wp-json\/wp\/v2\/types\/page"}],"author":[{"embeddable":true,"href":"https:\/\/agora.xtec.cat\/ceip-lesroquesblaves\/wp-json\/wp\/v2\/users\/1"}],"replies":[{"embeddable":true,"href":"https:\/\/agora.xtec.cat\/ceip-lesroquesblaves\/wp-json\/wp\/v2\/comments?post=286"}],"version-history":[{"count":4,"href":"https:\/\/agora.xtec.cat\/ceip-lesroquesblaves\/wp-json\/wp\/v2\/pages\/286\/revisions"}],"predecessor-version":[{"id":33203,"href":"https:\/\/agora.xtec.cat\/ceip-lesroquesblaves\/wp-json\/wp\/v2\/pages\/286\/revisions\/33203"}],"up":[{"embeddable":true,"href":"https:\/\/agora.xtec.cat\/ceip-lesroquesblaves\/wp-json\/wp\/v2\/pages\/348"}],"wp:attachment":[{"href":"https:\/\/agora.xtec.cat\/ceip-lesroquesblaves\/wp-json\/wp\/v2\/media?parent=286"}],"curies":[{"name":"wp","href":"https:\/\/api.w.org\/{rel}","templated":true}]}}