{"id":26,"date":"2015-01-01T12:24:32","date_gmt":"2015-01-01T11:24:32","guid":{"rendered":"http:\/\/agora.xtec.cat\/ceip-lesroquesblaves\/?page_id=26"},"modified":"2023-02-27T21:25:37","modified_gmt":"2023-02-27T20:25:37","slug":"historia","status":"publish","type":"page","link":"https:\/\/agora.xtec.cat\/ceip-lesroquesblaves\/lescola\/historia\/","title":{"rendered":"Hist\u00f2ria"},"content":{"rendered":"<h3><strong>Com va comen\u00e7ar tot?<\/strong><\/h3>\n<div><\/div>\n<p>L&#8217;escola Les Roques Blaves neix amb el nom de CEIP Esparreguera el curs 2001-02 per la necessitat del municipi de cobrir places escolars. Els inicis del centre cal ubicar-los en un espai provisional (antigament havia estat l\u2019escola Montserrat) al carrer Hospital.<\/p>\n<p>El primer curs hi ha matriculats quaranta-set alumnes repartits en un grup de P-3 i un altre que aglutina els nens de primer i segon de cicle inicial. De bon comen\u00e7ament, l\u2019equip de mestres, inicialment format per quatre docents, es posa a treballar de valent i amb il\u00b7lusi\u00f3 per a qu\u00e8 l\u2019escola funcioni amb la m\u00e0xima normalitat i qualitat. Aquell mateix curs es crea l&#8217;Associaci\u00f3 de Mares i Pares (AMPA) i, conjuntament, es defineix la l\u00ednia educativa del centre.<\/p>\n<div><\/div>\n<p>Al llarg dels successius cursos l\u2019escola va creixent. El curs 2004-05, despr\u00e9s d\u2019un proc\u00e9s participatiu, es decideix que el centre s\u2019anomenar\u00e0 Les Roques Blaves. Per escollir el nom de l\u2019escola s\u2019obre un proc\u00e9s on tots els membres de la comunitat educativa van poder fer les seves propostes i justificar-les. El Consell escolar del centre va sotmetre a votaci\u00f3 les diferents alternatives. Finalment, l\u2019opci\u00f3 escollida \u00e9s un top\u00f2nim de la nostra vila: les Roques Blaves.<\/p>\n<div><\/div>\n<p>El 2005-06 \u00e9s el curs de les mudances i l\u2019estrena del nou edifici situat al carrer dels Paraires; al setembre educaci\u00f3 infantil ja inicia les classes a la nova escola, mentre que l\u2019educaci\u00f3 prim\u00e0ria ho fa al gener. El recordem com un any dur, amb conviv\u00e8ncia d\u2019obres, adequaci\u00f3 d\u2019espais, demandes de recursos, adaptaci\u00f3 dels diferents serveis a les noves instal\u00b7lacions&#8230; per\u00f2 tamb\u00e9 com un temps d\u2019il\u00b7lusi\u00f3, empenta i esperan\u00e7a.<\/p>\n<div><\/div>\n<div>Tant el curs 2006-07 com el curs 2007-08 l&#8217;escola acull tres grups de P3.<\/div>\n<div><\/div>\n<div><\/div>\n<p>Des d\u2019aleshores, s\u2019ha intentat mantenir un esperit innovador, gestionar els recursos humans, materials i funcionals de la manera m\u00e9s efica\u00e7 i eficient, utilitzar els mitjans t\u00e8cnics m\u00e9s adients i moderns&#8230; amb la finalitat de proporcionar una educaci\u00f3 de qualitat que doni resposta a les exig\u00e8ncies de la societat actual.<\/p>\n","protected":false},"excerpt":{"rendered":"<p>Com va comen\u00e7ar tot?<\/p>\n<p>L&#8217;escola Les Roques Blaves neix amb el nom de CEIP Esparreguera el curs 2001-02 per la necessitat del municipi de cobrir places escolars. Els inicis del centre cal ubicar-los en un espai provisional (antigament havia estat l\u2019escola Montserrat) al carrer Hospital.<br \/>\nEl primer&hellip;  <a href=\"https:\/\/agora.xtec.cat\/ceip-lesroquesblaves\/lescola\/historia\/\" title=\"Read Hist\u00f2ria\">Llegeix m\u00e9s\u00bb<\/a><\/p>\n","protected":false},"author":1,"featured_media":0,"parent":22,"menu_order":20,"comment_status":"closed","ping_status":"closed","template":"page-templates\/side-menu.php","meta":{"footnotes":""},"class_list":["post-26","page","type-page","status-publish","hentry"],"post_mailing_queue_ids":[],"_links":{"self":[{"href":"https:\/\/agora.xtec.cat\/ceip-lesroquesblaves\/wp-json\/wp\/v2\/pages\/26","targetHints":{"allow":["GET"]}}],"collection":[{"href":"https:\/\/agora.xtec.cat\/ceip-lesroquesblaves\/wp-json\/wp\/v2\/pages"}],"about":[{"href":"https:\/\/agora.xtec.cat\/ceip-lesroquesblaves\/wp-json\/wp\/v2\/types\/page"}],"author":[{"embeddable":true,"href":"https:\/\/agora.xtec.cat\/ceip-lesroquesblaves\/wp-json\/wp\/v2\/users\/1"}],"replies":[{"embeddable":true,"href":"https:\/\/agora.xtec.cat\/ceip-lesroquesblaves\/wp-json\/wp\/v2\/comments?post=26"}],"version-history":[{"count":3,"href":"https:\/\/agora.xtec.cat\/ceip-lesroquesblaves\/wp-json\/wp\/v2\/pages\/26\/revisions"}],"predecessor-version":[{"id":28203,"href":"https:\/\/agora.xtec.cat\/ceip-lesroquesblaves\/wp-json\/wp\/v2\/pages\/26\/revisions\/28203"}],"up":[{"embeddable":true,"href":"https:\/\/agora.xtec.cat\/ceip-lesroquesblaves\/wp-json\/wp\/v2\/pages\/22"}],"wp:attachment":[{"href":"https:\/\/agora.xtec.cat\/ceip-lesroquesblaves\/wp-json\/wp\/v2\/media?parent=26"}],"curies":[{"name":"wp","href":"https:\/\/api.w.org\/{rel}","templated":true}]}}