{"id":17280,"date":"2019-07-12T13:03:20","date_gmt":"2019-07-12T11:03:20","guid":{"rendered":"http:\/\/agora.xtec.cat\/ceip-lesroquesblaves\/?page_id=17280"},"modified":"2019-07-12T13:03:20","modified_gmt":"2019-07-12T11:03:20","slug":"nova-app","status":"publish","type":"page","link":"https:\/\/agora.xtec.cat\/ceip-lesroquesblaves\/ampa\/nova-app\/","title":{"rendered":"Nova APP"},"content":{"rendered":"<p>Amb la intenci\u00f3 d&#8217;apropar-nos m\u00e9s a totes les fam\u00edlies, des de l&#8217;AMPA hem engegat una nova APP que est\u00e0 disponible tant a Android com a Appstore.<\/p>\n<p>Aix\u00ed sabreu tot el que fem a l&#8217;AMPA i podreu estar informats de totes les not\u00edcies, novetats, i activitats que preparem cada setmana.<a href=\"https:\/\/agora.xtec.cat\/ceip-lesroquesblaves\/wp-content\/uploads\/usu36\/2019\/07\/CARTEL-APP-AMPAROQUES.jpg\"><img loading=\"lazy\" decoding=\"async\" class=\"alignnone size-large wp-image-17281\" src=\"https:\/\/agora.xtec.cat\/ceip-lesroquesblaves\/wp-content\/uploads\/usu36\/2019\/07\/CARTEL-APP-AMPAROQUES-800x1024.jpg\" alt=\"\" width=\"800\" height=\"1024\" srcset=\"https:\/\/agora.xtec.cat\/ceip-lesroquesblaves\/wp-content\/uploads\/usu36\/2019\/07\/CARTEL-APP-AMPAROQUES-800x1024.jpg 800w, https:\/\/agora.xtec.cat\/ceip-lesroquesblaves\/wp-content\/uploads\/usu36\/2019\/07\/CARTEL-APP-AMPAROQUES-234x300.jpg 234w, https:\/\/agora.xtec.cat\/ceip-lesroquesblaves\/wp-content\/uploads\/usu36\/2019\/07\/CARTEL-APP-AMPAROQUES-768x983.jpg 768w, https:\/\/agora.xtec.cat\/ceip-lesroquesblaves\/wp-content\/uploads\/usu36\/2019\/07\/CARTEL-APP-AMPAROQUES.jpg 847w\" sizes=\"auto, (max-width: 800px) 100vw, 800px\" \/><\/a><\/p>\n","protected":false},"excerpt":{"rendered":"<p>Amb la intenci\u00f3 d&#8217;apropar-nos m\u00e9s a totes les fam\u00edlies, des de l&#8217;AMPA hem engegat una nova APP que est\u00e0 disponible tant a Android com a Appstore.<br \/>\nAix\u00ed sabreu tot el que fem a l&#8217;AMPA i podreu estar informats de totes les not\u00edcies, novetats, i activitats que&hellip;  <a href=\"https:\/\/agora.xtec.cat\/ceip-lesroquesblaves\/ampa\/nova-app\/\" title=\"Read Nova APP\">Llegeix m\u00e9s\u00bb<\/a><\/p>\n","protected":false},"author":51,"featured_media":0,"parent":194,"menu_order":0,"comment_status":"closed","ping_status":"closed","template":"page-templates\/side-menu.php","meta":{"footnotes":""},"class_list":["post-17280","page","type-page","status-publish","hentry"],"post_mailing_queue_ids":[],"_links":{"self":[{"href":"https:\/\/agora.xtec.cat\/ceip-lesroquesblaves\/wp-json\/wp\/v2\/pages\/17280","targetHints":{"allow":["GET"]}}],"collection":[{"href":"https:\/\/agora.xtec.cat\/ceip-lesroquesblaves\/wp-json\/wp\/v2\/pages"}],"about":[{"href":"https:\/\/agora.xtec.cat\/ceip-lesroquesblaves\/wp-json\/wp\/v2\/types\/page"}],"author":[{"embeddable":true,"href":"https:\/\/agora.xtec.cat\/ceip-lesroquesblaves\/wp-json\/wp\/v2\/users\/51"}],"replies":[{"embeddable":true,"href":"https:\/\/agora.xtec.cat\/ceip-lesroquesblaves\/wp-json\/wp\/v2\/comments?post=17280"}],"version-history":[{"count":1,"href":"https:\/\/agora.xtec.cat\/ceip-lesroquesblaves\/wp-json\/wp\/v2\/pages\/17280\/revisions"}],"predecessor-version":[{"id":17282,"href":"https:\/\/agora.xtec.cat\/ceip-lesroquesblaves\/wp-json\/wp\/v2\/pages\/17280\/revisions\/17282"}],"up":[{"embeddable":true,"href":"https:\/\/agora.xtec.cat\/ceip-lesroquesblaves\/wp-json\/wp\/v2\/pages\/194"}],"wp:attachment":[{"href":"https:\/\/agora.xtec.cat\/ceip-lesroquesblaves\/wp-json\/wp\/v2\/media?parent=17280"}],"curies":[{"name":"wp","href":"https:\/\/api.w.org\/{rel}","templated":true}]}}