{"id":17229,"date":"2019-05-30T22:41:59","date_gmt":"2019-05-30T20:41:59","guid":{"rendered":"http:\/\/agora.xtec.cat\/ceip-lesroquesblaves\/?page_id=17229"},"modified":"2023-09-21T11:37:11","modified_gmt":"2023-09-21T09:37:11","slug":"la-junta-de-lampa","status":"publish","type":"page","link":"https:\/\/agora.xtec.cat\/ceip-lesroquesblaves\/ampa\/la-junta-de-lampa\/","title":{"rendered":"La Junta de l&#8217;AMPA"},"content":{"rendered":"<p><strong>JUNTA DE L&#8217;AMPA EN EL PER\u00cdODE 2023\/2026<\/strong><\/p>\n<p>La\u00a0junta directiva de l\u2019AMPA\u00a0<strong>s\u2019encarrega de la representaci\u00f3 i la gesti\u00f3 di\u00e0ria de l\u2019associaci\u00f3<\/strong>. Est\u00e0<strong>\u00a0formada per un grup de pares i mares\u00a0<\/strong>que s\u00f3n membres actius de l\u2019AMPA i que ofereixen una part del seu temps de lleure, dels seus esfor\u00e7os i dels seus recursos i habilitats personals amb l\u2019objectiu com\u00fa de millorar el funcionament del centre i l\u2019educaci\u00f3 que reben el conjunt dels alumnes.<\/p>\n<p>En el per\u00edode actual la junta est\u00e0 formada per una presidenta, una vicepresidenta, una tresorera i un secretari. Tanmateix, les decisions que es prenen en l&#8217;AMPA estan consensuades per tots els membres que participen de forma activa.<\/p>\n<p>En aquest mandat, les persones de la Junta s\u00f3n:<\/p>\n<p>Presidenta: Magda (mare de 4t)<\/p>\n<p>Vicepresidenta: Nerea (mare de 1r)<\/p>\n<p>Tresorera: Anna Rosa (mare de 1r i 4t)<\/p>\n<p>Secretari: Joan (pare de 3r i i5)<\/p>\n","protected":false},"excerpt":{"rendered":"<p>JUNTA DE L&#8217;AMPA EN EL PER\u00cdODE 2023\/2026<br \/>\nLa\u00a0junta directiva de l\u2019AMPA\u00a0s\u2019encarrega de la representaci\u00f3 i la gesti\u00f3 di\u00e0ria de l\u2019associaci\u00f3. Est\u00e0\u00a0formada per un grup de pares i mares\u00a0que s\u00f3n membres actius de l\u2019AMPA i que ofereixen una part del seu temps de lleure, dels seus esfor\u00e7os&hellip;  <a href=\"https:\/\/agora.xtec.cat\/ceip-lesroquesblaves\/ampa\/la-junta-de-lampa\/\" title=\"Read La Junta de l&#8217;AMPA\">Llegeix m\u00e9s\u00bb<\/a><\/p>\n","protected":false},"author":51,"featured_media":0,"parent":194,"menu_order":50,"comment_status":"closed","ping_status":"closed","template":"page-templates\/side-menu.php","meta":{"footnotes":""},"class_list":["post-17229","page","type-page","status-publish","hentry"],"post_mailing_queue_ids":[],"_links":{"self":[{"href":"https:\/\/agora.xtec.cat\/ceip-lesroquesblaves\/wp-json\/wp\/v2\/pages\/17229","targetHints":{"allow":["GET"]}}],"collection":[{"href":"https:\/\/agora.xtec.cat\/ceip-lesroquesblaves\/wp-json\/wp\/v2\/pages"}],"about":[{"href":"https:\/\/agora.xtec.cat\/ceip-lesroquesblaves\/wp-json\/wp\/v2\/types\/page"}],"author":[{"embeddable":true,"href":"https:\/\/agora.xtec.cat\/ceip-lesroquesblaves\/wp-json\/wp\/v2\/users\/51"}],"replies":[{"embeddable":true,"href":"https:\/\/agora.xtec.cat\/ceip-lesroquesblaves\/wp-json\/wp\/v2\/comments?post=17229"}],"version-history":[{"count":3,"href":"https:\/\/agora.xtec.cat\/ceip-lesroquesblaves\/wp-json\/wp\/v2\/pages\/17229\/revisions"}],"predecessor-version":[{"id":29045,"href":"https:\/\/agora.xtec.cat\/ceip-lesroquesblaves\/wp-json\/wp\/v2\/pages\/17229\/revisions\/29045"}],"up":[{"embeddable":true,"href":"https:\/\/agora.xtec.cat\/ceip-lesroquesblaves\/wp-json\/wp\/v2\/pages\/194"}],"wp:attachment":[{"href":"https:\/\/agora.xtec.cat\/ceip-lesroquesblaves\/wp-json\/wp\/v2\/media?parent=17229"}],"curies":[{"name":"wp","href":"https:\/\/api.w.org\/{rel}","templated":true}]}}