{"id":17086,"date":"2019-04-30T22:01:37","date_gmt":"2019-04-30T20:01:37","guid":{"rendered":"http:\/\/agora.xtec.cat\/ceip-lesroquesblaves\/?page_id=17086"},"modified":"2021-11-01T08:37:57","modified_gmt":"2021-11-01T07:37:57","slug":"descomptes","status":"publish","type":"page","link":"https:\/\/agora.xtec.cat\/ceip-lesroquesblaves\/ampa\/descomptes\/","title":{"rendered":"Descomptes"},"content":{"rendered":"<p style=\"text-align: left;\">Tots els socis de l&#8217;AMPA Les Roques Blaves, pel simple fet de ser socis, teniu descompte ensenyant el carnet de soci en moltes botigues del poble. Per tenir acc\u00e9s al carnet, us heu de descarregar l&#8217;APP de l&#8217;AMPA i all\u00e0 podreu veure el vostre carnet, que \u00e9s el que us demanaran a les botigues.<\/p>\n<p style=\"text-align: left;\">\n","protected":false},"excerpt":{"rendered":"<p>Tots els socis de l&#8217;AMPA Les Roques Blaves, pel simple fet de ser socis, teniu descompte ensenyant el carnet de soci en moltes botigues del poble. Per tenir acc\u00e9s al carnet, us heu de descarregar l&#8217;APP de l&#8217;AMPA i all\u00e0 podreu veure el vostre carnet,&hellip;  <a href=\"https:\/\/agora.xtec.cat\/ceip-lesroquesblaves\/ampa\/descomptes\/\" title=\"Read Descomptes\">Llegeix m\u00e9s\u00bb<\/a><\/p>\n","protected":false},"author":1,"featured_media":0,"parent":194,"menu_order":50,"comment_status":"closed","ping_status":"closed","template":"page-templates\/side-menu.php","meta":{"footnotes":""},"class_list":["post-17086","page","type-page","status-publish","hentry"],"post_mailing_queue_ids":[],"_links":{"self":[{"href":"https:\/\/agora.xtec.cat\/ceip-lesroquesblaves\/wp-json\/wp\/v2\/pages\/17086","targetHints":{"allow":["GET"]}}],"collection":[{"href":"https:\/\/agora.xtec.cat\/ceip-lesroquesblaves\/wp-json\/wp\/v2\/pages"}],"about":[{"href":"https:\/\/agora.xtec.cat\/ceip-lesroquesblaves\/wp-json\/wp\/v2\/types\/page"}],"author":[{"embeddable":true,"href":"https:\/\/agora.xtec.cat\/ceip-lesroquesblaves\/wp-json\/wp\/v2\/users\/1"}],"replies":[{"embeddable":true,"href":"https:\/\/agora.xtec.cat\/ceip-lesroquesblaves\/wp-json\/wp\/v2\/comments?post=17086"}],"version-history":[{"count":3,"href":"https:\/\/agora.xtec.cat\/ceip-lesroquesblaves\/wp-json\/wp\/v2\/pages\/17086\/revisions"}],"predecessor-version":[{"id":22483,"href":"https:\/\/agora.xtec.cat\/ceip-lesroquesblaves\/wp-json\/wp\/v2\/pages\/17086\/revisions\/22483"}],"up":[{"embeddable":true,"href":"https:\/\/agora.xtec.cat\/ceip-lesroquesblaves\/wp-json\/wp\/v2\/pages\/194"}],"wp:attachment":[{"href":"https:\/\/agora.xtec.cat\/ceip-lesroquesblaves\/wp-json\/wp\/v2\/media?parent=17086"}],"curies":[{"name":"wp","href":"https:\/\/api.w.org\/{rel}","templated":true}]}}