{"id":16688,"date":"2019-03-01T17:04:29","date_gmt":"2019-03-01T16:04:29","guid":{"rendered":"http:\/\/agora.xtec.cat\/ceip-lesroquesblaves\/?page_id=16688"},"modified":"2020-09-23T08:24:39","modified_gmt":"2020-09-23T06:24:39","slug":"tallers","status":"publish","type":"page","link":"https:\/\/agora.xtec.cat\/ceip-lesroquesblaves\/ampa\/tallers\/","title":{"rendered":"Tallers i xerrades"},"content":{"rendered":"<p><strong>TALLERS <\/strong><\/p>\n<p>L\u2019AMPA organitza diversos tallers durant tot l\u2019any, relacionats amb l\u2019\u00e8poca de l\u2019any que ens trobem: fem tallers de la Castanyada, Nadal, Carnestoltes, Sant Jordi,&#8230;<\/p>\n<p><strong>XERRADES<\/strong><\/p>\n<p>Tamb\u00e9 organitzem xerrades de diversa tem\u00e0tica, amb el nexe com\u00fa de l&#8217;educaci\u00f3 cap als nostres fills i filles.<\/p>\n<p>&nbsp;<\/p>\n<p>Tota aquesta informaci\u00f3 i les dates dels tallers i xerrades, ho trobareu a l&#8217;agenda de l&#8217;APP.<\/p>\n<p>&nbsp;<\/p>\n","protected":false},"excerpt":{"rendered":"<p>TALLERS<br \/>\nL\u2019AMPA organitza diversos tallers durant tot l\u2019any, relacionats amb l\u2019\u00e8poca de l\u2019any que ens trobem: fem tallers de la Castanyada, Nadal, Carnestoltes, Sant Jordi,&#8230;<br \/>\nXERRADES<br \/>\nTamb\u00e9 organitzem xerrades de diversa tem\u00e0tica, amb el nexe com\u00fa de l&#8217;educaci\u00f3 cap als nostres fills i filles.<br \/>\n&nbsp;<br \/>\nTota aquesta informaci\u00f3 i&hellip;  <a href=\"https:\/\/agora.xtec.cat\/ceip-lesroquesblaves\/ampa\/tallers\/\" title=\"Read Tallers i xerrades\">Llegeix m\u00e9s\u00bb<\/a><\/p>\n","protected":false},"author":1,"featured_media":0,"parent":194,"menu_order":0,"comment_status":"closed","ping_status":"closed","template":"page-templates\/side-menu.php","meta":{"footnotes":""},"class_list":["post-16688","page","type-page","status-publish","hentry"],"post_mailing_queue_ids":[],"_links":{"self":[{"href":"https:\/\/agora.xtec.cat\/ceip-lesroquesblaves\/wp-json\/wp\/v2\/pages\/16688","targetHints":{"allow":["GET"]}}],"collection":[{"href":"https:\/\/agora.xtec.cat\/ceip-lesroquesblaves\/wp-json\/wp\/v2\/pages"}],"about":[{"href":"https:\/\/agora.xtec.cat\/ceip-lesroquesblaves\/wp-json\/wp\/v2\/types\/page"}],"author":[{"embeddable":true,"href":"https:\/\/agora.xtec.cat\/ceip-lesroquesblaves\/wp-json\/wp\/v2\/users\/1"}],"replies":[{"embeddable":true,"href":"https:\/\/agora.xtec.cat\/ceip-lesroquesblaves\/wp-json\/wp\/v2\/comments?post=16688"}],"version-history":[{"count":3,"href":"https:\/\/agora.xtec.cat\/ceip-lesroquesblaves\/wp-json\/wp\/v2\/pages\/16688\/revisions"}],"predecessor-version":[{"id":22484,"href":"https:\/\/agora.xtec.cat\/ceip-lesroquesblaves\/wp-json\/wp\/v2\/pages\/16688\/revisions\/22484"}],"up":[{"embeddable":true,"href":"https:\/\/agora.xtec.cat\/ceip-lesroquesblaves\/wp-json\/wp\/v2\/pages\/194"}],"wp:attachment":[{"href":"https:\/\/agora.xtec.cat\/ceip-lesroquesblaves\/wp-json\/wp\/v2\/media?parent=16688"}],"curies":[{"name":"wp","href":"https:\/\/api.w.org\/{rel}","templated":true}]}}