{"id":16684,"date":"2019-03-01T16:59:34","date_gmt":"2019-03-01T15:59:34","guid":{"rendered":"http:\/\/agora.xtec.cat\/ceip-lesroquesblaves\/?page_id=16684"},"modified":"2026-04-15T09:21:06","modified_gmt":"2026-04-15T07:21:06","slug":"serveis-que-ofereix-lampa","status":"publish","type":"page","link":"https:\/\/agora.xtec.cat\/ceip-lesroquesblaves\/ampa\/serveis-que-ofereix-lampa\/","title":{"rendered":"Serveis que ofereix l&#8217;AMPA"},"content":{"rendered":"<div dir=\"ltr\">Les activitats que us ofereix l&#8217;AMPA s\u00f3n les seg\u00fcents:<\/div>\n<div dir=\"ltr\"><\/div>\n<ul style=\"list-style-type: circle;\">\n<li dir=\"ltr\"><strong><span style=\"text-decoration: underline;\">SERVEI D&#8217;ACOLLIDA<\/span>:\u00a0<\/strong>l&#8217;AMPA ofereix di\u00e0riament (7:30 a 9:00 i 16:30 a 17:00) un servei d&#8217;acollida amb monitoratge titulat i qualificat. A l&#8217;APP de l&#8217;AMPA trobareu tota la informaci\u00f3 sobre els preus i els trams.<\/li>\n<\/ul>\n<ul>\n<li style=\"list-style-type: none;\">\n<ul style=\"list-style-type: circle;\">\n<li dir=\"ltr\" style=\"list-style-type: none;\"><\/li>\n<\/ul>\n<\/li>\n<\/ul>\n<ul style=\"list-style-type: circle;\">\n<li dir=\"ltr\"><strong><span style=\"text-decoration: underline;\">SERVEI MENJADOR<\/span>:\u00a0<\/strong>L&#8217;AMPA ofereix un servei de menjador diari (6,65\u20ac) i espor\u00e0dic (7,35\u20ac), a trav\u00e9s de l&#8217;empresa de menjador CAMPOS ESTELA amb personal qualificat i cuina pr\u00f2pia. A l&#8217;APP de l&#8217;AMPA trobareu el men\u00fa mensual de cada modalitat<\/li>\n<\/ul>\n<p>&nbsp;<\/p>\n<ul style=\"list-style-type: circle;\">\n<li dir=\"ltr\"><span style=\"text-decoration: underline;\"><strong>PARTICIPACIO PROGRAMA DE FRUITA<\/strong><\/span><\/li>\n<\/ul>\n<p>Peri\u00f2dicament, l&#8217;AMPA col\u00b7labora en el programa de fruita de la Generalitat de Catalunya, amb la distribuci\u00f3 i preparaci\u00f3 de la fruita entre tots els alumnes de l&#8217;escola.<\/p>\n<p>Aquest programa es realitza una setmana al mes.<\/p>\n<p>&nbsp;<\/p>\n<ul style=\"list-style-type: circle;\">\n<li dir=\"ltr\">\u00a0<span style=\"text-decoration: underline;\"><strong>PARTICIPACIO PROGRAMA REUTILITZACI\u00d3 DE LLIBRES<\/strong><\/span><\/li>\n<\/ul>\n<p>&nbsp;<\/p>\n<ul style=\"list-style-type: circle;\">\n<li dir=\"ltr\"><span style=\"text-decoration: underline;\"><strong>PARTICIPACI\u00d3 PROGRAMA REUTILIZACI\u00d3 DE L&#8217;OLI<\/strong><\/span><\/li>\n<\/ul>\n<p>&nbsp;<\/p>\n<p>&nbsp;<\/p>\n","protected":false},"excerpt":{"rendered":"<p>Les activitats que us ofereix l&#8217;AMPA s\u00f3n les seg\u00fcents:<\/p>\n<ul style=\"list-style-type: circle;\">\n<li dir=\"ltr\">SERVEI D&#8217;ACOLLIDA:\u00a0l&#8217;AMPA ofereix di\u00e0riament (7:30 a 9:00 i 16:30 a 17:00) un servei d&#8217;acollida amb monitoratge titulat i qualificat. A l&#8217;APP de l&#8217;AMPA trobareu tota la informaci\u00f3 sobre els preus i els trams.<\/li>\n<\/ul>\n<ul>\n<li style=\"list-style-type:&hellip;  <a href=\"https:\/\/agora.xtec.cat\/ceip-lesroquesblaves\/ampa\/serveis-que-ofereix-lampa\/\" title=\"Read Serveis que ofereix l&#8217;AMPA\">Llegeix m\u00e9s\u00bb<\/a><br \/>\n","protected":false},"author":1,"featured_media":0,"parent":194,"menu_order":0,"comment_status":"closed","ping_status":"closed","template":"page-templates\/side-menu.php","meta":{"footnotes":""},"class_list":["post-16684","page","type-page","status-publish","hentry"],"post_mailing_queue_ids":[],"_links":{"self":[{"href":"https:\/\/agora.xtec.cat\/ceip-lesroquesblaves\/wp-json\/wp\/v2\/pages\/16684","targetHints":{"allow":["GET"]}}],"collection":[{"href":"https:\/\/agora.xtec.cat\/ceip-lesroquesblaves\/wp-json\/wp\/v2\/pages"}],"about":[{"href":"https:\/\/agora.xtec.cat\/ceip-lesroquesblaves\/wp-json\/wp\/v2\/types\/page"}],"author":[{"embeddable":true,"href":"https:\/\/agora.xtec.cat\/ceip-lesroquesblaves\/wp-json\/wp\/v2\/users\/1"}],"replies":[{"embeddable":true,"href":"https:\/\/agora.xtec.cat\/ceip-lesroquesblaves\/wp-json\/wp\/v2\/comments?post=16684"}],"version-history":[{"count":4,"href":"https:\/\/agora.xtec.cat\/ceip-lesroquesblaves\/wp-json\/wp\/v2\/pages\/16684\/revisions"}],"predecessor-version":[{"id":33672,"href":"https:\/\/agora.xtec.cat\/ceip-lesroquesblaves\/wp-json\/wp\/v2\/pages\/16684\/revisions\/33672"}],"up":[{"embeddable":true,"href":"https:\/\/agora.xtec.cat\/ceip-lesroquesblaves\/wp-json\/wp\/v2\/pages\/194"}],"wp:attachment":[{"href":"https:\/\/agora.xtec.cat\/ceip-lesroquesblaves\/wp-json\/wp\/v2\/media?parent=16684"}],"curies":[{"name":"wp","href":"https:\/\/api.w.org\/{rel}","templated":true}]}}