{"id":16428,"date":"2019-01-30T13:12:04","date_gmt":"2019-01-30T12:12:04","guid":{"rendered":"http:\/\/agora.xtec.cat\/ceip-lesroquesblaves\/?page_id=16428"},"modified":"2026-02-17T09:54:21","modified_gmt":"2026-02-17T08:54:21","slug":"com-treballem","status":"publish","type":"page","link":"https:\/\/agora.xtec.cat\/ceip-lesroquesblaves\/projectes\/com-treballem\/","title":{"rendered":"Com aprenem?"},"content":{"rendered":"<p>La inquietud de l&#8217;escola per donar la resposta m\u00e9s adequada als interessos dels infants, per a qu\u00e8 tothom pugui desenvolupar al m\u00e0xim els seus talents, per a qu\u00e8 les aules esdevinguin entorns d\u2019aprenentatge actius i reals, ens ha fet apostar per una desfragmentaci\u00f3 de l\u2019horari i un tractament globalitzat dels aprenentatges.<\/p>\n<p>El coneixement que tenim de com aprenem les persones: manipulant, experimentant, emocionant-nos, equivocant-nos, reflexionant, connectant diferents disciplines i no parcel\u00b7lant-les, ens ha portat a plantejar situacions d&#8217;ap<a href=\"https:\/\/agora.xtec.cat\/ceip-lesroquesblaves\/wp-content\/uploads\/usu36\/2019\/02\/competencial.jpg\"><img loading=\"lazy\" decoding=\"async\" class=\"wp-image-16627 alignleft\" src=\"https:\/\/agora.xtec.cat\/ceip-lesroquesblaves\/wp-content\/uploads\/usu36\/2019\/02\/competencial-300x177.jpg\" alt=\"\" width=\"438\" height=\"258\" srcset=\"https:\/\/agora.xtec.cat\/ceip-lesroquesblaves\/wp-content\/uploads\/usu36\/2019\/02\/competencial-300x177.jpg 300w, https:\/\/agora.xtec.cat\/ceip-lesroquesblaves\/wp-content\/uploads\/usu36\/2019\/02\/competencial-768x454.jpg 768w, https:\/\/agora.xtec.cat\/ceip-lesroquesblaves\/wp-content\/uploads\/usu36\/2019\/02\/competencial.jpg 824w\" sizes=\"auto, (max-width: 438px) 100vw, 438px\" \/><\/a>renentatge competencials. Aprenem globalment, aprenem fent-nos preguntes, aprenem fent, aprenem amb el cor, aprenem dels errors i aprenem amb els altres, fent i refent en companyia, treballant en equip.<\/p>\n<p>L\u2019escola ha de donar oportunitats d\u2019aprenentatge a tothom, que cada infant trobi el seu cam\u00ed i el seu lloc, sense exclusions, per a qu\u00e8 desenvolupin les compet\u00e8ncies per a la vida.<\/p>\n<p>El treball en xarxa amb altres escoles de Catalunya, en el marc de\u00a0 la Xarxa de Compet\u00e8ncies B\u00e0siques, Escola nova21 i d\u2019altres xarxes docents com Xarxes d&#8217;escola pera la sostenibilitat, Comunitat STEAM i Filoscola ens ajuden a seguir plantejant-nos nous reptes per aconseguir la millor educaci\u00f3 pels nostres infants, tot compartint eines, investigant junts i anant transformant el sistema educatiu.<\/p>\n<p>En aquesta l\u00ednia, la nostra escola ha apostat per una desfragmentaci\u00f3 de l&#8217;horari, per tal de no segmentar els coneixements; sin\u00f3 oferir-los de manera global, tal i com els haurem d&#8217;aplicar a la vida real quan h\u00e0gim de resoldre les situacions problema que se&#8217;ns plantegen en la nostra quotidianitat. Per altra banda, en el dia a dia de l&#8217;escola, les propostes d&#8217;aprenentatge les articulem a a trav\u00e9s de les seg\u00fcents propostes:<\/p>\n<p><strong>&#8211; Projectes amb sentit:<\/strong> El plantejament d&#8217;un repte i l&#8217;elaboraci\u00f3 d&#8217;un producte final (maqueta, muntatge d&#8217;una exposici\u00f3, presentaci\u00f3 d&#8217;una recerca en un congr\u00e9s, gravaci\u00f3 d&#8217;un espot publicitari, redacci\u00f3 d&#8217;un article cient\u00edfic, elaboraci\u00f3 d&#8217;un tr\u00edptic, construcci\u00f3 d&#8217;un prototip d&#8217;habitatge, representaci\u00f3 d&#8217;una obra de teatre, participaci\u00f3 en un certamen de poesia&#8230;) esdevenen el motor per a construir coneixement i articular el proc\u00e9s d&#8217;aprenentatge.<\/p>\n<p><strong>&#8211; Treballs d&#8217;investigaci\u00f3:<\/strong>\u00a0 L&#8217;alumne es planteja un interrogant al qual li ha de donar resposta mitjan\u00e7ant el m\u00e8tode cient\u00edfic. Sorgeix del propi alumne i dels dubtes que es planteja sobre el funcionament de la seva realitat, el m\u00f3n i l&#8217;univers. Per exemple: una alumna de cinqu\u00e8, despr\u00e9s de llegir diverses not\u00edcies en diaris sobre incendis, es va preguntar: Per qu\u00e8 el vent revifa les flames, si jo quan vull apagar una espelma bufo? Uns alumnes de P5 es pregunten per qu\u00e8 a vegades quan surten al pati tenen ombra i d&#8217;altres no? Un grup de tercer investiga sobre les variables id\u00f2nies per al creixement de les plantes&#8230;<\/p>\n<p><strong>&#8211; Plans d&#8217;escola:<\/strong> Espais per al desenvolupament de les habilitats de pensament, la compet\u00e8ncia social i ciutadana i el sentiment de pertinen\u00e7a al centre i al poble. En aquests moments tenen lloc les sessions de filosofia, les assemblees de classe&#8230;<\/p>\n<p><strong>&#8211; P\u00edndoles competencials:<\/strong>\u00a0Moments reservats al treball espec\u00edfic d&#8217;aprenentatges m\u00e9s sistem\u00e0tics o la intervenci\u00f3 d&#8217;un expert per explicar o introduir nous coneixements.<\/p>\n","protected":false},"excerpt":{"rendered":"<p>La inquietud de l&#8217;escola per donar la resposta m\u00e9s adequada als interessos dels infants, per a qu\u00e8 tothom pugui desenvolupar al m\u00e0xim els seus talents, per a qu\u00e8 les aules esdevinguin entorns d\u2019aprenentatge actius i reals, ens ha fet apostar per una desfragmentaci\u00f3 de l\u2019horari&hellip;  <a href=\"https:\/\/agora.xtec.cat\/ceip-lesroquesblaves\/projectes\/com-treballem\/\" title=\"Read Com aprenem?\">Llegeix m\u00e9s\u00bb<\/a><\/p>\n","protected":false},"author":1,"featured_media":0,"parent":251,"menu_order":0,"comment_status":"closed","ping_status":"closed","template":"","meta":{"footnotes":""},"class_list":["post-16428","page","type-page","status-publish","hentry"],"post_mailing_queue_ids":[],"_links":{"self":[{"href":"https:\/\/agora.xtec.cat\/ceip-lesroquesblaves\/wp-json\/wp\/v2\/pages\/16428","targetHints":{"allow":["GET"]}}],"collection":[{"href":"https:\/\/agora.xtec.cat\/ceip-lesroquesblaves\/wp-json\/wp\/v2\/pages"}],"about":[{"href":"https:\/\/agora.xtec.cat\/ceip-lesroquesblaves\/wp-json\/wp\/v2\/types\/page"}],"author":[{"embeddable":true,"href":"https:\/\/agora.xtec.cat\/ceip-lesroquesblaves\/wp-json\/wp\/v2\/users\/1"}],"replies":[{"embeddable":true,"href":"https:\/\/agora.xtec.cat\/ceip-lesroquesblaves\/wp-json\/wp\/v2\/comments?post=16428"}],"version-history":[{"count":6,"href":"https:\/\/agora.xtec.cat\/ceip-lesroquesblaves\/wp-json\/wp\/v2\/pages\/16428\/revisions"}],"predecessor-version":[{"id":33275,"href":"https:\/\/agora.xtec.cat\/ceip-lesroquesblaves\/wp-json\/wp\/v2\/pages\/16428\/revisions\/33275"}],"up":[{"embeddable":true,"href":"https:\/\/agora.xtec.cat\/ceip-lesroquesblaves\/wp-json\/wp\/v2\/pages\/251"}],"wp:attachment":[{"href":"https:\/\/agora.xtec.cat\/ceip-lesroquesblaves\/wp-json\/wp\/v2\/media?parent=16428"}],"curies":[{"name":"wp","href":"https:\/\/api.w.org\/{rel}","templated":true}]}}