{"id":16383,"date":"2019-01-23T13:54:46","date_gmt":"2019-01-23T12:54:46","guid":{"rendered":"http:\/\/agora.xtec.cat\/ceip-lesroquesblaves\/?page_id=16383"},"modified":"2023-01-25T18:25:33","modified_gmt":"2023-01-25T17:25:33","slug":"apadrinem-les-roques-blaves","status":"publish","type":"page","link":"https:\/\/agora.xtec.cat\/ceip-lesroquesblaves\/projectes\/apadrinem-les-roques-blaves\/","title":{"rendered":"Apadrinem Les Roques Blaves"},"content":{"rendered":"<h3 style=\"text-align: center;\"><span style=\"text-decoration: underline;\"><strong>APADRINEM LES ROQUES BLAVES<\/strong><\/span><\/h3>\n<p style=\"background: white; margin: 0cm 0cm 15.0pt 0cm;\"><a href=\"http:\/\/agora.xtec.cat\/ceip-lesroquesblaves\/wp-content\/uploads\/usu36\/2017\/03\/logo_apadrinem-300x242.jpg\"><img loading=\"lazy\" decoding=\"async\" class=\"size-full wp-image-2526 aligncenter\" src=\"http:\/\/agora.xtec.cat\/ceip-lesroquesblaves\/wp-content\/uploads\/usu36\/2017\/03\/logo_apadrinem-300x242.jpg\" alt=\"logo_apadrinem-300x242\" width=\"300\" height=\"242\" \/><\/a><\/p>\n<p style=\"background: white; margin: 0cm 0cm 15.0pt 0cm;\"><strong><span style=\"font-family: Arial; color: #444444;\">El projecte Apadrinem Les Roques Blaves\u00a0s\u2019emmarca dins del projecte \u201cApadrinem el nostre patrimoni\u201d que el Departament d\u2019Ensenyament va iniciar el curs 2013-2014 amb la finalitat de\u00a0fomentar el coneixement dels elements patrimonials de l\u2019entorn amb una actitud participativa de la comunitat escolar.<\/span><\/strong><\/p>\n<p style=\"background: white; box-sizing: border-box; text-rendering: optimizeLegibility; font-variant-ligatures: normal; font-variant-caps: normal; orphans: 2; text-align: start; widows: 2; -webkit-text-stroke-width: 0px; text-decoration-style: initial; text-decoration-color: initial; word-spacing: 0px; margin: 0cm 0cm 15.0pt 0cm;\"><strong><span style=\"font-family: Arial; color: #444444;\">El projecte es basa en la idea de l\u2019apadrinament d\u2019un element patrimonial per part del centre educatiu, que comporta donar-li valor i aprofundir en el seu coneixement des del punt de vista hist\u00f2ric, art\u00edstic, cultural i cient\u00edfic i, alhora, fer que aquest coneixement sigui socialment rellevant, \u00e9s a dir, arribi a la pr\u00f2pia comunitat i a l\u2019entorn de l\u2019escola.<\/span><\/strong><\/p>\n<p style=\"background: white; box-sizing: border-box; text-rendering: optimizeLegibility; font-variant-ligatures: normal; font-variant-caps: normal; orphans: 2; text-align: start; widows: 2; -webkit-text-stroke-width: 0px; text-decoration-style: initial; text-decoration-color: initial; word-spacing: 0px; margin: 0cm 0cm 15.0pt 0cm;\"><strong><span style=\"font-family: Arial; color: #444444;\">L\u2019apadrinament el realitza tota l\u2019escola, des de I3 fins a sis\u00e8, portant a terme activitats relacionades amb Les Roques Blaves i el seu vincle amb el nostre municipi: Esparreguera. Totes les activitats estan incloses en el curr\u00edculum escolar, relacionades amb el coneixement, protecci\u00f3 i difusi\u00f3 del patrimoni natural apadrinat.<br \/>\n<\/span><\/strong><\/p>\n<p style=\"background: white; box-sizing: border-box; text-rendering: optimizeLegibility; font-variant-ligatures: normal; font-variant-caps: normal; orphans: 2; text-align: start; widows: 2; -webkit-text-stroke-width: 0px; text-decoration-style: initial; text-decoration-color: initial; word-spacing: 0px; margin: 0cm 0cm 15.0pt 0cm;\"><strong>A continuaci\u00f3, posem a l&#8217;abast de qui pugui interessar-li, les programacions per curs del projecte:\u00a0<\/strong><\/p>\n<p style=\"background: white; box-sizing: border-box; text-rendering: optimizeLegibility; font-variant-ligatures: normal; font-variant-caps: normal; orphans: 2; text-align: start; widows: 2; -webkit-text-stroke-width: 0px; text-decoration-style: initial; text-decoration-color: initial; word-spacing: 0px; margin: 0cm 0cm 15.0pt 0cm;\"><a href=\"http:\/\/agora.xtec.cat\/ceip-lesroquesblaves\/wp-content\/uploads\/usu36\/2018\/05\/PROGRAMACI\u00d3-ED.-INFANTIL-DEFINITIVA.pdf\">PROGRAMACI\u00d3 ED. INFANTIL<\/a><\/p>\n<p style=\"background: white; box-sizing: border-box; text-rendering: optimizeLegibility; font-variant-ligatures: normal; font-variant-caps: normal; orphans: 2; text-align: start; widows: 2; -webkit-text-stroke-width: 0px; text-decoration-style: initial; text-decoration-color: initial; word-spacing: 0px; margin: 0cm 0cm 15.0pt 0cm;\"><a href=\"http:\/\/agora.xtec.cat\/ceip-lesroquesblaves\/wp-content\/uploads\/usu36\/2018\/05\/PROGRAMACI\u00d3-CICLE-INICIAL-DEFINITIVA.pdf\">PROGRAMACI\u00d3 CICLE INICIAL<\/a><\/p>\n<p style=\"background: white; box-sizing: border-box; text-rendering: optimizeLegibility; font-variant-ligatures: normal; font-variant-caps: normal; orphans: 2; text-align: start; widows: 2; -webkit-text-stroke-width: 0px; text-decoration-style: initial; text-decoration-color: initial; word-spacing: 0px; margin: 0cm 0cm 15.0pt 0cm;\"><a href=\"http:\/\/agora.xtec.cat\/ceip-lesroquesblaves\/wp-content\/uploads\/usu36\/2018\/05\/PROGRAMACI\u00d3-CICLE-MITJ\u00c0-DEFINITIVA.pdf\">PROGRAMACI\u00d3 CICLE MITJ\u00c0<\/a><\/p>\n<p style=\"background: white; box-sizing: border-box; text-rendering: optimizeLegibility; font-variant-ligatures: normal; font-variant-caps: normal; orphans: 2; text-align: start; widows: 2; -webkit-text-stroke-width: 0px; text-decoration-style: initial; text-decoration-color: initial; word-spacing: 0px; margin: 0cm 0cm 15.0pt 0cm;\"><a href=\"http:\/\/agora.xtec.cat\/ceip-lesroquesblaves\/wp-content\/uploads\/usu36\/2018\/05\/PROGRAMACI\u00d3-CICLE-SUPERIOR-DEFINITIVA.pdf\">PROGRAMACI\u00d3 CICLE SUPERIOR<\/a><\/p>\n","protected":false},"excerpt":{"rendered":"<p>APADRINEM LES ROQUES BLAVES<br \/>\n<a href=\"http:\/\/agora.xtec.cat\/ceip-lesroquesblaves\/wp-content\/uploads\/usu36\/2017\/03\/logo_apadrinem-300x242.jpg\"><\/a><br \/>\nEl projecte Apadrinem Les Roques Blaves\u00a0s\u2019emmarca dins del projecte \u201cApadrinem el nostre patrimoni\u201d que el Departament d\u2019Ensenyament va iniciar el curs 2013-2014 amb la finalitat de\u00a0fomentar el coneixement dels elements patrimonials de l\u2019entorn amb una actitud participativa de la comunitat escolar.<br \/>\nEl&hellip;  <a href=\"https:\/\/agora.xtec.cat\/ceip-lesroquesblaves\/projectes\/apadrinem-les-roques-blaves\/\" title=\"Read Apadrinem Les Roques Blaves\">Llegeix m\u00e9s\u00bb<\/a><\/p>\n","protected":false},"author":1,"featured_media":0,"parent":251,"menu_order":0,"comment_status":"closed","ping_status":"closed","template":"","meta":{"footnotes":""},"class_list":["post-16383","page","type-page","status-publish","hentry"],"post_mailing_queue_ids":[],"_links":{"self":[{"href":"https:\/\/agora.xtec.cat\/ceip-lesroquesblaves\/wp-json\/wp\/v2\/pages\/16383","targetHints":{"allow":["GET"]}}],"collection":[{"href":"https:\/\/agora.xtec.cat\/ceip-lesroquesblaves\/wp-json\/wp\/v2\/pages"}],"about":[{"href":"https:\/\/agora.xtec.cat\/ceip-lesroquesblaves\/wp-json\/wp\/v2\/types\/page"}],"author":[{"embeddable":true,"href":"https:\/\/agora.xtec.cat\/ceip-lesroquesblaves\/wp-json\/wp\/v2\/users\/1"}],"replies":[{"embeddable":true,"href":"https:\/\/agora.xtec.cat\/ceip-lesroquesblaves\/wp-json\/wp\/v2\/comments?post=16383"}],"version-history":[{"count":2,"href":"https:\/\/agora.xtec.cat\/ceip-lesroquesblaves\/wp-json\/wp\/v2\/pages\/16383\/revisions"}],"predecessor-version":[{"id":27648,"href":"https:\/\/agora.xtec.cat\/ceip-lesroquesblaves\/wp-json\/wp\/v2\/pages\/16383\/revisions\/27648"}],"up":[{"embeddable":true,"href":"https:\/\/agora.xtec.cat\/ceip-lesroquesblaves\/wp-json\/wp\/v2\/pages\/251"}],"wp:attachment":[{"href":"https:\/\/agora.xtec.cat\/ceip-lesroquesblaves\/wp-json\/wp\/v2\/media?parent=16383"}],"curies":[{"name":"wp","href":"https:\/\/api.w.org\/{rel}","templated":true}]}}