{"id":8539,"date":"2025-09-12T11:15:26","date_gmt":"2025-09-12T09:15:26","guid":{"rendered":"https:\/\/agora.xtec.cat\/ceip-lespalmeres\/?page_id=8539"},"modified":"2026-03-16T16:02:18","modified_gmt":"2026-03-16T15:02:18","slug":"temps-de-menjador","status":"publish","type":"page","link":"https:\/\/agora.xtec.cat\/ceip-lespalmeres\/temps-de-menjador\/","title":{"rendered":"Temps de menjador"},"content":{"rendered":"\n<div class=\"wp-block-columns is-layout-flex wp-container-core-columns-is-layout-1 wp-block-columns-is-layout-flex\">\n<div class=\"wp-block-column is-layout-flow wp-block-column-is-layout-flow\">\n<p>Un dels nostres objectius com escola \u00e9s facilitar el desenvolupament globalitzat i integral dels infants i l\u2019alimentaci\u00f3 \u00e9s un dels suports b\u00e0sics per aconseguir-ho. <\/p>\n\n\n\n<p>Per tant el moment del \u00e0pat va m\u00e9s enll\u00e0 del fet de menjar, \u00e9s un moment en el interactuen altres factors: com els socials, els culturals i ens permeten un major coneixement de nosaltres mateixos, vinculat amb les sensacions de satisfacci\u00f3 i plaer.<\/p>\n<\/div>\n\n\n\n<div class=\"wp-block-column is-layout-flow wp-block-column-is-layout-flow\">\n<figure class=\"wp-block-gallery has-nested-images columns-default is-cropped wp-block-gallery-1 is-layout-flex wp-block-gallery-is-layout-flex\">\n<figure class=\"wp-block-image size-large\"><a href=\"https:\/\/agora.xtec.cat\/ceip-lespalmeres\/wp-content\/uploads\/usu1432\/2025\/09\/menjador-una-.png\"><img loading=\"lazy\" decoding=\"async\" width=\"199\" height=\"265\" src=\"https:\/\/agora.xtec.cat\/ceip-lespalmeres\/wp-content\/uploads\/usu1432\/2025\/09\/menjador-una-.png\" alt=\"\" class=\"wp-image-8540\"\/><\/a><\/figure>\n<\/figure>\n\n\n\n<p><\/p>\n<\/div>\n\n\n\n<div class=\"wp-block-column is-layout-flow wp-block-column-is-layout-flow\">\n<p>El temps de migdia \u00e9s un moment molt important i ha de ser coherent amb la mirada que com escola fem dels infants, \u00e9s per aix\u00f2, que ha d\u2019anar en la l\u00ednia del nostre Projecte Educatiu de Centre (PEC). Potenciant i revaloritzant aquests moments com un temps educatiu de qualitat.<\/p>\n\n\n\n<figure class=\"wp-block-image size-full\"><a href=\"https:\/\/agora.xtec.cat\/ceip-lespalmeres\/actualitat-cat-salut\/lescola\/consell-escolar\/\" target=\"_blank\" rel=\" noreferrer noopener\"><img loading=\"lazy\" decoding=\"async\" width=\"318\" height=\"83\" src=\"https:\/\/agora.xtec.cat\/ceip-lespalmeres\/wp-content\/uploads\/usu1432\/2026\/03\/Captura-de-pantalla-2026-03-16-160130.png\" alt=\"\" class=\"wp-image-8731\" srcset=\"https:\/\/agora.xtec.cat\/ceip-lespalmeres\/wp-content\/uploads\/usu1432\/2026\/03\/Captura-de-pantalla-2026-03-16-160130.png 318w, https:\/\/agora.xtec.cat\/ceip-lespalmeres\/wp-content\/uploads\/usu1432\/2026\/03\/Captura-de-pantalla-2026-03-16-160130-300x78.png 300w\" sizes=\"auto, (max-width: 318px) 100vw, 318px\" \/><\/a><\/figure>\n\n\n\n<p>Aquest espai est\u00e0 coordinat conjuntament amb l\u2019equip directiu de l\u2019escola, l\u2019equip<br>de monitoratge representats per la seva coordinadora, la comissi\u00f3 de menjador del<br>consell escolar i l\u2019empresa que gestiona el menjador.<\/p>\n<\/div>\n<\/div>\n\n\n\n<div class=\"wp-block-group is-vertical is-layout-flex wp-container-core-group-is-layout-1 wp-block-group-is-layout-flex\">\n<figure class=\"wp-block-gallery has-nested-images columns-default is-cropped wp-block-gallery-2 is-layout-flex wp-block-gallery-is-layout-flex\">\n<figure class=\"wp-block-image size-large\"><a href=\"https:\/\/agora.xtec.cat\/ceip-lespalmeres\/wp-content\/uploads\/usu1432\/2025\/09\/menjador-logo-2.png\"><img loading=\"lazy\" decoding=\"async\" width=\"140\" height=\"143\" src=\"https:\/\/agora.xtec.cat\/ceip-lespalmeres\/wp-content\/uploads\/usu1432\/2025\/09\/menjador-logo-2.png\" alt=\"\" class=\"wp-image-8543\"\/><\/a><\/figure>\n<\/figure>\n\n\n\n<h2 class=\"wp-block-heading\">Men\u00fas<\/h2>\n\n\n\n<figure class=\"wp-block-table\"><table class=\"has-fixed-layout\"><tbody><tr><td><a href=\"https:\/\/drive.google.com\/file\/d\/1oW093MsrsKhYIjA3oiDnDiN8HlkHKose\/view?usp=sharing\" target=\"_blank\" rel=\"noreferrer noopener\">men\u00fa basal setembre<\/a><\/td><td><a href=\"https:\/\/drive.google.com\/file\/d\/1cs4LzRF8QR6YpgVuw2DfCdc7KUL3lmXD\/view?usp=sharing\" target=\"_blank\" rel=\"noreferrer noopener\">men\u00fas derivades setembre<\/a><\/td><\/tr><tr><td><a href=\"https:\/\/drive.google.com\/file\/d\/1zs6kI4IYs7HhZdMmRchbNpuBuhXNx4OB\/view?usp=drive_link\">men\u00fa basal octubre<\/a><\/td><td><a href=\"https:\/\/drive.google.com\/file\/d\/1_H4AIPl8_xeff0_6Sx2S-9bOnjncZHQ1\/view?usp=drive_link\">men\u00fas derivades octubre<\/a><\/td><\/tr><tr><td><a href=\"https:\/\/drive.google.com\/file\/d\/1CDiXs_lkih1fC2Vjydl9_ZDjPbfHLKxh\/view?usp=drive_link\">men\u00fa basal de novembre<\/a><\/td><td><a href=\"https:\/\/drive.google.com\/file\/d\/1ziMRHXVbudiRZXVNwRvgitHi2Ed1JaO1\/view?usp=drive_link\">men\u00fa de derivades novembre<\/a><\/td><\/tr><tr><td><a href=\"https:\/\/drive.google.com\/file\/d\/1vpjeNMU7AlYsag1o4cCp650KupVF27pl\/view?usp=drive_link\">men\u00fa basal desembre<\/a><\/td><td><a href=\"https:\/\/drive.google.com\/file\/d\/1ZDimyCqGAk39pDc0Dvdm47PbWs3fto00\/view?usp=drive_link\">men\u00fa derivades desembre<\/a><\/td><\/tr><tr><td><a href=\"https:\/\/drive.google.com\/file\/d\/1owNyQczb0W8Bnb7XR1ezm9LQfjKUzMV7\/view?usp=drive_link\" data-type=\"link\" data-id=\"https:\/\/drive.google.com\/file\/d\/1owNyQczb0W8Bnb7XR1ezm9LQfjKUzMV7\/view?usp=drive_link\">men\u00fa basal gener<\/a><\/td><td><a href=\"https:\/\/drive.google.com\/file\/d\/1bKKYOL8M7i_V4Hz98JgmJSrVwCxspg23\/view?usp=drive_link\" data-type=\"link\" data-id=\"https:\/\/drive.google.com\/file\/d\/1bKKYOL8M7i_V4Hz98JgmJSrVwCxspg23\/view?usp=drive_link\">men\u00fas derivades gener<\/a><\/td><\/tr><tr><td>men\u00fa basal febrer<\/td><td>men\u00fas de derivades febrer<\/td><\/tr><tr><td>men\u00fa basal mar\u00e7<\/td><td>men\u00fas de derivades mar\u00e7<\/td><\/tr><tr><td>men\u00fa basal abril<\/td><td>men\u00fa de derivades abril<\/td><\/tr><tr><td>men\u00fa bassal maig<\/td><td>men\u00fa de derivades maig<\/td><\/tr><tr><td>men\u00fa bassal juny<\/td><td>men\u00fas de derivades juny<\/td><\/tr><\/tbody><\/table><\/figure>\n<\/div>\n\n\n\n<div class=\"wp-block-columns is-layout-flex wp-container-core-columns-is-layout-2 wp-block-columns-is-layout-flex\">\n<div class=\"wp-block-column is-layout-flow wp-block-column-is-layout-flow\">\n<div class=\"wp-block-group is-layout-grid wp-container-core-group-is-layout-2 wp-block-group-is-layout-grid\">\n<p class=\"wp-container-content-1\"><\/p>\n<\/div>\n\n\n\n<h2 class=\"wp-block-heading\"><strong>Activitats pedag\u00f2giques<\/strong><\/h2>\n<\/div>\n\n\n\n<div class=\"wp-block-column is-layout-flow wp-block-column-is-layout-flow\">\n<figure class=\"wp-block-table\"><table class=\"has-fixed-layout\"><tbody><tr><td><\/td><td><\/td><\/tr><tr><td><a href=\"https:\/\/drive.google.com\/file\/d\/1gM3BbMGW2eck41suYQaky-QVzJ9aUNuj\/view?usp=sharing\">Programaci\u00f3 d&#8217;activitats d&#8217;octubre<\/a><\/td><td><a href=\"https:\/\/drive.google.com\/file\/d\/1InnD94_CmHOGz130yA8adnA_lnMC0JV0\/view?usp=drive_link\">Fullet\u00f3 d&#8217;activitats d&#8217;octubre<\/a><\/td><\/tr><tr><td><a href=\"https:\/\/drive.google.com\/file\/d\/1Ci6qM0QQ4IRTbfSQ7AcZCxjD_OdMJgGp\/view?usp=drive_link\" data-type=\"link\" data-id=\"https:\/\/drive.google.com\/file\/d\/1Ci6qM0QQ4IRTbfSQ7AcZCxjD_OdMJgGp\/view?usp=drive_link\">Programaci\u00f3 d&#8217;activitats de novembre&nbsp;<\/a><\/td><td><a href=\"https:\/\/drive.google.com\/file\/d\/1Vas3CbpFV7djlEJA0r3klFWpcHe306wP\/view?usp=sharing\" data-type=\"link\" data-id=\"https:\/\/drive.google.com\/file\/d\/1Vas3CbpFV7djlEJA0r3klFWpcHe306wP\/view?usp=sharing\">Fullet\u00f3 d&#8217;activitats de novembre<\/a><\/td><\/tr><tr><td><a href=\"https:\/\/drive.google.com\/file\/d\/1InnD94_CmHOGz130yA8adnA_lnMC0JV0\/view?usp=sharing\">Programaci\u00f3 d&#8217;activitats de desembre<\/a><\/td><td>Fullet\u00f3 activitats de desembre<\/td><\/tr><tr><td>Programaci\u00f3 d&#8217;activitats de gener<\/td><td>Fullet\u00f3 activitats de gener<\/td><\/tr><tr><td>Programaci\u00f3 d&#8217;activitats de febrer<\/td><td>Fullet\u00f3 d&#8217;activitats de febrer <\/td><\/tr><tr><td>Programaci\u00f3 d&#8217;activitats de mar\u00e7<\/td><td>Fullet\u00f3 d&#8217;activitats de mar\u00e7<\/td><\/tr><tr><td>Programaci\u00f3 d&#8217;activitats d&#8217;abril<\/td><td>Fullet\u00f3 d&#8217;activitats d&#8217;abril<\/td><\/tr><tr><td>Programaci\u00f3 d&#8217;activitats de maig<\/td><td>Fullet\u00f3 d&#8217;activitats de maig <\/td><\/tr><tr><td>Programaci\u00f3 d&#8217;activitats de juny<\/td><td>Fullet\u00f3 d&#8217;activitats de juny<\/td><\/tr><\/tbody><\/table><\/figure>\n<\/div>\n\n\n\n<div class=\"wp-block-column is-layout-flow wp-block-column-is-layout-flow\"><\/div>\n<\/div>\n","protected":false},"excerpt":{"rendered":"<p>Un dels nostres objectius com escola \u00e9s facilitar el desenvolupament globalitzat i integral dels infants i l\u2019alimentaci\u00f3 \u00e9s un dels suports b\u00e0sics per aconseguir-ho. Per tant el moment del \u00e0pat va m\u00e9s enll\u00e0 del fet de menjar, \u00e9s un moment en el interactuen altres factors: com els socials, els culturals i ens permeten un major [&hellip;]<\/p>\n","protected":false},"author":1,"featured_media":0,"parent":0,"menu_order":0,"comment_status":"closed","ping_status":"close","template":"","meta":{"_bbp_topic_count":0,"_bbp_reply_count":0,"_bbp_total_topic_count":0,"_bbp_total_reply_count":0,"_bbp_voice_count":0,"_bbp_anonymous_reply_count":0,"_bbp_topic_count_hidden":0,"_bbp_reply_count_hidden":0,"_bbp_forum_subforum_count":0,"site-sidebar-layout":"default","site-content-layout":"","ast-site-content-layout":"default","site-content-style":"default","site-sidebar-style":"default","ast-global-header-display":"","ast-banner-title-visibility":"","ast-main-header-display":"","ast-hfb-above-header-display":"","ast-hfb-below-header-display":"","ast-hfb-mobile-header-display":"","site-post-title":"","ast-breadcrumbs-content":"","ast-featured-img":"","footer-sml-layout":"","theme-transparent-header-meta":"","adv-header-id-meta":"","stick-header-meta":"","header-above-stick-meta":"","header-main-stick-meta":"","header-below-stick-meta":"","astra-migrate-meta-layouts":"set","ast-page-background-enabled":"default","ast-page-background-meta":{"desktop":{"background-color":"var(--ast-global-color-4)","background-image":"","background-repeat":"repeat","background-position":"center center","background-size":"auto","background-attachment":"scroll","background-type":"","background-media":"","overlay-type":"","overlay-color":"","overlay-opacity":"","overlay-gradient":""},"tablet":{"background-color":"","background-image":"","background-repeat":"repeat","background-position":"center center","background-size":"auto","background-attachment":"scroll","background-type":"","background-media":"","overlay-type":"","overlay-color":"","overlay-opacity":"","overlay-gradient":""},"mobile":{"background-color":"","background-image":"","background-repeat":"repeat","background-position":"center center","background-size":"auto","background-attachment":"scroll","background-type":"","background-media":"","overlay-type":"","overlay-color":"","overlay-opacity":"","overlay-gradient":""}},"ast-content-background-meta":{"desktop":{"background-color":"var(--ast-global-color-5)","background-image":"","background-repeat":"repeat","background-position":"center center","background-size":"auto","background-attachment":"scroll","background-type":"","background-media":"","overlay-type":"","overlay-color":"","overlay-opacity":"","overlay-gradient":""},"tablet":{"background-color":"var(--ast-global-color-5)","background-image":"","background-repeat":"repeat","background-position":"center center","background-size":"auto","background-attachment":"scroll","background-type":"","background-media":"","overlay-type":"","overlay-color":"","overlay-opacity":"","overlay-gradient":""},"mobile":{"background-color":"var(--ast-global-color-5)","background-image":"","background-repeat":"repeat","background-position":"center center","background-size":"auto","background-attachment":"scroll","background-type":"","background-media":"","overlay-type":"","overlay-color":"","overlay-opacity":"","overlay-gradient":""}},"footnotes":""},"class_list":["post-8539","page","type-page","status-publish","hentry"],"post_mailing_queue_ids":[],"_links":{"self":[{"href":"https:\/\/agora.xtec.cat\/ceip-lespalmeres\/wp-json\/wp\/v2\/pages\/8539","targetHints":{"allow":["GET"]}}],"collection":[{"href":"https:\/\/agora.xtec.cat\/ceip-lespalmeres\/wp-json\/wp\/v2\/pages"}],"about":[{"href":"https:\/\/agora.xtec.cat\/ceip-lespalmeres\/wp-json\/wp\/v2\/types\/page"}],"author":[{"embeddable":true,"href":"https:\/\/agora.xtec.cat\/ceip-lespalmeres\/wp-json\/wp\/v2\/users\/1"}],"replies":[{"embeddable":true,"href":"https:\/\/agora.xtec.cat\/ceip-lespalmeres\/wp-json\/wp\/v2\/comments?post=8539"}],"version-history":[{"count":6,"href":"https:\/\/agora.xtec.cat\/ceip-lespalmeres\/wp-json\/wp\/v2\/pages\/8539\/revisions"}],"predecessor-version":[{"id":8732,"href":"https:\/\/agora.xtec.cat\/ceip-lespalmeres\/wp-json\/wp\/v2\/pages\/8539\/revisions\/8732"}],"wp:attachment":[{"href":"https:\/\/agora.xtec.cat\/ceip-lespalmeres\/wp-json\/wp\/v2\/media?parent=8539"}],"curies":[{"name":"wp","href":"https:\/\/api.w.org\/{rel}","templated":true}]}}