{"id":7903,"date":"2023-11-02T17:03:02","date_gmt":"2023-11-02T16:03:02","guid":{"rendered":"https:\/\/agora.xtec.cat\/ceip-lespalmeres\/?page_id=7903"},"modified":"2025-10-28T15:35:02","modified_gmt":"2025-10-28T14:35:02","slug":"calendari-eleccions-consell-escolar","status":"publish","type":"page","link":"https:\/\/agora.xtec.cat\/ceip-lespalmeres\/calendari-eleccions-consell-escolar\/","title":{"rendered":"CALENDARI Eleccions consell escolar"},"content":{"rendered":"<table>\n<tbody>\n<tr>\n<td><b>DIA<\/b><\/td>\n<td><b>HORA<\/b><\/td>\n<td><b>LLOC<\/b><\/td>\n<td><b>ACTE<\/b><\/td>\n<\/tr>\n<tr>\n<td><span style=\"font-weight: 400;\">31 d&#8217;octubre\u00a0<\/span><\/td>\n<td><span style=\"font-weight: 400;\">14.00h.<\/span><\/td>\n<td><span style=\"font-weight: 400;\">web de centre<\/span><\/td>\n<td><span style=\"font-weight: 400;\">Publicaci\u00f3 del cens electoral de pares\/mares,\u00a0<\/span><\/td>\n<\/tr>\n<tr>\n<td><span style=\"font-weight: 400;\">4 novembre<\/span><\/td>\n<td><span style=\"font-weight: 400;\">9.00h<\/span><\/td>\n<td><span style=\"font-weight: 400;\">Despatx de direcci\u00f3<\/span><\/td>\n<td><span style=\"font-weight: 400;\">Publicaci\u00f3 del cens electoral de mestres i personal PAS<\/span><\/td>\n<\/tr>\n<tr>\n<td><span style=\"font-weight: 400;\">del 31 nov al 4 de novembre<\/span><\/td>\n<td><span style=\"font-weight: 400;\">horari de gesti\u00f3<\/span><\/td>\n<td><span style=\"font-weight: 400;\">Despatx<\/span><\/td>\n<td><span style=\"font-weight: 400;\">Presentaci\u00f3 de reclamacions al cens electoral<\/span><\/td>\n<\/tr>\n<tr>\n<td><span style=\"font-weight: 400;\">10 de novembre<\/span><\/td>\n<td><span style=\"font-weight: 400;\">13.00 h\u00a0<\/span><\/td>\n<td><span style=\"font-weight: 400;\">Despatx de direcci\u00f3<\/span><\/td>\n<td><span style=\"font-weight: 400;\">Sorteig p\u00fablic entre tots els pares i mares per escollir els membres que constitueixen la mesa electoral. A les 13<\/span><span style=\"font-weight: 400;\">13h al despatx de direcci\u00f3<\/span><\/td>\n<\/tr>\n<tr>\n<td><span style=\"font-weight: 400;\">31 d&#8217;octubre<\/span><\/td>\n<td><span style=\"font-weight: 400;\">13.00<\/span><\/td>\n<td><span style=\"font-weight: 400;\">Despatx de direcci\u00f3<\/span><\/td>\n<td><span style=\"font-weight: 400;\">Constituci\u00f3 de la mesa electoral sector pares<\/span><\/td>\n<\/tr>\n<tr>\n<td><span style=\"font-weight: 400;\">5 de novembre<\/span><\/td>\n<td><span style=\"font-weight: 400;\">13.00 h\u00a0<\/span><\/td>\n<td><span style=\"font-weight: 400;\">Despatx de direcci\u00f3<\/span><\/td>\n<td><span style=\"font-weight: 400;\">Constituci\u00f3 Mesa sector mestres<\/span><\/td>\n<\/tr>\n<tr>\n<td><span style=\"font-weight: 400;\">fins el 20 de novembre<\/span><\/td>\n<td><span style=\"font-weight: 400;\">horari de gesti\u00f3<\/span><\/td>\n<td><span style=\"font-weight: 400;\">Entrega a la direcci\u00f3 del centre<\/span><\/td>\n<td><span style=\"font-weight: 400;\">Presentaci\u00f3 <\/span><a href=\"https:\/\/drive.google.com\/file\/d\/1l6DU18jPioILCHUG-rUtJbCBjvoEH1No\/view?usp=sharing\"><span style=\"font-weight: 400;\">candidatures <\/span><\/a><span style=\"font-weight: 400;\">de cada sector<\/span><\/td>\n<\/tr>\n<tr>\n<td><span style=\"font-weight: 400;\">5 de novembre<\/span><\/td>\n<td><span style=\"font-weight: 400;\">9.00 h<\/span><\/td>\n<td><span style=\"font-weight: 400;\">Taulell entrada de l\u2019escola<\/span><\/td>\n<td><span style=\"font-weight: 400;\">Publicaci\u00f3 del cens definitiu, ateses les reclamacions<\/span><\/td>\n<\/tr>\n<tr>\n<td><span style=\"font-weight: 400;\">abans del 20 de novembre<\/span><\/td>\n<td><span style=\"font-weight: 400;\">16.30 h\u00a0<\/span><\/td>\n<td><span style=\"font-weight: 400;\">Entrega a la direcci\u00f3 del centre<\/span><\/td>\n<td><span style=\"font-weight: 400;\">Entrega de sol.licituds per actuar com a <\/span><a href=\"https:\/\/drive.google.com\/file\/d\/1xmPGXlboc5khM8dtZQU1uLULrkrhFDEe\/view?usp=sharing\"><span style=\"font-weight: 400;\">supervisor<\/span><\/a><\/td>\n<\/tr>\n<tr>\n<td><span style=\"font-weight: 400;\">20 de novembre<\/span><\/td>\n<td><span style=\"font-weight: 400;\">9.00 h\u00a0<\/span><\/td>\n<td><span style=\"font-weight: 400;\">Taulell entrada de l\u2019escola<\/span><span style=\"font-weight: 400;\">Web i circular<\/span><\/td>\n<td><span style=\"font-weight: 400;\">Publicaci\u00f3 de les candidatures presentades<\/span><\/td>\n<\/tr>\n<tr>\n<td><span style=\"font-weight: 400;\">18 de Novembre<\/span><\/td>\n<td><span style=\"font-weight: 400;\">De 8.30 a 12.30h<\/span><\/td>\n<td><span style=\"font-weight: 400;\">despatx de direcci\u00f3<\/span><\/td>\n<td><b>Votaci\u00f3 mestres<\/b><\/td>\n<\/tr>\n<tr>\n<td><span style=\"font-weight: 400;\">24 de novembre<\/span><\/td>\n<td><span style=\"font-weight: 400;\">de 8.45 a 9.15h<\/span><span style=\"font-weight: 400;\">de 16.15 a 18.00 h\u00a0<\/span><\/td>\n<td><span style=\"font-weight: 400;\">Entrada de l\u2019escola<\/span><\/td>\n<td><b>Votaci\u00f3 sector pares i mares<\/b><\/td>\n<\/tr>\n<tr>\n<td><span style=\"font-weight: 400;\">24 de novembre<\/span><\/td>\n<td><span style=\"font-weight: 400;\">13.00h\u00a0<\/span><\/td>\n<td><span style=\"font-weight: 400;\">Web del centre<\/span><\/td>\n<td><span style=\"font-weight: 400;\">Proclamaci\u00f3 candidats electes<\/span><\/td>\n<\/tr>\n<tr>\n<td><span style=\"font-weight: 400;\">2 de desembre\u00a0<\/span><\/td>\n<td><span style=\"font-weight: 400;\">16.45 h\u00a0<\/span><\/td>\n<td><span style=\"font-weight: 400;\">Sala de mestres\u00a0<\/span><\/td>\n<td><span style=\"font-weight: 400;\">Constituci\u00f3 Consell Escolar i presa de possessi\u00f3\u00a0<\/span><\/td>\n<\/tr>\n<\/tbody>\n<\/table>\n","protected":false},"excerpt":{"rendered":"<p>DIA HORA LLOC ACTE 31 d&#8217;octubre\u00a0 14.00h. web de centre Publicaci\u00f3 del cens electoral de pares\/mares,\u00a0 4 novembre 9.00h Despatx de direcci\u00f3 Publicaci\u00f3 del cens electoral de mestres i personal PAS del 31 nov al 4 de novembre horari de gesti\u00f3 Despatx Presentaci\u00f3 de reclamacions al cens electoral 10 de novembre 13.00 h\u00a0 Despatx de [&hellip;]<\/p>\n","protected":false},"author":1,"featured_media":0,"parent":0,"menu_order":0,"comment_status":"closed","ping_status":"closed","template":"","meta":{"_bbp_topic_count":0,"_bbp_reply_count":0,"_bbp_total_topic_count":0,"_bbp_total_reply_count":0,"_bbp_voice_count":0,"_bbp_anonymous_reply_count":0,"_bbp_topic_count_hidden":0,"_bbp_reply_count_hidden":0,"_bbp_forum_subforum_count":0,"site-sidebar-layout":"default","site-content-layout":"","ast-site-content-layout":"default","site-content-style":"default","site-sidebar-style":"default","ast-global-header-display":"","ast-banner-title-visibility":"","ast-main-header-display":"","ast-hfb-above-header-display":"","ast-hfb-below-header-display":"","ast-hfb-mobile-header-display":"","site-post-title":"","ast-breadcrumbs-content":"","ast-featured-img":"","footer-sml-layout":"","theme-transparent-header-meta":"","adv-header-id-meta":"","stick-header-meta":"","header-above-stick-meta":"","header-main-stick-meta":"","header-below-stick-meta":"","astra-migrate-meta-layouts":"set","ast-page-background-enabled":"default","ast-page-background-meta":{"desktop":{"background-color":"var(--ast-global-color-4)","background-image":"","background-repeat":"repeat","background-position":"center center","background-size":"auto","background-attachment":"scroll","background-type":"","background-media":"","overlay-type":"","overlay-color":"","overlay-opacity":"","overlay-gradient":""},"tablet":{"background-color":"","background-image":"","background-repeat":"repeat","background-position":"center center","background-size":"auto","background-attachment":"scroll","background-type":"","background-media":"","overlay-type":"","overlay-color":"","overlay-opacity":"","overlay-gradient":""},"mobile":{"background-color":"","background-image":"","background-repeat":"repeat","background-position":"center center","background-size":"auto","background-attachment":"scroll","background-type":"","background-media":"","overlay-type":"","overlay-color":"","overlay-opacity":"","overlay-gradient":""}},"ast-content-background-meta":{"desktop":{"background-color":"var(--ast-global-color-5)","background-image":"","background-repeat":"repeat","background-position":"center center","background-size":"auto","background-attachment":"scroll","background-type":"","background-media":"","overlay-type":"","overlay-color":"","overlay-opacity":"","overlay-gradient":""},"tablet":{"background-color":"var(--ast-global-color-5)","background-image":"","background-repeat":"repeat","background-position":"center center","background-size":"auto","background-attachment":"scroll","background-type":"","background-media":"","overlay-type":"","overlay-color":"","overlay-opacity":"","overlay-gradient":""},"mobile":{"background-color":"var(--ast-global-color-5)","background-image":"","background-repeat":"repeat","background-position":"center center","background-size":"auto","background-attachment":"scroll","background-type":"","background-media":"","overlay-type":"","overlay-color":"","overlay-opacity":"","overlay-gradient":""}},"footnotes":""},"class_list":["post-7903","page","type-page","status-publish","hentry"],"post_mailing_queue_ids":[],"_links":{"self":[{"href":"https:\/\/agora.xtec.cat\/ceip-lespalmeres\/wp-json\/wp\/v2\/pages\/7903","targetHints":{"allow":["GET"]}}],"collection":[{"href":"https:\/\/agora.xtec.cat\/ceip-lespalmeres\/wp-json\/wp\/v2\/pages"}],"about":[{"href":"https:\/\/agora.xtec.cat\/ceip-lespalmeres\/wp-json\/wp\/v2\/types\/page"}],"author":[{"embeddable":true,"href":"https:\/\/agora.xtec.cat\/ceip-lespalmeres\/wp-json\/wp\/v2\/users\/1"}],"replies":[{"embeddable":true,"href":"https:\/\/agora.xtec.cat\/ceip-lespalmeres\/wp-json\/wp\/v2\/comments?post=7903"}],"version-history":[{"count":3,"href":"https:\/\/agora.xtec.cat\/ceip-lespalmeres\/wp-json\/wp\/v2\/pages\/7903\/revisions"}],"predecessor-version":[{"id":8563,"href":"https:\/\/agora.xtec.cat\/ceip-lespalmeres\/wp-json\/wp\/v2\/pages\/7903\/revisions\/8563"}],"wp:attachment":[{"href":"https:\/\/agora.xtec.cat\/ceip-lespalmeres\/wp-json\/wp\/v2\/media?parent=7903"}],"curies":[{"name":"wp","href":"https:\/\/api.w.org\/{rel}","templated":true}]}}