{"id":7789,"date":"2023-09-26T13:18:02","date_gmt":"2023-09-26T11:18:02","guid":{"rendered":"https:\/\/agora.xtec.cat\/ceip-lespalmeres\/?page_id=7789"},"modified":"2024-01-30T10:38:57","modified_gmt":"2024-01-30T09:38:57","slug":"pla-de-convivencia-de-centre","status":"publish","type":"page","link":"https:\/\/agora.xtec.cat\/ceip-lespalmeres\/pla-de-convivencia-de-centre\/","title":{"rendered":"Projecte de conviv\u00e8ncia de centre"},"content":{"rendered":"<div class=\"row\" style=\"margin-bottom: 1em !important;\">\n<div class=\"small-12 large-4 text-center columns\">\n<p><img loading=\"lazy\" decoding=\"async\" class=\"aligncenter size-full wp-image-7798\" src=\"https:\/\/agora.xtec.cat\/ceip-lespalmeres\/wp-content\/uploads\/usu1432\/2023\/09\/escola-inclusiva.png\" alt=\"\" width=\"859\" height=\"163\" srcset=\"https:\/\/agora.xtec.cat\/ceip-lespalmeres\/wp-content\/uploads\/usu1432\/2023\/09\/escola-inclusiva.png 859w, https:\/\/agora.xtec.cat\/ceip-lespalmeres\/wp-content\/uploads\/usu1432\/2023\/09\/escola-inclusiva-300x57.png 300w, https:\/\/agora.xtec.cat\/ceip-lespalmeres\/wp-content\/uploads\/usu1432\/2023\/09\/escola-inclusiva-768x146.png 768w\" sizes=\"auto, (max-width: 859px) 100vw, 859px\" \/><\/p>\n<h3 style=\"text-align: left;\">El Projecte de conviv\u00e8ncia<\/h3>\n<p style=\"margin-bottom: 0.2em; text-align: left;\"><span style=\"font-weight: 400;\">\u00c9s l\u2019instrument on es reflecteixen les accions que el centre docent desenvolupa per capacitar tot l&#8217;alumnat i la resta de la comunitat educativa per a la conviv\u00e8ncia i la gesti\u00f3 positiva dels conflictes.<\/span><\/p>\n<\/div>\n<div class=\"small-12 large-4 text-center columns\">\n<p style=\"text-align: left;\"><span style=\"font-weight: 400;\">Recull els mecanismes i mesures que el centre estableix a l\u2019hora de resoldre els conflictes i de crear una atmosfera de treball i conviv\u00e8ncia segura i saludable, partint de les necessitats concretes del centre i des d\u2019un plantejament d\u2019aprenentatge col\u00b7lectiu.<\/span><\/p>\n<\/div>\n<div class=\"small-12 large-4 text-center columns\">\n<p style=\"text-align: left;\"><span style=\"font-weight: 400;\">Amb el present document es pret\u00e9n planificar i portar a la pr\u00e0ctica, de forma continuada,\u00a0 estrat\u00e8gies i actuacions per potenciar la igualtat d\u2019oportunitats i sensibilitzar la comunitat educativa envers aspectes com la <\/span><b>coeducaci\u00f3, la perspectiva de g\u00e8nere, els h\u00e0bits i valors relacionats amb l\u2019educaci\u00f3 per la pau, la gesti\u00f3 de conflictes des de l\u2019enfocament restauratiu i l\u2019educaci\u00f3 afectivosexuals<\/b><span style=\"font-weight: 400;\">, com a factors que contribueixen al benestar f\u00edsic, emocional individual i col\u00b7lectiu.<\/span><\/p>\n<\/div>\n<\/div>\n<div class=\"row\" style=\"margin-bottom: 1em !important;\">\n<div class=\"small-12 large-4 text-center columns\">\n<p><a href=\"https:\/\/projectes.xtec.cat\/educacioinclusiva\/general\/coeducat\/\" target=\"_blank\" rel=\"noopener\"><img loading=\"lazy\" decoding=\"async\" class=\"aligncenter\" src=\"https:\/\/projectes.xtec.cat\/educacioinclusiva\/wp-content\/uploads\/usu2065\/2020\/10\/COEDUCAT.png\" alt=\"COEDUCA'T | Educaci\u00f3 inclusiva\" width=\"148\" height=\"133\" \/><\/a><\/p>\n<h3 style=\"text-align: left;\"><span style=\"font-weight: 400;\">Coeducaci\u00f3<\/span><\/h3>\n<p style=\"text-align: left;\"><span style=\"font-weight: 400;\">La coeducaci\u00f3 i la perspectiva de g\u00e8nere s\u00f3n elements claus a fi de ser efectiva l\u2019educaci\u00f3 integral de les persones per trencar amb els estereotips de g\u00e8nere i l\u2019assignaci\u00f3 de rols en funci\u00f3 del sexe i superar tota mena de desigualtats i discriminacions.<\/span><\/p>\n<\/div>\n<div class=\"small-12 large-4 text-center columns\">\n<p><a href=\"https:\/\/projectes.xtec.cat\/convivenciapositiva\/categoria\/aquiproubullying\/\" target=\"_blank\" rel=\"noopener\"><img loading=\"lazy\" decoding=\"async\" class=\"\" src=\"https:\/\/projectes.xtec.cat\/convivenciapositiva\/wp-content\/uploads\/usu2198\/2022\/05\/proj-conv-imatge.png\" width=\"135\" height=\"109\" \/><\/a><\/p>\n<h3 style=\"text-align: left;\"><a href=\"https:\/\/projectes.xtec.cat\/convivenciapositiva\/categoria\/aquiproubullying\/\" target=\"_blank\" rel=\"noopener\"><span style=\"font-weight: 400;\">Prevenci\u00f3 de les viol\u00e8ncies<\/span><\/a><\/h3>\n<p style=\"margin-bottom: 0.2em; text-align: left;\"><span style=\"font-weight: 400;\">S\u2019ha de prestar una atenci\u00f3 especial al benestar emocional de l\u2019alumnat, que compr\u00e8n tant l\u2019experi\u00e8ncia subjectiva de sentir-se b\u00e9, en harmonia i amb la tranquil\u00b7litat, en un entorn que promou la conviv\u00e8ncia, com l\u2019experi\u00e8ncia personal de satisfacci\u00f3 amb un mateix per poder fer front a les dificultats i superar-les en positiu.<\/span><\/p>\n<\/div>\n<div class=\"small-12 large-4 text-center columns\">\n<p><img loading=\"lazy\" decoding=\"async\" class=\"aligncenter wp-image-7799\" src=\"https:\/\/agora.xtec.cat\/ceip-lespalmeres\/wp-content\/uploads\/usu1432\/2023\/09\/5064889.png\" alt=\"\" width=\"165\" height=\"165\" srcset=\"https:\/\/agora.xtec.cat\/ceip-lespalmeres\/wp-content\/uploads\/usu1432\/2023\/09\/5064889.png 512w, https:\/\/agora.xtec.cat\/ceip-lespalmeres\/wp-content\/uploads\/usu1432\/2023\/09\/5064889-300x300.png 300w, https:\/\/agora.xtec.cat\/ceip-lespalmeres\/wp-content\/uploads\/usu1432\/2023\/09\/5064889-150x150.png 150w\" sizes=\"auto, (max-width: 165px) 100vw, 165px\" \/><\/p>\n<h5 style=\"margin-bottom: 0.2em;\"><a href=\"https:\/\/drive.google.com\/file\/d\/1Rf2QcENyslJepZl1q7JBQAlnbTwLcwC1\/view?usp=drive_link\" target=\"_blank\" rel=\"noopener\"><strong>Consulta el document<\/strong><\/a><\/h5>\n<\/div>\n<\/div>\n<div class=\"row\" style=\"margin-bottom: 1em !important;\">\n<div class=\"small-12 large-4 text-center columns\"><\/div>\n<div class=\"small-12 large-4 text-center columns\">\n<p>&nbsp;<\/p>\n<\/div>\n<\/div>\n","protected":false},"excerpt":{"rendered":"<p>El Projecte de conviv\u00e8ncia \u00c9s l\u2019instrument on es reflecteixen les accions que el centre docent desenvolupa per capacitar tot l&#8217;alumnat i la resta de la comunitat educativa per a la conviv\u00e8ncia i la gesti\u00f3 positiva dels conflictes. Recull els mecanismes i mesures que el centre estableix a l\u2019hora de resoldre els conflictes i de crear [&hellip;]<\/p>\n","protected":false},"author":1,"featured_media":0,"parent":0,"menu_order":0,"comment_status":"closed","ping_status":"closed","template":"","meta":{"_bbp_topic_count":0,"_bbp_reply_count":0,"_bbp_total_topic_count":0,"_bbp_total_reply_count":0,"_bbp_voice_count":0,"_bbp_anonymous_reply_count":0,"_bbp_topic_count_hidden":0,"_bbp_reply_count_hidden":0,"_bbp_forum_subforum_count":0,"site-sidebar-layout":"default","site-content-layout":"","ast-site-content-layout":"","site-content-style":"default","site-sidebar-style":"default","ast-global-header-display":"","ast-banner-title-visibility":"","ast-main-header-display":"","ast-hfb-above-header-display":"","ast-hfb-below-header-display":"","ast-hfb-mobile-header-display":"","site-post-title":"","ast-breadcrumbs-content":"","ast-featured-img":"","footer-sml-layout":"","theme-transparent-header-meta":"","adv-header-id-meta":"","stick-header-meta":"","header-above-stick-meta":"","header-main-stick-meta":"","header-below-stick-meta":"","astra-migrate-meta-layouts":"default","ast-page-background-enabled":"default","ast-page-background-meta":{"desktop":{"background-color":"var(--ast-global-color-4)","background-image":"","background-repeat":"repeat","background-position":"center center","background-size":"auto","background-attachment":"scroll","background-type":"","background-media":"","overlay-type":"","overlay-color":"","overlay-opacity":"","overlay-gradient":""},"tablet":{"background-color":"","background-image":"","background-repeat":"repeat","background-position":"center center","background-size":"auto","background-attachment":"scroll","background-type":"","background-media":"","overlay-type":"","overlay-color":"","overlay-opacity":"","overlay-gradient":""},"mobile":{"background-color":"","background-image":"","background-repeat":"repeat","background-position":"center center","background-size":"auto","background-attachment":"scroll","background-type":"","background-media":"","overlay-type":"","overlay-color":"","overlay-opacity":"","overlay-gradient":""}},"ast-content-background-meta":{"desktop":{"background-color":"var(--ast-global-color-5)","background-image":"","background-repeat":"repeat","background-position":"center center","background-size":"auto","background-attachment":"scroll","background-type":"","background-media":"","overlay-type":"","overlay-color":"","overlay-opacity":"","overlay-gradient":""},"tablet":{"background-color":"var(--ast-global-color-5)","background-image":"","background-repeat":"repeat","background-position":"center center","background-size":"auto","background-attachment":"scroll","background-type":"","background-media":"","overlay-type":"","overlay-color":"","overlay-opacity":"","overlay-gradient":""},"mobile":{"background-color":"var(--ast-global-color-5)","background-image":"","background-repeat":"repeat","background-position":"center center","background-size":"auto","background-attachment":"scroll","background-type":"","background-media":"","overlay-type":"","overlay-color":"","overlay-opacity":"","overlay-gradient":""}},"footnotes":""},"class_list":["post-7789","page","type-page","status-publish","hentry"],"post_mailing_queue_ids":[],"_links":{"self":[{"href":"https:\/\/agora.xtec.cat\/ceip-lespalmeres\/wp-json\/wp\/v2\/pages\/7789","targetHints":{"allow":["GET"]}}],"collection":[{"href":"https:\/\/agora.xtec.cat\/ceip-lespalmeres\/wp-json\/wp\/v2\/pages"}],"about":[{"href":"https:\/\/agora.xtec.cat\/ceip-lespalmeres\/wp-json\/wp\/v2\/types\/page"}],"author":[{"embeddable":true,"href":"https:\/\/agora.xtec.cat\/ceip-lespalmeres\/wp-json\/wp\/v2\/users\/1"}],"replies":[{"embeddable":true,"href":"https:\/\/agora.xtec.cat\/ceip-lespalmeres\/wp-json\/wp\/v2\/comments?post=7789"}],"version-history":[{"count":5,"href":"https:\/\/agora.xtec.cat\/ceip-lespalmeres\/wp-json\/wp\/v2\/pages\/7789\/revisions"}],"predecessor-version":[{"id":8139,"href":"https:\/\/agora.xtec.cat\/ceip-lespalmeres\/wp-json\/wp\/v2\/pages\/7789\/revisions\/8139"}],"wp:attachment":[{"href":"https:\/\/agora.xtec.cat\/ceip-lespalmeres\/wp-json\/wp\/v2\/media?parent=7789"}],"curies":[{"name":"wp","href":"https:\/\/api.w.org\/{rel}","templated":true}]}}