{"id":7626,"date":"2023-03-23T18:30:10","date_gmt":"2023-03-23T17:30:10","guid":{"rendered":"https:\/\/agora.xtec.cat\/ceip-lespalmeres\/?page_id=7626"},"modified":"2023-03-23T20:57:42","modified_gmt":"2023-03-23T19:57:42","slug":"metodologia","status":"publish","type":"page","link":"https:\/\/agora.xtec.cat\/ceip-lespalmeres\/metodologia\/","title":{"rendered":"Metodologia"},"content":{"rendered":"<div class=\"row\" style=\"margin-bottom: 1em !important;\">\n<div class=\"small-12 large-4 text-center columns\">\n<p><img loading=\"lazy\" decoding=\"async\" class=\"aligncenter wp-image-6114\" src=\"https:\/\/agora.xtec.cat\/ceip-lespalmeres\/wp-content\/uploads\/usu1432\/2020\/07\/4-1-e1610550457791-300x145.jpg\" alt=\"\" width=\"308\" height=\"149\" \/><\/p>\n<h3><a href=\"http:\/\/agora.xtec.cat\/ceip-lespalmeres\/projecte-educatiu\/ambients\/\">Ambients d&#8217;aprenentatge<\/a><\/h3>\n<p><a href=\"http:\/\/agora.xtec.cat\/ceip-lespalmeres\/projecte-educatiu\/ambients\/\">M\u00e9s informaci\u00f3<\/a><\/p>\n<\/div>\n<div class=\"small-12 large-4 text-center columns\">\n<p><img loading=\"lazy\" decoding=\"async\" class=\"aligncenter wp-image-6025\" src=\"https:\/\/agora.xtec.cat\/ceip-lespalmeres\/wp-content\/uploads\/usu1432\/2020\/07\/espai2-300x169.jpg\" alt=\"\" width=\"261\" height=\"148\" srcset=\"https:\/\/agora.xtec.cat\/ceip-lespalmeres\/wp-content\/uploads\/usu1432\/2020\/07\/espai2-300x169.jpg 300w, https:\/\/agora.xtec.cat\/ceip-lespalmeres\/wp-content\/uploads\/usu1432\/2020\/07\/espai2.jpg 636w\" sizes=\"auto, (max-width: 261px) 100vw, 261px\" \/><\/p>\n<h3><a href=\"https:\/\/agora.xtec.cat\/ceip-lespalmeres\/projectes-daprenentatge-a-primaria\/\">Treball per projectes\u00a0<\/a><\/h3>\n<p><a href=\"http:\/\/agora.xtec.cat\/ceip-lespalmeres\/projecte-educatiu\/projectes\/\">M\u00e9s informaci\u00f3<\/a><\/p>\n<\/div>\n<div class=\"small-12 large-4 text-center columns\">\n<p><img loading=\"lazy\" decoding=\"async\" class=\"aligncenter wp-image-6341\" src=\"https:\/\/agora.xtec.cat\/ceip-lespalmeres\/wp-content\/uploads\/usu1432\/2021\/01\/IMG_3044-e1610549840997-300x184.jpg\" alt=\"\" width=\"241\" height=\"148\" srcset=\"https:\/\/agora.xtec.cat\/ceip-lespalmeres\/wp-content\/uploads\/usu1432\/2021\/01\/IMG_3044-e1610549840997-300x184.jpg 300w, https:\/\/agora.xtec.cat\/ceip-lespalmeres\/wp-content\/uploads\/usu1432\/2021\/01\/IMG_3044-e1610549840997.jpg 727w\" sizes=\"auto, (max-width: 241px) 100vw, 241px\" \/><\/p>\n<h3><a href=\"http:\/\/agora.xtec.cat\/ceip-lespalmeres\/calaixets-2\/\">Calaixets<\/a><\/h3>\n<p><a href=\"http:\/\/agora.xtec.cat\/ceip-lespalmeres\/calaixets-2\/\">M\u00e9s informaci\u00f3<\/a><\/p>\n<\/div>\n<\/div>\n<div class=\"row\" style=\"margin-bottom: 1em !important;\">\n<div class=\"small-12 large-4 text-center columns\">\n<p><img loading=\"lazy\" decoding=\"async\" class=\"aligncenter wp-image-6342\" src=\"https:\/\/agora.xtec.cat\/ceip-lespalmeres\/wp-content\/uploads\/usu1432\/2021\/01\/sala.jpg\" alt=\"\" width=\"231\" height=\"165\" \/><\/p>\n<h3><a href=\"http:\/\/agora.xtec.cat\/ceip-lespalmeres\/projecte-educatiu\/psicomotricitat\/\">Psicomotricitat\u00a0<\/a><\/h3>\n<p><a href=\"http:\/\/agora.xtec.cat\/ceip-lespalmeres\/projecte-educatiu\/psicomotricitat\/\">M\u00e9s informaci\u00f3<\/a><\/p>\n<\/div>\n<div class=\"small-12 large-4 text-center columns\">\n<p><img loading=\"lazy\" decoding=\"async\" class=\"aligncenter size-medium wp-image-6644\" src=\"https:\/\/agora.xtec.cat\/ceip-lespalmeres\/wp-content\/uploads\/usu1432\/2021\/02\/jocs-matematics--300x169.jpg\" alt=\"\" width=\"300\" height=\"169\" srcset=\"https:\/\/agora.xtec.cat\/ceip-lespalmeres\/wp-content\/uploads\/usu1432\/2021\/02\/jocs-matematics--300x169.jpg 300w, https:\/\/agora.xtec.cat\/ceip-lespalmeres\/wp-content\/uploads\/usu1432\/2021\/02\/jocs-matematics--768x432.jpg 768w, https:\/\/agora.xtec.cat\/ceip-lespalmeres\/wp-content\/uploads\/usu1432\/2021\/02\/jocs-matematics--1024x576.jpg 1024w, https:\/\/agora.xtec.cat\/ceip-lespalmeres\/wp-content\/uploads\/usu1432\/2021\/02\/jocs-matematics-.jpg 1920w\" sizes=\"auto, (max-width: 300px) 100vw, 300px\" \/><\/p>\n<h3><a href=\"http:\/\/agora.xtec.cat\/ceip-lespalmeres\/jocs-matematics\/\">Jocs Matem\u00e0tics<\/a><\/h3>\n<p><a href=\"http:\/\/agora.xtec.cat\/ceip-lespalmeres\/jocs-matematics\/\">M\u00e9s informaci\u00f3<\/a><\/p>\n<\/div>\n<div class=\"small-12 large-4 text-center columns\">\n<p><img loading=\"lazy\" decoding=\"async\" class=\"aligncenter wp-image-6678\" src=\"https:\/\/agora.xtec.cat\/ceip-lespalmeres\/wp-content\/uploads\/usu1432\/2021\/02\/IMG_20201119_095726-300x225.jpg\" alt=\"\" width=\"225\" height=\"169\" srcset=\"https:\/\/agora.xtec.cat\/ceip-lespalmeres\/wp-content\/uploads\/usu1432\/2021\/02\/IMG_20201119_095726-300x225.jpg 300w, https:\/\/agora.xtec.cat\/ceip-lespalmeres\/wp-content\/uploads\/usu1432\/2021\/02\/IMG_20201119_095726-768x576.jpg 768w, https:\/\/agora.xtec.cat\/ceip-lespalmeres\/wp-content\/uploads\/usu1432\/2021\/02\/IMG_20201119_095726-1024x768.jpg 1024w, https:\/\/agora.xtec.cat\/ceip-lespalmeres\/wp-content\/uploads\/usu1432\/2021\/02\/IMG_20201119_095726-200x150.jpg 200w\" sizes=\"auto, (max-width: 225px) 100vw, 225px\" \/><\/p>\n<h3><a href=\"http:\/\/agora.xtec.cat\/ceip-lespalmeres\/tallers-dhabilitats\/\">Taller d&#8217;habilitats<\/a><\/h3>\n<p><a href=\"http:\/\/agora.xtec.cat\/ceip-lespalmeres\/tallers-dhabilitats\/\">M\u00e9s informaci\u00f3<\/a><\/p>\n<\/div>\n<\/div>\n<div class=\"row\" style=\"margin-bottom: 1em !important;\">\n<div class=\"small-12 large-4 text-center columns\">\n<p><img decoding=\"async\" src=\"https:\/\/img.icons8.com\/color\/120\/000000\/planner.png\" \/><\/p>\n<h3><a href=\"https:\/\/agora.xtec.cat\/ceip-lespalmeres\/jocs-matematics\/\" target=\"_blank\" rel=\"noopener\">Espais d&#8217;Aprenentatge<\/a><\/h3>\n<p>M\u00e9s informaci\u00f3<\/p>\n<\/div>\n<div class=\"small-12 large-4 text-center columns\">\n<p><img loading=\"lazy\" decoding=\"async\" class=\"aligncenter wp-image-5965\" src=\"https:\/\/agora.xtec.cat\/ceip-lespalmeres\/wp-content\/uploads\/usu1432\/2020\/07\/natura8.jpg\" alt=\"\" width=\"226\" height=\"148\" \/><\/p>\n<h3><a href=\"http:\/\/agora.xtec.cat\/ceip-lespalmeres\/vida-daula\/\">Vida d&#8217;aula<\/a><\/h3>\n<p><a href=\"http:\/\/agora.xtec.cat\/ceip-lespalmeres\/vida-daula\/\">M\u00e9s informaci\u00f3<\/a><\/p>\n<\/div>\n<div class=\"small-12 large-4 text-center columns\">\n<p><a href=\"http:\/\/agora.xtec.cat\/ceip-lespalmeres\/hora-del-conte\/\"><img loading=\"lazy\" decoding=\"async\" class=\"aligncenter wp-image-6340\" src=\"https:\/\/agora.xtec.cat\/ceip-lespalmeres\/wp-content\/uploads\/usu1432\/2021\/01\/IMG_3042-e1610549908743-300x214.jpg\" alt=\"\" width=\"233\" height=\"166\" srcset=\"https:\/\/agora.xtec.cat\/ceip-lespalmeres\/wp-content\/uploads\/usu1432\/2021\/01\/IMG_3042-e1610549908743-300x214.jpg 300w, https:\/\/agora.xtec.cat\/ceip-lespalmeres\/wp-content\/uploads\/usu1432\/2021\/01\/IMG_3042-e1610549908743-768x547.jpg 768w, https:\/\/agora.xtec.cat\/ceip-lespalmeres\/wp-content\/uploads\/usu1432\/2021\/01\/IMG_3042-e1610549908743.jpg 823w\" sizes=\"auto, (max-width: 233px) 100vw, 233px\" \/><\/a><\/p>\n<h3><a href=\"http:\/\/agora.xtec.cat\/ceip-lespalmeres\/hora-del-conte\/\">Hora del conte<\/a><\/h3>\n<p><a href=\"http:\/\/agora.xtec.cat\/ceip-lespalmeres\/hora-del-conte\/\">M\u00e9s informaci\u00f3<\/a><\/p>\n<\/div>\n<\/div>\n","protected":false},"excerpt":{"rendered":"<p>Ambients d&#8217;aprenentatge M\u00e9s informaci\u00f3 Treball per projectes\u00a0 M\u00e9s informaci\u00f3 Calaixets M\u00e9s informaci\u00f3 Psicomotricitat\u00a0 M\u00e9s informaci\u00f3 Jocs Matem\u00e0tics M\u00e9s informaci\u00f3 Taller d&#8217;habilitats M\u00e9s informaci\u00f3 Espais d&#8217;Aprenentatge M\u00e9s informaci\u00f3 Vida d&#8217;aula M\u00e9s informaci\u00f3 Hora del conte M\u00e9s informaci\u00f3<\/p>\n","protected":false},"author":1,"featured_media":0,"parent":0,"menu_order":0,"comment_status":"closed","ping_status":"closed","template":"","meta":{"_bbp_topic_count":0,"_bbp_reply_count":0,"_bbp_total_topic_count":0,"_bbp_total_reply_count":0,"_bbp_voice_count":0,"_bbp_anonymous_reply_count":0,"_bbp_topic_count_hidden":0,"_bbp_reply_count_hidden":0,"_bbp_forum_subforum_count":0,"site-sidebar-layout":"default","site-content-layout":"","ast-site-content-layout":"","site-content-style":"default","site-sidebar-style":"default","ast-global-header-display":"","ast-banner-title-visibility":"","ast-main-header-display":"","ast-hfb-above-header-display":"","ast-hfb-below-header-display":"","ast-hfb-mobile-header-display":"","site-post-title":"","ast-breadcrumbs-content":"","ast-featured-img":"","footer-sml-layout":"","theme-transparent-header-meta":"","adv-header-id-meta":"","stick-header-meta":"","header-above-stick-meta":"","header-main-stick-meta":"","header-below-stick-meta":"","astra-migrate-meta-layouts":"default","ast-page-background-enabled":"default","ast-page-background-meta":{"desktop":{"background-color":"var(--ast-global-color-4)","background-image":"","background-repeat":"repeat","background-position":"center center","background-size":"auto","background-attachment":"scroll","background-type":"","background-media":"","overlay-type":"","overlay-color":"","overlay-opacity":"","overlay-gradient":""},"tablet":{"background-color":"","background-image":"","background-repeat":"repeat","background-position":"center center","background-size":"auto","background-attachment":"scroll","background-type":"","background-media":"","overlay-type":"","overlay-color":"","overlay-opacity":"","overlay-gradient":""},"mobile":{"background-color":"","background-image":"","background-repeat":"repeat","background-position":"center center","background-size":"auto","background-attachment":"scroll","background-type":"","background-media":"","overlay-type":"","overlay-color":"","overlay-opacity":"","overlay-gradient":""}},"ast-content-background-meta":{"desktop":{"background-color":"var(--ast-global-color-5)","background-image":"","background-repeat":"repeat","background-position":"center center","background-size":"auto","background-attachment":"scroll","background-type":"","background-media":"","overlay-type":"","overlay-color":"","overlay-opacity":"","overlay-gradient":""},"tablet":{"background-color":"var(--ast-global-color-5)","background-image":"","background-repeat":"repeat","background-position":"center center","background-size":"auto","background-attachment":"scroll","background-type":"","background-media":"","overlay-type":"","overlay-color":"","overlay-opacity":"","overlay-gradient":""},"mobile":{"background-color":"var(--ast-global-color-5)","background-image":"","background-repeat":"repeat","background-position":"center center","background-size":"auto","background-attachment":"scroll","background-type":"","background-media":"","overlay-type":"","overlay-color":"","overlay-opacity":"","overlay-gradient":""}},"footnotes":""},"class_list":["post-7626","page","type-page","status-publish","hentry"],"post_mailing_queue_ids":[],"_links":{"self":[{"href":"https:\/\/agora.xtec.cat\/ceip-lespalmeres\/wp-json\/wp\/v2\/pages\/7626","targetHints":{"allow":["GET"]}}],"collection":[{"href":"https:\/\/agora.xtec.cat\/ceip-lespalmeres\/wp-json\/wp\/v2\/pages"}],"about":[{"href":"https:\/\/agora.xtec.cat\/ceip-lespalmeres\/wp-json\/wp\/v2\/types\/page"}],"author":[{"embeddable":true,"href":"https:\/\/agora.xtec.cat\/ceip-lespalmeres\/wp-json\/wp\/v2\/users\/1"}],"replies":[{"embeddable":true,"href":"https:\/\/agora.xtec.cat\/ceip-lespalmeres\/wp-json\/wp\/v2\/comments?post=7626"}],"version-history":[{"count":2,"href":"https:\/\/agora.xtec.cat\/ceip-lespalmeres\/wp-json\/wp\/v2\/pages\/7626\/revisions"}],"predecessor-version":[{"id":7644,"href":"https:\/\/agora.xtec.cat\/ceip-lespalmeres\/wp-json\/wp\/v2\/pages\/7626\/revisions\/7644"}],"wp:attachment":[{"href":"https:\/\/agora.xtec.cat\/ceip-lespalmeres\/wp-json\/wp\/v2\/media?parent=7626"}],"curies":[{"name":"wp","href":"https:\/\/api.w.org\/{rel}","templated":true}]}}