{"id":7580,"date":"2023-03-16T16:36:59","date_gmt":"2023-03-16T15:36:59","guid":{"rendered":"https:\/\/agora.xtec.cat\/ceip-lespalmeres\/?page_id=7580"},"modified":"2023-06-07T10:14:25","modified_gmt":"2023-06-07T08:14:25","slug":"avaluacio-digital","status":"publish","type":"page","link":"https:\/\/agora.xtec.cat\/ceip-lespalmeres\/avaluacio-digital\/","title":{"rendered":"Avaluaci\u00f3 digital"},"content":{"rendered":"<p><span style=\"font-weight: 400;\">L\u2019avaluaci\u00f3 entesa com un proc\u00e9s de millora continua, porta impl\u00edcit ser un projecte viu que es va modificant en funci\u00f3 de la realitat i els resultats que vagin esdevenint. No obstant, trobem tres moments diferenciats:<\/span><\/p>\n<div class=\"row\" style=\"margin-bottom: 1em !important;\">\n<div class=\"small-12 large-4 text-center columns\">\n<h3 style=\"text-align: left;\"><span style=\"font-weight: 400;\">Avaluaci\u00f3 continuada<\/span><\/h3>\n<p style=\"margin-bottom: 0.2em; text-align: left;\"><span style=\"font-weight: 400;\">Es realitza mitjan\u00e7ant el seguiment i revisi\u00f3 de les diferents activitats planificades per determinar el seu grau d\u2019acompliment a partir dels seus corresponents criteris. Aquesta la realitza persona responsable, que s\u2019indica en cada fitxa de les activitats, en el moment de la finalitzaci\u00f3 d&#8217;aquesta<\/span><\/p>\n<\/div>\n<div class=\"small-12 large-4 text-center columns\">\n<h3 style=\"text-align: left;\"><span style=\"font-weight: 400;\">Avaluaci\u00f3 anual<\/span><\/h3>\n<p style=\"text-align: left;\"><span style=\"font-weight: 400;\">A l\u2019inici de curs els objectius temporitzats per aquell <\/span> <span style=\"font-weight: 400;\">per\u00edode s\u2019incorporaran la Programaci\u00f3 General Anual de Centre (PGAC). En finalitzar el per\u00edode escolar, l\u2019equip directiu mitjan\u00e7ant la Mem\u00f2ria Anual far\u00e0 el seguiment i recull de les evid\u00e8ncies de l\u2019assoliment dels objectius. Aquesta tasca es troba liderada per la comissi\u00f3 digital, que aprofitar\u00e0 per revisar els objectius establerts per al present i vinent curs, tot determinant la modificaci\u00f3, si fos necessari.\u00a0<\/span><\/p>\n<\/div>\n<div class=\"small-12 large-4 text-center columns\">\n<h3 style=\"text-align: left;\"><span style=\"font-weight: 400;\">Avaluaci\u00f3 final<\/span><\/h3>\n<p style=\"text-align: left;\"><span style=\"font-weight: 400;\">Quan l\u2019EDC est\u00e0 arribant al final de la seva planificaci\u00f3, que s\u2019ha temporitzat a un termini de diversos cursos, es recullen totes les avaluacions anuals per tal de prendre una decisi\u00f3 en el s\u00ed de l\u2019equip directiu. Actualitzar-la, per tant, plantejar-se una nova diagnosi i iniciar un nou pla o modificar l\u2019existent amb les dades que es disposen.<\/span><\/p>\n<\/div>\n<\/div>\n<p>&nbsp;<\/p>\n<div class=\"row\">\n<p><img loading=\"lazy\" decoding=\"async\" class=\"alignleft\" src=\"https:\/\/static.vecteezy.com\/system\/resources\/previews\/001\/918\/960\/non_2x\/methodology-line-icon-on-white-vector.jpg\" alt=\"icono de l\u00ednea de vector de metodolog\u00eda en blanco 1918960 Vector en Vecteezy\" width=\"109\" height=\"109\" \/><\/p>\n<div class=\"columns small-12 large-10\">\n<h5>Objectiu 1<\/h5>\n<div class=\"row\" style=\"margin-bottom: 1em !important;\">\n<div class=\"small-12 large-4 text-center columns\">\n<p style=\"text-align: left;\"><strong>Activitat\u00a0<\/strong><\/p>\n<\/div>\n<div class=\"small-12 large-4 text-center columns\">\n<p style=\"text-align: left;\"><strong>Indicador\u00a0<\/strong><\/p>\n<\/div>\n<div class=\"small-12 large-4 text-center columns\">\n<p style=\"text-align: left;\"><strong>Criteri d&#8217;\u00e8xit\u00a0<\/strong><\/p>\n<\/div>\n<\/div>\n<div class=\"row\" style=\"margin-bottom: 1em !important;\">\n<div class=\"small-12 large-4 text-center columns\">\n<p style=\"text-align: left;\">1.1.1 <span style=\"font-weight: 400;\">Con\u00e8ixer mitjan\u00e7ant una enquesta les activitats digitals que realitza el personal docent.<\/span><\/p>\n<\/div>\n<div class=\"small-12 large-4 text-center columns\">\n<p style=\"text-align: left;\">Cada curs\/nivell t\u00e9 activitats digitals de car\u00e0cter transversal definides<\/p>\n<\/div>\n<p><span style=\"font-weight: 400;\">80% de participaci\u00f3 del claustre implicat en la recollida de dades<\/span><\/p>\n<\/div>\n<div class=\"row\" style=\"margin-bottom: 1em !important;\">\n<div class=\"small-12 large-4 text-center columns\">\n<p style=\"text-align: left;\">1.2.1 Definir uns objectius i criteris d&#8217;avaluaci\u00f3 a les activitats digitals que es fan al centre<\/p>\n<\/div>\n<div class=\"small-12 large-4 text-center columns\">\n<p style=\"text-align: left;\">Concreci\u00f3 d&#8217;objectius i criteris d&#8217;avaluaci\u00f3 a cada activitat.<\/p>\n<p style=\"text-align: left;\">Registre d&#8217;activitats en format digital<\/p>\n<\/div>\n<div class=\"small-12 large-4 text-center columns\">\n<p style=\"text-align: left;\">90% de concrecions establertes per part de la comissi\u00f3<\/p>\n<p style=\"text-align: left;\">90% d&#8217;acceptaci\u00f3 del claustre<\/p>\n<\/div>\n<\/div>\n<div style=\"text-align: right;\">\n<div class=\"row\" style=\"margin-bottom: 1em !important;\">\n<div class=\"small-12 large-4 text-center columns\">\n<p style=\"text-align: left;\">1.3.1 Crear documents de cultura digital de centre<\/p>\n<p style=\"text-align: left;\">1.3.2 Formar al claustre de coneixement digital<\/p>\n<\/div>\n<div class=\"small-12 large-4 text-center columns\">\n<p style=\"text-align: left;\">Compartir els documents creats amb el personal decent i PAS<\/p>\n<\/div>\n<div class=\"small-12 large-4 text-center columns\">\n<p style=\"text-align: left;\">Aprovaci\u00f3 del document per un 70% del claustre<\/p>\n<\/div>\n<\/div>\n<\/div>\n<\/div>\n<\/div>\n<div class=\"row\">\n<p><img loading=\"lazy\" decoding=\"async\" class=\"alignleft\" src=\"https:\/\/www.um.es\/documents\/1083928\/17665461\/pruebas-evaluacion-1.png\/740633af-b403-4f16-87ab-6bc7f7f4bc6d?t=1589364889869\" alt=\"10 Consejos para las Pruebas de Evaluaci\u00f3n mientras la #UMUsequedaencasa - Portal de Estudios\" width=\"92\" height=\"92\" \/><\/p>\n<div class=\"columns small-12 large-10\">\n<h5>Objectiu 2<\/h5>\n<div class=\"row\" style=\"margin-bottom: 1em !important;\">\n<div class=\"small-12 large-4 text-center columns\">\n<p style=\"text-align: left;\"><strong>Activitat<\/strong><\/p>\n<\/div>\n<div class=\"small-12 large-4 text-center columns\">\n<p style=\"text-align: left;\"><strong>Indicador\u00a0<\/strong><\/p>\n<\/div>\n<div class=\"small-12 large-4 text-center columns\">\n<p style=\"text-align: left;\"><strong>Criteri d&#8217;\u00e8xit\u00a0<\/strong><\/p>\n<\/div>\n<\/div>\n<div class=\"row\" style=\"margin-bottom: 1em !important;\">\n<div class=\"small-12 large-4 text-center columns\">\n<p style=\"text-align: left;\">2.1.1 Enregistrar la programaci\u00f3 digital de cada nivell<\/p>\n<\/div>\n<div class=\"small-12 large-4 text-center columns\">\n<p style=\"text-align: left;\">Cada nivell t\u00e9 activitats digitals a totes les \u00e0rees<\/p>\n<\/div>\n<div class=\"small-12 large-4 text-center columns\">\n<p style=\"text-align: left;\">Exist\u00e8ncia d&#8217;una activitat transversal al trimestre<\/p>\n<\/div>\n<\/div>\n<div class=\"row\" style=\"margin-bottom: 1em !important;\">\n<div class=\"small-12 large-4 text-center columns\">\n<p style=\"text-align: left;\">2.2.1 Crear R\u00fabriques i\/o llistes de verificaci\u00f3 per l&#8217;observaci\u00f3 de les activitats<\/p>\n<\/div>\n<div class=\"small-12 large-4 text-center columns\">\n<p style=\"text-align: left;\">Instrument creat<\/p>\n<\/div>\n<div class=\"small-12 large-4 text-center columns\">\n<p style=\"text-align: left;\">75% dels nivells amb r\u00fabrica<\/p>\n<\/div>\n<\/div>\n<div class=\"row\" style=\"margin-bottom: 1em !important;\">\n<div class=\"small-12 large-4 text-center columns\">\n<p style=\"text-align: left;\">2.3.1 Complimentar llistes de verificaci\u00f3 durant l&#8217;activitat per part de l&#8217;alumnat<\/p>\n<\/div>\n<div class=\"small-12 large-4 text-center columns\">\n<p style=\"text-align: left;\">\u00das de l&#8217;instrument creat<\/p>\n<\/div>\n<p style=\"text-align: left;\">Grau d&#8217;implicaci\u00f3 i impacte per sobre del 80% d&#8217;\u00e8xit<\/p>\n<\/div>\n<div style=\"text-align: right;\"><\/div>\n<\/div>\n<\/div>\n<div class=\"row\">\n<p><img loading=\"lazy\" decoding=\"async\" class=\"alignleft\" src=\"https:\/\/i.pinimg.com\/originals\/20\/9b\/e8\/209be8b95ef7f87e37f5052f94e4dbf0.png\" alt=\"Google Classroom icon in iOS Style | Kawaii app, Ios app icon design, Cute app\" width=\"85\" height=\"85\" \/><\/p>\n<div class=\"columns small-12 large-10\">\n<h5>Objectiu 3<\/h5>\n<div class=\"row\" style=\"margin-bottom: 1em !important;\">\n<div class=\"small-12 large-4 text-center columns\">\n<p style=\"text-align: left;\"><strong>Activitat<\/strong><\/p>\n<\/div>\n<div class=\"small-12 large-4 text-center columns\">\n<p style=\"text-align: left;\"><strong>Indicador\u00a0<\/strong><\/p>\n<\/div>\n<div class=\"small-12 large-4 text-center columns\">\n<p style=\"text-align: left;\"><strong>Criteri d&#8217;\u00e8xit<\/strong><\/p>\n<\/div>\n<\/div>\n<div class=\"row\" style=\"margin-bottom: 1em !important;\">\n<div class=\"small-12 large-4 text-center columns\">\n<p style=\"text-align: left;\">3.1.1 Formar als mestres a partir de la FIC de 40h<\/p>\n<\/div>\n<div class=\"small-12 large-4 text-center columns\">\n<p style=\"text-align: left;\">Nombre d&#8217;activitats penjades al Clasroom<\/p>\n<\/div>\n<div class=\"small-12 large-4 text-center columns\">\n<p style=\"text-align: left;\">Contingut Fila 2, Columna 3<\/p>\n<\/div>\n<\/div>\n<div class=\"row\" style=\"margin-bottom: 1em !important;\">\n<div class=\"small-12 large-4 text-center columns\">\n<p style=\"text-align: left;\">3.2.1 Utilitzar el Classroom com una eina d&#8217;aprenentatge<\/p>\n<\/div>\n<div class=\"small-12 large-4 text-center columns\">\n<p style=\"text-align: left;\">El 80% dels alumnes l&#8217;utilitzen i en fan bon \u00fas<\/p>\n<\/div>\n<\/div>\n<\/div>\n<\/div>\n<div class=\"row\">\n<p><img loading=\"lazy\" decoding=\"async\" class=\"alignleft\" src=\"https:\/\/www.imanolchasco.es\/wp-content\/uploads\/2018\/04\/thumb-bienvenida.jpg\" alt=\"PLAN DE ACOGIDA. 2\u00aa PARTE. \u2013 Retos Y Personas\" width=\"112\" height=\"112\" \/><\/p>\n<div class=\"columns small-12 large-10\">\n<h5>Objectiu 4<\/h5>\n<div class=\"row\" style=\"margin-bottom: 1em !important;\">\n<div class=\"small-12 large-4 text-center columns\">\n<p style=\"text-align: left;\"><strong>Activitat<\/strong><\/p>\n<\/div>\n<div class=\"small-12 large-4 text-center columns\">\n<p style=\"text-align: left;\"><strong>Indicador\u00a0<\/strong><\/p>\n<\/div>\n<div class=\"small-12 large-4 text-center columns\">\n<p style=\"text-align: left;\"><strong>Criteri d&#8217;\u00e8xit<\/strong><\/p>\n<\/div>\n<div class=\"row\" style=\"margin-bottom: 1em !important;\">\n<div class=\"small-12 large-4 text-center columns\">\n<p style=\"text-align: left;\">4.1.1 Redactar les NOFC i el pla d\u2019acollida aplicant la normativa vigent<\/p>\n<p style=\"text-align: left;\">4.1.2 Revisar els canvis envers a altres anys<\/p>\n<\/div>\n<div class=\"small-12 large-4 text-center columns\">\n<p>Document actualitzat<\/p>\n<\/div>\n<div class=\"small-12 large-4 text-center columns\">\n<p style=\"text-align: left;\">Aprovaci\u00f3 pel 90% del claustre<\/p>\n<p style=\"text-align: left;\">Aprovaci\u00f3 pel 80% del consell escolar<\/p>\n<\/div>\n<\/div>\n<div class=\"row\" style=\"margin-bottom: 1em !important;\">\n<div class=\"small-12 large-4 text-center columns\">\n<p style=\"text-align: left;\">4.2.1 Retocar i canviar si s\u2019escau els documents del centre relacionats<\/p>\n<\/div>\n<div class=\"small-12 large-4 text-center columns\">\n<p>Tenir el document Pla d&#8217;acollida digital fet<\/p>\n<\/div>\n<p>Aprovaci\u00f3 pel 80% del consell escolar<\/p>\n<\/div>\n<div class=\"row\" style=\"margin-bottom: 1em !important;\">\n<div class=\"small-12 large-4 text-center columns\">\n<p style=\"text-align: left;\">4.3.1 Revisi\u00f3 i actualitzaci\u00f3 dels documents referents al pla digital<\/p>\n<\/div>\n<div class=\"small-12 large-4 text-center columns\">\n<p style=\"text-align: left;\">Tenir un recull dels documents digitals vigents.<\/p>\n<\/div>\n<div class=\"small-12 large-4 text-center columns\">\n<p><span style=\"font-weight: 400;\">100% dels documents en proc\u00e9s de revisi\u00f3 c\u00edclica<\/span><\/p>\n<\/div>\n<\/div>\n<\/div>\n<div class=\"row\" style=\"margin-bottom: 1em !important;\">\n<div class=\"small-12 large-4 text-center columns\">\n<p style=\"text-align: left;\">4.4.1 Calendaritzar setmanalment una reuni\u00f3 amb membres de l\u2019equip digital<\/p>\n<\/div>\n<div class=\"small-12 large-4 text-center columns\">\n<p style=\"text-align: left;\"><span style=\"font-weight: 400;\">Acta de la reuni\u00f3 i programaci\u00f3<\/span><\/p>\n<\/div>\n<div class=\"small-12 large-4 text-center columns\">\n<p style=\"text-align: left;\">90% del grua d&#8217;impacte, un 85 % en el d&#8217;execuci\u00f3 amb la realitzaci\u00f3 i el contingut i acords de les reunions<\/p>\n<\/div>\n<\/div>\n<\/div>\n<\/div>\n<div class=\"row\">\n<p><img loading=\"lazy\" decoding=\"async\" class=\"alignleft\" src=\"https:\/\/img.freepik.com\/vector-premium\/icono-debate-o-discusion-vector-plano_116137-3213.jpg\" alt=\"Icono de debate o discusi\u00f3n, vector plano | Vector Premium\" width=\"98\" height=\"98\" \/><\/p>\n<div class=\"columns small-12 large-10\">\n<h5>Objectiu 5<\/h5>\n<div class=\"row\" style=\"margin-bottom: 1em !important;\">\n<div class=\"small-12 large-4 text-center columns\">\n<p style=\"text-align: left;\"><strong>Activitat<\/strong><\/p>\n<\/div>\n<div class=\"small-12 large-4 text-center columns\">\n<p style=\"text-align: left;\"><strong>Indicador\u00a0<\/strong><\/p>\n<\/div>\n<div class=\"small-12 large-4 text-center columns\">\n<p style=\"text-align: left;\"><strong>Criteri d&#8217;\u00e8xit\u00a0<\/strong><\/p>\n<\/div>\n<\/div>\n<div class=\"row\" style=\"margin-bottom: 1em !important;\">\n<div class=\"small-12 large-4 text-center columns\">\n<p style=\"text-align: left;\">5.1.1 Reflexionar sobre la nostra tasca docent envers les eines digitals<\/p>\n<\/div>\n<div class=\"small-12 large-4 text-center columns\">\n<p style=\"text-align: left;\">Recull d&#8217;acords de cicle i GTP a les reunions mitjan\u00e7ant una acta<\/p>\n<\/div>\n<div class=\"small-12 large-4 text-center columns\">\n<p style=\"text-align: left;\">60% de les actes amb acords definits<\/p>\n<\/div>\n<\/div>\n<div style=\"text-align: right;\"><\/div>\n<\/div>\n<\/div>\n<div class=\"row\">\n<p><img loading=\"lazy\" decoding=\"async\" class=\"alignleft\" src=\"https:\/\/atenciociutadana.gencat.cat\/web\/.content\/02_CATALEG_SERVEIS\/multimedia\/icones\/xarxes-socials.png\" alt=\"V\u00eddeos a les xarxes socials. Serveis Digitals i Experi\u00e8ncia Ciutadana\" width=\"72\" height=\"72\" \/><\/p>\n<div class=\"columns small-12 large-10\">\n<h5>Objectiu 6<\/h5>\n<div class=\"row\" style=\"margin-bottom: 1em !important;\">\n<div class=\"small-12 large-4 text-center columns\">\n<p style=\"text-align: left;\"><strong>Activitat<\/strong><\/p>\n<\/div>\n<div class=\"small-12 large-4 text-center columns\">\n<p style=\"text-align: left;\"><strong>Indicador<\/strong><\/p>\n<\/div>\n<p><strong>Criteri d&#8217;\u00e8xit\u00a0<\/strong><\/p>\n<\/div>\n<div class=\"row\" style=\"margin-bottom: 1em !important;\">\n<div class=\"small-12 large-4 text-center columns\">\n<p style=\"text-align: left;\">6.1.1 Redactar les normes que regeixen com i quan publicar a Instagram des de l\u2019escola<\/p>\n<\/div>\n<div class=\"small-12 large-4 text-center columns\">\n<p style=\"text-align: left;\">Protocol creat o notificat a les fam\u00edlies<\/p>\n<\/div>\n<div class=\"small-12 large-4 text-center columns\">\n<p style=\"text-align: left;\">Aprovaci\u00f3 en un 90% pels membres de consell escolar<\/p>\n<\/div>\n<\/div>\n<div class=\"row\" style=\"margin-bottom: 1em !important;\">\n<div class=\"small-12 large-4 text-center columns\">\n<p style=\"text-align: left;\">6.2.1 Redactar les normes per con\u00e8ixer com notificar i\/o comunicar-se amb les fam\u00edlies<\/p>\n<\/div>\n<div class=\"small-12 large-4 text-center columns\">\n<p style=\"text-align: left;\">Protocol creat o notificat a les fam\u00edlies<\/p>\n<\/div>\n<div class=\"small-12 large-4 text-center columns\">\n<p style=\"text-align: left;\">Fet o no fet<\/p>\n<\/div>\n<\/div>\n<div class=\"row\" style=\"margin-bottom: 1em !important;\">\n<div class=\"small-12 large-4 text-center columns\">\n<p style=\"text-align: left;\">6.3.1 Comunicar a les fam\u00edlies l\u2019exist\u00e8ncia d\u2019aquesta eina<\/p>\n<p style=\"text-align: left;\">6.3.2 Crear un grup amb les fam\u00edlies i equip directiu<\/p>\n<\/div>\n<div class=\"small-12 large-4 text-center columns\">\n<p style=\"text-align: left;\"><span style=\"font-weight: 400;\">Les fam\u00edlies estan assabentades de Telegram. SI\/NO<\/span><\/p>\n<\/div>\n<div class=\"small-12 large-4 text-center columns\">\n<p style=\"text-align: left;\">8% de la comunitat educativa inscrits al canal<\/p>\n<\/div>\n<\/div>\n<div class=\"row\" style=\"margin-bottom: 1em !important;\">\n<div class=\"small-12 large-4 text-center columns\">\n<p>6.4.1 Penjar post a les xarxes socials de l\u2019escola<\/p>\n<\/div>\n<div class=\"small-12 large-4 text-center columns\">\n<p style=\"text-align: left;\"><span style=\"font-weight: 400;\">Millora del 5% de publicacions a les fam\u00edlies en relaci\u00f3 al curs 21-22<\/span><\/p>\n<\/div>\n<div class=\"small-12 large-4 text-center columns\">\n<p style=\"text-align: left;\">Cr\u00e9ixer un 10% les publicacions en relaci\u00f3 al curs post pand\u00e8mia<\/p>\n<\/div>\n<\/div>\n<div style=\"text-align: right;\"><\/div>\n<\/div>\n<\/div>\n","protected":false},"excerpt":{"rendered":"<p>L\u2019avaluaci\u00f3 entesa com un proc\u00e9s de millora continua, porta impl\u00edcit ser un projecte viu que es va modificant en funci\u00f3 de la realitat i els resultats que vagin esdevenint. No obstant, trobem tres moments diferenciats: Avaluaci\u00f3 continuada Es realitza mitjan\u00e7ant el seguiment i revisi\u00f3 de les diferents activitats planificades per determinar el seu grau d\u2019acompliment [&hellip;]<\/p>\n","protected":false},"author":1,"featured_media":0,"parent":0,"menu_order":0,"comment_status":"closed","ping_status":"closed","template":"","meta":{"_bbp_topic_count":0,"_bbp_reply_count":0,"_bbp_total_topic_count":0,"_bbp_total_reply_count":0,"_bbp_voice_count":0,"_bbp_anonymous_reply_count":0,"_bbp_topic_count_hidden":0,"_bbp_reply_count_hidden":0,"_bbp_forum_subforum_count":0,"site-sidebar-layout":"default","site-content-layout":"","ast-site-content-layout":"","site-content-style":"default","site-sidebar-style":"default","ast-global-header-display":"","ast-banner-title-visibility":"","ast-main-header-display":"","ast-hfb-above-header-display":"","ast-hfb-below-header-display":"","ast-hfb-mobile-header-display":"","site-post-title":"","ast-breadcrumbs-content":"","ast-featured-img":"","footer-sml-layout":"","theme-transparent-header-meta":"","adv-header-id-meta":"","stick-header-meta":"","header-above-stick-meta":"","header-main-stick-meta":"","header-below-stick-meta":"","astra-migrate-meta-layouts":"default","ast-page-background-enabled":"default","ast-page-background-meta":{"desktop":{"background-color":"var(--ast-global-color-4)","background-image":"","background-repeat":"repeat","background-position":"center center","background-size":"auto","background-attachment":"scroll","background-type":"","background-media":"","overlay-type":"","overlay-color":"","overlay-opacity":"","overlay-gradient":""},"tablet":{"background-color":"","background-image":"","background-repeat":"repeat","background-position":"center center","background-size":"auto","background-attachment":"scroll","background-type":"","background-media":"","overlay-type":"","overlay-color":"","overlay-opacity":"","overlay-gradient":""},"mobile":{"background-color":"","background-image":"","background-repeat":"repeat","background-position":"center center","background-size":"auto","background-attachment":"scroll","background-type":"","background-media":"","overlay-type":"","overlay-color":"","overlay-opacity":"","overlay-gradient":""}},"ast-content-background-meta":{"desktop":{"background-color":"var(--ast-global-color-5)","background-image":"","background-repeat":"repeat","background-position":"center center","background-size":"auto","background-attachment":"scroll","background-type":"","background-media":"","overlay-type":"","overlay-color":"","overlay-opacity":"","overlay-gradient":""},"tablet":{"background-color":"var(--ast-global-color-5)","background-image":"","background-repeat":"repeat","background-position":"center center","background-size":"auto","background-attachment":"scroll","background-type":"","background-media":"","overlay-type":"","overlay-color":"","overlay-opacity":"","overlay-gradient":""},"mobile":{"background-color":"var(--ast-global-color-5)","background-image":"","background-repeat":"repeat","background-position":"center center","background-size":"auto","background-attachment":"scroll","background-type":"","background-media":"","overlay-type":"","overlay-color":"","overlay-opacity":"","overlay-gradient":""}},"footnotes":""},"class_list":["post-7580","page","type-page","status-publish","hentry"],"post_mailing_queue_ids":[],"_links":{"self":[{"href":"https:\/\/agora.xtec.cat\/ceip-lespalmeres\/wp-json\/wp\/v2\/pages\/7580","targetHints":{"allow":["GET"]}}],"collection":[{"href":"https:\/\/agora.xtec.cat\/ceip-lespalmeres\/wp-json\/wp\/v2\/pages"}],"about":[{"href":"https:\/\/agora.xtec.cat\/ceip-lespalmeres\/wp-json\/wp\/v2\/types\/page"}],"author":[{"embeddable":true,"href":"https:\/\/agora.xtec.cat\/ceip-lespalmeres\/wp-json\/wp\/v2\/users\/1"}],"replies":[{"embeddable":true,"href":"https:\/\/agora.xtec.cat\/ceip-lespalmeres\/wp-json\/wp\/v2\/comments?post=7580"}],"version-history":[{"count":3,"href":"https:\/\/agora.xtec.cat\/ceip-lespalmeres\/wp-json\/wp\/v2\/pages\/7580\/revisions"}],"predecessor-version":[{"id":7736,"href":"https:\/\/agora.xtec.cat\/ceip-lespalmeres\/wp-json\/wp\/v2\/pages\/7580\/revisions\/7736"}],"wp:attachment":[{"href":"https:\/\/agora.xtec.cat\/ceip-lespalmeres\/wp-json\/wp\/v2\/media?parent=7580"}],"curies":[{"name":"wp","href":"https:\/\/api.w.org\/{rel}","templated":true}]}}