{"id":7572,"date":"2023-03-16T16:35:40","date_gmt":"2023-03-16T15:35:40","guid":{"rendered":"https:\/\/agora.xtec.cat\/ceip-lespalmeres\/?page_id=7572"},"modified":"2023-05-29T00:09:21","modified_gmt":"2023-05-28T22:09:21","slug":"objectius-de-centre-per-lestrategia-digital","status":"publish","type":"page","link":"https:\/\/agora.xtec.cat\/ceip-lespalmeres\/objectius-de-centre-per-lestrategia-digital\/","title":{"rendered":"Objectius de centre per l&#8217;estrat\u00e8gia digital"},"content":{"rendered":"<p>&nbsp;<\/p>\n<div class=\"row\">\n<p><img loading=\"lazy\" decoding=\"async\" class=\"alignleft\" src=\"https:\/\/static.vecteezy.com\/system\/resources\/previews\/001\/918\/960\/non_2x\/methodology-line-icon-on-white-vector.jpg\" alt=\"icono de l\u00ednea de vector de metodolog\u00eda en blanco 1918960 Vector en Vecteezy\" width=\"120\" height=\"120\" \/><\/p>\n<div class=\"columns small-12 large-10\">\n<h2>Objectiu 1<\/h2>\n<h3><strong>Definir la l\u00ednia de centre en l&#8217;\u00e0mbit digital<\/strong><\/h3>\n<div class=\"row\" style=\"margin-bottom: 1em !important;\">\n<div class=\"small-12 large-4 text-center columns\">\n<h3 style=\"text-align: left;\">Estrat\u00e8gia 1<\/h3>\n<p style=\"text-align: left;\"><span style=\"font-weight: 400;\">1.1 Recull del punt de partida de les activitats digitals que es fan al centre<\/span><\/p>\n<p>&nbsp;<\/p>\n<p style=\"text-align: left;\">Activitat:<\/p>\n<p style=\"text-align: left;\"><span style=\"font-weight: 400;\">1.1.1 Con\u00e8ixer mitjan\u00e7ant una enquesta les activitats digitals que realitza el personal docent<\/span><\/p>\n<\/div>\n<div class=\"small-12 large-4 text-center columns\">\n<h3 style=\"text-align: left;\">Estrat\u00e8gia\u00a02<\/h3>\n<p style=\"text-align: left;\"><span style=\"font-weight: 400;\">1.2 Seq\u00fc\u00e8ncia de les activitats tenint en compte el curr\u00edculum i crear-ne de noves si s\u00f3n significatives pel curs\/nivell <\/span><\/p>\n<p style=\"text-align: left;\"><span style=\"font-weight: 400;\">Activitat:<\/span><\/p>\n<p style=\"text-align: left;\"><span style=\"font-weight: 400;\">1.2.1 Definir uns objectius i criteris d\u2019avaluaci\u00f3 a les activitats digitals que es fan al centre<\/span><\/p>\n<\/div>\n<div class=\"small-12 large-4 text-center columns\">\n<h3 style=\"text-align: left;\">Estrat\u00e8gia\u00a03<\/h3>\n<p style=\"margin-bottom: 0.2em; text-align: left;\"><span style=\"font-weight: 400;\">1.3 Actualitzaci\u00f3 la l\u00ednia de centre<\/span><\/p>\n<p>&nbsp;<\/p>\n<p style=\"text-align: left;\"><span style=\"font-weight: 400;\">Activitat: <\/span><\/p>\n<p style=\"text-align: left;\"><span style=\"font-weight: 400;\">1.3.1 Crear documents de cultura digital de centre<\/span><\/p>\n<p style=\"text-align: left;\"><span style=\"font-weight: 400;\">1.3.2 Formar al claustre de coneixement digital<\/span><\/p>\n<\/div>\n<\/div>\n<\/div>\n<\/div>\n<div class=\"row\">\n<p><img loading=\"lazy\" decoding=\"async\" class=\"alignleft\" src=\"https:\/\/www.um.es\/documents\/1083928\/17665461\/pruebas-evaluacion-1.png\/740633af-b403-4f16-87ab-6bc7f7f4bc6d?t=1589364889869\" alt=\"10 Consejos para las Pruebas de Evaluaci\u00f3n mientras la #UMUsequedaencasa - Portal de Estudios\" width=\"116\" height=\"116\" \/><\/p>\n<div class=\"columns small-12 large-10\">\n<h2>Objectiu 2<\/h2>\n<h3><strong>Desplegar l&#8217;avaluaci\u00f3 de la compet\u00e8ncia digital de l&#8217;alumnat<\/strong><\/h3>\n<div class=\"row\" style=\"margin-bottom: 1em !important;\">\n<div class=\"small-12 large-4 text-center columns\">\n<h3 style=\"text-align: left;\">Estrat\u00e8gia 1<\/h3>\n<p style=\"margin-bottom: 0.2em; text-align: left;\">2.1 Creaci\u00f3 d&#8217;activitats digitals a totes les \u00e0rees.<\/p>\n<p>&nbsp;<\/p>\n<p>&nbsp;<\/p>\n<p style=\"text-align: left;\">Activitat:<\/p>\n<p style=\"text-align: left;\">2.1.1 Enregistrar la programaci\u00f3 digital de cada nivell<\/p>\n<\/div>\n<div class=\"small-12 large-4 text-center columns\">\n<h3 style=\"text-align: left;\">Estrat\u00e8gia 2<\/h3>\n<p style=\"text-align: left;\">2.2 Creaci\u00f3 d&#8217;instruments d&#8217;avaluaci\u00f3 per registrar l&#8217;assoliment i el progr\u00e9s de les activitats digitals de car\u00e0cter digital dels alumnes.<\/p>\n<p style=\"text-align: left;\">Activitat:<\/p>\n<p style=\"text-align: left;\">2.2.1 Crear r\u00fabriques i\/o llistes de verificaci\u00f3 per l&#8217;observaci\u00f3 de les activitats<\/p>\n<\/div>\n<div class=\"small-12 large-4 text-center columns\">\n<h3 style=\"text-align: left;\">Estrat\u00e8gia 3<\/h3>\n<p style=\"text-align: left;\">2.3 Creaci\u00f3 d&#8217;instruments d&#8217;autoavaluaci\u00f3 o coavaluaci\u00f3.<\/p>\n<p>&nbsp;<\/p>\n<p style=\"text-align: left;\">Activitat:<\/p>\n<p style=\"text-align: left;\">2.3.1 Complimentar llistes de verificaci\u00f3 durant l&#8217;activitat per part de l&#8217;alumnat<\/p>\n<\/div>\n<\/div>\n<div style=\"text-align: right;\"><\/div>\n<\/div>\n<\/div>\n<div class=\"row\">\n<p><img loading=\"lazy\" decoding=\"async\" class=\"alignleft\" src=\"https:\/\/i.pinimg.com\/originals\/20\/9b\/e8\/209be8b95ef7f87e37f5052f94e4dbf0.png\" alt=\"Google Classroom icon in iOS Style | Kawaii app, Ios app icon design, Cute app\" width=\"111\" height=\"111\" \/><\/p>\n<div class=\"columns small-12 large-10\">\n<h2>Objectiu 3<\/h2>\n<h3><strong>Millorar l&#8217;\u00fas metodol\u00f2gic del Classroom<\/strong><\/h3>\n<div class=\"row\" style=\"margin-bottom: 1em !important;\">\n<div class=\"small-12 large-4 text-center columns\">\n<h3 style=\"text-align: left;\">Estrat\u00e8gia 1<\/h3>\n<p style=\"margin-bottom: 0.2em; text-align: left;\">3.1 Dotar al claustre dels coneixements necessaris per fer un \u00fas actiu del Classroom<\/p>\n<p>&nbsp;<\/p>\n<p style=\"text-align: left;\">Activitat:<\/p>\n<p style=\"text-align: left;\">3.1.1 Formar als mestres a partir de la FIC de 40h<\/p>\n<\/div>\n<div class=\"small-12 large-4 text-center columns\">\n<h3 style=\"text-align: left;\">Estrat\u00e8gia 2<\/h3>\n<p style=\"margin-bottom: 0.2em; text-align: left;\">3.2 Dotar al alumnes dels sabers necessaris i les compet\u00e8ncies relacionades per poder utilitzar les eines que proporciona Classroom<\/p>\n<p style=\"text-align: left;\">Activitat:<\/p>\n<p style=\"text-align: left;\">3.2.1 Utilitzar el Classroom com una eina d&#8217;aprenentatge<\/p>\n<\/div>\n<div class=\"small-12 large-4 text-center columns\">\n<h3 style=\"text-align: left;\"><\/h3>\n<p>&nbsp;<\/p>\n<p>&nbsp;<\/p>\n<\/div>\n<\/div>\n<div style=\"text-align: right;\"><\/div>\n<\/div>\n<\/div>\n<div class=\"row\">\n<p><img loading=\"lazy\" decoding=\"async\" class=\"alignleft\" src=\"https:\/\/www.imanolchasco.es\/wp-content\/uploads\/2018\/04\/thumb-bienvenida.jpg\" alt=\"PLAN DE ACOGIDA. 2\u00aa PARTE. \u2013 Retos Y Personas\" width=\"112\" height=\"112\" \/><\/p>\n<div class=\"columns small-12 large-10\">\n<h2>Objectiu 4<\/h2>\n<h3><strong>Redactar les NOFC i Plans d&#8217;acollida de docents, alumnat i fam\u00edlies en l&#8217;\u00e0mbit digital<\/strong><\/h3>\n<div class=\"row\" style=\"margin-bottom: 1em !important;\">\n<div class=\"small-12 large-4 text-center columns\">\n<h3 style=\"text-align: left;\">Estrat\u00e8gia 1<\/h3>\n<p style=\"margin-bottom: 0.2em; text-align: left;\">4.1 Redacci\u00f3 amb la normativa vigent de les NOFC i el pla d&#8217;acollida<\/p>\n<p>&nbsp;<\/p>\n<p style=\"text-align: left;\">Activitat:<\/p>\n<p style=\"text-align: left;\">4.1.1 Redactar les NOFC i el pla d&#8217;acollida aplicant la normativa vigent<\/p>\n<p style=\"text-align: left;\">4.1.2 Revisar els canvis envers a altres anys<\/p>\n<\/div>\n<div class=\"small-12 large-4 text-center columns\">\n<h3 style=\"text-align: left;\">Estrat\u00e8gia\u00a02<\/h3>\n<p style=\"margin-bottom: 0.2em; text-align: left;\">4.2 Revisi\u00f3 i actualitzaci\u00f3 del document existents<\/p>\n<p>&nbsp;<\/p>\n<p style=\"text-align: left;\">Activitat:<\/p>\n<p style=\"text-align: left;\">4.2.1 Retocar i canviar si s&#8217;escau els documents del centre relacionats<\/p>\n<\/div>\n<div class=\"small-12 large-4 text-center columns\">\n<h3 style=\"text-align: left;\">Estrat\u00e8gia 3<\/h3>\n<p style=\"margin-bottom: 0.2em; text-align: left;\">4.3 Inventariar els documents de centre que facin refer\u00e8ncia al pla digital<\/p>\n<p>&nbsp;<\/p>\n<p style=\"text-align: left;\">Activitat:<\/p>\n<p style=\"text-align: left;\">4.3.1 Revisi\u00f3 i actualitzaci\u00f3 dels documents referents al pla digital<\/p>\n<p style=\"text-align: left;\">\n<\/div>\n<\/div>\n<div class=\"row\" style=\"margin-bottom: 1em !important;\">\n<div class=\"small-12 large-4 text-center columns\">\n<h3 style=\"text-align: left;\">Estrat\u00e8gia 4<\/h3>\n<p style=\"margin-bottom: 0.2em; text-align: left;\">4.4 Programar el calendari de reunions de GTP i de treball espec\u00edfic de cicle per a la diagnosi de la primera fase de l&#8217;estrat\u00e8gia digital de centre<\/p>\n<p>&nbsp;<\/p>\n<p style=\"text-align: left;\">Activitat:<\/p>\n<p style=\"text-align: left;\">4.4.1 Calendaritzar setmanalment una reuni\u00f3 amb membres de l&#8217;equip digital<\/p>\n<\/div>\n<p style=\"text-align: left;\">\n<\/div>\n<div style=\"text-align: right;\"><\/div>\n<\/div>\n<\/div>\n<div class=\"row\">\n<h3><img loading=\"lazy\" decoding=\"async\" class=\"alignleft\" src=\"https:\/\/img.freepik.com\/vector-premium\/icono-debate-o-discusion-vector-plano_116137-3213.jpg\" alt=\"Icono de debate o discusi\u00f3n, vector plano | Vector Premium\" width=\"110\" height=\"110\" \/><\/h3>\n<div class=\"columns small-12 large-10\">\n<h2>Objectiu 5<\/h2>\n<h3><strong>Crear un espai de debat\/reflexi\u00f3 entre docents per millorar la compet\u00e8ncia digital docent i la de l&#8217;alumnat<\/strong><\/h3>\n<h3 style=\"text-align: left;\">Estrat\u00e8gia 1<\/h3>\n<div class=\"row\" style=\"margin-bottom: 1em !important;\">\n<div class=\"small-12 large-4 text-center columns\">\n<p style=\"text-align: left;\">5.1 Programar trobades de reflexi\u00f3 i debat sobre l&#8217;\u00fas de les eines digitals del nostre centre.<\/p>\n<p style=\"text-align: left;\">Activitat:<\/p>\n<p style=\"text-align: left;\">5.1.1 Reflexionar sobre la nostra tasca docent envers les eines digitals.<\/p>\n<\/div>\n<\/div>\n<div style=\"text-align: right;\"><\/div>\n<\/div>\n<\/div>\n<div class=\"row\">\n<p><img loading=\"lazy\" decoding=\"async\" class=\"alignleft\" src=\"https:\/\/atenciociutadana.gencat.cat\/web\/.content\/02_CATALEG_SERVEIS\/multimedia\/icones\/xarxes-socials.png\" alt=\"V\u00eddeos a les xarxes socials. Serveis Digitals i Experi\u00e8ncia Ciutadana\" width=\"104\" height=\"104\" \/><\/p>\n<div class=\"columns small-12 large-10\">\n<h2>Objectiu 6<\/h2>\n<h3><strong>Visibilitat de la vida del centre a les fam\u00edlies<\/strong><\/h3>\n<h3><strong>(Web i Instagram)<\/strong><\/h3>\n<div class=\"row\" style=\"margin-bottom: 1em !important;\">\n<div class=\"small-12 large-4 text-center columns\">\n<h3 style=\"text-align: left;\">Estrat\u00e8gia 1<\/h3>\n<p style=\"text-align: left;\">6.1 Redacci\u00f3 del protocol de publicacions a Instagram<\/p>\n<p style=\"text-align: left;\">Activitat:<\/p>\n<p style=\"text-align: left;\">6.1.1 Redactar les normes que regeixen com i quan publicar a Instagram des de l&#8217;escola<\/p>\n<\/div>\n<div class=\"small-12 large-4 text-center columns\">\n<h3 style=\"text-align: left;\">Estrat\u00e8gia 2<\/h3>\n<p style=\"text-align: left;\">6.2 Redacci\u00f3 del protocol de publicacions o notificacions a les fam\u00edlies<\/p>\n<p style=\"text-align: left;\">Activitat:<\/p>\n<p style=\"text-align: left;\">6.2.1 Redactar les normes per con\u00e8ixer com notificar i\/o comunicar-se amb les fam\u00edlies<\/p>\n<\/div>\n<div class=\"small-12 large-4 text-center columns\">\n<h3 style=\"text-align: left;\">Estrat\u00e8gia 3<\/h3>\n<p style=\"text-align: left;\">6.3 Configuraci\u00f3 i trasllat del Telegram de centre a les fam\u00edlies de l&#8217;escola<\/p>\n<p style=\"text-align: left;\">Activitat:<\/p>\n<p style=\"text-align: left;\">6.3.1 Comunicar a les fam\u00edlies l&#8217;exist\u00e8ncia d&#8217;aquesta eina.<\/p>\n<p style=\"text-align: left;\">6.3.2 Crear un grup amb les fam\u00edlies i equip directiu.<\/p>\n<\/div>\n<\/div>\n<div class=\"row\" style=\"margin-bottom: 1em !important;\">\n<div class=\"small-12 large-4 text-center columns\">\n<h3 style=\"text-align: left;\">Estrat\u00e8gia 4<\/h3>\n<p style=\"text-align: left;\">6.4 Augmentar la comunicaci\u00f3, interacci\u00f3 i visibilitzaci\u00f3 de l&#8217;escola amb les fam\u00edlies a les xarxes socials<\/p>\n<p style=\"text-align: left;\">Activitat:<\/p>\n<p style=\"text-align: left;\">6.4.1 Penjar post a les xarxes socials de l&#8217;escola.<\/p>\n<\/div>\n<div class=\"small-12 large-4 text-center columns\"><\/div>\n<\/div>\n<div style=\"text-align: right;\"><\/div>\n<\/div>\n<\/div>\n","protected":false},"excerpt":{"rendered":"<p>&nbsp; Objectiu 1 Definir la l\u00ednia de centre en l&#8217;\u00e0mbit digital Estrat\u00e8gia 1 1.1 Recull del punt de partida de les activitats digitals que es fan al centre &nbsp; Activitat: 1.1.1 Con\u00e8ixer mitjan\u00e7ant una enquesta les activitats digitals que realitza el personal docent Estrat\u00e8gia\u00a02 1.2 Seq\u00fc\u00e8ncia de les activitats tenint en compte el curr\u00edculum i [&hellip;]<\/p>\n","protected":false},"author":1,"featured_media":0,"parent":0,"menu_order":0,"comment_status":"closed","ping_status":"closed","template":"","meta":{"_bbp_topic_count":0,"_bbp_reply_count":0,"_bbp_total_topic_count":0,"_bbp_total_reply_count":0,"_bbp_voice_count":0,"_bbp_anonymous_reply_count":0,"_bbp_topic_count_hidden":0,"_bbp_reply_count_hidden":0,"_bbp_forum_subforum_count":0,"site-sidebar-layout":"default","site-content-layout":"","ast-site-content-layout":"","site-content-style":"default","site-sidebar-style":"default","ast-global-header-display":"","ast-banner-title-visibility":"","ast-main-header-display":"","ast-hfb-above-header-display":"","ast-hfb-below-header-display":"","ast-hfb-mobile-header-display":"","site-post-title":"","ast-breadcrumbs-content":"","ast-featured-img":"","footer-sml-layout":"","theme-transparent-header-meta":"","adv-header-id-meta":"","stick-header-meta":"","header-above-stick-meta":"","header-main-stick-meta":"","header-below-stick-meta":"","astra-migrate-meta-layouts":"default","ast-page-background-enabled":"default","ast-page-background-meta":{"desktop":{"background-color":"var(--ast-global-color-4)","background-image":"","background-repeat":"repeat","background-position":"center center","background-size":"auto","background-attachment":"scroll","background-type":"","background-media":"","overlay-type":"","overlay-color":"","overlay-opacity":"","overlay-gradient":""},"tablet":{"background-color":"","background-image":"","background-repeat":"repeat","background-position":"center center","background-size":"auto","background-attachment":"scroll","background-type":"","background-media":"","overlay-type":"","overlay-color":"","overlay-opacity":"","overlay-gradient":""},"mobile":{"background-color":"","background-image":"","background-repeat":"repeat","background-position":"center center","background-size":"auto","background-attachment":"scroll","background-type":"","background-media":"","overlay-type":"","overlay-color":"","overlay-opacity":"","overlay-gradient":""}},"ast-content-background-meta":{"desktop":{"background-color":"var(--ast-global-color-5)","background-image":"","background-repeat":"repeat","background-position":"center center","background-size":"auto","background-attachment":"scroll","background-type":"","background-media":"","overlay-type":"","overlay-color":"","overlay-opacity":"","overlay-gradient":""},"tablet":{"background-color":"var(--ast-global-color-5)","background-image":"","background-repeat":"repeat","background-position":"center center","background-size":"auto","background-attachment":"scroll","background-type":"","background-media":"","overlay-type":"","overlay-color":"","overlay-opacity":"","overlay-gradient":""},"mobile":{"background-color":"var(--ast-global-color-5)","background-image":"","background-repeat":"repeat","background-position":"center center","background-size":"auto","background-attachment":"scroll","background-type":"","background-media":"","overlay-type":"","overlay-color":"","overlay-opacity":"","overlay-gradient":""}},"footnotes":""},"class_list":["post-7572","page","type-page","status-publish","hentry"],"post_mailing_queue_ids":[],"_links":{"self":[{"href":"https:\/\/agora.xtec.cat\/ceip-lespalmeres\/wp-json\/wp\/v2\/pages\/7572","targetHints":{"allow":["GET"]}}],"collection":[{"href":"https:\/\/agora.xtec.cat\/ceip-lespalmeres\/wp-json\/wp\/v2\/pages"}],"about":[{"href":"https:\/\/agora.xtec.cat\/ceip-lespalmeres\/wp-json\/wp\/v2\/types\/page"}],"author":[{"embeddable":true,"href":"https:\/\/agora.xtec.cat\/ceip-lespalmeres\/wp-json\/wp\/v2\/users\/1"}],"replies":[{"embeddable":true,"href":"https:\/\/agora.xtec.cat\/ceip-lespalmeres\/wp-json\/wp\/v2\/comments?post=7572"}],"version-history":[{"count":3,"href":"https:\/\/agora.xtec.cat\/ceip-lespalmeres\/wp-json\/wp\/v2\/pages\/7572\/revisions"}],"predecessor-version":[{"id":7713,"href":"https:\/\/agora.xtec.cat\/ceip-lespalmeres\/wp-json\/wp\/v2\/pages\/7572\/revisions\/7713"}],"wp:attachment":[{"href":"https:\/\/agora.xtec.cat\/ceip-lespalmeres\/wp-json\/wp\/v2\/media?parent=7572"}],"curies":[{"name":"wp","href":"https:\/\/api.w.org\/{rel}","templated":true}]}}