{"id":7564,"date":"2023-03-16T16:34:32","date_gmt":"2023-03-16T15:34:32","guid":{"rendered":"https:\/\/agora.xtec.cat\/ceip-lespalmeres\/?page_id=7564"},"modified":"2023-10-22T18:43:23","modified_gmt":"2023-10-22T16:43:23","slug":"grup-de-treball-pedagogic-digital","status":"publish","type":"page","link":"https:\/\/agora.xtec.cat\/ceip-lespalmeres\/grup-de-treball-pedagogic-digital\/","title":{"rendered":"Grup de treball pedag\u00f2gic digital"},"content":{"rendered":"<div class=\"row\" style=\"margin-bottom: 1em !important;\">\n<div class=\"small-12 large-4 text-center columns\">\n<p><img loading=\"lazy\" decoding=\"async\" class=\"aligncenter size-full wp-image-7820\" src=\"https:\/\/agora.xtec.cat\/ceip-lespalmeres\/wp-content\/uploads\/usu1432\/2023\/10\/Captura1.png\" alt=\"\" width=\"171\" height=\"104\" \/><\/p>\n<p>&nbsp;<\/p>\n<\/div>\n<div class=\"small-12 large-4 text-center columns\">\n<p><img loading=\"lazy\" decoding=\"async\" class=\"aligncenter size-full wp-image-7821\" src=\"https:\/\/agora.xtec.cat\/ceip-lespalmeres\/wp-content\/uploads\/usu1432\/2023\/10\/Captura2.png\" alt=\"\" width=\"174\" height=\"102\" \/><\/p>\n<p>&nbsp;<\/p>\n<\/div>\n<div class=\"small-12 large-4 text-center columns\">\n<p><img loading=\"lazy\" decoding=\"async\" class=\"aligncenter size-full wp-image-7819\" src=\"https:\/\/agora.xtec.cat\/ceip-lespalmeres\/wp-content\/uploads\/usu1432\/2023\/10\/Captura.png\" alt=\"\" width=\"274\" height=\"229\" \/><\/p>\n<\/div>\n<\/div>\n<p>\u00c9s l&#8217;equip encarregat de definir i implementar l&#8217;estrat\u00e8gia en relaci\u00f3 amb les tecnologies digitals, amb l&#8217;objectiu que l&#8217;alumnat, els docents i el centre assoleixin el nivell m\u00e9s alt possible de compet\u00e8ncia digital.<\/p>\n<p><span style=\"font-size: 1em; font-weight: bold;\">Durant el curs\u00a0 escolar 2022-2023 les coordinacions pedag\u00f2giques de cicle pateixen un canvi\u00a0 per modificar-se en 7 mestres coordinadors de grups treball pedag\u00f2gic.<\/span><\/p>\n<p>La composici\u00f3 del GTP Digital (grup de treball pedag\u00f2gic digital) \u00e9s:<\/p>\n<div class=\"row\" style=\"margin-bottom: 1em !important;\">\n<div class=\"small-12 large-4 text-center columns\">\n<p>&nbsp;<\/p>\n<\/div>\n<div class=\"small-12 large-4 text-center columns\">\n<p><img loading=\"lazy\" decoding=\"async\" class=\"aligncenter wp-image-7511\" src=\"https:\/\/agora.xtec.cat\/ceip-lespalmeres\/wp-content\/uploads\/usu1432\/2022\/10\/WhatsApp-Image-2022-10-17-at-12.12.40-PM.jpeg\" alt=\"\" width=\"99\" height=\"112\" srcset=\"https:\/\/agora.xtec.cat\/ceip-lespalmeres\/wp-content\/uploads\/usu1432\/2022\/10\/WhatsApp-Image-2022-10-17-at-12.12.40-PM.jpeg 1008w, https:\/\/agora.xtec.cat\/ceip-lespalmeres\/wp-content\/uploads\/usu1432\/2022\/10\/WhatsApp-Image-2022-10-17-at-12.12.40-PM-265x300.jpeg 265w, https:\/\/agora.xtec.cat\/ceip-lespalmeres\/wp-content\/uploads\/usu1432\/2022\/10\/WhatsApp-Image-2022-10-17-at-12.12.40-PM-905x1024.jpeg 905w, https:\/\/agora.xtec.cat\/ceip-lespalmeres\/wp-content\/uploads\/usu1432\/2022\/10\/WhatsApp-Image-2022-10-17-at-12.12.40-PM-768x869.jpeg 768w\" sizes=\"auto, (max-width: 99px) 100vw, 99px\" \/><\/p>\n<h5>Oriol Cebri\u00e1n<\/h5>\n<p>oriol.cebrian@lespalmeres.cat<\/p>\n<p><span style=\"font-family: Consolas, Monaco, monospace;\">Coordinador<\/span><\/p>\n<\/div>\n<\/div>\n<div class=\"row\">\n<div><span style=\"font-family: Consolas, Monaco, monospace; font-size: 1em; text-align: center;\">\u00a0<\/span><\/div>\n<\/div>\n<div class=\"row\" style=\"margin-bottom: 1em !important;\">\n<div class=\"small-12 large-4 text-center columns\"><\/div>\n<\/div>\n<div class=\"row\" style=\"margin-bottom: 1em !important;\">\n<div class=\"small-12 large-4 text-center columns\">\n<p><img loading=\"lazy\" decoding=\"async\" class=\"\" src=\"https:\/\/agora.xtec.cat\/ceip-lespalmeres\/wp-content\/uploads\/usu1432\/2022\/09\/joan-carles.jpg\" width=\"101\" height=\"128\" \/><\/p>\n<h5>Joan Carles Garcia<\/h5>\n<pre><\/pre>\n<\/div>\n<div class=\"small-12 large-4 text-center columns\">\n<p><img loading=\"lazy\" decoding=\"async\" class=\"\" src=\"https:\/\/agora.xtec.cat\/ceip-lespalmeres\/wp-content\/uploads\/usu1432\/2020\/10\/ARTUR-217x300.jpg\" width=\"102\" height=\"141\" \/><\/p>\n<h5>Artur Marin<\/h5>\n<p>&nbsp;<\/p>\n<\/div>\n<div class=\"small-12 large-4 text-center columns\">\n<p><img loading=\"lazy\" decoding=\"async\" class=\"\" src=\"https:\/\/agora.xtec.cat\/ceip-lespalmeres\/wp-content\/uploads\/usu1432\/2021\/11\/1635925333090-738x1024.jpg\" width=\"98\" height=\"136\" \/><\/p>\n<h5>Sonia Merlos<\/h5>\n<\/div>\n<\/div>\n<div class=\"row\" style=\"margin-bottom: 1em !important;\">\n<div class=\"small-12 large-4 text-center columns\">\n<p>&nbsp;<\/p>\n<\/div>\n<\/div>\n","protected":false},"excerpt":{"rendered":"<p>&nbsp; &nbsp; \u00c9s l&#8217;equip encarregat de definir i implementar l&#8217;estrat\u00e8gia en relaci\u00f3 amb les tecnologies digitals, amb l&#8217;objectiu que l&#8217;alumnat, els docents i el centre assoleixin el nivell m\u00e9s alt possible de compet\u00e8ncia digital. Durant el curs\u00a0 escolar 2022-2023 les coordinacions pedag\u00f2giques de cicle pateixen un canvi\u00a0 per modificar-se en 7 mestres coordinadors de grups [&hellip;]<\/p>\n","protected":false},"author":1,"featured_media":0,"parent":0,"menu_order":0,"comment_status":"closed","ping_status":"closed","template":"","meta":{"_bbp_topic_count":0,"_bbp_reply_count":0,"_bbp_total_topic_count":0,"_bbp_total_reply_count":0,"_bbp_voice_count":0,"_bbp_anonymous_reply_count":0,"_bbp_topic_count_hidden":0,"_bbp_reply_count_hidden":0,"_bbp_forum_subforum_count":0,"site-sidebar-layout":"default","site-content-layout":"","ast-site-content-layout":"","site-content-style":"default","site-sidebar-style":"default","ast-global-header-display":"","ast-banner-title-visibility":"","ast-main-header-display":"","ast-hfb-above-header-display":"","ast-hfb-below-header-display":"","ast-hfb-mobile-header-display":"","site-post-title":"","ast-breadcrumbs-content":"","ast-featured-img":"","footer-sml-layout":"","theme-transparent-header-meta":"","adv-header-id-meta":"","stick-header-meta":"","header-above-stick-meta":"","header-main-stick-meta":"","header-below-stick-meta":"","astra-migrate-meta-layouts":"default","ast-page-background-enabled":"default","ast-page-background-meta":{"desktop":{"background-color":"var(--ast-global-color-4)","background-image":"","background-repeat":"repeat","background-position":"center center","background-size":"auto","background-attachment":"scroll","background-type":"","background-media":"","overlay-type":"","overlay-color":"","overlay-opacity":"","overlay-gradient":""},"tablet":{"background-color":"","background-image":"","background-repeat":"repeat","background-position":"center center","background-size":"auto","background-attachment":"scroll","background-type":"","background-media":"","overlay-type":"","overlay-color":"","overlay-opacity":"","overlay-gradient":""},"mobile":{"background-color":"","background-image":"","background-repeat":"repeat","background-position":"center center","background-size":"auto","background-attachment":"scroll","background-type":"","background-media":"","overlay-type":"","overlay-color":"","overlay-opacity":"","overlay-gradient":""}},"ast-content-background-meta":{"desktop":{"background-color":"var(--ast-global-color-5)","background-image":"","background-repeat":"repeat","background-position":"center center","background-size":"auto","background-attachment":"scroll","background-type":"","background-media":"","overlay-type":"","overlay-color":"","overlay-opacity":"","overlay-gradient":""},"tablet":{"background-color":"var(--ast-global-color-5)","background-image":"","background-repeat":"repeat","background-position":"center center","background-size":"auto","background-attachment":"scroll","background-type":"","background-media":"","overlay-type":"","overlay-color":"","overlay-opacity":"","overlay-gradient":""},"mobile":{"background-color":"var(--ast-global-color-5)","background-image":"","background-repeat":"repeat","background-position":"center center","background-size":"auto","background-attachment":"scroll","background-type":"","background-media":"","overlay-type":"","overlay-color":"","overlay-opacity":"","overlay-gradient":""}},"footnotes":""},"class_list":["post-7564","page","type-page","status-publish","hentry"],"post_mailing_queue_ids":[],"_links":{"self":[{"href":"https:\/\/agora.xtec.cat\/ceip-lespalmeres\/wp-json\/wp\/v2\/pages\/7564","targetHints":{"allow":["GET"]}}],"collection":[{"href":"https:\/\/agora.xtec.cat\/ceip-lespalmeres\/wp-json\/wp\/v2\/pages"}],"about":[{"href":"https:\/\/agora.xtec.cat\/ceip-lespalmeres\/wp-json\/wp\/v2\/types\/page"}],"author":[{"embeddable":true,"href":"https:\/\/agora.xtec.cat\/ceip-lespalmeres\/wp-json\/wp\/v2\/users\/1"}],"replies":[{"embeddable":true,"href":"https:\/\/agora.xtec.cat\/ceip-lespalmeres\/wp-json\/wp\/v2\/comments?post=7564"}],"version-history":[{"count":6,"href":"https:\/\/agora.xtec.cat\/ceip-lespalmeres\/wp-json\/wp\/v2\/pages\/7564\/revisions"}],"predecessor-version":[{"id":7825,"href":"https:\/\/agora.xtec.cat\/ceip-lespalmeres\/wp-json\/wp\/v2\/pages\/7564\/revisions\/7825"}],"wp:attachment":[{"href":"https:\/\/agora.xtec.cat\/ceip-lespalmeres\/wp-json\/wp\/v2\/media?parent=7564"}],"curies":[{"name":"wp","href":"https:\/\/api.w.org\/{rel}","templated":true}]}}