{"id":7353,"date":"2022-02-15T10:20:44","date_gmt":"2022-02-15T09:20:44","guid":{"rendered":"https:\/\/agora.xtec.cat\/ceip-lespalmeres\/?page_id=7353"},"modified":"2022-02-15T10:23:30","modified_gmt":"2022-02-15T09:23:30","slug":"pla-lector","status":"publish","type":"page","link":"https:\/\/agora.xtec.cat\/ceip-lespalmeres\/pla-lector\/","title":{"rendered":"Pla lector"},"content":{"rendered":"<p><span style=\"font-weight: 400;\">Animar a la lectura \u00e9s apropar els llibres als lectors. La nostra finalitat \u00e9s que els infants entrin en contacte amb el m\u00f3n del llibre i en la lectura des de ben aviat i que en aquestes experi\u00e8ncies es diverteixin, desenvolupin la imaginaci\u00f3 i es desvetlli el seu inter\u00e8s per informar-se.\u00a0 El gust per la lectura t\u00e9 per objectiu aconseguir que els infants esdevinguin lectors competents, cr\u00edtics i capa\u00e7os de gaudir del plaer de la lectura.<\/span><\/p>\n<p><span style=\"font-weight: 400;\">Per afavorir el gust per llegir i l\u2019h\u00e0bit lector, cal que els alumnes tinguin llibres al seu abast. Per tant, a totes les aules de prim\u00e0ria hi ha llibres disponibles i interessants per als alumnes en la biblioteca d\u2019aula i de cicle. <\/span><span style=\"font-weight: 400;\">Els nostres objectius envers la lectura:\u00a0<\/span><\/p>\n<div class=\"row\" style=\"margin-bottom: 1em !important;\">\n<div class=\"small-12 large-4 text-center columns\">\n<p><img loading=\"lazy\" decoding=\"async\" class=\"aligncenter size-full wp-image-7355\" src=\"https:\/\/agora.xtec.cat\/ceip-lespalmeres\/wp-content\/uploads\/usu1432\/2022\/02\/IMG_20220210_103738-min-scaled.jpg\" alt=\"\" width=\"2560\" height=\"1916\" srcset=\"https:\/\/agora.xtec.cat\/ceip-lespalmeres\/wp-content\/uploads\/usu1432\/2022\/02\/IMG_20220210_103738-min-scaled.jpg 2560w, https:\/\/agora.xtec.cat\/ceip-lespalmeres\/wp-content\/uploads\/usu1432\/2022\/02\/IMG_20220210_103738-min-300x224.jpg 300w, https:\/\/agora.xtec.cat\/ceip-lespalmeres\/wp-content\/uploads\/usu1432\/2022\/02\/IMG_20220210_103738-min-1024x766.jpg 1024w, https:\/\/agora.xtec.cat\/ceip-lespalmeres\/wp-content\/uploads\/usu1432\/2022\/02\/IMG_20220210_103738-min-768x575.jpg 768w, https:\/\/agora.xtec.cat\/ceip-lespalmeres\/wp-content\/uploads\/usu1432\/2022\/02\/IMG_20220210_103738-min-1536x1149.jpg 1536w, https:\/\/agora.xtec.cat\/ceip-lespalmeres\/wp-content\/uploads\/usu1432\/2022\/02\/IMG_20220210_103738-min-2048x1532.jpg 2048w, https:\/\/agora.xtec.cat\/ceip-lespalmeres\/wp-content\/uploads\/usu1432\/2022\/02\/IMG_20220210_103738-min-200x150.jpg 200w\" sizes=\"auto, (max-width: 2560px) 100vw, 2560px\" \/><\/p>\n<h5><\/h5>\n<p><span style=\"font-weight: 400;\">Crear actituds positives envers la lectura i els llibres<\/span><\/p>\n<p><span style=\"font-weight: 400;\">Crear vincles afectius i connexions amb les hist\u00f2ries que es llegeixen<\/span><\/p>\n<p>&nbsp;<\/p>\n<\/div>\n<div class=\"small-12 large-4 text-center columns\">\n<p><img loading=\"lazy\" decoding=\"async\" class=\"aligncenter size-full wp-image-7357\" src=\"https:\/\/agora.xtec.cat\/ceip-lespalmeres\/wp-content\/uploads\/usu1432\/2022\/02\/IMG_20220210_104112-min-scaled.jpg\" alt=\"\" width=\"2560\" height=\"1916\" srcset=\"https:\/\/agora.xtec.cat\/ceip-lespalmeres\/wp-content\/uploads\/usu1432\/2022\/02\/IMG_20220210_104112-min-scaled.jpg 2560w, https:\/\/agora.xtec.cat\/ceip-lespalmeres\/wp-content\/uploads\/usu1432\/2022\/02\/IMG_20220210_104112-min-300x224.jpg 300w, https:\/\/agora.xtec.cat\/ceip-lespalmeres\/wp-content\/uploads\/usu1432\/2022\/02\/IMG_20220210_104112-min-1024x766.jpg 1024w, https:\/\/agora.xtec.cat\/ceip-lespalmeres\/wp-content\/uploads\/usu1432\/2022\/02\/IMG_20220210_104112-min-768x575.jpg 768w, https:\/\/agora.xtec.cat\/ceip-lespalmeres\/wp-content\/uploads\/usu1432\/2022\/02\/IMG_20220210_104112-min-1536x1149.jpg 1536w, https:\/\/agora.xtec.cat\/ceip-lespalmeres\/wp-content\/uploads\/usu1432\/2022\/02\/IMG_20220210_104112-min-2048x1532.jpg 2048w, https:\/\/agora.xtec.cat\/ceip-lespalmeres\/wp-content\/uploads\/usu1432\/2022\/02\/IMG_20220210_104112-min-200x150.jpg 200w\" sizes=\"auto, (max-width: 2560px) 100vw, 2560px\" \/><\/p>\n<h5><\/h5>\n<p><span style=\"font-weight: 400;\">Fer n\u00e9ixer, incrementar o consolidar l\u2019h\u00e0bit de la lectura en els alumnes<\/span><\/p>\n<p><span style=\"font-weight: 400;\">Anar configurant les seves prefer\u00e8ncies lectores, ajudant-se de les <\/span><span style=\"font-weight: 400;\">recomanacions que li fan els companys i els mestres<\/span><\/p>\n<\/div>\n<div class=\"small-12 large-4 text-center columns\">\n<p><img loading=\"lazy\" decoding=\"async\" class=\"aligncenter size-full wp-image-7356\" src=\"https:\/\/agora.xtec.cat\/ceip-lespalmeres\/wp-content\/uploads\/usu1432\/2022\/02\/IMG_20220210_104902-min-scaled.jpg\" alt=\"\" width=\"2560\" height=\"1916\" srcset=\"https:\/\/agora.xtec.cat\/ceip-lespalmeres\/wp-content\/uploads\/usu1432\/2022\/02\/IMG_20220210_104902-min-scaled.jpg 2560w, https:\/\/agora.xtec.cat\/ceip-lespalmeres\/wp-content\/uploads\/usu1432\/2022\/02\/IMG_20220210_104902-min-300x224.jpg 300w, https:\/\/agora.xtec.cat\/ceip-lespalmeres\/wp-content\/uploads\/usu1432\/2022\/02\/IMG_20220210_104902-min-1024x766.jpg 1024w, https:\/\/agora.xtec.cat\/ceip-lespalmeres\/wp-content\/uploads\/usu1432\/2022\/02\/IMG_20220210_104902-min-768x575.jpg 768w, https:\/\/agora.xtec.cat\/ceip-lespalmeres\/wp-content\/uploads\/usu1432\/2022\/02\/IMG_20220210_104902-min-1536x1149.jpg 1536w, https:\/\/agora.xtec.cat\/ceip-lespalmeres\/wp-content\/uploads\/usu1432\/2022\/02\/IMG_20220210_104902-min-2048x1532.jpg 2048w, https:\/\/agora.xtec.cat\/ceip-lespalmeres\/wp-content\/uploads\/usu1432\/2022\/02\/IMG_20220210_104902-min-200x150.jpg 200w\" sizes=\"auto, (max-width: 2560px) 100vw, 2560px\" \/><\/p>\n<h5><\/h5>\n<p><span style=\"font-weight: 400;\">Escoltar amb inter\u00e8s el mestre quan llegeix en veu alta i gaudir de l\u2019estona que es comparteix al voltant de la lectura<\/span><\/p>\n<p><span style=\"font-weight: 400;\">Participar en les converses que es generen a partir de les lectures<\/span><\/p>\n<\/div>\n<\/div>\n","protected":false},"excerpt":{"rendered":"<p>Animar a la lectura \u00e9s apropar els llibres als lectors. La nostra finalitat \u00e9s que els infants entrin en contacte amb el m\u00f3n del llibre i en la lectura des de ben aviat i que en aquestes experi\u00e8ncies es diverteixin, desenvolupin la imaginaci\u00f3 i es desvetlli el seu inter\u00e8s per informar-se.\u00a0 El gust per la [&hellip;]<\/p>\n","protected":false},"author":1,"featured_media":0,"parent":0,"menu_order":0,"comment_status":"closed","ping_status":"closed","template":"","meta":{"_bbp_topic_count":0,"_bbp_reply_count":0,"_bbp_total_topic_count":0,"_bbp_total_reply_count":0,"_bbp_voice_count":0,"_bbp_anonymous_reply_count":0,"_bbp_topic_count_hidden":0,"_bbp_reply_count_hidden":0,"_bbp_forum_subforum_count":0,"site-sidebar-layout":"default","site-content-layout":"","ast-site-content-layout":"","site-content-style":"default","site-sidebar-style":"default","ast-global-header-display":"","ast-banner-title-visibility":"","ast-main-header-display":"","ast-hfb-above-header-display":"","ast-hfb-below-header-display":"","ast-hfb-mobile-header-display":"","site-post-title":"","ast-breadcrumbs-content":"","ast-featured-img":"","footer-sml-layout":"","theme-transparent-header-meta":"","adv-header-id-meta":"","stick-header-meta":"","header-above-stick-meta":"","header-main-stick-meta":"","header-below-stick-meta":"","astra-migrate-meta-layouts":"default","ast-page-background-enabled":"default","ast-page-background-meta":{"desktop":{"background-color":"var(--ast-global-color-4)","background-image":"","background-repeat":"repeat","background-position":"center center","background-size":"auto","background-attachment":"scroll","background-type":"","background-media":"","overlay-type":"","overlay-color":"","overlay-opacity":"","overlay-gradient":""},"tablet":{"background-color":"","background-image":"","background-repeat":"repeat","background-position":"center center","background-size":"auto","background-attachment":"scroll","background-type":"","background-media":"","overlay-type":"","overlay-color":"","overlay-opacity":"","overlay-gradient":""},"mobile":{"background-color":"","background-image":"","background-repeat":"repeat","background-position":"center center","background-size":"auto","background-attachment":"scroll","background-type":"","background-media":"","overlay-type":"","overlay-color":"","overlay-opacity":"","overlay-gradient":""}},"ast-content-background-meta":{"desktop":{"background-color":"var(--ast-global-color-5)","background-image":"","background-repeat":"repeat","background-position":"center center","background-size":"auto","background-attachment":"scroll","background-type":"","background-media":"","overlay-type":"","overlay-color":"","overlay-opacity":"","overlay-gradient":""},"tablet":{"background-color":"var(--ast-global-color-5)","background-image":"","background-repeat":"repeat","background-position":"center center","background-size":"auto","background-attachment":"scroll","background-type":"","background-media":"","overlay-type":"","overlay-color":"","overlay-opacity":"","overlay-gradient":""},"mobile":{"background-color":"var(--ast-global-color-5)","background-image":"","background-repeat":"repeat","background-position":"center center","background-size":"auto","background-attachment":"scroll","background-type":"","background-media":"","overlay-type":"","overlay-color":"","overlay-opacity":"","overlay-gradient":""}},"footnotes":""},"class_list":["post-7353","page","type-page","status-publish","hentry"],"post_mailing_queue_ids":[],"_links":{"self":[{"href":"https:\/\/agora.xtec.cat\/ceip-lespalmeres\/wp-json\/wp\/v2\/pages\/7353","targetHints":{"allow":["GET"]}}],"collection":[{"href":"https:\/\/agora.xtec.cat\/ceip-lespalmeres\/wp-json\/wp\/v2\/pages"}],"about":[{"href":"https:\/\/agora.xtec.cat\/ceip-lespalmeres\/wp-json\/wp\/v2\/types\/page"}],"author":[{"embeddable":true,"href":"https:\/\/agora.xtec.cat\/ceip-lespalmeres\/wp-json\/wp\/v2\/users\/1"}],"replies":[{"embeddable":true,"href":"https:\/\/agora.xtec.cat\/ceip-lespalmeres\/wp-json\/wp\/v2\/comments?post=7353"}],"version-history":[{"count":2,"href":"https:\/\/agora.xtec.cat\/ceip-lespalmeres\/wp-json\/wp\/v2\/pages\/7353\/revisions"}],"predecessor-version":[{"id":7362,"href":"https:\/\/agora.xtec.cat\/ceip-lespalmeres\/wp-json\/wp\/v2\/pages\/7353\/revisions\/7362"}],"wp:attachment":[{"href":"https:\/\/agora.xtec.cat\/ceip-lespalmeres\/wp-json\/wp\/v2\/media?parent=7353"}],"curies":[{"name":"wp","href":"https:\/\/api.w.org\/{rel}","templated":true}]}}