{"id":6803,"date":"2021-02-23T17:37:49","date_gmt":"2021-02-23T16:37:49","guid":{"rendered":"http:\/\/agora.xtec.cat\/ceip-lespalmeres\/?page_id=6803"},"modified":"2025-02-05T16:03:15","modified_gmt":"2025-02-05T15:03:15","slug":"matricula","status":"publish","type":"page","link":"https:\/\/agora.xtec.cat\/ceip-lespalmeres\/matricula\/","title":{"rendered":"Matr\u00edcula"},"content":{"rendered":"<div class=\"row\" style=\"margin-bottom: 1em !important;\">\n<h3><b>Quan podrem fer la matr\u00edcula?<\/b><\/h3>\n<div class=\"small-12 large-4 text-center columns\">\n<h3>Del 25 de juny\u00a0 al 03 de juliol de 2025<\/h3>\n<p style=\"margin-bottom: 0.2em;\">Un cop s&#8217;ha publicat la llista final d&#8217;alumnes admesos en cada centre, comen\u00e7a el per\u00edode de matriculaci\u00f3 dels preinscrits amb pla\u00e7a assignada. La matriculaci\u00f3 es far\u00e0 de manera virtual.<\/p>\n<\/div>\n<div class=\"small-12 large-4 text-center columns\">\n<p><img loading=\"lazy\" decoding=\"async\" class=\"aligncenter size-medium wp-image-3797\" src=\"https:\/\/agora.xtec.cat\/ceip-lespalmeres\/wp-content\/uploads\/usu1432\/2019\/02\/IMG_1108-1-300x153.jpg\" alt=\"\" width=\"300\" height=\"153\" srcset=\"https:\/\/agora.xtec.cat\/ceip-lespalmeres\/wp-content\/uploads\/usu1432\/2019\/02\/IMG_1108-1-300x153.jpg 300w, https:\/\/agora.xtec.cat\/ceip-lespalmeres\/wp-content\/uploads\/usu1432\/2019\/02\/IMG_1108-1.jpg 687w\" sizes=\"auto, (max-width: 300px) 100vw, 300px\" \/><\/p>\n<h3 style=\"margin-bottom: 0.2em; text-align: left;\"><span style=\"font-weight: 400;\">Podeu descarregar-vos els<\/span><span style=\"font-weight: 400;\">\u00a0seg\u00fcents documents:\u00a0<\/span><\/h3>\n<\/div>\n<div class=\"small-12 large-4 text-center columns\">\n<p style=\"text-align: left;\"><a href=\"https:\/\/drive.google.com\/file\/d\/1_39TZJIAiLX07DDe3ouMsE7Zu64pGqQc\/view?usp=sharing\"><b>Carta de comprom\u00eds<\/b><\/a> <span style=\"font-weight: 400;\">educatiu de centre.<\/span><\/p>\n<p style=\"text-align: left;\"><span style=\"font-weight: 400;\">Autoritzaci\u00f3 relativa als alumnes:<\/span> <a href=\"https:\/\/drive.google.com\/file\/d\/1TOj4uMz0ruernpxIOpeUfgu231hjaUvk\/view?usp=drive_link\" target=\"_blank\" rel=\"noopener\"><b>\u00fas d&#8217;imatges<\/b><\/a><span style=\"font-weight: 400;\">, publicaci\u00f3 de dades de car\u00e0cter personal i de material que elaboren.<\/span><\/p>\n<p style=\"text-align: left;\"><a href=\"https:\/\/drive.google.com\/file\/d\/1qFgyfhfn-FaImVRek8BCrnQm8suJB3OC\/view?usp=sharing\"><b>Autoritzaci\u00f3 per a la domiciliaci\u00f3 banc\u00e0ria<\/b><\/a><span style=\"font-weight: 400;\"> per a material i sortides complement\u00e0ries<\/span><\/p>\n<p style=\"text-align: left;\"><span style=\"font-weight: 400;\">Full informatiu i <a href=\"https:\/\/drive.google.com\/file\/d\/1NvdFLNOoHSypWx-V6tVzjhnc75rD35MX\/view?usp=drive_link\" target=\"_blank\" rel=\"noopener\">d\u2019adhesi\u00f3 a<\/a><\/span> <span style=\"font-weight: 400;\">l<\/span><b>\u2019<\/b><b>AMPA<\/b> <span style=\"font-weight: 400;\">de l\u2019escola.<\/span><\/p>\n<p style=\"text-align: left;\"><span style=\"font-weight: 400;\">Formulari de<\/span><a href=\"https:\/\/drive.google.com\/file\/d\/1Zm-THnc4Vnfs0ob3dIXcLGtlijiH40DI\/view?usp=drive_link\" target=\"_blank\" rel=\"noopener\"><b>dades personals.<\/b><\/a><\/p>\n<p style=\"text-align: left;\"><span style=\"font-weight: 400;\">Caldr\u00e0 que ens porteu tamb\u00e9:<\/span><\/p>\n<p style=\"text-align: left;\"><span style=\"font-weight: 400;\">4 fotografies de format carnet del vostre fill o filla.<\/span><\/p>\n<p style=\"text-align: left;\"><span style=\"font-weight: 400;\">Fotocopia del carnet de vacunes.<\/span><\/p>\n<\/div>\n<\/div>\n<h3><\/h3>\n<h3><\/h3>\n<div class=\"bloc-mobil\">\n<div class=\"descripcio\">\n<p>&nbsp;<\/p>\n<\/div>\n<\/div>\n","protected":false},"excerpt":{"rendered":"<p>Quan podrem fer la matr\u00edcula? Del 25 de juny\u00a0 al 03 de juliol de 2025 Un cop s&#8217;ha publicat la llista final d&#8217;alumnes admesos en cada centre, comen\u00e7a el per\u00edode de matriculaci\u00f3 dels preinscrits amb pla\u00e7a assignada. La matriculaci\u00f3 es far\u00e0 de manera virtual. Podeu descarregar-vos els\u00a0seg\u00fcents documents:\u00a0 Carta de comprom\u00eds educatiu de centre. Autoritzaci\u00f3 [&hellip;]<\/p>\n","protected":false},"author":1,"featured_media":0,"parent":0,"menu_order":0,"comment_status":"closed","ping_status":"closed","template":"","meta":{"_bbp_topic_count":0,"_bbp_reply_count":0,"_bbp_total_topic_count":0,"_bbp_total_reply_count":0,"_bbp_voice_count":0,"_bbp_anonymous_reply_count":0,"_bbp_topic_count_hidden":0,"_bbp_reply_count_hidden":0,"_bbp_forum_subforum_count":0,"site-sidebar-layout":"default","site-content-layout":"","ast-site-content-layout":"","site-content-style":"default","site-sidebar-style":"default","ast-global-header-display":"","ast-banner-title-visibility":"","ast-main-header-display":"","ast-hfb-above-header-display":"","ast-hfb-below-header-display":"","ast-hfb-mobile-header-display":"","site-post-title":"","ast-breadcrumbs-content":"","ast-featured-img":"","footer-sml-layout":"","theme-transparent-header-meta":"","adv-header-id-meta":"","stick-header-meta":"","header-above-stick-meta":"","header-main-stick-meta":"","header-below-stick-meta":"","astra-migrate-meta-layouts":"default","ast-page-background-enabled":"default","ast-page-background-meta":{"desktop":{"background-color":"var(--ast-global-color-4)","background-image":"","background-repeat":"repeat","background-position":"center center","background-size":"auto","background-attachment":"scroll","background-type":"","background-media":"","overlay-type":"","overlay-color":"","overlay-opacity":"","overlay-gradient":""},"tablet":{"background-color":"","background-image":"","background-repeat":"repeat","background-position":"center center","background-size":"auto","background-attachment":"scroll","background-type":"","background-media":"","overlay-type":"","overlay-color":"","overlay-opacity":"","overlay-gradient":""},"mobile":{"background-color":"","background-image":"","background-repeat":"repeat","background-position":"center center","background-size":"auto","background-attachment":"scroll","background-type":"","background-media":"","overlay-type":"","overlay-color":"","overlay-opacity":"","overlay-gradient":""}},"ast-content-background-meta":{"desktop":{"background-color":"var(--ast-global-color-5)","background-image":"","background-repeat":"repeat","background-position":"center center","background-size":"auto","background-attachment":"scroll","background-type":"","background-media":"","overlay-type":"","overlay-color":"","overlay-opacity":"","overlay-gradient":""},"tablet":{"background-color":"var(--ast-global-color-5)","background-image":"","background-repeat":"repeat","background-position":"center center","background-size":"auto","background-attachment":"scroll","background-type":"","background-media":"","overlay-type":"","overlay-color":"","overlay-opacity":"","overlay-gradient":""},"mobile":{"background-color":"var(--ast-global-color-5)","background-image":"","background-repeat":"repeat","background-position":"center center","background-size":"auto","background-attachment":"scroll","background-type":"","background-media":"","overlay-type":"","overlay-color":"","overlay-opacity":"","overlay-gradient":""}},"footnotes":""},"class_list":["post-6803","page","type-page","status-publish","hentry"],"post_mailing_queue_ids":[],"_links":{"self":[{"href":"https:\/\/agora.xtec.cat\/ceip-lespalmeres\/wp-json\/wp\/v2\/pages\/6803","targetHints":{"allow":["GET"]}}],"collection":[{"href":"https:\/\/agora.xtec.cat\/ceip-lespalmeres\/wp-json\/wp\/v2\/pages"}],"about":[{"href":"https:\/\/agora.xtec.cat\/ceip-lespalmeres\/wp-json\/wp\/v2\/types\/page"}],"author":[{"embeddable":true,"href":"https:\/\/agora.xtec.cat\/ceip-lespalmeres\/wp-json\/wp\/v2\/users\/1"}],"replies":[{"embeddable":true,"href":"https:\/\/agora.xtec.cat\/ceip-lespalmeres\/wp-json\/wp\/v2\/comments?post=6803"}],"version-history":[{"count":6,"href":"https:\/\/agora.xtec.cat\/ceip-lespalmeres\/wp-json\/wp\/v2\/pages\/6803\/revisions"}],"predecessor-version":[{"id":8418,"href":"https:\/\/agora.xtec.cat\/ceip-lespalmeres\/wp-json\/wp\/v2\/pages\/6803\/revisions\/8418"}],"wp:attachment":[{"href":"https:\/\/agora.xtec.cat\/ceip-lespalmeres\/wp-json\/wp\/v2\/media?parent=6803"}],"curies":[{"name":"wp","href":"https:\/\/api.w.org\/{rel}","templated":true}]}}